{"id":10573,"date":"2025-03-28T17:59:44","date_gmt":"2025-03-28T17:59:44","guid":{"rendered":"https:\/\/kalogiros.gr\/proizvodi-2\/"},"modified":"2025-03-28T18:00:06","modified_gmt":"2025-03-28T18:00:06","slug":"proizvodi-2","status":"publish","type":"page","link":"https:\/\/kalogiros.gr\/hr\/proizvodi-2\/","title":{"rendered":"Proizvodi #2"},"content":{"rendered":"\n\t<section class=\"section\" id=\"section_805537323\">\n\t\t<div class=\"section-bg fill\" >\n\t\t\t\t\t\t\t\t\t\n\t\t\t\n\n\t\t<\/div>\n\n\t\t\n\n\t\t<div class=\"section-content relative\">\n\t\t\t\n<div class=\"row\"  id=\"row-1883236780\">\n\n\t<div id=\"col-1492598218\" class=\"col small-12 large-12\"  >\n\t\t\t\t<div class=\"col-inner\"  >\n\t\t\t\n\t\t\t\n<h2 style=\"text-align: center;\">Katalog proizvoda<\/h2>\n\t\t<\/div>\n\t\t\t\t\t<\/div>\n\n\t\n<\/div>\n<div class=\"row row-dashed\"  id=\"row-2063629062\">\n\n\t<div id=\"col-1595378601\" class=\"col medium-3 small-12 large-3\"  >\n\t\t\t\t<div class=\"col-inner\"  >\n\t\t\t\n\t\t\t\n\t<div class=\"box has-hover   has-hover box-shadow-1 box-shadow-3-hover box-text-bottom\" >\n\n\t\t<div class=\"box-image\" >\n\t\t\t<a href=\"https:\/\/kalogiros.gr\/hr\/shop\/mreze-stajacice\/koncana-mreza-multifilament\/koncana-mreza-multifilament\/\" >\t\t\t<div class=\"\" >\n\t\t\t\t<img loading=\"lazy\" decoding=\"async\" width=\"600\" height=\"700\" src=\"https:\/\/kalogiros.gr\/wp-content\/uploads\/2021\/05\/panina.jpg\" class=\"attachment- size-\" alt=\"\" srcset=\"https:\/\/kalogiros.gr\/wp-content\/uploads\/2021\/05\/panina.jpg 600w, https:\/\/kalogiros.gr\/wp-content\/uploads\/2021\/05\/panina-343x400.jpg 343w\" sizes=\"auto, (max-width: 600px) 100vw, 600px\" \/>\t\t\t\t\t\t\t\t\t\t\t<\/div>\n\t\t\t<\/a>\t\t<\/div>\n\n\t\t<div class=\"box-text text-center\" >\n\t\t\t<div class=\"box-text-inner\">\n\t\t\t\t\n<h4>SANDALE S MRE\u017dOM<\/h4>\n\t\t\t<\/div>\n\t\t<\/div>\n\t<\/div>\n\t\n\t\t<\/div>\n\t\t\t\t\t<\/div>\n\n\t\n\n\t<div id=\"col-572909525\" class=\"col medium-3 small-12 large-3\"  >\n\t\t\t\t<div class=\"col-inner\"  >\n\t\t\t\n\t\t\t\n\t<div class=\"box has-hover   has-hover box-shadow-1 box-shadow-3-hover box-text-bottom\" >\n\n\t\t<div class=\"box-image\" >\n\t\t\t<a href=\"https:\/\/kalogiros.gr\/hr\/shop\/mreze-stajacice\/mreze-od-svile\/mreze-od-svile\/\" >\t\t\t<div class=\"\" >\n\t\t\t\t<img loading=\"lazy\" decoding=\"async\" width=\"600\" height=\"700\" src=\"https:\/\/kalogiros.gr\/wp-content\/uploads\/2021\/05\/metaksota.jpg\" class=\"attachment- size-\" alt=\"\" srcset=\"https:\/\/kalogiros.gr\/wp-content\/uploads\/2021\/05\/metaksota.jpg 600w, https:\/\/kalogiros.gr\/wp-content\/uploads\/2021\/05\/metaksota-343x400.jpg 343w\" sizes=\"auto, (max-width: 600px) 100vw, 600px\" \/>\t\t\t\t\t\t\t\t\t\t\t<\/div>\n\t\t\t<\/a>\t\t<\/div>\n\n\t\t<div class=\"box-text text-center\" >\n\t\t\t<div class=\"box-text-inner\">\n\t\t\t\t\n<h4>SVILENE MRE\u017dE<\/h4>\n\t\t\t<\/div>\n\t\t<\/div>\n\t<\/div>\n\t\n\t\t<\/div>\n\t\t\t\t\t<\/div>\n\n\t\n\n\t<div id=\"col-1144877584\" class=\"col medium-3 small-12 large-3\"  >\n\t\t\t\t<div class=\"col-inner\"  >\n\t\t\t\n\t\t\t\n\t<div class=\"box has-hover   has-hover box-shadow-1 box-shadow-3-hover box-text-bottom\" >\n\n\t\t<div class=\"box-image\" >\n\t\t\t<a href=\"https:\/\/kalogiros.gr\/hr\/shop\/mreze-stajacice\/barakuda-monofilament\/barakuda-monofilament\/\" >\t\t\t<div class=\"\" >\n\t\t\t\t<img loading=\"lazy\" decoding=\"async\" width=\"600\" height=\"700\" src=\"https:\/\/kalogiros.gr\/wp-content\/uploads\/2021\/05\/monoklona.jpg\" class=\"attachment- size-\" alt=\"\" srcset=\"https:\/\/kalogiros.gr\/wp-content\/uploads\/2021\/05\/monoklona.jpg 600w, https:\/\/kalogiros.gr\/wp-content\/uploads\/2021\/05\/monoklona-343x400.jpg 343w\" sizes=\"auto, (max-width: 600px) 100vw, 600px\" \/>\t\t\t\t\t\t\t\t\t\t\t<\/div>\n\t\t\t<\/a>\t\t<\/div>\n\n\t\t<div class=\"box-text text-center\" >\n\t\t\t<div class=\"box-text-inner\">\n\t\t\t\t\n<h4>MRE\u017dE JEDNOKAZNE<\/h4>\n\t\t\t<\/div>\n\t\t<\/div>\n\t<\/div>\n\t\n\t\t<\/div>\n\t\t\t\t\t<\/div>\n\n\t\n\n\t<div id=\"col-605663794\" class=\"col medium-3 small-12 large-3\"  >\n\t\t\t\t<div class=\"col-inner\"  >\n\t\t\t\n\t\t\t\n\t<div class=\"box has-hover   has-hover box-shadow-1 box-shadow-3-hover box-text-bottom\" >\n\n\t\t<div class=\"box-image\" >\n\t\t\t<a href=\"https:\/\/kalogiros.gr\/hr\/shop\/mreze-stajacice\/barakuda-multi-monofilament\/barakuda-multi-monofilament\/\" >\t\t\t<div class=\"\" >\n\t\t\t\t<img loading=\"lazy\" decoding=\"async\" width=\"600\" height=\"700\" src=\"https:\/\/kalogiros.gr\/wp-content\/uploads\/2021\/05\/polimonoklona.jpg\" class=\"attachment- size-\" alt=\"\" srcset=\"https:\/\/kalogiros.gr\/wp-content\/uploads\/2021\/05\/polimonoklona.jpg 600w, https:\/\/kalogiros.gr\/wp-content\/uploads\/2021\/05\/polimonoklona-343x400.jpg 343w\" sizes=\"auto, (max-width: 600px) 100vw, 600px\" \/>\t\t\t\t\t\t\t\t\t\t\t<\/div>\n\t\t\t<\/a>\t\t<\/div>\n\n\t\t<div class=\"box-text text-center\" >\n\t\t\t<div class=\"box-text-inner\">\n\t\t\t\t\n<h4>VI\u0160ERA\u010cNE MRE\u017dE<\/h4>\n\t\t\t<\/div>\n\t\t<\/div>\n\t<\/div>\n\t\n\t\t<\/div>\n\t\t\t\t\t<\/div>\n\n\t\n\n\t<div id=\"col-117853674\" class=\"col medium-3 small-12 large-3\"  >\n\t\t\t\t<div class=\"col-inner\"  >\n\t\t\t\n\t\t\t\n\t<div class=\"box has-hover   has-hover box-shadow-1 box-shadow-3-hover box-text-bottom\" >\n\n\t\t<div class=\"box-image\" >\n\t\t\t<a href=\"https:\/\/kalogiros.gr\/hr\/shop\/mreze-stajacice\/koncana-mreza-multifilament\/multifilament-mreza-spiglerica\/\" >\t\t\t<div class=\"\" >\n\t\t\t\t<img loading=\"lazy\" decoding=\"async\" width=\"800\" height=\"800\" src=\"https:\/\/kalogiros.gr\/wp-content\/uploads\/2021\/06\/paninoi-manoi1.jpg\" class=\"attachment- size-\" alt=\"\" srcset=\"https:\/\/kalogiros.gr\/wp-content\/uploads\/2021\/06\/paninoi-manoi1.jpg 800w, https:\/\/kalogiros.gr\/wp-content\/uploads\/2021\/06\/paninoi-manoi1-400x400.jpg 400w, https:\/\/kalogiros.gr\/wp-content\/uploads\/2021\/06\/paninoi-manoi1-280x280.jpg 280w, https:\/\/kalogiros.gr\/wp-content\/uploads\/2021\/06\/paninoi-manoi1-768x768.jpg 768w, https:\/\/kalogiros.gr\/wp-content\/uploads\/2021\/06\/paninoi-manoi1-100x100.jpg 100w\" sizes=\"auto, (max-width: 800px) 100vw, 800px\" \/>\t\t\t\t\t\t\t\t\t\t\t<\/div>\n\t\t\t<\/a>\t\t<\/div>\n\n\t\t<div class=\"box-text text-center\" >\n\t\t\t<div class=\"box-text-inner\">\n\t\t\t\t\n<h4>MANOI SANDALE<\/h4>\n\t\t\t<\/div>\n\t\t<\/div>\n\t<\/div>\n\t\n\t\t<\/div>\n\t\t\t\t\t<\/div>\n\n\t\n\n\t<div id=\"col-1500221519\" class=\"col medium-3 small-12 large-3\"  >\n\t\t\t\t<div class=\"col-inner\"  >\n\t\t\t\n\t\t\t\n\t<div class=\"box has-hover   has-hover box-shadow-1 box-shadow-3-hover box-text-bottom\" >\n\n\t\t<div class=\"box-image\" >\n\t\t\t<a href=\"https:\/\/kalogiros.gr\/hr\/shop\/mreze-stajacice\/barakuda-monofilament\/monofil-mreza-spiglerica\/\" >\t\t\t<div class=\"\" >\n\t\t\t\t<img loading=\"lazy\" decoding=\"async\" width=\"800\" height=\"800\" src=\"https:\/\/kalogiros.gr\/wp-content\/uploads\/2021\/04\/monoklonoi-manoi.jpg\" class=\"attachment- size-\" alt=\"\" srcset=\"https:\/\/kalogiros.gr\/wp-content\/uploads\/2021\/04\/monoklonoi-manoi.jpg 800w, https:\/\/kalogiros.gr\/wp-content\/uploads\/2021\/04\/monoklonoi-manoi-400x400.jpg 400w, https:\/\/kalogiros.gr\/wp-content\/uploads\/2021\/04\/monoklonoi-manoi-280x280.jpg 280w, https:\/\/kalogiros.gr\/wp-content\/uploads\/2021\/04\/monoklonoi-manoi-768x768.jpg 768w, https:\/\/kalogiros.gr\/wp-content\/uploads\/2021\/04\/monoklonoi-manoi-100x100.jpg 100w\" sizes=\"auto, (max-width: 800px) 100vw, 800px\" \/>\t\t\t\t\t\t\t\t\t\t\t<\/div>\n\t\t\t<\/a>\t\t<\/div>\n\n\t\t<div class=\"box-text text-center\" >\n\t\t\t<div class=\"box-text-inner\">\n\t\t\t\t\n<h4>JEDNOKLONIRANA GRIVA<\/h4>\n\t\t\t<\/div>\n\t\t<\/div>\n\t<\/div>\n\t\n\t\t<\/div>\n\t\t\t\t\t<\/div>\n\n\t\n\n\t<div id=\"col-1037614790\" class=\"col medium-3 small-12 large-3\"  >\n\t\t\t\t<div class=\"col-inner\"  >\n\t\t\t\n\t\t\t\n\t<div class=\"box has-hover   has-hover box-shadow-1 box-shadow-3-hover box-text-bottom\" >\n\n\t\t<div class=\"box-image\" >\n\t\t\t<a href=\"https:\/\/kalogiros.gr\/hr\/shop\/mreze-stajacice\/barakuda-multi-monofilament\/multi-monofil-mreza-spiglerica\/\" >\t\t\t<div class=\"\" >\n\t\t\t\t<img loading=\"lazy\" decoding=\"async\" width=\"800\" height=\"800\" src=\"https:\/\/kalogiros.gr\/wp-content\/uploads\/2021\/04\/\u03a0\u039f\u039b\u03a5\u039c\u039f\u039d\u039f\u039a\u039b\u03a9\u039d\u039f\u0399-\u039c\u0391\u039d\u039f\u0399.jpg\" class=\"attachment- size-\" alt=\"\" srcset=\"https:\/\/kalogiros.gr\/wp-content\/uploads\/2021\/04\/\u03a0\u039f\u039b\u03a5\u039c\u039f\u039d\u039f\u039a\u039b\u03a9\u039d\u039f\u0399-\u039c\u0391\u039d\u039f\u0399.jpg 800w, https:\/\/kalogiros.gr\/wp-content\/uploads\/2021\/04\/\u03a0\u039f\u039b\u03a5\u039c\u039f\u039d\u039f\u039a\u039b\u03a9\u039d\u039f\u0399-\u039c\u0391\u039d\u039f\u0399-400x400.jpg 400w, https:\/\/kalogiros.gr\/wp-content\/uploads\/2021\/04\/\u03a0\u039f\u039b\u03a5\u039c\u039f\u039d\u039f\u039a\u039b\u03a9\u039d\u039f\u0399-\u039c\u0391\u039d\u039f\u0399-280x280.jpg 280w, https:\/\/kalogiros.gr\/wp-content\/uploads\/2021\/04\/\u03a0\u039f\u039b\u03a5\u039c\u039f\u039d\u039f\u039a\u039b\u03a9\u039d\u039f\u0399-\u039c\u0391\u039d\u039f\u0399-768x768.jpg 768w, https:\/\/kalogiros.gr\/wp-content\/uploads\/2021\/04\/\u03a0\u039f\u039b\u03a5\u039c\u039f\u039d\u039f\u039a\u039b\u03a9\u039d\u039f\u0399-\u039c\u0391\u039d\u039f\u0399-100x100.jpg 100w\" sizes=\"auto, (max-width: 800px) 100vw, 800px\" \/>\t\t\t\t\t\t\t\t\t\t\t<\/div>\n\t\t\t<\/a>\t\t<\/div>\n\n\t\t<div class=\"box-text text-center\" >\n\t\t\t<div class=\"box-text-inner\">\n\t\t\t\t\n<h4>MANOS MULTIKLONIRANI<\/h4>\n\t\t\t<\/div>\n\t\t<\/div>\n\t<\/div>\n\t\n\t\t<\/div>\n\t\t\t\t\t<\/div>\n\n\t\n\n\t<div id=\"col-108227173\" class=\"col medium-3 small-12 large-3\"  >\n\t\t\t\t<div class=\"col-inner\"  >\n\t\t\t\n\t\t\t\n\t<div class=\"box has-hover   has-hover box-shadow-1 box-shadow-3-hover box-text-bottom\" >\n\n\t\t<div class=\"box-image\" >\n\t\t\t<a href=\"https:\/\/kalogiros.gr\/hr\/shop\/ribarski-konac\/ribarski-konac\/\" >\t\t\t<div class=\"\" >\n\t\t\t\t<img loading=\"lazy\" decoding=\"async\" width=\"600\" height=\"600\" src=\"https:\/\/kalogiros.gr\/wp-content\/uploads\/2021\/05\/nimata.jpg\" class=\"attachment- size-\" alt=\"\" srcset=\"https:\/\/kalogiros.gr\/wp-content\/uploads\/2021\/05\/nimata.jpg 600w, https:\/\/kalogiros.gr\/wp-content\/uploads\/2021\/05\/nimata-400x400.jpg 400w, https:\/\/kalogiros.gr\/wp-content\/uploads\/2021\/05\/nimata-280x280.jpg 280w, https:\/\/kalogiros.gr\/wp-content\/uploads\/2021\/05\/nimata-100x100.jpg 100w\" sizes=\"auto, (max-width: 600px) 100vw, 600px\" \/>\t\t\t\t\t\t\t\t\t\t\t<\/div>\n\t\t\t<\/a>\t\t<\/div>\n\n\t\t<div class=\"box-text text-center\" >\n\t\t\t<div class=\"box-text-inner\">\n\t\t\t\t\n<h4>NITI<\/h4>\n\t\t\t<\/div>\n\t\t<\/div>\n\t<\/div>\n\t\n\t\t<\/div>\n\t\t\t\t\t<\/div>\n\n\t\n\n\t<div id=\"col-493827751\" class=\"col medium-3 small-12 large-3\"  >\n\t\t\t\t<div class=\"col-inner\"  >\n\t\t\t\n\t\t\t\n\t<div class=\"box has-hover   has-hover box-shadow-1 box-shadow-3-hover box-text-bottom\" >\n\n\t\t<div class=\"box-image\" >\n\t\t\t<a href=\"https:\/\/kalogiros.gr\/hr\/pluta\/\" >\t\t\t<div class=\"\" >\n\t\t\t\t<img loading=\"lazy\" decoding=\"async\" width=\"600\" height=\"600\" src=\"https:\/\/kalogiros.gr\/wp-content\/uploads\/2021\/07\/fela.jpg\" class=\"attachment- size-\" alt=\"\" srcset=\"https:\/\/kalogiros.gr\/wp-content\/uploads\/2021\/07\/fela.jpg 600w, https:\/\/kalogiros.gr\/wp-content\/uploads\/2021\/07\/fela-400x400.jpg 400w, https:\/\/kalogiros.gr\/wp-content\/uploads\/2021\/07\/fela-280x280.jpg 280w, https:\/\/kalogiros.gr\/wp-content\/uploads\/2021\/07\/fela-100x100.jpg 100w\" sizes=\"auto, (max-width: 600px) 100vw, 600px\" \/>\t\t\t\t\t\t\t\t\t\t\t<\/div>\n\t\t\t<\/a>\t\t<\/div>\n\n\t\t<div class=\"box-text text-center\" >\n\t\t\t<div class=\"box-text-inner\">\n\t\t\t\t\n<h4>\u010covje\u010de<\/h4>\n\t\t\t<\/div>\n\t\t<\/div>\n\t<\/div>\n\t\n\t\t<\/div>\n\t\t\t\t\t<\/div>\n\n\t\n\n\t<div id=\"col-170541508\" class=\"col medium-3 small-12 large-3\"  >\n\t\t\t\t<div class=\"col-inner\"  >\n\t\t\t\n\t\t\t\n\t<div class=\"box has-hover   has-hover box-shadow-1 box-shadow-3-hover box-text-bottom\" >\n\n\t\t<div class=\"box-image\" >\n\t\t\t<a href=\"https:\/\/kalogiros.gr\/hr\/uzad\/\" >\t\t\t<div class=\"\" >\n\t\t\t\t<img loading=\"lazy\" decoding=\"async\" width=\"600\" height=\"600\" src=\"https:\/\/kalogiros.gr\/wp-content\/uploads\/2021\/07\/sxoinia..jpg\" class=\"attachment- size-\" alt=\"\" srcset=\"https:\/\/kalogiros.gr\/wp-content\/uploads\/2021\/07\/sxoinia..jpg 600w, https:\/\/kalogiros.gr\/wp-content\/uploads\/2021\/07\/sxoinia.-400x400.jpg 400w, https:\/\/kalogiros.gr\/wp-content\/uploads\/2021\/07\/sxoinia.-280x280.jpg 280w, https:\/\/kalogiros.gr\/wp-content\/uploads\/2021\/07\/sxoinia.-100x100.jpg 100w\" sizes=\"auto, (max-width: 600px) 100vw, 600px\" \/>\t\t\t\t\t\t\t\t\t\t\t<\/div>\n\t\t\t<\/a>\t\t<\/div>\n\n\t\t<div class=\"box-text text-center\" >\n\t\t\t<div class=\"box-text-inner\">\n\t\t\t\t\n<h4>U\u017dE<\/h4>\n\t\t\t<\/div>\n\t\t<\/div>\n\t<\/div>\n\t\n\t\t<\/div>\n\t\t\t\t\t<\/div>\n\n\t\n\n\t<div id=\"col-339609202\" class=\"col medium-3 small-12 large-3\"  >\n\t\t\t\t<div class=\"col-inner\"  >\n\t\t\t\n\t\t\t\n\t<div class=\"box has-hover   has-hover box-shadow-1 box-shadow-3-hover box-text-bottom\" >\n\n\t\t<div class=\"box-image\" >\n\t\t\t<a href=\"https:\/\/kalogiros.gr\/hr\/shop\/olovni-utezi\/olovni-utezi\/\" >\t\t\t<div class=\"\" >\n\t\t\t\t<img loading=\"lazy\" decoding=\"async\" width=\"600\" height=\"600\" src=\"https:\/\/kalogiros.gr\/wp-content\/uploads\/2021\/05\/molivia.jpg\" class=\"attachment- size-\" alt=\"\" srcset=\"https:\/\/kalogiros.gr\/wp-content\/uploads\/2021\/05\/molivia.jpg 600w, https:\/\/kalogiros.gr\/wp-content\/uploads\/2021\/05\/molivia-400x400.jpg 400w, https:\/\/kalogiros.gr\/wp-content\/uploads\/2021\/05\/molivia-280x280.jpg 280w, https:\/\/kalogiros.gr\/wp-content\/uploads\/2021\/05\/molivia-100x100.jpg 100w\" sizes=\"auto, (max-width: 600px) 100vw, 600px\" \/>\t\t\t\t\t\t\t\t\t\t\t<\/div>\n\t\t\t<\/a>\t\t<\/div>\n\n\t\t<div class=\"box-text text-center\" >\n\t\t\t<div class=\"box-text-inner\">\n\t\t\t\t\n<h4>MO\u017dDANI UDAR<\/h4>\n\t\t\t<\/div>\n\t\t<\/div>\n\t<\/div>\n\t\n\t\t<\/div>\n\t\t\t\t\t<\/div>\n\n\t\n\n\t<div id=\"col-1310904428\" class=\"col medium-3 small-12 large-3\"  >\n\t\t\t\t<div class=\"col-inner\"  >\n\t\t\t\n\t\t\t\n\t<div class=\"box has-hover   has-hover box-shadow-1 box-shadow-3-hover box-text-bottom\" >\n\n\t\t<div class=\"box-image\" >\n\t\t\t<a href=\"https:\/\/kalogiros.gr\/hr\/kategorija-proizvoda\/kabanice\/\" >\t\t\t<div class=\"image-cover\" style=\"padding-top:100%;\">\n\t\t\t\t<img loading=\"lazy\" decoding=\"async\" width=\"1706\" height=\"2560\" src=\"https:\/\/kalogiros.gr\/wp-content\/uploads\/2021\/10\/20210907_proalifing_093-scaled.jpg\" class=\"attachment- size-\" alt=\"\" srcset=\"https:\/\/kalogiros.gr\/wp-content\/uploads\/2021\/10\/20210907_proalifing_093-scaled.jpg 1706w, https:\/\/kalogiros.gr\/wp-content\/uploads\/2021\/10\/20210907_proalifing_093-267x400.jpg 267w, https:\/\/kalogiros.gr\/wp-content\/uploads\/2021\/10\/20210907_proalifing_093-533x800.jpg 533w, https:\/\/kalogiros.gr\/wp-content\/uploads\/2021\/10\/20210907_proalifing_093-768x1152.jpg 768w, https:\/\/kalogiros.gr\/wp-content\/uploads\/2021\/10\/20210907_proalifing_093-1024x1536.jpg 1024w, https:\/\/kalogiros.gr\/wp-content\/uploads\/2021\/10\/20210907_proalifing_093-1365x2048.jpg 1365w, https:\/\/kalogiros.gr\/wp-content\/uploads\/2021\/10\/20210907_proalifing_093-800x1200.jpg 800w\" sizes=\"auto, (max-width: 1706px) 100vw, 1706px\" \/>\t\t\t\t\t\t\t\t\t\t\t<\/div>\n\t\t\t<\/a>\t\t<\/div>\n\n\t\t<div class=\"box-text text-center\" >\n\t\t\t<div class=\"box-text-inner\">\n\t\t\t\t\n<h4>RAINPROX \u2013 NITSERADES<\/h4>\n\t\t\t<\/div>\n\t\t<\/div>\n\t<\/div>\n\t\n\t\t<\/div>\n\t\t\t\t\t<\/div>\n\n\t\n\n\t<div id=\"col-1330446640\" class=\"col medium-3 small-12 large-3\"  >\n\t\t\t\t<div class=\"col-inner\"  >\n\t\t\t\n\t\t\t\n\t<div class=\"box has-hover   has-hover box-shadow-1 box-shadow-3-hover box-text-bottom\" >\n\n\t\t<div class=\"box-image\" >\n\t\t\t<a href=\"https:\/\/kalogiros.gr\/hr\/shop\/sportski-ribolov\/najlon-za-ribolov\/najlon-za-ribolov\/\" >\t\t\t<div class=\"\" >\n\t\t\t\t<img loading=\"lazy\" decoding=\"async\" width=\"800\" height=\"533\" src=\"https:\/\/kalogiros.gr\/wp-content\/uploads\/2021\/04\/\u039c\u0395\u03a3\u0399\u039d\u0395\u0396\u0391-1.jpg\" class=\"attachment- size-\" alt=\"\" srcset=\"https:\/\/kalogiros.gr\/wp-content\/uploads\/2021\/04\/\u039c\u0395\u03a3\u0399\u039d\u0395\u0396\u0391-1.jpg 800w, https:\/\/kalogiros.gr\/wp-content\/uploads\/2021\/04\/\u039c\u0395\u03a3\u0399\u039d\u0395\u0396\u0391-1-600x400.jpg 600w, https:\/\/kalogiros.gr\/wp-content\/uploads\/2021\/04\/\u039c\u0395\u03a3\u0399\u039d\u0395\u0396\u0391-1-768x512.jpg 768w\" sizes=\"auto, (max-width: 800px) 100vw, 800px\" \/>\t\t\t\t\t\t\t\t\t\t\t<\/div>\n\t\t\t<\/a>\t\t<\/div>\n\n\t\t<div class=\"box-text text-center\" >\n\t\t\t<div class=\"box-text-inner\">\n\t\t\t\t\n<h4>MESSINEZA<\/h4>\n\t\t\t<\/div>\n\t\t<\/div>\n\t<\/div>\n\t\n\t\t<\/div>\n\t\t\t\t\t<\/div>\n\n\t\n\n\t<div id=\"col-484079891\" class=\"col medium-3 small-12 large-3\"  >\n\t\t\t\t<div class=\"col-inner\"  >\n\t\t\t\n\t\t\t\n\t<div class=\"box has-hover   has-hover box-shadow-1 box-shadow-3-hover box-text-bottom\" >\n\n\t\t<div class=\"box-image\" >\n\t\t\t<a href=\"https:\/\/kalogiros.gr\/hr\/kategorija-proizvoda\/sportski-ribolov\/mreza-sacmarice\/\" >\t\t\t<div class=\"\" >\n\t\t\t\t<img loading=\"lazy\" decoding=\"async\" width=\"800\" height=\"800\" src=\"https:\/\/kalogiros.gr\/wp-content\/uploads\/2021\/08\/\u03c0\u03b5\u03b6\u03bf\u0301\u03b2\u03bf\u03bb\u03bf-\u03c0\u03b1\u0301\u03bd\u03b9\u03bd\u03bf-1.jpg\" class=\"attachment- size-\" alt=\"\" srcset=\"https:\/\/kalogiros.gr\/wp-content\/uploads\/2021\/08\/\u03c0\u03b5\u03b6\u03bf\u0301\u03b2\u03bf\u03bb\u03bf-\u03c0\u03b1\u0301\u03bd\u03b9\u03bd\u03bf-1.jpg 800w, https:\/\/kalogiros.gr\/wp-content\/uploads\/2021\/08\/\u03c0\u03b5\u03b6\u03bf\u0301\u03b2\u03bf\u03bb\u03bf-\u03c0\u03b1\u0301\u03bd\u03b9\u03bd\u03bf-1-400x400.jpg 400w, https:\/\/kalogiros.gr\/wp-content\/uploads\/2021\/08\/\u03c0\u03b5\u03b6\u03bf\u0301\u03b2\u03bf\u03bb\u03bf-\u03c0\u03b1\u0301\u03bd\u03b9\u03bd\u03bf-1-280x280.jpg 280w, https:\/\/kalogiros.gr\/wp-content\/uploads\/2021\/08\/\u03c0\u03b5\u03b6\u03bf\u0301\u03b2\u03bf\u03bb\u03bf-\u03c0\u03b1\u0301\u03bd\u03b9\u03bd\u03bf-1-768x768.jpg 768w, https:\/\/kalogiros.gr\/wp-content\/uploads\/2021\/08\/\u03c0\u03b5\u03b6\u03bf\u0301\u03b2\u03bf\u03bb\u03bf-\u03c0\u03b1\u0301\u03bd\u03b9\u03bd\u03bf-1-100x100.jpg 100w\" sizes=\"auto, (max-width: 800px) 100vw, 800px\" \/>\t\t\t\t\t\t\t\t\t\t\t<\/div>\n\t\t\t<\/a>\t\t<\/div>\n\n\t\t<div class=\"box-text text-center\" >\n\t\t\t<div class=\"box-text-inner\">\n\t\t\t\t\n<h4>PJE\u0160AK<\/h4>\n\t\t\t<\/div>\n\t\t<\/div>\n\t<\/div>\n\t\n\t\t<\/div>\n\t\t\t\t\t<\/div>\n\n\t\n\n\t<div id=\"col-110318283\" class=\"col medium-3 small-12 large-3\"  >\n\t\t\t\t<div class=\"col-inner\"  >\n\t\t\t\n\t\t\t\n\t<div class=\"box has-hover   has-hover box-shadow-1 box-shadow-3-hover box-text-bottom\" >\n\n\t\t<div class=\"box-image\" >\n\t\t\t<a href=\"https:\/\/kalogiros.gr\/hr\/shop\/sportski-ribolov\/mreza-gavunera\/atherinodikto\/\" >\t\t\t<div class=\"\" >\n\t\t\t\t<img loading=\"lazy\" decoding=\"async\" width=\"800\" height=\"800\" src=\"https:\/\/kalogiros.gr\/wp-content\/uploads\/2021\/08\/\u0391\u03b8\u03b5\u03c1\u03b9\u03bd\u03bf\u0301\u03b4\u03b9\u03c7\u03c4\u03bf-1.jpg\" class=\"attachment- size-\" alt=\"\" srcset=\"https:\/\/kalogiros.gr\/wp-content\/uploads\/2021\/08\/\u0391\u03b8\u03b5\u03c1\u03b9\u03bd\u03bf\u0301\u03b4\u03b9\u03c7\u03c4\u03bf-1.jpg 800w, https:\/\/kalogiros.gr\/wp-content\/uploads\/2021\/08\/\u0391\u03b8\u03b5\u03c1\u03b9\u03bd\u03bf\u0301\u03b4\u03b9\u03c7\u03c4\u03bf-1-400x400.jpg 400w, https:\/\/kalogiros.gr\/wp-content\/uploads\/2021\/08\/\u0391\u03b8\u03b5\u03c1\u03b9\u03bd\u03bf\u0301\u03b4\u03b9\u03c7\u03c4\u03bf-1-280x280.jpg 280w, https:\/\/kalogiros.gr\/wp-content\/uploads\/2021\/08\/\u0391\u03b8\u03b5\u03c1\u03b9\u03bd\u03bf\u0301\u03b4\u03b9\u03c7\u03c4\u03bf-1-768x768.jpg 768w, https:\/\/kalogiros.gr\/wp-content\/uploads\/2021\/08\/\u0391\u03b8\u03b5\u03c1\u03b9\u03bd\u03bf\u0301\u03b4\u03b9\u03c7\u03c4\u03bf-1-100x100.jpg 100w\" sizes=\"auto, (max-width: 800px) 100vw, 800px\" \/>\t\t\t\t\t\t\t\t\t\t\t<\/div>\n\t\t\t<\/a>\t\t<\/div>\n\n\t\t<div class=\"box-text text-center\" >\n\t\t\t<div class=\"box-text-inner\">\n\t\t\t\t\n<h4>ATHERNODICHTO<\/h4>\n\t\t\t<\/div>\n\t\t<\/div>\n\t<\/div>\n\t\n\t\t<\/div>\n\t\t\t\t\t<\/div>\n\n\t\n\n\t<div id=\"col-107810955\" class=\"col medium-3 small-12 large-3\"  >\n\t\t\t\t<div class=\"col-inner\"  >\n\t\t\t\n\t\t\t\n\t<div class=\"box has-hover   has-hover box-shadow-1 box-shadow-3-hover box-text-bottom\" >\n\n\t\t<div class=\"box-image\" >\n\t\t\t<a href=\"https:\/\/kalogiros.gr\/hr\/kategorija-proizvoda\/sportske-mreze\/\" >\t\t\t<div class=\"\" >\n\t\t\t\t<img loading=\"lazy\" decoding=\"async\" width=\"800\" height=\"800\" src=\"https:\/\/kalogiros.gr\/wp-content\/uploads\/2021\/08\/dixtia-gia-sport.jpg\" class=\"attachment- size-\" alt=\"\" srcset=\"https:\/\/kalogiros.gr\/wp-content\/uploads\/2021\/08\/dixtia-gia-sport.jpg 800w, https:\/\/kalogiros.gr\/wp-content\/uploads\/2021\/08\/dixtia-gia-sport-400x400.jpg 400w, https:\/\/kalogiros.gr\/wp-content\/uploads\/2021\/08\/dixtia-gia-sport-280x280.jpg 280w, https:\/\/kalogiros.gr\/wp-content\/uploads\/2021\/08\/dixtia-gia-sport-768x768.jpg 768w, https:\/\/kalogiros.gr\/wp-content\/uploads\/2021\/08\/dixtia-gia-sport-100x100.jpg 100w\" sizes=\"auto, (max-width: 800px) 100vw, 800px\" \/>\t\t\t\t\t\t\t\t\t\t\t<\/div>\n\t\t\t<\/a>\t\t<\/div>\n\n\t\t<div class=\"box-text text-center\" >\n\t\t\t<div class=\"box-text-inner\">\n\t\t\t\t\n<h4>MRE\u017dE ZA SPORT<\/h4>\n\t\t\t<\/div>\n\t\t<\/div>\n\t<\/div>\n\t\n\t\t<\/div>\n\t\t\t\t\t<\/div>\n\n\t\n\n\t<div id=\"col-1539799450\" class=\"col medium-3 small-12 large-3\"  >\n\t\t\t\t<div class=\"col-inner\"  >\n\t\t\t\n\t\t\t\n\t<div class=\"box has-hover   has-hover box-shadow-1 box-shadow-3-hover box-text-bottom\" >\n\n\t\t<div class=\"box-image\" >\n\t\t\t<a href=\"https:\/\/kalogiros.gr\/hr\/kategorija-proizvoda\/sportski-ribolov\/jig-od-lignje\/\" >\t\t\t<div class=\"\" >\n\t\t\t\t<img loading=\"lazy\" decoding=\"async\" width=\"800\" height=\"800\" src=\"https:\/\/kalogiros.gr\/wp-content\/uploads\/2022\/02\/P9-1.jpg\" class=\"attachment- size-\" alt=\"\" srcset=\"https:\/\/kalogiros.gr\/wp-content\/uploads\/2022\/02\/P9-1.jpg 800w, https:\/\/kalogiros.gr\/wp-content\/uploads\/2022\/02\/P9-1-100x100.jpg 100w, https:\/\/kalogiros.gr\/wp-content\/uploads\/2022\/02\/P9-1-280x280.jpg 280w, https:\/\/kalogiros.gr\/wp-content\/uploads\/2022\/02\/P9-1-768x768.jpg 768w\" sizes=\"auto, (max-width: 800px) 100vw, 800px\" \/>\t\t\t\t\t\t\t\t\t\t\t<\/div>\n\t\t\t<\/a>\t\t<\/div>\n\n\t\t<div class=\"box-text text-center\" >\n\t\t\t<div class=\"box-text-inner\">\n\t\t\t\t\n<h4>\u010cAMCI ZA LIGNJE<\/h4>\n\t\t\t<\/div>\n\t\t<\/div>\n\t<\/div>\n\t\n\t\t<\/div>\n\t\t\t\t\t<\/div>\n\n\t\n\n\t<div id=\"col-6521922\" class=\"col medium-3 small-12 large-3\"  >\n\t\t\t\t<div class=\"col-inner\"  >\n\t\t\t\n\t\t\t\n\t<div class=\"box has-hover  hidden has-hover box-text-bottom\" >\n\n\t\t<div class=\"box-image\" >\n\t\t\t\t\t\t<div class=\"\" >\n\t\t\t\t<img loading=\"lazy\" decoding=\"async\" width=\"800\" height=\"800\" src=\"https:\/\/kalogiros.gr\/wp-content\/uploads\/2022\/06\/arxiki.jpeg\" class=\"attachment- size-\" alt=\"\" srcset=\"https:\/\/kalogiros.gr\/wp-content\/uploads\/2022\/06\/arxiki.jpeg 800w, https:\/\/kalogiros.gr\/wp-content\/uploads\/2022\/06\/arxiki-400x400.jpeg 400w, https:\/\/kalogiros.gr\/wp-content\/uploads\/2022\/06\/arxiki-280x280.jpeg 280w, https:\/\/kalogiros.gr\/wp-content\/uploads\/2022\/06\/arxiki-768x768.jpeg 768w, https:\/\/kalogiros.gr\/wp-content\/uploads\/2022\/06\/arxiki-100x100.jpeg 100w\" sizes=\"auto, (max-width: 800px) 100vw, 800px\" \/>\t\t\t\t\t\t\t\t\t\t\t<\/div>\n\t\t\t\t\t<\/div>\n\n\t\t<div class=\"box-text text-center\" >\n\t\t\t<div class=\"box-text-inner\">\n\t\t\t\t\n\t<div id=\"text-2996102319\" class=\"text hidden\">\n\t\t\n<h4>NARUBLJENE MRE\u017dE<\/h4>\n\t\t\t<\/div>\n\t\n\t\t\t<\/div>\n\t\t<\/div>\n\t<\/div>\n\t\n\t\t<\/div>\n\t\t\t\t\t<\/div>\n\n\t\n<\/div>\n\t\t<\/div>\n\n\t\t\n<style>\n#section_805537323 {\n  padding-top: 30px;\n  padding-bottom: 30px;\n}\n<\/style>\n\t<\/section>\n\t\n","protected":false},"excerpt":{"rendered":"","protected":false},"author":2,"featured_media":0,"parent":0,"menu_order":0,"comment_status":"closed","ping_status":"closed","template":"page-blank.php","meta":{"_sitemap_exclude":false,"_sitemap_priority":"","_sitemap_frequency":"","footnotes":""},"class_list":["post-10573","page","type-page","status-publish","hentry"],"_links":{"self":[{"href":"https:\/\/kalogiros.gr\/hr\/wp-json\/wp\/v2\/pages\/10573","targetHints":{"allow":["GET"]}}],"collection":[{"href":"https:\/\/kalogiros.gr\/hr\/wp-json\/wp\/v2\/pages"}],"about":[{"href":"https:\/\/kalogiros.gr\/hr\/wp-json\/wp\/v2\/types\/page"}],"author":[{"embeddable":true,"href":"https:\/\/kalogiros.gr\/hr\/wp-json\/wp\/v2\/users\/2"}],"replies":[{"embeddable":true,"href":"https:\/\/kalogiros.gr\/hr\/wp-json\/wp\/v2\/comments?post=10573"}],"version-history":[{"count":7,"href":"https:\/\/kalogiros.gr\/hr\/wp-json\/wp\/v2\/pages\/10573\/revisions"}],"predecessor-version":[{"id":10610,"href":"https:\/\/kalogiros.gr\/hr\/wp-json\/wp\/v2\/pages\/10573\/revisions\/10610"}],"wp:attachment":[{"href":"https:\/\/kalogiros.gr\/hr\/wp-json\/wp\/v2\/media?parent=10573"}],"curies":[{"name":"wp","href":"https:\/\/api.w.org\/{rel}","templated":true}]}}