{"id":2310,"date":"2021-11-18T08:33:07","date_gmt":"2021-11-18T08:33:07","guid":{"rendered":"https:\/\/kalogiros.gr\/?page_id=2310"},"modified":"2021-11-18T08:33:07","modified_gmt":"2021-11-18T08:33:07","slug":"politika-kolacica","status":"publish","type":"page","link":"https:\/\/kalogiros.gr\/hr\/politika-kolacica\/","title":{"rendered":"Politika kola\u010di\u0107a"},"content":{"rendered":"<div class=\"row\"  id=\"row-1345992077\">\n\n\t<div id=\"col-1978618671\" class=\"col small-12 large-12\"  >\n\t\t\t\t<div class=\"col-inner\"  >\n\t\t\t\n\t\t\t\n<h1 style=\"text-align: center;\">Pravila o kola\u010di\u0107ima<\/h1>\n<p style = \"text-align: justify;\"> Kako bi osigurao nesmetan rad svojih web stranica, Happy Smoke koristi kola\u010di\u0107e. Kola\u010di\u0107i su datoteke koje sadr\u017ee informacije u obliku obi\u010dnog teksta i pohranjuju se na korisnikovo ra\u010dunalo tijekom pregledavanja interneta. Svrha posebnih informacija (kola\u010di\u0107a) je ponuditi personalizirane usluge koje zadovoljavaju individualne potrebe odre\u0111enog korisnika. <\/p>\n<p style = \"text-align: justify;\"> Postoje dvije vrste kola\u010di\u0107a. Kola\u010di\u0107i po sesiji koji se bri\u0161u na kraju sesije preglednika (&#8220;kola\u010di\u0107i sesije&#8221;) i trajni kola\u010di\u0107i koji ostaju pohranjeni na va\u0161em terminalnom ure\u0111aju kako bi vam pru\u017eili informacije o va\u0161em pregledniku tijekom va\u0161eg sljede\u0107eg posjeta (tzv. termin kola\u010di\u0107i&#8221;). <\/p>\n<p style = \"text-align: justify;\"> <strong> Kola\u010di\u0107i su podijeljeni u 4 kategorije <\/strong>: <\/p>\n<p> <em> <strong> Potrebni kola\u010di\u0107i <\/strong> <\/em> <\/p>\n<p style = \"text-align: justify;\"> Ovi kola\u010di\u0107i su potrebni korisnicima za pregledavanje web stranice. <\/p>\n<p> <em> <strong> Kola\u010di\u0107i funkcionalnosti <\/strong> <\/em> <\/p>\n<p style = \"text-align: justify;\"> Kola\u010di\u0107i funkcionalnosti daju web stranici mogu\u0107nost pam\u0107enja korisni\u010dkih izbora (npr. korisni\u010dko ime, jezik, regija) \u010dime se pru\u017eaju pobolj\u0161ane i personaliziranije zna\u010dajke. <\/p>\n<p> <em> <strong> Kola\u010di\u0107i izvedbe \/ analitika <\/strong> <\/em> <\/p>\n<p style = \"text-align: justify;\"> Kola\u010di\u0107i performansi \/ analitika pru\u017eaju web-stranici mogu\u0107nost prikupljanja neosobnih podataka \u2013 podataka u formatu koji ne dopu\u0161ta izravnu korelaciju s odre\u0111enom osobom \u2013 a njihova je svrha podr\u017eava mjerne funkcije web stranica. Svrha prikupljanja ovih podataka je pobolj\u0161anje performansi web stranice pru\u017eanjem informacija o posje\u0107enim stranicama i primanjem poruka o pogre\u0161kama s web stranica. <\/p>\n<p> <em> <strong> Kola\u010di\u0107i tre\u0107e strane <\/strong> <\/em> <\/p>\n<p style = \"text-align: justify;\"> Kola\u010di\u0107e tre\u0107e strane definira web-mjesto razli\u010dito od one na kojoj se trenutno nalazite. Svrha ovih kola\u010di\u0107a je prikupljanje informacija o navikama pregledavanja korisnika kako bi se prikazali oglasi prilago\u0111eni interesima korisnika. Ovi kola\u010di\u0107i mogu se onemogu\u0107iti samo putem web stranice tre\u0107e strane. <\/p>\n<p style = \"text-align: justify;\"> Kola\u010di\u0107i ni u kojem slu\u010daju ne dopu\u0161taju pristup drugim datotekama na korisni\u010dkim ra\u010dunalima i nemaju mogu\u0107nost prikupljanja i pohranjivanja osobnih podataka korisnika. Pravna osnova za obradu osobnih podataka kori\u0161tenjem kola\u010di\u0107a je \u010dlanak 6. stavak 1. to\u010dka (f) GDPR-a. <\/p>\n<p style = \"text-align: justify;\"> Korisnici imaju potpunu kontrolu nad kori\u0161tenjem kola\u010di\u0107a. To\u010dnije, postoji mogu\u0107nost onemogu\u0107avanja ili ograni\u010davanja prijenosa kola\u010di\u0107a kroz postavke preglednika. Tako\u0111er je mogu\u0107e u bilo kojem trenutku izbrisati kola\u010di\u0107e koji su ve\u0107 spremljeni. To se tako\u0111er mo\u017ee u\u010diniti automatski. <\/p>\n\t\t<\/div>\n\t\t\t\t\n<style>\n#col-1978618671 > .col-inner {\n  padding: 30px 0px 0px 0px;\n}\n<\/style>\n\t<\/div>\n\n\t\n<\/div>\n","protected":false},"excerpt":{"rendered":"","protected":false},"author":2,"featured_media":0,"parent":0,"menu_order":0,"comment_status":"closed","ping_status":"closed","template":"","meta":{"_sitemap_exclude":false,"_sitemap_priority":"","_sitemap_frequency":"","footnotes":""},"class_list":["post-2310","page","type-page","status-publish","hentry"],"_links":{"self":[{"href":"https:\/\/kalogiros.gr\/hr\/wp-json\/wp\/v2\/pages\/2310","targetHints":{"allow":["GET"]}}],"collection":[{"href":"https:\/\/kalogiros.gr\/hr\/wp-json\/wp\/v2\/pages"}],"about":[{"href":"https:\/\/kalogiros.gr\/hr\/wp-json\/wp\/v2\/types\/page"}],"author":[{"embeddable":true,"href":"https:\/\/kalogiros.gr\/hr\/wp-json\/wp\/v2\/users\/2"}],"replies":[{"embeddable":true,"href":"https:\/\/kalogiros.gr\/hr\/wp-json\/wp\/v2\/comments?post=2310"}],"version-history":[{"count":0,"href":"https:\/\/kalogiros.gr\/hr\/wp-json\/wp\/v2\/pages\/2310\/revisions"}],"wp:attachment":[{"href":"https:\/\/kalogiros.gr\/hr\/wp-json\/wp\/v2\/media?parent=2310"}],"curies":[{"name":"wp","href":"https:\/\/api.w.org\/{rel}","templated":true}]}}