{"id":2316,"date":"2021-11-18T08:37:10","date_gmt":"2021-11-18T08:37:10","guid":{"rendered":"https:\/\/kalogiros.gr\/?page_id=2316"},"modified":"2021-11-18T08:37:10","modified_gmt":"2021-11-18T08:37:10","slug":"politika-povrata","status":"publish","type":"page","link":"https:\/\/kalogiros.gr\/hr\/politika-povrata\/","title":{"rendered":"Politika povrata"},"content":{"rendered":"\t<div id=\"gap-2118544081\" class=\"gap-element clearfix\" style=\"display:block; height:auto;\">\n\t\t\n<style>\n#gap-2118544081 {\n  padding-top: 30px;\n}\n<\/style>\n\t<\/div>\n\t\n<div class=\"row\"  id=\"row-57534189\">\n\n\t<div id=\"col-637503091\" class=\"col small-12 large-12\"  >\n\t\t\t\t<div class=\"col-inner\"  >\n\t\t\t\n\t\t\t\n<h1 style=\"text-align: center;\">Pravila povrata<\/h1>\n<p style=\"text-align: justify;\">Proizvodi: kupac se informira o dostupnosti proizvoda odgovaraju\u0107im verbalnim naznakama. Internet trgovina uklju\u010duje dostupne proizvode i proizvode s oznakom &#8220;nije dostupno&#8221;. Tako\u0111er, razne ponude proizvoda koje se pojavljuju u online trgovini vrijede uvijek do isteka zaliha. Svi kupci su du\u017eni raspakirati i provjeriti artikle kao i obavijestiti tvrtku u slu\u010daju estetskih nedostataka u roku od 10 dana. Nakon 10 dana smatra se da su artikli primljeni u izvrsnom stanju.<\/p>\n<p style=\"text-align: justify;\">Povrat proizvoda koje napla\u0107uje TVRTKA: Povrat proizvoda koji napla\u0107uje TVRTKA mo\u017ee se izvr\u0161iti u svim slu\u010dajevima u kojima je narud\u017eba izvr\u0161ena pogre\u0161no, odnosno u slu\u010daju isporuke artikla osim one naru\u010dene po vrsti ili koli\u010dini ili u slu\u010daju isporuke artikl ima o\u0161te\u0107enu ambala\u017eu, u cijelosti ili djelomi\u010dno, ili ako se utvrdi da je artikl neispravan. U tom slu\u010daju kupac ili ne smije prihvatiti primitak proizvoda od po\u010detka, ili zatra\u017eiti njegov povrat, nakon konzultacije s TVRTKOM. Proizvodi se moraju vratiti u stanju koje je primio kupac. U slu\u010daju da se ne vrate, u dogovoreno vrijeme nakon konzultacija s TVRTKOM, tada Online trgovina ima pravo ne prihvatiti povrat i stoga odbiti zamjenu. U svim slu\u010dajevima, vra\u0107anje proizvoda koji treba zamijeniti treba obaviti zajedno sa svim dokumentima koji prate proizvod (npr. DAT, A. Maloprodaja, itd.) i njegovim kompletnim pakiranjem. Povrat proizvoda koje napla\u0107uje na\u0161a tvrtka obavit \u0107e se putem kurira, a ne u nekoj od na\u0161ih trgovina. U slu\u010daju povrata proizvoda, a pod uvjetom da su proizvodi prethodno zaprimljeni i provjereni od strane na\u0161e tvrtke, kreditna kartica \u0107e biti izrezana za sljede\u0107u kupnju, ili \u0107e se novac vratiti kupcu poni\u0161tenjem naplate kreditne kartice, \u0161to \u0107e biti u\u010dinjeno s pa\u017enjom na\u0161e tvrtke. U slu\u010daju da su proizvodi vra\u0107eni o\u0161te\u0107eni ili nepotpuni, Internet trgovina ima pravo od kupca zatra\u017eiti od\u0161tetu \u010diji \u0107e iznos biti odre\u0111en stanjem proizvoda te postupiti jednostrano i bez ikakvog drugog potpunog ili djelomi\u010dnog kompenzacije ovu tvrdnju. protiv kupca.<\/p>\n<p style=\"text-align: justify;\">Povrat proizvoda koji se nakon isporuke smatra neispravnim na tro\u0161ak TVRTKE: U slu\u010daju da se proizvod\/i smatraju neispravnim prilikom isporuke, povrat \u0107e se izvr\u0161iti napravljeno o tro\u0161ku DRU\u0160TVA. U tom slu\u010daju, povrat neispravnog(ih) proizvoda(a) mo\u017ee izvr\u0161iti ili sam kupac u bilo kojoj trgovini koja odr\u017eava za\u0161titni znak &#8220;Kalogiros&#8221; u cijeloj zemlji, ili slanjem njemu\/njih, DRU\u0160TVO \u0107e biti napla\u0107eno za tro\u0161kove naplate od strane po svom apsolutnom izboru i nakon konzultacije kupca s osobljem Internet trgovine Tvrtke.<\/p>\n<p style=\"text-align: justify;\">Povrat proizvoda koji se smatraju neispravnim nakon isporuke kupcu izvr\u0161it \u0107e se u roku od deset (10) kalendarskih dana od isporuke kupcu<\/p>\n<p style=\"text-align: justify;\">U isto vrijeme, proizvod ne smije biti o\u0161te\u0107en i mora imati svu originalnu dokumentaciju koja je pratila proizvod (npr. PDV, Maloprodaja, itd.) i njegovo kompletno pakiranje.< \/p><\/p>\n<p style=\"text-align: justify;\">U slu\u010daju povrata proizvoda i pod uvjetom da su oni prethodno primljeni i provjereni od strane TVRTKE, povrat novca kupcu \u0107e se izvr\u0161iti u slu\u010daju pla\u0107anja kreditnom karticom , uz otkazivanje naplate kreditne kartice kupca, \u0161to se vr\u0161i pod nadzorom DRU\u0160TVA, a u slu\u010daju pla\u0107anja u gotovini, ukoliko je kupac odabrao opciju &#8220;preuzimanje iz trgovine&#8221;, izvr\u0161it \u0107e se vra\u0107anjem svog novac mu iz trgovine u kojoj je kupio. Ukoliko je kupac kupio proizvod koji je nakon isporuke smatran neispravnim i ima pravo vratiti ga o tro\u0161ku PODUZE\u0106A, prema gore navedenim posebnim odredbama, tada mo\u017ee vratiti DRU\u0160TVU, te dodatne proizvode ove vrste. <\/p>\n<p style=\"text-align: left;\">\u00a0<\/p>\n<p style=\"text-align: left;\"><strong>Povla\u010denje<\/strong><\/p>\n<p style=\"text-align: justify;\">Kupac ima pravo odustati od prodaje do 14 dana nakon primitka cijele narud\u017ebe, bez navo\u0111enja razloga i bez ikakve naknade, ako su artikli narud\u017ebe u u izvrsnom stanju, nekori\u0161ten i u originalnom pakiranju.<\/p>\n<p style=\"text-align: justify;\">Izjava o povla\u010denju mo\u017ee se dati u pisanom ili elektroni\u010dkom obliku, a DRU\u0160TVO je du\u017eno poslati potvrdu o primitku izjave o istupanju \u010dim za nju sazna. Nakon izjave o povla\u010denju, PODUZE\u0106E je du\u017eno vratiti kupcu vrijednost narud\u017ebe uklju\u010duju\u0107i po\u010detne tro\u0161kove dostave, u roku od 14 kalendarskih dana od dana kada je obavije\u0161teno o povla\u010denju.<\/p>\n<p style=\"text-align: justify;\">Povrat novca u slu\u010daju povla\u010denja mo\u017ee se izvr\u0161iti na sljede\u0107e na\u010dine:<\/p>\n<p style=\"text-align: justify;\">Povrat novca kupcu izvr\u0161it \u0107e se u slu\u010daju pla\u0107anja kreditnom karticom, uz otkazivanje tere\u0107enja kreditne kartice kupca, \u0161to \u0107e biti u\u010dinjeno uz brigu TVRTKE a u slu\u010daju gotovinskog pla\u0107anja, ako je kupac odabrao opciju &#8220;priznanica iz trgovine&#8221;, izvr\u0161it \u0107e se povratom novca iz trgovine u kojoj je izvr\u0161io kupnju.<\/p>\n<p style=\"text-align: justify;\">U slu\u010daju pla\u0107anja u gotovini, ako je kupac odabrao opciju &#8220;preuzimanje iz trgovine&#8221;, isti \u0107e mu biti vra\u0107en iz trgovine u kojoj je primio proizvod. U bilo kojem drugom slu\u010daju gotovinskog pla\u0107anja vra\u0107anje \u0107e se izvr\u0161iti na bankovni ra\u010dun koji je kupac naveo PODRU\u010cJU.<\/p>\n<p style=\"text-align: justify;\">Povrat \u0107e se izvr\u0161iti u roku od \u010detrnaest (14) radnih dana od proizvoda i cijene.<\/p>\n<p style=\"text-align: justify;\">Kupac je du\u017ean nadoknaditi DRU\u0160TVU ako je u razdoblju do izjave o odustajanju koristio druk\u010diju od onoga \u0161to je potrebno za utvr\u0111ivanje prirode, karakteristika i funkcije robe a PODUZE\u0106E ima pravo dogovoriti s kupcem njegovu naknadu \u010dak i uz me\u0111usobni kompenzaciju. U slu\u010daju da se odustajanje odnosi na pru\u017eanje usluga, korisnik mora platiti iznos razmjeran pru\u017eenom do izjave o odustajanju. Ako potro\u0161a\u010d iskoristi pravo na odustanak, svi sklopljeni ugovori istje\u010du automatski, bez ikakvih tro\u0161kova za kupca.<\/p>\n\t\t<\/div>\n\t\t\t\t\t<\/div>\n\n\t\n<\/div>\n","protected":false},"excerpt":{"rendered":"","protected":false},"author":2,"featured_media":0,"parent":0,"menu_order":0,"comment_status":"closed","ping_status":"closed","template":"page-blank.php","meta":{"_sitemap_exclude":false,"_sitemap_priority":"","_sitemap_frequency":"","footnotes":""},"class_list":["post-2316","page","type-page","status-publish","hentry"],"_links":{"self":[{"href":"https:\/\/kalogiros.gr\/hr\/wp-json\/wp\/v2\/pages\/2316","targetHints":{"allow":["GET"]}}],"collection":[{"href":"https:\/\/kalogiros.gr\/hr\/wp-json\/wp\/v2\/pages"}],"about":[{"href":"https:\/\/kalogiros.gr\/hr\/wp-json\/wp\/v2\/types\/page"}],"author":[{"embeddable":true,"href":"https:\/\/kalogiros.gr\/hr\/wp-json\/wp\/v2\/users\/2"}],"replies":[{"embeddable":true,"href":"https:\/\/kalogiros.gr\/hr\/wp-json\/wp\/v2\/comments?post=2316"}],"version-history":[{"count":0,"href":"https:\/\/kalogiros.gr\/hr\/wp-json\/wp\/v2\/pages\/2316\/revisions"}],"wp:attachment":[{"href":"https:\/\/kalogiros.gr\/hr\/wp-json\/wp\/v2\/media?parent=2316"}],"curies":[{"name":"wp","href":"https:\/\/api.w.org\/{rel}","templated":true}]}}