{"id":2319,"date":"2021-11-18T08:40:04","date_gmt":"2021-11-18T08:40:04","guid":{"rendered":"https:\/\/kalogiros.gr\/?page_id=2319"},"modified":"2021-11-18T08:40:04","modified_gmt":"2021-11-18T08:40:04","slug":"profil","status":"publish","type":"page","link":"https:\/\/kalogiros.gr\/hr\/profil\/","title":{"rendered":"Profil"},"content":{"rendered":"\r\n\n\t<section class=\"section\" id=\"section_1880943641\">\n\t\t<div class=\"section-bg fill\" >\n\t\t\t\t\t\t\t\t\t\n\t\t\t\n\n\t\t<\/div>\n\n\t\t\n\n\t\t<div class=\"section-content relative\">\n\t\t\t\r\n\r\n<div class=\"row row-small row-full-width align-middle\"  id=\"row-536070290\">\r\n\r\n\n\t<div id=\"col-39118108\" class=\"col medium-6 small-12 large-6\"  >\n\t\t\t\t<div class=\"col-inner\"  >\n\t\t\t\n\t\t\t\r\n\r\n<div class=\"slider-wrapper relative\" id=\"slider-948380697\" >\n    <div class=\"slider slider-nav-simple slider-nav-large slider-nav-light slider-style-normal slider-show-nav\"\n        data-flickity-options='{\n            \"cellAlign\": \"center\",\n            \"imagesLoaded\": true,\n            \"lazyLoad\": 1,\n            \"freeScroll\": false,\n            \"wrapAround\": true,\n            \"autoPlay\": 3000,\n            \"pauseAutoPlayOnHover\" : false,\n            \"prevNextButtons\": true,\n            \"contain\" : true,\n            \"adaptiveHeight\" : true,\n            \"dragThreshold\" : 10,\n            \"percentPosition\": true,\n            \"pageDots\": false,\n            \"rightToLeft\": false,\n            \"draggable\": true,\n            \"selectedAttraction\": 0.1,\n            \"parallax\" : 0,\n            \"friction\": 0.6        }'\n        >\n        \r\n\r\n\t<div class=\"img has-hover x md-x lg-x y md-y lg-y\" id=\"image_1029472936\">\n\t\t\t\t\t\t\t\t<div class=\"img-inner dark\" >\n\t\t\t<img loading=\"lazy\" decoding=\"async\" width=\"700\" height=\"525\" src=\"https:\/\/kalogiros.gr\/wp-content\/uploads\/2021\/06\/1.jpg\" class=\"attachment-large size-large\" alt=\"\" srcset=\"https:\/\/kalogiros.gr\/wp-content\/uploads\/2021\/06\/1.jpg 700w, https:\/\/kalogiros.gr\/wp-content\/uploads\/2021\/06\/1-533x400.jpg 533w\" sizes=\"auto, (max-width: 700px) 100vw, 700px\" \/>\t\t\t\t\t\t\n\t\t\t\t\t<\/div>\n\t\t\t\t\t\t\t\t\n<style>\n#image_1029472936 {\n  width: 100%;\n}\n<\/style>\n\t<\/div>\n\t\r\n\r\n\t<div class=\"img has-hover x md-x lg-x y md-y lg-y\" id=\"image_370325535\">\n\t\t\t\t\t\t\t\t<div class=\"img-inner dark\" >\n\t\t\t<img loading=\"lazy\" decoding=\"async\" width=\"700\" height=\"525\" src=\"https:\/\/kalogiros.gr\/wp-content\/uploads\/2021\/06\/2.jpg\" class=\"attachment-large size-large\" alt=\"\" srcset=\"https:\/\/kalogiros.gr\/wp-content\/uploads\/2021\/06\/2.jpg 700w, https:\/\/kalogiros.gr\/wp-content\/uploads\/2021\/06\/2-533x400.jpg 533w\" sizes=\"auto, (max-width: 700px) 100vw, 700px\" \/>\t\t\t\t\t\t\n\t\t\t\t\t<\/div>\n\t\t\t\t\t\t\t\t\n<style>\n#image_370325535 {\n  width: 100%;\n}\n<\/style>\n\t<\/div>\n\t\r\n\r\n\r\n     <\/div>\n\n     <div class=\"loading-spin dark large centered\"><\/div>\n\n\t<\/div>\n\n\r\n\r\n\t\t<\/div>\n\t\t\t\t\t<\/div>\n\n\t\r\n\n\t<div id=\"col-1047373970\" class=\"col medium-6 small-12 large-6\"  >\n\t\t\t\t<div class=\"col-inner\"  >\n\t\t\t\n\t\t\t\r\n\r\n<h1 class=\"uppercase\"><span style=\"font-size: 120%;\">Profil<\/span><\/h1>\r\n<p style = \"text-align: justify;\"> <span style = \"color: # 999999; font-size: 95%;\"> Sjedi\u0161te na\u0161e tvrtke je u Prevezi,  mjestu gdje se  Ambracijski  zaljev spaja s Jonskim arhipelagom,  u podru\u010dju gdje je ribolovna djelatnost intenzivna, a tradicija  duga. Na\u0161a pri\u010da po\u010dela je  pedesetih godina pro\u0161loga stolje\u0107a. Godine uspje\u0161nog rada dale su rezultate  i danas je na\u0161a obitelj ponosna na tre\u0107u generaciju koja se usavr\u0161ava kako bi na tr\u017ei\u0161tu ponudila opremu visoke kvalitete koja udovoljava suvremenim zahtjevima profesionalnog ribolova. Jedan od na\u0161ih ciljeva je dugogodi\u0161nja briga o klijentima. Svoj uspjeh zahvaljujemo  visokokvalitetnim  proizvodima  koje svojim klijentima dostavljamo po povoljnim cijenama brzo i odgovorno. Na\u0161a su skladi\u0161ta uvijek popunjena i na potrebe svojih klijenata odgovaramo odmah. U suradnji s brzim distribucijskom mre\u017eom, Va\u0161u narud\u017ebu u najkra\u0107em roku dostavljamo do Vas.<\/span> <\/p >\r\n\r\n\t\t<\/div>\n\t\t\t\t\n<style>\n#col-1047373970 > .col-inner {\n  padding: 0px 10px 0px 20px;\n}\n<\/style>\n\t<\/div>\n\n\t\r\n\r\n<\/div>\r\n\r\n\t\t<\/div>\n\n\t\t\n<style>\n#section_1880943641 {\n  padding-top: 30px;\n  padding-bottom: 30px;\n}\n<\/style>\n\t<\/section>\n\t\r\n\r\n","protected":false},"excerpt":{"rendered":"","protected":false},"author":2,"featured_media":0,"parent":0,"menu_order":0,"comment_status":"closed","ping_status":"closed","template":"","meta":{"_sitemap_exclude":false,"_sitemap_priority":"","_sitemap_frequency":"","footnotes":""},"class_list":["post-2319","page","type-page","status-publish","hentry"],"_links":{"self":[{"href":"https:\/\/kalogiros.gr\/hr\/wp-json\/wp\/v2\/pages\/2319","targetHints":{"allow":["GET"]}}],"collection":[{"href":"https:\/\/kalogiros.gr\/hr\/wp-json\/wp\/v2\/pages"}],"about":[{"href":"https:\/\/kalogiros.gr\/hr\/wp-json\/wp\/v2\/types\/page"}],"author":[{"embeddable":true,"href":"https:\/\/kalogiros.gr\/hr\/wp-json\/wp\/v2\/users\/2"}],"replies":[{"embeddable":true,"href":"https:\/\/kalogiros.gr\/hr\/wp-json\/wp\/v2\/comments?post=2319"}],"version-history":[{"count":0,"href":"https:\/\/kalogiros.gr\/hr\/wp-json\/wp\/v2\/pages\/2319\/revisions"}],"wp:attachment":[{"href":"https:\/\/kalogiros.gr\/hr\/wp-json\/wp\/v2\/media?parent=2319"}],"curies":[{"name":"wp","href":"https:\/\/api.w.org\/{rel}","templated":true}]}}