{"id":2339,"date":"2021-11-18T09:02:16","date_gmt":"2021-11-18T09:02:16","guid":{"rendered":"https:\/\/kalogiros.gr\/?page_id=2339"},"modified":"2025-03-28T10:48:36","modified_gmt":"2025-03-28T10:48:36","slug":"nacini-placanja-i-dostave","status":"publish","type":"page","link":"https:\/\/kalogiros.gr\/hr\/nacini-placanja-i-dostave\/","title":{"rendered":"Na\u010dini pla\u0107anja \u2013 Dostava \u2013 Povrat"},"content":{"rendered":"\n\t<section class=\"section\" id=\"section_1437421244\">\n\t\t<div class=\"section-bg fill\" >\n\t\t\t\t\t\t\t\t\t\n\t\t\t\n\n\t\t<\/div>\n\n\t\t\n\n\t\t<div class=\"section-content relative\">\n\t\t\t\n<div class=\"row align-center\"  id=\"row-745719935\">\n\n\t<div id=\"col-1170039069\" class=\"col medium-10 small-12 large-8\"  >\n\t\t\t\t<div class=\"col-inner text-center\"  >\n\t\t\t\n\t\t\t\n<h1>Na\u010dini pla\u0107anja i dostave<\/h1>\n<p>Saznajte vi\u0161e o na\u010dinima pla\u0107anja i dostave na\u0161ih proizvoda, kao i o politici povrata na\u0161e tvrtke.<\/p>\n\t\t<\/div>\n\t\t\t\t\n<style>\n#col-1170039069 > .col-inner {\n  margin: 0px 0px -40px 0px;\n}\n<\/style>\n\t<\/div>\n\n\t\n<\/div>\n<div class=\"row align-center\"  id=\"row-1922289593\">\n\n\t<div id=\"col-283926558\" class=\"col medium-12 small-12 large-10\"  >\n\t\t\t\t<div class=\"col-inner text-left\"  >\n\t\t\t\n\t\t\t\n<div class=\"is-divider divider clearfix\" style=\"margin-top:3em;margin-bottom:3em;max-width:100%;background-color:rgb(9, 14, 29);\"><\/div>\n<div class=\"row row-collapse align-center\"  id=\"row-306831492\">\n\n\t<div id=\"col-1293017807\" class=\"col medium-12 small-6 large-4\"  >\n\t\t\t\t<div class=\"col-inner text-center\"  >\n\t\t\t\n\t\t\t\n\n\t\t<div class=\"icon-box featured-box icon-box-left text-left\"  style=\"margin:0px 0px 30px 0px;\">\n\t\t\t\t\t<div class=\"icon-box-img\" style=\"width: 60px\">\n\t\t\t\t<div class=\"icon\">\n\t\t\t\t\t<div class=\"icon-inner\" >\n\t\t\t\t\t\t<img loading=\"lazy\" decoding=\"async\" width=\"256\" height=\"256\" src=\"https:\/\/kalogiros.gr\/wp-content\/uploads\/2021\/07\/shipping-icon-flatelements.png\" class=\"attachment-medium size-medium\" alt=\"\" srcset=\"https:\/\/kalogiros.gr\/wp-content\/uploads\/2021\/07\/shipping-icon-flatelements.png 256w, https:\/\/kalogiros.gr\/wp-content\/uploads\/2021\/07\/shipping-icon-flatelements-100x100.png 100w\" sizes=\"auto, (max-width: 256px) 100vw, 256px\" \/>\t\t\t\t\t<\/div>\n\t\t\t\t<\/div>\n\t\t\t<\/div>\n\t\t\t\t<div class=\"icon-box-text last-reset\">\n\t\t\t\t\t\t\t\t\t\n<h3>otprema<\/h3>\n\t\t<\/div>\n\t<\/div>\n\t\n\t\n\t\t<\/div>\n\t\t\t\t\t<\/div>\n\n\t\n\n\t<div id=\"col-1752516499\" class=\"col medium-12 small-12 large-8\"  >\n\t\t\t\t<div class=\"col-inner text-left\"  >\n\t\t\t\n\t\t\t\n<p style=\"text-align: justify;\">Na\u0161e narud\u017ebe dostavljamo kurirskom slu\u017ebom.<\/p>\n<h4 style=\"text-align: left;\">Tro\u0161kovi prijevoza<\/h4>\n<p style=\"text-align: justify;\">Cijena dostave je <strong>4\u20ac<\/strong><\/p>\n\t\t<\/div>\n\t\t\t\t\t<\/div>\n\n\t\n<\/div>\n<div class=\"is-divider divider clearfix\" style=\"margin-top:3em;margin-bottom:3em;max-width:100%;background-color:rgb(9, 14, 29);\"><\/div>\n<div class=\"row row-collapse align-center\"  id=\"row-278956010\">\n\n\t<div id=\"col-383368415\" class=\"col medium-12 small-6 large-4\"  >\n\t\t\t\t<div class=\"col-inner\"  >\n\t\t\t\n\t\t\t\n\n\t\t<div class=\"icon-box featured-box icon-box-left text-left\"  style=\"margin:0px 0px 30px 0px;\">\n\t\t\t\t\t<div class=\"icon-box-img\" style=\"width: 60px\">\n\t\t\t\t<div class=\"icon\">\n\t\t\t\t\t<div class=\"icon-inner\" >\n\t\t\t\t\t\t<img loading=\"lazy\" decoding=\"async\" width=\"256\" height=\"256\" src=\"https:\/\/kalogiros.gr\/wp-content\/uploads\/2021\/07\/payment-icon-flatelements.png\" class=\"attachment-medium size-medium\" alt=\"\" srcset=\"https:\/\/kalogiros.gr\/wp-content\/uploads\/2021\/07\/payment-icon-flatelements.png 256w, https:\/\/kalogiros.gr\/wp-content\/uploads\/2021\/07\/payment-icon-flatelements-100x100.png 100w\" sizes=\"auto, (max-width: 256px) 100vw, 256px\" \/>\t\t\t\t\t<\/div>\n\t\t\t\t<\/div>\n\t\t\t<\/div>\n\t\t\t\t<div class=\"icon-box-text last-reset\">\n\t\t\t\t\t\t\t\t\t\n<h3>Pla\u0107anje<\/h3>\n\t\t<\/div>\n\t<\/div>\n\t\n\t\n\t\t<\/div>\n\t\t\t\t\t<\/div>\n\n\t\n\n\t<div id=\"col-2045824920\" class=\"col medium-12 small-12 large-8\"  >\n\t\t\t\t<div class=\"col-inner text-left\"  >\n\t\t\t\n\t\t\t\n<h4>1. KREDITNA I DEBITNA KARTICA<\/h4>\n<p>Prihva\u0107aju se sve kreditne kartice.<\/p>\n<h4>2. BANKOVNI DEPOZIT<\/h4>\n<p>Zavr\u0161ite kupnju polaganjem novca na jedan od sljede\u0107ih ra\u010duna:<\/p>\n<table border=\"0\" frame=\"VOID\" rules=\"NONE\" cellspacing=\"0\">\n<colgroup>\n<col width=\"183\">\n<col width=\"380\"><\/colgroup>\n<tbody>\n<tr>\n<td align=\"LEFT\" width=\"183\" height=\"17\"><strong> <\/strong><\/td>\n<td align=\"LEFT\" width=\"380\"><\/td>\n<\/tr>\n<tr>\n<td align=\"LEFT\" height=\"17\"><strong>MUDAR<\/strong><\/td>\n<td align=\"LEFT\"><strong>IBAN: BE87 9670 3860 9194, BIC: TRWIBEB1XXX<\/strong><\/td>\n<\/tr>\n<tr>\n<td align=\"LEFT\" height=\"17\"><strong>PIREJ<\/strong><\/td>\n<td align=\"LEFT\"><strong>IBAN: GR2601724080005408008997923<\/strong><\/td>\n<\/tr>\n<tr>\n<td align=\"LEFT\" height=\"17\"><strong>NACIONALNI<\/strong><\/td>\n<td align=\"LEFT\"><strong>IBAN: GR3801104480000044844125169<\/strong><\/td>\n<\/tr>\n<tr>\n<td align=\"LEFT\" height=\"17\"><strong>ALPHA BANKA<\/strong><\/td>\n<td align=\"LEFT\"><strong>IBAN: GR2201404200420002002004618<\/strong><\/td>\n<\/tr>\n<tr>\n<td align=\"LEFT\" height=\"17\"><strong>EUROBANKA<\/strong><\/td>\n<td align=\"LEFT\"><strong>IBAN: GR2302603460000480200510174<\/strong><\/td>\n<\/tr>\n<\/tbody>\n<\/table>\n<h4>3. PROTUPLA\u0106ANJE<\/h4>\n<p>Kupnju obavljajte pouze\u0107em tako da odgovaraju\u0107i iznos narud\u017ebe predate kurirskoj slu\u017ebi po primitku.<\/p>\n<p>Pla\u0107anje pouze\u0107em ko\u0161ta <strong>2\u20ac<\/strong><\/p>\n\t\t<\/div>\n\t\t\t\t\t<\/div>\n\n\t\n<\/div>\n<div class=\"is-divider divider clearfix\" style=\"margin-top:3em;margin-bottom:3em;max-width:100%;background-color:rgb(9, 14, 29);\"><\/div>\n<div class=\"row align-center\"  id=\"row-17247791\">\n\n\t<div id=\"col-901014745\" class=\"col small-12 large-12\"  >\n\t\t\t\t<div class=\"col-inner text-center\" style=\"background-color:rgb(244, 244, 244);\" >\n\t\t\t\n\t\t\t\n<h3>Imate li pitanja ili nedoumica?<\/h3>\n<p>Kontaktirajte nas<\/p>\n<a href=\"https:\/\/kalogiros.gr\/hr\/kontakt\/\" class=\"button primary\"  >\n\t\t<span>Komunikacija<\/span>\n\t<\/a>\n\n\t\t<\/div>\n\t\t\t\t\t<\/div>\n\n\t\n\n<style>\n#row-17247791 > .col > .col-inner {\n  padding: 40px 20px 40px 20px;\n  background-color: rgb(244, 244, 244);\n}\n@media (min-width:550px) {\n  #row-17247791 > .col > .col-inner {\n    padding: 40px 40px 40px 40px;\n  }\n}\n<\/style>\n<\/div>\n\t\t<\/div>\n\t\t\t\t\t<\/div>\n\n\t\n<\/div>\n\t\t<\/div>\n\n\t\t\n<style>\n#section_1437421244 {\n  padding-top: 60px;\n  padding-bottom: 60px;\n}\n<\/style>\n\t<\/section>\n\t\n","protected":false},"excerpt":{"rendered":"","protected":false},"author":2,"featured_media":0,"parent":0,"menu_order":0,"comment_status":"closed","ping_status":"closed","template":"","meta":{"_sitemap_exclude":false,"_sitemap_priority":"","_sitemap_frequency":"","footnotes":""},"class_list":["post-2339","page","type-page","status-publish","hentry"],"_links":{"self":[{"href":"https:\/\/kalogiros.gr\/hr\/wp-json\/wp\/v2\/pages\/2339","targetHints":{"allow":["GET"]}}],"collection":[{"href":"https:\/\/kalogiros.gr\/hr\/wp-json\/wp\/v2\/pages"}],"about":[{"href":"https:\/\/kalogiros.gr\/hr\/wp-json\/wp\/v2\/types\/page"}],"author":[{"embeddable":true,"href":"https:\/\/kalogiros.gr\/hr\/wp-json\/wp\/v2\/users\/2"}],"replies":[{"embeddable":true,"href":"https:\/\/kalogiros.gr\/hr\/wp-json\/wp\/v2\/comments?post=2339"}],"version-history":[{"count":8,"href":"https:\/\/kalogiros.gr\/hr\/wp-json\/wp\/v2\/pages\/2339\/revisions"}],"predecessor-version":[{"id":9775,"href":"https:\/\/kalogiros.gr\/hr\/wp-json\/wp\/v2\/pages\/2339\/revisions\/9775"}],"wp:attachment":[{"href":"https:\/\/kalogiros.gr\/hr\/wp-json\/wp\/v2\/media?parent=2339"}],"curies":[{"name":"wp","href":"https:\/\/api.w.org\/{rel}","templated":true}]}}