{"id":2520,"date":"2021-11-18T13:46:32","date_gmt":"2021-11-18T13:46:32","guid":{"rendered":"https:\/\/kalogiros.gr\/?page_id=2520"},"modified":"2021-11-18T13:46:32","modified_gmt":"2021-11-18T13:46:32","slug":"pluta","status":"publish","type":"page","link":"https:\/\/kalogiros.gr\/hr\/pluta\/","title":{"rendered":"Pluta"},"content":{"rendered":"\r\n\n\t<section class=\"section\" id=\"section_1196414827\">\n\t\t<div class=\"section-bg fill\" >\n\t\t\t\t\t\t\t\t\t\n\t\t\t\n\n\t\t<\/div>\n\n\t\t\n\n\t\t<div class=\"section-content relative\">\n\t\t\t\r\n\r\n<div class=\"row align-middle align-center\"  id=\"row-1633236111\">\r\n\r\n\n\t<div id=\"col-1139115735\" class=\"col medium-11 small-12 large-10\"  >\n\t\t\t\t<div class=\"col-inner text-center\"  >\n\t\t\t\n\t\t\t\r\n\r\n<h2>Pluta<\/h2>\r\n\r\n\t\t<\/div>\n\t\t\t\t\t<\/div>\n\n\t\r\n\r\n<\/div>\r\n<div class=\"row row-box-shadow-2 row-box-shadow-4-hover\"  id=\"row-228462145\">\r\n\r\n\n\t<div id=\"col-485810436\" class=\"col medium-4 small-12 large-4\"  >\n\t\t\t\t<div class=\"col-inner\"  >\n\t\t\t\n\t\t\t\r\n\r\n\n  <div class=\"banner has-hover\" id=\"banner-79709648\">\n          <div class=\"banner-inner fill\">\n        <div class=\"banner-bg fill\" >\n            <img loading=\"lazy\" decoding=\"async\" width=\"600\" height=\"600\" src=\"https:\/\/kalogiros.gr\/wp-content\/uploads\/2021\/05\/\u03a6\u0395\u039b\u0391-\u03a0\u0391\u03a1\u0391\u039a\u03a4\u0399\u0391\u03a3-\u0391\u039b\u0399\u0395\u0399\u0391\u03a3.png\" class=\"bg\" alt=\"\" srcset=\"https:\/\/kalogiros.gr\/wp-content\/uploads\/2021\/05\/\u03a6\u0395\u039b\u0391-\u03a0\u0391\u03a1\u0391\u039a\u03a4\u0399\u0391\u03a3-\u0391\u039b\u0399\u0395\u0399\u0391\u03a3.png 600w, https:\/\/kalogiros.gr\/wp-content\/uploads\/2021\/05\/\u03a6\u0395\u039b\u0391-\u03a0\u0391\u03a1\u0391\u039a\u03a4\u0399\u0391\u03a3-\u0391\u039b\u0399\u0395\u0399\u0391\u03a3-400x400.png 400w, https:\/\/kalogiros.gr\/wp-content\/uploads\/2021\/05\/\u03a6\u0395\u039b\u0391-\u03a0\u0391\u03a1\u0391\u039a\u03a4\u0399\u0391\u03a3-\u0391\u039b\u0399\u0395\u0399\u0391\u03a3-280x280.png 280w, https:\/\/kalogiros.gr\/wp-content\/uploads\/2021\/05\/\u03a6\u0395\u039b\u0391-\u03a0\u0391\u03a1\u0391\u039a\u03a4\u0399\u0391\u03a3-\u0391\u039b\u0399\u0395\u0399\u0391\u03a3-100x100.png 100w\" sizes=\"auto, (max-width: 600px) 100vw, 600px\" \/>                                    \n                    <\/div>\n\t\t\n        <div class=\"banner-layers container\">\n            <a class=\"fill\" href=\"https:\/\/kalogiros.gr\/hr\/kategorija-proizvoda\/pluta\/plutace-za-mreze-stajacice\/\" ><div class=\"fill banner-link\"><\/div><\/a>            \r\n\r\n   <div id=\"text-box-791650636\" class=\"text-box banner-layer x50 md-x50 lg-x50 y90 md-y90 lg-y90 res-text\">\n                                <div class=\"text-box-content text \">\n              \n              <div class=\"text-inner text-center\">\n                  \r\n\r\n<h2>Pluta\u010de za mre\u017ee staja\u010dice<br \/>\r\n<\/h2>\r\n\r\n              <\/div>\n           <\/div>\n                            \n<style>\n#text-box-791650636 {\n  width: 100%;\n}\n#text-box-791650636 .text-box-content {\n  font-size: 100%;\n}\n<\/style>\n    <\/div>\n \r\n\r\n        <\/div>\n      <\/div>\n\n            \n<style>\n#banner-79709648 {\n  padding-top: 350px;\n}\n#banner-79709648 .banner-bg img {\n  object-position: 60% 46%;\n}\n<\/style>\n  <\/div>\n\n\r\n\r\n\t\t<\/div>\n\t\t\t\t\t<\/div>\n\n\t\r\n\n\t<div id=\"col-1271059986\" class=\"col medium-4 small-12 large-4\"  >\n\t\t\t\t<div class=\"col-inner\"  >\n\t\t\t\n\t\t\t\r\n\r\n\n  <div class=\"banner has-hover\" id=\"banner-1676636214\">\n          <div class=\"banner-inner fill\">\n        <div class=\"banner-bg fill\" >\n            <img loading=\"lazy\" decoding=\"async\" width=\"600\" height=\"600\" src=\"https:\/\/kalogiros.gr\/wp-content\/uploads\/2021\/05\/fela-grigri-1.jpg\" class=\"bg\" alt=\"\" srcset=\"https:\/\/kalogiros.gr\/wp-content\/uploads\/2021\/05\/fela-grigri-1.jpg 600w, https:\/\/kalogiros.gr\/wp-content\/uploads\/2021\/05\/fela-grigri-1-400x400.jpg 400w, https:\/\/kalogiros.gr\/wp-content\/uploads\/2021\/05\/fela-grigri-1-280x280.jpg 280w, https:\/\/kalogiros.gr\/wp-content\/uploads\/2021\/05\/fela-grigri-1-100x100.jpg 100w\" sizes=\"auto, (max-width: 600px) 100vw, 600px\" \/>                                    \n                    <\/div>\n\t\t\n        <div class=\"banner-layers container\">\n            <a class=\"fill\" href=\"https:\/\/kalogiros.gr\/hr\/kategorija-proizvoda\/pluta\/pvc-pluta-za-plivarice\/\" ><div class=\"fill banner-link\"><\/div><\/a>            \r\n\r\n   <div id=\"text-box-2069469251\" class=\"text-box banner-layer x50 md-x50 lg-x50 y90 md-y90 lg-y90 res-text\">\n                                <div class=\"text-box-content text \">\n              \n              <div class=\"text-inner text-center\">\n                  \r\n\r\n<h2>PVC pluta za plivarice<br \/>\r\n<\/h2>\r\n\r\n              <\/div>\n           <\/div>\n                            \n<style>\n#text-box-2069469251 {\n  width: 75%;\n}\n#text-box-2069469251 .text-box-content {\n  font-size: 100%;\n}\n<\/style>\n    <\/div>\n \r\n\r\n        <\/div>\n      <\/div>\n\n            \n<style>\n#banner-1676636214 {\n  padding-top: 350px;\n}\n#banner-1676636214 .banner-bg img {\n  object-position: 54% 56%;\n}\n<\/style>\n  <\/div>\n\n\r\n\r\n\t\t<\/div>\n\t\t\t\t\t<\/div>\n\n\t\r\n\n\t<div id=\"col-53703909\" class=\"col medium-4 small-12 large-4\"  >\n\t\t\t\t<div class=\"col-inner\"  >\n\t\t\t\n\t\t\t\r\n\r\n\n  <div class=\"banner has-hover\" id=\"banner-1255318934\">\n          <div class=\"banner-inner fill\">\n        <div class=\"banner-bg fill\" >\n            <img loading=\"lazy\" decoding=\"async\" width=\"600\" height=\"600\" src=\"https:\/\/kalogiros.gr\/wp-content\/uploads\/2021\/05\/fela-grigri-2.jpg\" class=\"bg\" alt=\"\" srcset=\"https:\/\/kalogiros.gr\/wp-content\/uploads\/2021\/05\/fela-grigri-2.jpg 600w, https:\/\/kalogiros.gr\/wp-content\/uploads\/2021\/05\/fela-grigri-2-400x400.jpg 400w, https:\/\/kalogiros.gr\/wp-content\/uploads\/2021\/05\/fela-grigri-2-280x280.jpg 280w, https:\/\/kalogiros.gr\/wp-content\/uploads\/2021\/05\/fela-grigri-2-100x100.jpg 100w\" sizes=\"auto, (max-width: 600px) 100vw, 600px\" \/>                                    \n                    <\/div>\n\t\t\n        <div class=\"banner-layers container\">\n            <a class=\"fill\" href=\"https:\/\/kalogiros.gr\/hr\/kategorija-proizvoda\/pluta\/eva-pluta-za-plivarice\/\" ><div class=\"fill banner-link\"><\/div><\/a>            \r\n\r\n   <div id=\"text-box-2097121429\" class=\"text-box banner-layer x50 md-x50 lg-x50 y90 md-y90 lg-y90 res-text\">\n                                <div class=\"text-box-content text \">\n              \n              <div class=\"text-inner text-center\">\n                  \r\n\r\n<h2>EVA pluta za plivarice<br \/>\r\n<\/h2>\r\n\r\n              <\/div>\n           <\/div>\n                            \n<style>\n#text-box-2097121429 {\n  width: 75%;\n}\n#text-box-2097121429 .text-box-content {\n  font-size: 100%;\n}\n<\/style>\n    <\/div>\n \r\n\r\n        <\/div>\n      <\/div>\n\n            \n<style>\n#banner-1255318934 {\n  padding-top: 350px;\n}\n#banner-1255318934 .banner-bg img {\n  object-position: 54% 56%;\n}\n<\/style>\n  <\/div>\n\n\r\n\r\n\t\t<\/div>\n\t\t\t\t\t<\/div>\n\n\t\r\n\r\n<\/div>\r\n\r\n\t\t<\/div>\n\n\t\t\n<style>\n#section_1196414827 {\n  padding-top: 30px;\n  padding-bottom: 30px;\n}\n<\/style>\n\t<\/section>\n\t\r\n\r\n","protected":false},"excerpt":{"rendered":"","protected":false},"author":2,"featured_media":0,"parent":0,"menu_order":0,"comment_status":"closed","ping_status":"closed","template":"page-blank.php","meta":{"_sitemap_exclude":false,"_sitemap_priority":"","_sitemap_frequency":"","footnotes":""},"class_list":["post-2520","page","type-page","status-publish","hentry"],"_links":{"self":[{"href":"https:\/\/kalogiros.gr\/hr\/wp-json\/wp\/v2\/pages\/2520","targetHints":{"allow":["GET"]}}],"collection":[{"href":"https:\/\/kalogiros.gr\/hr\/wp-json\/wp\/v2\/pages"}],"about":[{"href":"https:\/\/kalogiros.gr\/hr\/wp-json\/wp\/v2\/types\/page"}],"author":[{"embeddable":true,"href":"https:\/\/kalogiros.gr\/hr\/wp-json\/wp\/v2\/users\/2"}],"replies":[{"embeddable":true,"href":"https:\/\/kalogiros.gr\/hr\/wp-json\/wp\/v2\/comments?post=2520"}],"version-history":[{"count":0,"href":"https:\/\/kalogiros.gr\/hr\/wp-json\/wp\/v2\/pages\/2520\/revisions"}],"wp:attachment":[{"href":"https:\/\/kalogiros.gr\/hr\/wp-json\/wp\/v2\/media?parent=2520"}],"curies":[{"name":"wp","href":"https:\/\/api.w.org\/{rel}","templated":true}]}}