{"id":2522,"date":"2021-11-18T13:54:17","date_gmt":"2021-11-18T13:54:17","guid":{"rendered":"https:\/\/kalogiros.gr\/?page_id=2522"},"modified":"2021-11-18T13:54:17","modified_gmt":"2021-11-18T13:54:17","slug":"mreze-stajacice","status":"publish","type":"page","link":"https:\/\/kalogiros.gr\/hr\/mreze-stajacice\/","title":{"rendered":"Mre\u017ee staja\u010dice"},"content":{"rendered":"\n\t<section class=\"section\" id=\"section_2023227669\">\n\t\t<div class=\"section-bg fill\" >\n\t\t\t\t\t\t\t\t\t\n\t\t\t\n\n\t\t<\/div>\n\n\t\t\n\n\t\t<div class=\"section-content relative\">\n\t\t\t\n<div class=\"row row-box-shadow-2 row-box-shadow-4-hover\"  id=\"row-1781402739\">\n\n\t<div id=\"col-781122855\" class=\"col medium-6 small-12 large-6\"  >\n\t\t\t\t<div class=\"col-inner\"  >\n\t\t\t\n\t\t\t\n\n  <div class=\"banner has-hover\" id=\"banner-809956678\">\n          <div class=\"banner-inner fill\">\n        <div class=\"banner-bg fill\" >\n            <img loading=\"lazy\" decoding=\"async\" width=\"600\" height=\"700\" src=\"https:\/\/kalogiros.gr\/wp-content\/uploads\/2021\/05\/panina.jpg\" class=\"bg\" alt=\"\" srcset=\"https:\/\/kalogiros.gr\/wp-content\/uploads\/2021\/05\/panina.jpg 600w, https:\/\/kalogiros.gr\/wp-content\/uploads\/2021\/05\/panina-343x400.jpg 343w\" sizes=\"auto, (max-width: 600px) 100vw, 600px\" \/>                                    \n                    <\/div>\n\t\t\n        <div class=\"banner-layers container\">\n            <a class=\"fill\" href=\"https:\/\/kalogiros.gr\/hr\/kategorija-proizvoda\/mreze-stajacice\/koncana-mreza-multifilament\/\" ><div class=\"fill banner-link\"><\/div><\/a>            \n   <div id=\"text-box-1419554894\" class=\"text-box banner-layer x50 md-x50 lg-x50 y95 md-y95 lg-y95 res-text\">\n                                <div class=\"text-box-content text \">\n              \n              <div class=\"text-inner text-center\">\n                  \n<h2>Kon\u010dana mre\u017ea multifilament<\/h2>\n<a href=\"https:\/\/kalogiros.gr\/hr\/shop\/mreze-stajacice\/koncana-mreza-multifilament\/multifilament-mreza-spiglerica\/\" class=\"button primary is-underline manoi\"  >\n\t\t<span>\u017delite li dodati mre\u017ea \u0161piglerica<\/span>\n\t<\/a>\n\n              <\/div>\n           <\/div>\n                            \n<style>\n#text-box-1419554894 {\n  width: 75%;\n}\n#text-box-1419554894 .text-box-content {\n  font-size: 100%;\n}\n<\/style>\n    <\/div>\n \n        <\/div>\n      <\/div>\n\n            \n<style>\n#banner-809956678 {\n  padding-top: 550px;\n}\n#banner-809956678 .banner-bg img {\n  object-position: 54% 56%;\n}\n<\/style>\n  <\/div>\n\n\n\t\t<\/div>\n\t\t\t\t\t<\/div>\n\n\t\n\n\t<div id=\"col-2110408153\" class=\"col medium-6 small-12 large-6\"  >\n\t\t\t\t<div class=\"col-inner\"  >\n\t\t\t\n\t\t\t\n\n  <div class=\"banner has-hover\" id=\"banner-89930729\">\n          <div class=\"banner-inner fill\">\n        <div class=\"banner-bg fill\" >\n            <img loading=\"lazy\" decoding=\"async\" width=\"600\" height=\"700\" src=\"https:\/\/kalogiros.gr\/wp-content\/uploads\/2021\/05\/metaksota.jpg\" class=\"bg\" alt=\"\" srcset=\"https:\/\/kalogiros.gr\/wp-content\/uploads\/2021\/05\/metaksota.jpg 600w, https:\/\/kalogiros.gr\/wp-content\/uploads\/2021\/05\/metaksota-343x400.jpg 343w\" sizes=\"auto, (max-width: 600px) 100vw, 600px\" \/>                                    \n                    <\/div>\n\t\t\n        <div class=\"banner-layers container\">\n            <a class=\"fill\" href=\"https:\/\/kalogiros.gr\/hr\/shop\/mreze-stajacice\/mreze-od-svile\/mreze-od-svile\/\" ><div class=\"fill banner-link\"><\/div><\/a>            \n   <div id=\"text-box-271638316\" class=\"text-box banner-layer x50 md-x50 lg-x50 y95 md-y95 lg-y95 res-text\">\n                                <div class=\"text-box-content text \">\n              \n              <div class=\"text-inner text-center\">\n                  \n<h2>Mre\u017ee od svile<\/h2>\n<a href=\"#manoi\" class=\"button primary is-underline manoi\"  >\n\t\t<span>\u017delite li dodati mre\u017ea \u0161piglerica<\/span>\n\t<\/a>\n\n              <\/div>\n           <\/div>\n                            \n<style>\n#text-box-271638316 {\n  width: 75%;\n}\n#text-box-271638316 .text-box-content {\n  font-size: 100%;\n}\n<\/style>\n    <\/div>\n \n        <\/div>\n      <\/div>\n\n            \n<style>\n#banner-89930729 {\n  padding-top: 550px;\n}\n#banner-89930729 .banner-bg img {\n  object-position: 54% 56%;\n}\n<\/style>\n  <\/div>\n\n\n\t\t<\/div>\n\t\t\t\t\t<\/div>\n\n\t\n<\/div>\n<div class=\"row row-box-shadow-2 row-box-shadow-4-hover\"  id=\"row-609741755\">\n\n\t<div id=\"col-1301391312\" class=\"col medium-6 small-12 large-6\"  >\n\t\t\t\t<div class=\"col-inner\"  >\n\t\t\t\n\t\t\t\n\n  <div class=\"banner has-hover\" id=\"banner-2133719382\">\n          <div class=\"banner-inner fill\">\n        <div class=\"banner-bg fill\" >\n            <img loading=\"lazy\" decoding=\"async\" width=\"600\" height=\"700\" src=\"https:\/\/kalogiros.gr\/wp-content\/uploads\/2021\/05\/monoklona.jpg\" class=\"bg\" alt=\"\" srcset=\"https:\/\/kalogiros.gr\/wp-content\/uploads\/2021\/05\/monoklona.jpg 600w, https:\/\/kalogiros.gr\/wp-content\/uploads\/2021\/05\/monoklona-343x400.jpg 343w\" sizes=\"auto, (max-width: 600px) 100vw, 600px\" \/>                                    \n                    <\/div>\n\t\t\n        <div class=\"banner-layers container\">\n            <a class=\"fill\" href=\"https:\/\/kalogiros.gr\/hr\/kategorija-proizvoda\/mreze-stajacice\/barakuda-monofilament\/\" ><div class=\"fill banner-link\"><\/div><\/a>            \n   <div id=\"text-box-1600869069\" class=\"text-box banner-layer x50 md-x50 lg-x50 y95 md-y95 lg-y95 res-text\">\n                                <div class=\"text-box-content text \">\n              \n              <div class=\"text-inner text-center\">\n                  \n<h2>Barakuda monofilament<\/h2>\n<a href=\"https:\/\/kalogiros.gr\/hr\/shop\/mreze-stajacice\/barakuda-monofilament\/monofil-mreza-spiglerica\/\" class=\"button primary is-underline manoi\"  >\n\t\t<span>\u017delite li dodati mre\u017ea \u0161piglerica<\/span>\n\t<\/a>\n\n              <\/div>\n           <\/div>\n                            \n<style>\n#text-box-1600869069 {\n  width: 75%;\n}\n#text-box-1600869069 .text-box-content {\n  font-size: 100%;\n}\n<\/style>\n    <\/div>\n \n        <\/div>\n      <\/div>\n\n            \n<style>\n#banner-2133719382 {\n  padding-top: 550px;\n}\n#banner-2133719382 .banner-bg img {\n  object-position: 54% 56%;\n}\n<\/style>\n  <\/div>\n\n\n\t\t<\/div>\n\t\t\t\t\t<\/div>\n\n\t\n\n\t<div id=\"col-1525855283\" class=\"col medium-6 small-12 large-6\"  >\n\t\t\t\t<div class=\"col-inner\"  >\n\t\t\t\n\t\t\t\n\n  <div class=\"banner has-hover\" id=\"banner-613404518\">\n          <div class=\"banner-inner fill\">\n        <div class=\"banner-bg fill\" >\n            <img loading=\"lazy\" decoding=\"async\" width=\"600\" height=\"700\" src=\"https:\/\/kalogiros.gr\/wp-content\/uploads\/2021\/05\/polimonoklona.jpg\" class=\"bg\" alt=\"\" srcset=\"https:\/\/kalogiros.gr\/wp-content\/uploads\/2021\/05\/polimonoklona.jpg 600w, https:\/\/kalogiros.gr\/wp-content\/uploads\/2021\/05\/polimonoklona-343x400.jpg 343w\" sizes=\"auto, (max-width: 600px) 100vw, 600px\" \/>                                    \n                    <\/div>\n\t\t\n        <div class=\"banner-layers container\">\n            <a class=\"fill\" href=\"https:\/\/kalogiros.gr\/hr\/kategorija-proizvoda\/mreze-stajacice\/barakuda-multi-monofilament\/\" ><div class=\"fill banner-link\"><\/div><\/a>            \n   <div id=\"text-box-1068336237\" class=\"text-box banner-layer x50 md-x50 lg-x50 y95 md-y95 lg-y95 res-text\">\n                                <div class=\"text-box-content text \">\n              \n              <div class=\"text-inner text-center\">\n                  \n<h2>Barakuda multi monofilament<\/h2>\n<a href=\"https:\/\/kalogiros.gr\/hr\/shop\/mreze-stajacice\/barakuda-multi-monofilament\/multi-monofil-mreza-spiglerica\/\" class=\"button primary is-underline manoi\"  >\n\t\t<span>\u017delite li dodati mre\u017ea \u0161piglerica<\/span>\n\t<\/a>\n\n              <\/div>\n           <\/div>\n                            \n<style>\n#text-box-1068336237 {\n  width: 93%;\n}\n#text-box-1068336237 .text-box-content {\n  font-size: 100%;\n}\n<\/style>\n    <\/div>\n \n        <\/div>\n      <\/div>\n\n            \n<style>\n#banner-613404518 {\n  padding-top: 550px;\n}\n#banner-613404518 .banner-bg img {\n  object-position: 54% 56%;\n}\n<\/style>\n  <\/div>\n\n\n\t\t<\/div>\n\t\t\t\t\t<\/div>\n\n\t\n<\/div>\n\t\t<\/div>\n\n\t\t\n<style>\n#section_2023227669 {\n  padding-top: 30px;\n  padding-bottom: 30px;\n}\n<\/style>\n\t<\/section>\n\t\n\n\t<section class=\"section\" id=\"section_899446394\">\n\t\t<div class=\"section-bg fill\" >\n\t\t\t\t\t\t\t\t\t\n\t\t\t\n\n\t\t<\/div>\n\n\t\t\n\n\t\t<div class=\"section-content relative\">\n\t\t\t\n\t<div id=\"gap-59764633\" class=\"gap-element clearfix\" style=\"display:block; height:auto;\">\n\t\t\n<style>\n#gap-59764633 {\n  padding-top: 80px;\n}\n<\/style>\n\t<\/div>\n\t\n<div class=\"row align-middle align-center\"  id=\"row-133638012\">\n\n\t<div id=\"col-1625990502\" class=\"col medium-11 small-12 large-10\"  >\n\t\t\t\t<div class=\"col-inner text-center\"  >\n\t\t\t\n\t\t\t\n<h2>Dodatni proizvodi<\/h2>\n\t\t<\/div>\n\t\t\t\t\t<\/div>\n\n\t\n<\/div>\n<span class=\"scroll-to\" data-label=\"Scroll to: #manoi\" data-bullet=\"false\" data-link=\"#manoi\" data-title=\"Change this\" ><a name=\"manoi\"><\/a><\/span>\n<div class=\"row row-dashed\"  id=\"row-2089794984\">\n\n\t<div id=\"col-1991982169\" class=\"col medium-3 small-12 large-3\"  >\n\t\t\t\t<div class=\"col-inner\"  >\n\t\t\t\n\t\t\t\n\t<div class=\"box has-hover   has-hover box-shadow-1 box-shadow-3-hover box-text-bottom\" >\n\n\t\t<div class=\"box-image\" >\n\t\t\t<a href=\"https:\/\/kalogiros.gr\/hr\/shop\/mreze-stajacice\/koncana-mreza-multifilament\/multifilament-mreza-spiglerica\/\" >\t\t\t<div class=\"\" >\n\t\t\t\t<img loading=\"lazy\" decoding=\"async\" width=\"800\" height=\"800\" src=\"https:\/\/kalogiros.gr\/wp-content\/uploads\/2021\/06\/paninoi-manoi1.jpg\" class=\"attachment- size-\" alt=\"\" srcset=\"https:\/\/kalogiros.gr\/wp-content\/uploads\/2021\/06\/paninoi-manoi1.jpg 800w, https:\/\/kalogiros.gr\/wp-content\/uploads\/2021\/06\/paninoi-manoi1-400x400.jpg 400w, https:\/\/kalogiros.gr\/wp-content\/uploads\/2021\/06\/paninoi-manoi1-280x280.jpg 280w, https:\/\/kalogiros.gr\/wp-content\/uploads\/2021\/06\/paninoi-manoi1-768x768.jpg 768w, https:\/\/kalogiros.gr\/wp-content\/uploads\/2021\/06\/paninoi-manoi1-100x100.jpg 100w\" sizes=\"auto, (max-width: 800px) 100vw, 800px\" \/>\t\t\t\t\t\t\t\t\t\t\t<\/div>\n\t\t\t<\/a>\t\t<\/div>\n\n\t\t<div class=\"box-text text-center\" >\n\t\t\t<div class=\"box-text-inner\">\n\t\t\t\t\n<h4 style=\"text-transform: uppercase;\">Multifilament mre\u017ea \u0161piglerica<\/h4>\n\t\t\t<\/div>\n\t\t<\/div>\n\t<\/div>\n\t\n\t\t<\/div>\n\t\t\t\t\t<\/div>\n\n\t\n\n\t<div id=\"col-1078813970\" class=\"col medium-3 small-12 large-3\"  >\n\t\t\t\t<div class=\"col-inner\"  >\n\t\t\t\n\t\t\t\n\t<div class=\"box has-hover   has-hover box-shadow-1 box-shadow-3-hover box-text-bottom\" >\n\n\t\t<div class=\"box-image\" >\n\t\t\t<a href=\"https:\/\/kalogiros.gr\/hr\/shop\/mreze-stajacice\/barakuda-monofilament\/monofil-mreza-spiglerica\/\" >\t\t\t<div class=\"\" >\n\t\t\t\t<img loading=\"lazy\" decoding=\"async\" width=\"800\" height=\"800\" src=\"https:\/\/kalogiros.gr\/wp-content\/uploads\/2021\/04\/monoklonoi-manoi.jpg\" class=\"attachment- size-\" alt=\"\" srcset=\"https:\/\/kalogiros.gr\/wp-content\/uploads\/2021\/04\/monoklonoi-manoi.jpg 800w, https:\/\/kalogiros.gr\/wp-content\/uploads\/2021\/04\/monoklonoi-manoi-400x400.jpg 400w, https:\/\/kalogiros.gr\/wp-content\/uploads\/2021\/04\/monoklonoi-manoi-280x280.jpg 280w, https:\/\/kalogiros.gr\/wp-content\/uploads\/2021\/04\/monoklonoi-manoi-768x768.jpg 768w, https:\/\/kalogiros.gr\/wp-content\/uploads\/2021\/04\/monoklonoi-manoi-100x100.jpg 100w\" sizes=\"auto, (max-width: 800px) 100vw, 800px\" \/>\t\t\t\t\t\t\t\t\t\t\t<\/div>\n\t\t\t<\/a>\t\t<\/div>\n\n\t\t<div class=\"box-text text-center\" >\n\t\t\t<div class=\"box-text-inner\">\n\t\t\t\t\n<h4 style=\"text-transform: uppercase;\">Monofil mre\u017ea \u0161piglerica<\/h4>\n\t\t\t<\/div>\n\t\t<\/div>\n\t<\/div>\n\t\n\t\t<\/div>\n\t\t\t\t\t<\/div>\n\n\t\n\n\t<div id=\"col-509999697\" class=\"col medium-3 small-12 large-3\"  >\n\t\t\t\t<div class=\"col-inner\"  >\n\t\t\t\n\t\t\t\n\t<div class=\"box has-hover   has-hover box-shadow-1 box-shadow-3-hover box-text-bottom\" >\n\n\t\t<div class=\"box-image\" >\n\t\t\t<a href=\"https:\/\/kalogiros.gr\/hr\/shop\/mreze-stajacice\/barakuda-multi-monofilament\/multi-monofil-mreza-spiglerica\/\" >\t\t\t<div class=\"\" >\n\t\t\t\t<img loading=\"lazy\" decoding=\"async\" width=\"800\" height=\"800\" src=\"https:\/\/kalogiros.gr\/wp-content\/uploads\/2021\/04\/\u03a0\u039f\u039b\u03a5\u039c\u039f\u039d\u039f\u039a\u039b\u03a9\u039d\u039f\u0399-\u039c\u0391\u039d\u039f\u0399.jpg\" class=\"attachment- size-\" alt=\"\" srcset=\"https:\/\/kalogiros.gr\/wp-content\/uploads\/2021\/04\/\u03a0\u039f\u039b\u03a5\u039c\u039f\u039d\u039f\u039a\u039b\u03a9\u039d\u039f\u0399-\u039c\u0391\u039d\u039f\u0399.jpg 800w, https:\/\/kalogiros.gr\/wp-content\/uploads\/2021\/04\/\u03a0\u039f\u039b\u03a5\u039c\u039f\u039d\u039f\u039a\u039b\u03a9\u039d\u039f\u0399-\u039c\u0391\u039d\u039f\u0399-400x400.jpg 400w, https:\/\/kalogiros.gr\/wp-content\/uploads\/2021\/04\/\u03a0\u039f\u039b\u03a5\u039c\u039f\u039d\u039f\u039a\u039b\u03a9\u039d\u039f\u0399-\u039c\u0391\u039d\u039f\u0399-280x280.jpg 280w, https:\/\/kalogiros.gr\/wp-content\/uploads\/2021\/04\/\u03a0\u039f\u039b\u03a5\u039c\u039f\u039d\u039f\u039a\u039b\u03a9\u039d\u039f\u0399-\u039c\u0391\u039d\u039f\u0399-768x768.jpg 768w, https:\/\/kalogiros.gr\/wp-content\/uploads\/2021\/04\/\u03a0\u039f\u039b\u03a5\u039c\u039f\u039d\u039f\u039a\u039b\u03a9\u039d\u039f\u0399-\u039c\u0391\u039d\u039f\u0399-100x100.jpg 100w\" sizes=\"auto, (max-width: 800px) 100vw, 800px\" \/>\t\t\t\t\t\t\t\t\t\t\t<\/div>\n\t\t\t<\/a>\t\t<\/div>\n\n\t\t<div class=\"box-text text-center\" >\n\t\t\t<div class=\"box-text-inner\">\n\t\t\t\t\n<h4 style=\"text-transform: uppercase;\">Multi monofil mre\u017ea \u0161piglerica<\/h4>\n\t\t\t<\/div>\n\t\t<\/div>\n\t<\/div>\n\t\n\t\t<\/div>\n\t\t\t\t\t<\/div>\n\n\t\n\n\t<div id=\"col-1403487203\" class=\"col medium-3 small-12 large-3\"  >\n\t\t\t\t<div class=\"col-inner\"  >\n\t\t\t\n\t\t\t\n\t<div class=\"box has-hover   has-hover box-shadow-1 box-shadow-3-hover box-text-bottom\" >\n\n\t\t<div class=\"box-image\" >\n\t\t\t<a href=\"https:\/\/kalogiros.gr\/hr\/shop\/ribarski-konac\/ribarski-konac\/\" >\t\t\t<div class=\"\" >\n\t\t\t\t<img loading=\"lazy\" decoding=\"async\" width=\"600\" height=\"600\" src=\"https:\/\/kalogiros.gr\/wp-content\/uploads\/2021\/05\/nimata.jpg\" class=\"attachment- size-\" alt=\"\" srcset=\"https:\/\/kalogiros.gr\/wp-content\/uploads\/2021\/05\/nimata.jpg 600w, https:\/\/kalogiros.gr\/wp-content\/uploads\/2021\/05\/nimata-400x400.jpg 400w, https:\/\/kalogiros.gr\/wp-content\/uploads\/2021\/05\/nimata-280x280.jpg 280w, https:\/\/kalogiros.gr\/wp-content\/uploads\/2021\/05\/nimata-100x100.jpg 100w\" sizes=\"auto, (max-width: 600px) 100vw, 600px\" \/>\t\t\t\t\t\t\t\t\t\t\t<\/div>\n\t\t\t<\/a>\t\t<\/div>\n\n\t\t<div class=\"box-text text-center\" >\n\t\t\t<div class=\"box-text-inner\">\n\t\t\t\t\n<h4 style=\"text-transform: uppercase;\">Ribarski konac<\/h4>\n\t\t\t<\/div>\n\t\t<\/div>\n\t<\/div>\n\t\n\t\t<\/div>\n\t\t\t\t\t<\/div>\n\n\t\n\n\t<div id=\"col-824737984\" class=\"col medium-3 small-12 large-3\"  >\n\t\t\t\t<div class=\"col-inner\"  >\n\t\t\t\n\t\t\t\n\t<div class=\"box has-hover   has-hover box-shadow-1 box-shadow-3-hover box-text-bottom\" >\n\n\t\t<div class=\"box-image\" >\n\t\t\t<a href=\"https:\/\/kalogiros.gr\/hr\/pluta\/\" >\t\t\t<div class=\"\" >\n\t\t\t\t<img loading=\"lazy\" decoding=\"async\" width=\"600\" height=\"600\" src=\"https:\/\/kalogiros.gr\/wp-content\/uploads\/2021\/07\/fela.jpg\" class=\"attachment- size-\" alt=\"\" srcset=\"https:\/\/kalogiros.gr\/wp-content\/uploads\/2021\/07\/fela.jpg 600w, https:\/\/kalogiros.gr\/wp-content\/uploads\/2021\/07\/fela-400x400.jpg 400w, https:\/\/kalogiros.gr\/wp-content\/uploads\/2021\/07\/fela-280x280.jpg 280w, https:\/\/kalogiros.gr\/wp-content\/uploads\/2021\/07\/fela-100x100.jpg 100w\" sizes=\"auto, (max-width: 600px) 100vw, 600px\" \/>\t\t\t\t\t\t\t\t\t\t\t<\/div>\n\t\t\t<\/a>\t\t<\/div>\n\n\t\t<div class=\"box-text text-center\" >\n\t\t\t<div class=\"box-text-inner\">\n\t\t\t\t\n<h4>Pluta<\/h4>\n\t\t\t<\/div>\n\t\t<\/div>\n\t<\/div>\n\t\n\t\t<\/div>\n\t\t\t\t\t<\/div>\n\n\t\n\n\t<div id=\"col-1941550759\" class=\"col medium-3 small-12 large-3\"  >\n\t\t\t\t<div class=\"col-inner\"  >\n\t\t\t\n\t\t\t\n\t<div class=\"box has-hover   has-hover box-shadow-1 box-shadow-3-hover box-text-bottom\" >\n\n\t\t<div class=\"box-image\" >\n\t\t\t<a href=\"https:\/\/kalogiros.gr\/hr\/uzad\/\" >\t\t\t<div class=\"\" >\n\t\t\t\t<img loading=\"lazy\" decoding=\"async\" width=\"600\" height=\"600\" src=\"https:\/\/kalogiros.gr\/wp-content\/uploads\/2021\/07\/sxoinia..jpg\" class=\"attachment- size-\" alt=\"\" srcset=\"https:\/\/kalogiros.gr\/wp-content\/uploads\/2021\/07\/sxoinia..jpg 600w, https:\/\/kalogiros.gr\/wp-content\/uploads\/2021\/07\/sxoinia.-400x400.jpg 400w, https:\/\/kalogiros.gr\/wp-content\/uploads\/2021\/07\/sxoinia.-280x280.jpg 280w, https:\/\/kalogiros.gr\/wp-content\/uploads\/2021\/07\/sxoinia.-100x100.jpg 100w\" sizes=\"auto, (max-width: 600px) 100vw, 600px\" \/>\t\t\t\t\t\t\t\t\t\t\t<\/div>\n\t\t\t<\/a>\t\t<\/div>\n\n\t\t<div class=\"box-text text-center\" >\n\t\t\t<div class=\"box-text-inner\">\n\t\t\t\t\n<h4>U\u017ead<\/h4>\n\t\t\t<\/div>\n\t\t<\/div>\n\t<\/div>\n\t\n\t\t<\/div>\n\t\t\t\t\t<\/div>\n\n\t\n\n\t<div id=\"col-980322305\" class=\"col medium-3 small-12 large-3\"  >\n\t\t\t\t<div class=\"col-inner\"  >\n\t\t\t\n\t\t\t\n\t<div class=\"box has-hover   has-hover box-shadow-1 box-shadow-3-hover box-text-bottom\" >\n\n\t\t<div class=\"box-image\" >\n\t\t\t<a href=\"https:\/\/kalogiros.gr\/hr\/shop\/olovni-utezi\/olovni-utezi\/\" >\t\t\t<div class=\"\" >\n\t\t\t\t<img loading=\"lazy\" decoding=\"async\" width=\"600\" height=\"600\" src=\"https:\/\/kalogiros.gr\/wp-content\/uploads\/2021\/05\/molivia.jpg\" class=\"attachment- size-\" alt=\"\" srcset=\"https:\/\/kalogiros.gr\/wp-content\/uploads\/2021\/05\/molivia.jpg 600w, https:\/\/kalogiros.gr\/wp-content\/uploads\/2021\/05\/molivia-400x400.jpg 400w, https:\/\/kalogiros.gr\/wp-content\/uploads\/2021\/05\/molivia-280x280.jpg 280w, https:\/\/kalogiros.gr\/wp-content\/uploads\/2021\/05\/molivia-100x100.jpg 100w\" sizes=\"auto, (max-width: 600px) 100vw, 600px\" \/>\t\t\t\t\t\t\t\t\t\t\t<\/div>\n\t\t\t<\/a>\t\t<\/div>\n\n\t\t<div class=\"box-text text-center\" >\n\t\t\t<div class=\"box-text-inner\">\n\t\t\t\t\n<h4 style=\"text-transform: uppercase;\">Olovni utezi<\/h4>\n\t\t\t<\/div>\n\t\t<\/div>\n\t<\/div>\n\t\n\t\t<\/div>\n\t\t\t\t\t<\/div>\n\n\t\n\n\t<div id=\"col-1691775642\" class=\"col medium-3 small-12 large-3\"  >\n\t\t\t\t<div class=\"col-inner\"  >\n\t\t\t\n\t\t\t\n\t<div class=\"box has-hover   has-hover box-shadow-1 box-shadow-3-hover box-text-bottom\" >\n\n\t\t<div class=\"box-image\" >\n\t\t\t<a href=\"https:\/\/kalogiros.gr\/hr\/kategorija-proizvoda\/kabanice\/\" >\t\t\t<div class=\"\" >\n\t\t\t\t<img loading=\"lazy\" decoding=\"async\" width=\"800\" height=\"800\" src=\"https:\/\/kalogiros.gr\/wp-content\/uploads\/2021\/06\/sakaki-1.jpg\" class=\"attachment- size-\" alt=\"\" srcset=\"https:\/\/kalogiros.gr\/wp-content\/uploads\/2021\/06\/sakaki-1.jpg 800w, https:\/\/kalogiros.gr\/wp-content\/uploads\/2021\/06\/sakaki-1-400x400.jpg 400w, https:\/\/kalogiros.gr\/wp-content\/uploads\/2021\/06\/sakaki-1-280x280.jpg 280w, https:\/\/kalogiros.gr\/wp-content\/uploads\/2021\/06\/sakaki-1-768x768.jpg 768w, https:\/\/kalogiros.gr\/wp-content\/uploads\/2021\/06\/sakaki-1-100x100.jpg 100w\" sizes=\"auto, (max-width: 800px) 100vw, 800px\" \/>\t\t\t\t\t\t\t\t\t\t\t<\/div>\n\t\t\t<\/a>\t\t<\/div>\n\n\t\t<div class=\"box-text text-center\" >\n\t\t\t<div class=\"box-text-inner\">\n\t\t\t\t\n<h4 style=\"text-transform: uppercase;\">Kabanice<\/h4>\n\t\t\t<\/div>\n\t\t<\/div>\n\t<\/div>\n\t\n\t\t<\/div>\n\t\t\t\t\t<\/div>\n\n\t\n<\/div>\n\t\t<\/div>\n\n\t\t\n<style>\n#section_899446394 {\n  padding-top: 30px;\n  padding-bottom: 30px;\n}\n<\/style>\n\t<\/section>\n\t\n","protected":false},"excerpt":{"rendered":"","protected":false},"author":2,"featured_media":0,"parent":0,"menu_order":0,"comment_status":"closed","ping_status":"closed","template":"","meta":{"_sitemap_exclude":false,"_sitemap_priority":"","_sitemap_frequency":"","footnotes":""},"class_list":["post-2522","page","type-page","status-publish","hentry"],"_links":{"self":[{"href":"https:\/\/kalogiros.gr\/hr\/wp-json\/wp\/v2\/pages\/2522","targetHints":{"allow":["GET"]}}],"collection":[{"href":"https:\/\/kalogiros.gr\/hr\/wp-json\/wp\/v2\/pages"}],"about":[{"href":"https:\/\/kalogiros.gr\/hr\/wp-json\/wp\/v2\/types\/page"}],"author":[{"embeddable":true,"href":"https:\/\/kalogiros.gr\/hr\/wp-json\/wp\/v2\/users\/2"}],"replies":[{"embeddable":true,"href":"https:\/\/kalogiros.gr\/hr\/wp-json\/wp\/v2\/comments?post=2522"}],"version-history":[{"count":0,"href":"https:\/\/kalogiros.gr\/hr\/wp-json\/wp\/v2\/pages\/2522\/revisions"}],"wp:attachment":[{"href":"https:\/\/kalogiros.gr\/hr\/wp-json\/wp\/v2\/media?parent=2522"}],"curies":[{"name":"wp","href":"https:\/\/api.w.org\/{rel}","templated":true}]}}