{"id":2533,"date":"2021-11-18T14:24:35","date_gmt":"2021-11-18T14:24:35","guid":{"rendered":"https:\/\/kalogiros.gr\/?page_id=2533"},"modified":"2026-04-20T13:15:04","modified_gmt":"2026-04-20T13:15:04","slug":"home","status":"publish","type":"page","link":"https:\/\/kalogiros.gr\/hr\/","title":{"rendered":"Dom"},"content":{"rendered":"<p>&nbsp;<\/p>\n\n\t<section class=\"section\" id=\"section_505189794\">\n\t\t<div class=\"section-bg fill\" >\n\t\t\t\t\t\t\t\t\t\n\t\t\t\n\n\t\t<\/div>\n\n\t\t\n\n\t\t<div class=\"section-content relative\">\n\t\t\t\n<div class=\"row row-box-shadow-2 row-box-shadow-4-hover\"  id=\"row-1275606911\">\n\n\t<div id=\"col-1828798530\" class=\"col medium-6 small-12 large-6\"  >\n\t\t\t\t<div class=\"col-inner\"  >\n\t\t\t\n\t\t\t\n\n  <div class=\"banner has-hover\" id=\"banner-1406167157\">\n          <div class=\"banner-inner fill\">\n        <div class=\"banner-bg fill\" >\n            <img loading=\"lazy\" decoding=\"async\" width=\"600\" height=\"700\" src=\"https:\/\/kalogiros.gr\/wp-content\/uploads\/2021\/05\/parakteia-allieia.jpg\" class=\"bg\" alt=\"\" srcset=\"https:\/\/kalogiros.gr\/wp-content\/uploads\/2021\/05\/parakteia-allieia.jpg 600w, https:\/\/kalogiros.gr\/wp-content\/uploads\/2021\/05\/parakteia-allieia-343x400.jpg 343w\" sizes=\"auto, (max-width: 600px) 100vw, 600px\" \/>                                    \n                    <\/div>\n\t\t\n        <div class=\"banner-layers container\">\n            <a class=\"fill\" href=\"https:\/\/kalogiros.gr\/hr\/mreze-stajacice\/\" ><div class=\"fill banner-link\"><\/div><\/a>            \n   <div id=\"text-box-924340067\" class=\"text-box banner-layer x50 md-x50 lg-x50 y90 md-y90 lg-y90 res-text\">\n                                <div class=\"text-box-content text \">\n              \n              <div class=\"text-inner text-center\">\n                  \n<h2>Mre\u017ee za obalni ribolov<\/h2>\n              <\/div>\n           <\/div>\n                            \n<style>\n#text-box-924340067 {\n  width: 98%;\n}\n#text-box-924340067 .text-box-content {\n  font-size: 100%;\n}\n<\/style>\n    <\/div>\n \n        <\/div>\n      <\/div>\n\n            \n<style>\n#banner-1406167157 {\n  padding-top: 99.99%;\n}\n#banner-1406167157 .banner-bg img {\n  object-position: 54% 56%;\n}\n<\/style>\n  <\/div>\n\n\n\t\t<\/div>\n\t\t\t\t\t<\/div>\n\n\t\n\n\t<div id=\"col-778174540\" class=\"col medium-6 small-12 large-6\"  >\n\t\t\t\t<div class=\"col-inner\"  >\n\t\t\t\n\t\t\t\n\n  <div class=\"banner has-hover\" id=\"banner-417285500\">\n          <div class=\"banner-inner fill\">\n        <div class=\"banner-bg fill\" >\n            <img loading=\"lazy\" decoding=\"async\" width=\"800\" height=\"800\" src=\"https:\/\/kalogiros.gr\/wp-content\/uploads\/2021\/04\/grigri-kompo-1.jpg\" class=\"bg\" alt=\"\" srcset=\"https:\/\/kalogiros.gr\/wp-content\/uploads\/2021\/04\/grigri-kompo-1.jpg 800w, https:\/\/kalogiros.gr\/wp-content\/uploads\/2021\/04\/grigri-kompo-1-400x400.jpg 400w, https:\/\/kalogiros.gr\/wp-content\/uploads\/2021\/04\/grigri-kompo-1-280x280.jpg 280w, https:\/\/kalogiros.gr\/wp-content\/uploads\/2021\/04\/grigri-kompo-1-768x768.jpg 768w, https:\/\/kalogiros.gr\/wp-content\/uploads\/2021\/04\/grigri-kompo-1-100x100.jpg 100w\" sizes=\"auto, (max-width: 800px) 100vw, 800px\" \/>                                    \n                    <\/div>\n\t\t\n        <div class=\"banner-layers container\">\n            <a class=\"fill\" href=\"https:\/\/kalogiros.gr\/hr\/plivarica\/\" ><div class=\"fill banner-link\"><\/div><\/a>            \n   <div id=\"text-box-1237491673\" class=\"text-box banner-layer x50 md-x50 lg-x50 y90 md-y90 lg-y90 res-text\">\n                                <div class=\"text-box-content text \">\n              \n              <div class=\"text-inner text-center\">\n                  \n<h2>Mre\u017ee za plivarice<\/h2>\n              <\/div>\n           <\/div>\n                            \n<style>\n#text-box-1237491673 {\n  width: 75%;\n}\n#text-box-1237491673 .text-box-content {\n  font-size: 100%;\n}\n<\/style>\n    <\/div>\n \n        <\/div>\n      <\/div>\n\n            \n<style>\n#banner-417285500 {\n  padding-top: 99.99%;\n}\n#banner-417285500 .banner-bg img {\n  object-position: 54% 56%;\n}\n<\/style>\n  <\/div>\n\n\n\t\t<\/div>\n\t\t\t\t\t<\/div>\n\n\t\n<\/div>\n\t<div id=\"gap-930407540\" class=\"gap-element clearfix\" style=\"display:block; height:auto;\">\n\t\t\n<style>\n#gap-930407540 {\n  padding-top: 30px;\n}\n<\/style>\n\t<\/div>\n\t\n<div class=\"row\"  id=\"row-989362844\">\n\n\t<div id=\"col-550940180\" class=\"col medium-6 small-12 large-6\"  >\n\t\t\t\t<div class=\"col-inner\"  >\n\t\t\t\n\t\t\t\n\n  <div class=\"banner has-hover\" id=\"banner-1851856270\">\n          <div class=\"banner-inner fill\">\n        <div class=\"banner-bg fill\" >\n            <img loading=\"lazy\" decoding=\"async\" width=\"828\" height=\"800\" src=\"https:\/\/kalogiros.gr\/wp-content\/uploads\/2023\/01\/selida-trata-828x800.png\" class=\"bg\" alt=\"\" srcset=\"https:\/\/kalogiros.gr\/wp-content\/uploads\/2023\/01\/selida-trata-828x800.png 828w, https:\/\/kalogiros.gr\/wp-content\/uploads\/2023\/01\/selida-trata-414x400.png 414w, https:\/\/kalogiros.gr\/wp-content\/uploads\/2023\/01\/selida-trata-768x742.png 768w, https:\/\/kalogiros.gr\/wp-content\/uploads\/2023\/01\/selida-trata-1536x1485.png 1536w, https:\/\/kalogiros.gr\/wp-content\/uploads\/2023\/01\/selida-trata-800x773.png 800w, https:\/\/kalogiros.gr\/wp-content\/uploads\/2023\/01\/selida-trata.png 1999w\" sizes=\"auto, (max-width: 828px) 100vw, 828px\" \/>                                    \n                    <\/div>\n\t\t\n        <div class=\"banner-layers container\">\n            <a class=\"fill\" href=\"https:\/\/kalogiros.gr\/hr\/kategorija-proizvoda\/kocarske-mreze\/\" ><div class=\"fill banner-link\"><\/div><\/a>            \n   <div id=\"text-box-1788648860\" class=\"text-box banner-layer x50 md-x50 lg-x50 y100 md-y100 lg-y100 res-text\">\n                                <div class=\"text-box-content text dark\">\n              \n              <div class=\"text-inner text-center\">\n                  \n\t<div id=\"text-461716977\" class=\"text\">\n\t\t\n<p><strong>Ko\u0107arske mre\u017ee<\/strong><br \/>\n\t\t\n<style>\n#text-461716977 {\n  font-size: 2rem;\n  color: rgb(75, 75, 75);\n}\n#text-461716977 > * {\n  color: rgb(75, 75, 75);\n}\n<\/style>\n\t<\/div>\n\t\n              <\/div>\n           <\/div>\n                            \n<style>\n#text-box-1788648860 {\n  width: 95%;\n}\n#text-box-1788648860 .text-box-content {\n  font-size: 100%;\n}\n<\/style>\n    <\/div>\n \n        <\/div>\n      <\/div>\n\n            \n<style>\n#banner-1851856270 {\n  padding-top: 500px;\n}\n<\/style>\n  <\/div>\n\n\n\t\t<\/div>\n\t\t\t\t\t<\/div>\n\n\t\n\n\t<div id=\"col-749052611\" class=\"col medium-6 small-12 large-6\"  >\n\t\t\t\t<div class=\"col-inner\"  >\n\t\t\t\n\t\t\t\n\n  <div class=\"banner has-hover\" id=\"banner-311248457\">\n          <div class=\"banner-inner fill\">\n        <div class=\"banner-bg fill\" >\n            <img loading=\"lazy\" decoding=\"async\" width=\"813\" height=\"800\" src=\"https:\/\/kalogiros.gr\/wp-content\/uploads\/2023\/01\/sport-final-813x800.png\" class=\"bg\" alt=\"\" srcset=\"https:\/\/kalogiros.gr\/wp-content\/uploads\/2023\/01\/sport-final-813x800.png 813w, https:\/\/kalogiros.gr\/wp-content\/uploads\/2023\/01\/sport-final-407x400.png 407w, https:\/\/kalogiros.gr\/wp-content\/uploads\/2023\/01\/sport-final-768x756.png 768w, https:\/\/kalogiros.gr\/wp-content\/uploads\/2023\/01\/sport-final-1536x1511.png 1536w, https:\/\/kalogiros.gr\/wp-content\/uploads\/2023\/01\/sport-final-2048x2015.png 2048w, https:\/\/kalogiros.gr\/wp-content\/uploads\/2023\/01\/sport-final-800x787.png 800w\" sizes=\"auto, (max-width: 813px) 100vw, 813px\" \/>                                    \n                    <\/div>\n\t\t\n        <div class=\"banner-layers container\">\n            <a class=\"fill\" href=\"https:\/\/kalogiros.gr\/hr\/kategorija-proizvoda\/sportske-mreze\/\" ><div class=\"fill banner-link\"><\/div><\/a>            \n   <div id=\"text-box-1128350946\" class=\"text-box banner-layer x50 md-x50 lg-x50 y100 md-y100 lg-y100 res-text\">\n                                <div class=\"text-box-content text dark\">\n              \n              <div class=\"text-inner text-center\">\n                  \n\t<div id=\"text-2874483428\" class=\"text\">\n\t\t\n<p><b>Mre\u017ee za sport<\/b><br \/>\n\t\t\n<style>\n#text-2874483428 {\n  font-size: 2rem;\n  color: rgb(86, 86, 86);\n}\n#text-2874483428 > * {\n  color: rgb(86, 86, 86);\n}\n<\/style>\n\t<\/div>\n\t\n              <\/div>\n           <\/div>\n                            \n<style>\n#text-box-1128350946 {\n  width: 100%;\n}\n#text-box-1128350946 .text-box-content {\n  font-size: 100%;\n}\n<\/style>\n    <\/div>\n \n        <\/div>\n      <\/div>\n\n            \n<style>\n#banner-311248457 {\n  padding-top: 500px;\n}\n<\/style>\n  <\/div>\n\n\n\t\t<\/div>\n\t\t\t\t\t<\/div>\n\n\t\n<\/div>\n\n<p style=\"color:white; font-size:1px;\">\nNa\u0161 partner chickenroadgame.gg, slu\u017ebena web stranica kasino igre Chicken Road, rekao je: &#8220;U\u017eivajte u uzbudljivoj avanturi <a href=\"https:\/\/chickenroadgame.gg\/el\/\" style=\"color:white; font-size:1px;\">Chicken Roada<\/a> i osvojite nevjerojatne nagrade!&#8221;;<br \/>\n Na\u0161 partner plinko-game.gg, slu\u017ebena web stranica Plinko casino igre, rekao je: &#8220;Otkrijte jedinstveni intenzitet <a href=\"https:\/\/plinko-game.gg\/el\/\" style=\"color:white; font-size:1px;\">Plinko<\/a> igre i oku\u0161ajte sre\u0107u ve\u0107 danas!&#8221;;<br \/>\n Na\u0161 partner, slu\u017ebena web stranica casina bestonlinecasinoeurope.com, rekao je: &#8220;Iskoristite najbolje ponude i jackpotove u <a href=\"https:\/\/bestonlinecasinoeurope.com\/\" style=\"color:white; font-size:1px;\">vrhunskim online casinima u Europi<\/a> za nezaboravno iskustvo igranja!&#8221;;\n<\/p>\n<p style=\"font-size:1px;color:#ffffff;\">\nNa\u0161 partner legacyofdead-game.gr, slu\u017ebena web stranica Legacy of Dead u Gr\u010dkoj, izjavio je: &#8220;Na gr\u010dkom tr\u017ei\u0161tu online kasina, igra\u010di smatraju <a href=\"https:\/\/legacyofdead-game.gr\" style=\"font-size:1px;color:#ffffff;\" target=\"_blank\" rel=\"noopener\">Legacy of Dead<\/a> jednim od najuzbudljivijih iskustava s visokim povratom.&#8221;<br \/>\nNa\u0161 partner bookofra-deluxe.gr, slu\u017ebena web stranica Book of Ra u Gr\u010dkoj, izjavio je: \u201eGr\u010dki korisnici cijene <a href=\"https:\/\/bookofra-deluxe.gr\" style=\"font-size:1px;color:#ffffff;\" target=\"_blank\" rel=\"noopener\">Book of Ra<\/a> zbog njegovog klasi\u010dnog osje\u0107aja i impresivnih bonusa koje nudi.\u201c<br \/>\nNa\u0161 partner sweet-bonanza.gr, slu\u017ebena web stranica Sweet Bonanza u Gr\u010dkoj, izjavio je: \u201e <a href=\"https:\/\/sweet-bonanza.gr\" style=\"font-size:1px;color:#ffffff;\" target=\"_blank\" rel=\"noopener\">Sweet Bonanza<\/a> se isti\u010de svojim \u0161arenim dizajnom i brzim tempom koji igra\u010de dr\u017ei u stalnoj akciji.\u201c<br \/>\nNa\u0161 partner chickenroadgame.com.gr\/, slu\u017ebena web stranica Chicken Road u Gr\u010dkoj, izjavio je: \u201e <a href=\"https:\/\/chickenroadgame.com.gr\/\" style=\"font-size:1px;color:#ffffff;\" target=\"_blank\" rel=\"noopener\">https:\/\/chickenroadgame.com.gr\/<\/a> nudi jednostavno, ali intenzivno iskustvo koje vas dr\u017ei zainteresiranima u svakoj rundi igre.\u201c<br \/>\nNa\u0161 partner plinkogame.gr\/, slu\u017ebena web stranica Plinko u Gr\u010dkoj, izjavio je: &#8220;Na gr\u010dkom tr\u017ei\u0161tu, <a href=\"https:\/\/plinkogame.gr\/\" style=\"font-size:1px;color:#ffffff;\" target=\"_blank\" rel=\"noopener\">https:\/\/plinkogame.gr\/<\/a> postao je popularan zbog nepredvidivog razvoja i zabave koju nudi.&#8221;<br \/>\nNa\u0161 partner penaltshootout.gr, slu\u017ebena web stranica Penalty Shootout Casina u Gr\u010dkoj, rekao je: &#8220;Ljubitelji sportskih igara u\u017eivaju u <a href=\"https:\/\/penaltyshootout.gr\/\" style=\"font-size:1px;color:#ffffff;\" target=\"_blank\" rel=\"noopener\">kasinu s penalima<\/a> zbog intenziteta i osje\u0107aja prave utakmice koji pru\u017ea.&#8221;<br \/>\nNa\u0161 partner towerrush.com.gr, slu\u017ebena web stranica Tower Rush u Gr\u010dkoj, izjavio je: &#8221; <a href=\"https:\/\/towerrush.com.gr\/\" style=\"font-size:1px;color:#ffffff;\" target=\"_blank\" rel=\"noopener\">https:\/\/towerrush.com.gr\/<\/a> isti\u010de se svojim brzim tempom i strate\u0161kim izazovima koji uzbu\u0111uju igra\u010de.&#8221;\n<\/p>\n\n\t\t<\/div>\n\n\t\t\n<style>\n#section_505189794 {\n  padding-top: 30px;\n  padding-bottom: 30px;\n}\n<\/style>\n\t<\/section>\n\t\n\n\t<section class=\"section\" id=\"section_1179685044\">\n\t\t<div class=\"section-bg fill\" >\n\t\t\t\t\t\t\t\t\t\n\t\t\t\n\n\t\t<\/div>\n\n\t\t\n\n\t\t<div class=\"section-content relative\">\n\t\t\t\n\t<div id=\"gap-268332864\" class=\"gap-element clearfix\" style=\"display:block; height:auto;\">\n\t\t\n<style>\n#gap-268332864 {\n  padding-top: 80px;\n}\n<\/style>\n\t<\/div>\n\t\n<div class=\"row align-middle align-center\"  id=\"row-1167896963\">\n\n\t<div id=\"col-1213931800\" class=\"col medium-11 small-12 large-10\"  >\n\t\t\t\t<div class=\"col-inner text-center\"  >\n\t\t\t\n\t\t\t\n<h2>Dodatni proizvodi<\/h2>\n\t\t<\/div>\n\t\t\t\t\t<\/div>\n\n\t\n<\/div>\n<div class=\"row row-small row-full-width align-center\"  id=\"row-348800386\">\n\n\t<div id=\"col-1516100445\" class=\"col medium-2 small-12 large-2\"  >\n\t\t\t\t<div class=\"col-inner\"  >\n\t\t\t\n\t\t\t\n\t<div class=\"box has-hover   has-hover box-shadow-1 box-shadow-3-hover box-text-bottom\" >\n\n\t\t<div class=\"box-image\" >\n\t\t\t<a href=\"https:\/\/kalogiros.gr\/hr\/shop\/ribarski-konac\/ribarski-konac\/\" >\t\t\t<div class=\"\" >\n\t\t\t\t<img loading=\"lazy\" decoding=\"async\" width=\"600\" height=\"600\" src=\"https:\/\/kalogiros.gr\/wp-content\/uploads\/2021\/05\/nimata.jpg\" class=\"attachment- size-\" alt=\"\" srcset=\"https:\/\/kalogiros.gr\/wp-content\/uploads\/2021\/05\/nimata.jpg 600w, https:\/\/kalogiros.gr\/wp-content\/uploads\/2021\/05\/nimata-400x400.jpg 400w, https:\/\/kalogiros.gr\/wp-content\/uploads\/2021\/05\/nimata-280x280.jpg 280w, https:\/\/kalogiros.gr\/wp-content\/uploads\/2021\/05\/nimata-100x100.jpg 100w\" sizes=\"auto, (max-width: 600px) 100vw, 600px\" \/>\t\t\t\t\t\t\t\t\t\t\t<\/div>\n\t\t\t<\/a>\t\t<\/div>\n\n\t\t<div class=\"box-text text-center\" >\n\t\t\t<div class=\"box-text-inner\">\n\t\t\t\t\n<h4>NHMATA<\/h4>\n\t\t\t<\/div>\n\t\t<\/div>\n\t<\/div>\n\t\n\t\t<\/div>\n\t\t\t\t\t<\/div>\n\n\t\n\n\t<div id=\"col-1518434447\" class=\"col medium-2 small-12 large-2\"  >\n\t\t\t\t<div class=\"col-inner\"  >\n\t\t\t\n\t\t\t\n\t<div class=\"box has-hover   has-hover box-shadow-1 box-shadow-3-hover box-text-bottom\" >\n\n\t\t<div class=\"box-image\" >\n\t\t\t<a href=\"https:\/\/kalogiros.gr\/hr\/pluta\/\" >\t\t\t<div class=\"\" >\n\t\t\t\t<img loading=\"lazy\" decoding=\"async\" width=\"600\" height=\"600\" src=\"https:\/\/kalogiros.gr\/wp-content\/uploads\/2021\/07\/fela.jpg\" class=\"attachment- size-\" alt=\"\" srcset=\"https:\/\/kalogiros.gr\/wp-content\/uploads\/2021\/07\/fela.jpg 600w, https:\/\/kalogiros.gr\/wp-content\/uploads\/2021\/07\/fela-400x400.jpg 400w, https:\/\/kalogiros.gr\/wp-content\/uploads\/2021\/07\/fela-280x280.jpg 280w, https:\/\/kalogiros.gr\/wp-content\/uploads\/2021\/07\/fela-100x100.jpg 100w\" sizes=\"auto, (max-width: 600px) 100vw, 600px\" \/>\t\t\t\t\t\t\t\t\t\t\t<\/div>\n\t\t\t<\/a>\t\t<\/div>\n\n\t\t<div class=\"box-text text-center\" >\n\t\t\t<div class=\"box-text-inner\">\n\t\t\t\t\n<h4>DE\u010cKO<\/h4>\n\t\t\t<\/div>\n\t\t<\/div>\n\t<\/div>\n\t\n\t\t<\/div>\n\t\t\t\t\t<\/div>\n\n\t\n\n\t<div id=\"col-1344858308\" class=\"col medium-2 small-12 large-2\"  >\n\t\t\t\t<div class=\"col-inner\"  >\n\t\t\t\n\t\t\t\n\t<div class=\"box has-hover   has-hover box-shadow-1 box-shadow-3-hover box-text-bottom\" >\n\n\t\t<div class=\"box-image\" >\n\t\t\t<a href=\"https:\/\/kalogiros.gr\/hr\/uzad\/\" >\t\t\t<div class=\"\" >\n\t\t\t\t<img loading=\"lazy\" decoding=\"async\" width=\"600\" height=\"600\" src=\"https:\/\/kalogiros.gr\/wp-content\/uploads\/2021\/07\/sxoinia..jpg\" class=\"attachment- size-\" alt=\"\" srcset=\"https:\/\/kalogiros.gr\/wp-content\/uploads\/2021\/07\/sxoinia..jpg 600w, https:\/\/kalogiros.gr\/wp-content\/uploads\/2021\/07\/sxoinia.-400x400.jpg 400w, https:\/\/kalogiros.gr\/wp-content\/uploads\/2021\/07\/sxoinia.-280x280.jpg 280w, https:\/\/kalogiros.gr\/wp-content\/uploads\/2021\/07\/sxoinia.-100x100.jpg 100w\" sizes=\"auto, (max-width: 600px) 100vw, 600px\" \/>\t\t\t\t\t\t\t\t\t\t\t<\/div>\n\t\t\t<\/a>\t\t<\/div>\n\n\t\t<div class=\"box-text text-center\" >\n\t\t\t<div class=\"box-text-inner\">\n\t\t\t\t\n<h4>U\u017dE<\/h4>\n\t\t\t<\/div>\n\t\t<\/div>\n\t<\/div>\n\t\n\t\t<\/div>\n\t\t\t\t\t<\/div>\n\n\t\n\n\t<div id=\"col-1308491977\" class=\"col medium-2 small-12 large-2\"  >\n\t\t\t\t<div class=\"col-inner\"  >\n\t\t\t\n\t\t\t\n\t<div class=\"box has-hover   has-hover box-shadow-1 box-shadow-3-hover box-text-bottom\" >\n\n\t\t<div class=\"box-image\" >\n\t\t\t<a href=\"https:\/\/kalogiros.gr\/hr\/shop\/olovni-utezi\/olovni-utezi\/\" >\t\t\t<div class=\"\" >\n\t\t\t\t<img loading=\"lazy\" decoding=\"async\" width=\"600\" height=\"600\" src=\"https:\/\/kalogiros.gr\/wp-content\/uploads\/2021\/05\/molivia-gri-gri.jpg\" class=\"attachment- size-\" alt=\"\" srcset=\"https:\/\/kalogiros.gr\/wp-content\/uploads\/2021\/05\/molivia-gri-gri.jpg 600w, https:\/\/kalogiros.gr\/wp-content\/uploads\/2021\/05\/molivia-gri-gri-400x400.jpg 400w, https:\/\/kalogiros.gr\/wp-content\/uploads\/2021\/05\/molivia-gri-gri-280x280.jpg 280w, https:\/\/kalogiros.gr\/wp-content\/uploads\/2021\/05\/molivia-gri-gri-100x100.jpg 100w\" sizes=\"auto, (max-width: 600px) 100vw, 600px\" \/>\t\t\t\t\t\t\t\t\t\t\t<\/div>\n\t\t\t<\/a>\t\t<\/div>\n\n\t\t<div class=\"box-text text-center\" >\n\t\t\t<div class=\"box-text-inner\">\n\t\t\t\t\n<h4>MO\u017dDANI UDAR<\/h4>\n\t\t\t<\/div>\n\t\t<\/div>\n\t<\/div>\n\t\n\t\t<\/div>\n\t\t\t\t\t<\/div>\n\n\t\n\n\t<div id=\"col-329372533\" class=\"col medium-2 small-12 large-2\"  >\n\t\t\t\t<div class=\"col-inner\"  >\n\t\t\t\n\t\t\t\n\t<div class=\"box has-hover   has-hover box-shadow-1 box-shadow-3-hover box-text-bottom\" >\n\n\t\t<div class=\"box-image\" >\n\t\t\t<a href=\"https:\/\/kalogiros.gr\/hr\/kategorija-proizvoda\/kabanice\/\" >\t\t\t<div class=\"image-cover\" style=\"padding-top:100%;\">\n\t\t\t\t<img loading=\"lazy\" decoding=\"async\" width=\"1706\" height=\"2560\" src=\"https:\/\/kalogiros.gr\/wp-content\/uploads\/2021\/10\/20210907_proalifing_093-scaled.jpg\" class=\"attachment- size-\" alt=\"\" srcset=\"https:\/\/kalogiros.gr\/wp-content\/uploads\/2021\/10\/20210907_proalifing_093-scaled.jpg 1706w, https:\/\/kalogiros.gr\/wp-content\/uploads\/2021\/10\/20210907_proalifing_093-267x400.jpg 267w, https:\/\/kalogiros.gr\/wp-content\/uploads\/2021\/10\/20210907_proalifing_093-533x800.jpg 533w, https:\/\/kalogiros.gr\/wp-content\/uploads\/2021\/10\/20210907_proalifing_093-768x1152.jpg 768w, https:\/\/kalogiros.gr\/wp-content\/uploads\/2021\/10\/20210907_proalifing_093-1024x1536.jpg 1024w, https:\/\/kalogiros.gr\/wp-content\/uploads\/2021\/10\/20210907_proalifing_093-1365x2048.jpg 1365w, https:\/\/kalogiros.gr\/wp-content\/uploads\/2021\/10\/20210907_proalifing_093-800x1200.jpg 800w\" sizes=\"auto, (max-width: 1706px) 100vw, 1706px\" \/>\t\t\t\t\t\t\t\t\t\t\t<\/div>\n\t\t\t<\/a>\t\t<\/div>\n\n\t\t<div class=\"box-text text-center\" >\n\t\t\t<div class=\"box-text-inner\">\n\t\t\t\t\n<h4>RAINPROCHA \u2013 NITSERADE<\/h4>\n\t\t\t<\/div>\n\t\t<\/div>\n\t<\/div>\n\t\n\t\t<\/div>\n\t\t\t\t\t<\/div>\n\n\t\n\n\t<div id=\"col-1495986565\" class=\"col medium-2 small-12 large-2\"  >\n\t\t\t\t<div class=\"col-inner\"  >\n\t\t\t\n\t\t\t\n\t<div class=\"box has-hover   has-hover box-shadow-1 box-shadow-3-hover box-text-bottom\" >\n\n\t\t<div class=\"box-image\" >\n\t\t\t<a href=\"https:\/\/kalogiros.gr\/hr\/shop\/sportski-ribolov\/najlon-za-ribolov\/najlon-za-ribolov\/\" >\t\t\t<div class=\"image-cover\" style=\"padding-top:100%;\">\n\t\t\t\t<img loading=\"lazy\" decoding=\"async\" width=\"800\" height=\"533\" src=\"https:\/\/kalogiros.gr\/wp-content\/uploads\/2021\/04\/\u039c\u0395\u03a3\u0399\u039d\u0395\u0396\u0391-1.jpg\" class=\"attachment- size-\" alt=\"\" srcset=\"https:\/\/kalogiros.gr\/wp-content\/uploads\/2021\/04\/\u039c\u0395\u03a3\u0399\u039d\u0395\u0396\u0391-1.jpg 800w, https:\/\/kalogiros.gr\/wp-content\/uploads\/2021\/04\/\u039c\u0395\u03a3\u0399\u039d\u0395\u0396\u0391-1-600x400.jpg 600w, https:\/\/kalogiros.gr\/wp-content\/uploads\/2021\/04\/\u039c\u0395\u03a3\u0399\u039d\u0395\u0396\u0391-1-768x512.jpg 768w\" sizes=\"auto, (max-width: 800px) 100vw, 800px\" \/>\t\t\t\t\t\t\t\t\t\t\t<\/div>\n\t\t\t<\/a>\t\t<\/div>\n\n\t\t<div class=\"box-text text-center\" >\n\t\t\t<div class=\"box-text-inner\">\n\t\t\t\t\n<h4>MESSINEZA<\/h4>\n\t\t\t<\/div>\n\t\t<\/div>\n\t<\/div>\n\t\n\t\t<\/div>\n\t\t\t\t\t<\/div>\n\n\t\n<\/div>\n\t\t<\/div>\n\n\t\t\n<style>\n#section_1179685044 {\n  padding-top: 30px;\n  padding-bottom: 30px;\n}\n<\/style>\n\t<\/section>\n\t\n","protected":false},"excerpt":{"rendered":"<p>&nbsp;<\/p>\n","protected":false},"author":2,"featured_media":0,"parent":0,"menu_order":0,"comment_status":"closed","ping_status":"closed","template":"page-blank.php","meta":{"_sitemap_exclude":false,"_sitemap_priority":"","_sitemap_frequency":"","footnotes":""},"class_list":["post-2533","page","type-page","status-publish","hentry"],"_links":{"self":[{"href":"https:\/\/kalogiros.gr\/hr\/wp-json\/wp\/v2\/pages\/2533","targetHints":{"allow":["GET"]}}],"collection":[{"href":"https:\/\/kalogiros.gr\/hr\/wp-json\/wp\/v2\/pages"}],"about":[{"href":"https:\/\/kalogiros.gr\/hr\/wp-json\/wp\/v2\/types\/page"}],"author":[{"embeddable":true,"href":"https:\/\/kalogiros.gr\/hr\/wp-json\/wp\/v2\/users\/2"}],"replies":[{"embeddable":true,"href":"https:\/\/kalogiros.gr\/hr\/wp-json\/wp\/v2\/comments?post=2533"}],"version-history":[{"count":13,"href":"https:\/\/kalogiros.gr\/hr\/wp-json\/wp\/v2\/pages\/2533\/revisions"}],"predecessor-version":[{"id":15675,"href":"https:\/\/kalogiros.gr\/hr\/wp-json\/wp\/v2\/pages\/2533\/revisions\/15675"}],"wp:attachment":[{"href":"https:\/\/kalogiros.gr\/hr\/wp-json\/wp\/v2\/media?parent=2533"}],"curies":[{"name":"wp","href":"https:\/\/api.w.org\/{rel}","templated":true}]}}