{"id":10741,"date":"2024-08-16T15:18:10","date_gmt":"2024-08-16T15:18:10","guid":{"rendered":"https:\/\/kalogiros.gr\/shop\/Bez kategorije\/mreze-pletene-monofilom-visine-2-metra-duzine-100-metara-1400-grama\/"},"modified":"2025-03-28T18:02:30","modified_gmt":"2025-03-28T18:02:30","slug":"mreze-pletene-monofilom-visine-2-metra-duzine-100-metara-1400-grama","status":"publish","type":"product","link":"https:\/\/kalogiros.gr\/hr\/shop\/%ce%b4%ce%af%cf%87%cf%84%cf%85%ce%b1-%ce%b1%cf%81%ce%bc%ce%b1%cf%84%cf%89%ce%bc%ce%ad%ce%bd%ce%b1-hr\/felavaridia-hr\/mreze-pletene-monofilom-visine-2-metra-duzine-100-metara-1400-grama\/","title":{"rendered":"Mre\u017ee pletene monofilom, visine 2 metra, du\u017eine 100 metara, 1400 grama."},"content":{"rendered":"<p>Ribarska mre\u017ea sa strunom za pecanje,<\/p>\n<p> debljina navoja od 0,20 mm i 0,25 mm<\/p>\n<p> Razli\u010dite veli\u010dine oka od 40, 50, 60, 70 i 80 milimetara<\/p>\n<p> 2 metra visine,<\/p>\n<p> du\u017eine 100 metara,<\/p>\n<p> te\u017eina 1400 grama<\/p>\n","protected":false},"excerpt":{"rendered":"<p>Ribarska mre\u017ea sa strunom za pecanje, debljina navoja od 0,20 mm i 0,25 mm Razli\u010dite veli\u010dine oka od 40, 50, 60, 70 i 80 milimetara 2 metra visine, du\u017eine 100 metara, te\u017eina 1400 grama<\/p>\n","protected":false},"featured_media":7014,"template":"","meta":{"_sitemap_exclude":false,"_sitemap_priority":"","_sitemap_frequency":"","footnotes":""},"product_brand":[],"product_cat":[257,293],"product_tag":[],"class_list":{"0":"post-10741","1":"product","2":"type-product","3":"status-publish","4":"has-post-thumbnail","6":"product_cat-uncategorized-hr","7":"product_cat-felavaridia-hr","9":"first","10":"instock","11":"taxable","12":"shipping-taxable","13":"purchasable","14":"product-type-variable"},"_links":{"self":[{"href":"https:\/\/kalogiros.gr\/hr\/wp-json\/wp\/v2\/product\/10741","targetHints":{"allow":["GET"]}}],"collection":[{"href":"https:\/\/kalogiros.gr\/hr\/wp-json\/wp\/v2\/product"}],"about":[{"href":"https:\/\/kalogiros.gr\/hr\/wp-json\/wp\/v2\/types\/product"}],"version-history":[{"count":0,"href":"https:\/\/kalogiros.gr\/hr\/wp-json\/wp\/v2\/product\/10741\/revisions"}],"wp:featuredmedia":[{"embeddable":true,"href":"https:\/\/kalogiros.gr\/hr\/wp-json\/wp\/v2\/media\/7014"}],"wp:attachment":[{"href":"https:\/\/kalogiros.gr\/hr\/wp-json\/wp\/v2\/media?parent=10741"}],"wp:term":[{"taxonomy":"product_brand","embeddable":true,"href":"https:\/\/kalogiros.gr\/hr\/wp-json\/wp\/v2\/product_brand?post=10741"},{"taxonomy":"product_cat","embeddable":true,"href":"https:\/\/kalogiros.gr\/hr\/wp-json\/wp\/v2\/product_cat?post=10741"},{"taxonomy":"product_tag","embeddable":true,"href":"https:\/\/kalogiros.gr\/hr\/wp-json\/wp\/v2\/product_tag?post=10741"}],"curies":[{"name":"wp","href":"https:\/\/api.w.org\/{rel}","templated":true}]}}