{"id":10772,"date":"2024-01-24T11:17:42","date_gmt":"2025-03-28T18:02:49","guid":{"rendered":"https:\/\/kalogiros.gr\/shop\/Bez kategorije\/zicana-uzad-mayettes\/"},"modified":"2025-03-28T18:02:49","modified_gmt":"2025-03-28T18:02:49","slug":"zicana-uzad-mayettes","status":"publish","type":"product","link":"https:\/\/kalogiros.gr\/hr\/shop\/kocarske-mreze\/zicana-uzad-mayettes\/","title":{"rendered":"\u017di\u010dana u\u017ead (Mayettes)"},"content":{"rendered":"<p>Talijansko \u017ei\u010dano u\u017ee za ko\u0107arice, s vanjskom oblogom od poliesterskih vlakana i unutarnjom mje\u0161avinom metala na bazi \u010delika.<\/p>\n<p>Dostupno u rolama od 100 metara u bijeloj i plavoj boji.<\/p>\n<p>&nbsp;<\/p>\n","protected":false},"excerpt":{"rendered":"<p>Talijansko \u017ei\u010dano u\u017ee za ko\u0107arice, s vanjskom oblogom od poliesterskih vlakana i unutarnjom mje\u0161avinom metala na bazi \u010delika. Dostupno u rolama od 100 metara u bijeloj i plavoj boji. &nbsp;<\/p>\n","protected":false},"featured_media":7460,"template":"","meta":{"_sitemap_exclude":false,"_sitemap_priority":"","_sitemap_frequency":"","footnotes":""},"product_brand":[],"product_cat":[473],"product_tag":[],"class_list":{"0":"post-10772","1":"product","2":"type-product","3":"status-publish","4":"has-post-thumbnail","6":"product_cat-kocarske-mreze","8":"first","9":"instock","10":"taxable","11":"shipping-taxable","12":"purchasable","13":"product-type-simple"},"_links":{"self":[{"href":"https:\/\/kalogiros.gr\/hr\/wp-json\/wp\/v2\/product\/10772","targetHints":{"allow":["GET"]}}],"collection":[{"href":"https:\/\/kalogiros.gr\/hr\/wp-json\/wp\/v2\/product"}],"about":[{"href":"https:\/\/kalogiros.gr\/hr\/wp-json\/wp\/v2\/types\/product"}],"version-history":[{"count":0,"href":"https:\/\/kalogiros.gr\/hr\/wp-json\/wp\/v2\/product\/10772\/revisions"}],"wp:featuredmedia":[{"embeddable":true,"href":"https:\/\/kalogiros.gr\/hr\/wp-json\/wp\/v2\/media\/7460"}],"wp:attachment":[{"href":"https:\/\/kalogiros.gr\/hr\/wp-json\/wp\/v2\/media?parent=10772"}],"wp:term":[{"taxonomy":"product_brand","embeddable":true,"href":"https:\/\/kalogiros.gr\/hr\/wp-json\/wp\/v2\/product_brand?post=10772"},{"taxonomy":"product_cat","embeddable":true,"href":"https:\/\/kalogiros.gr\/hr\/wp-json\/wp\/v2\/product_cat?post=10772"},{"taxonomy":"product_tag","embeddable":true,"href":"https:\/\/kalogiros.gr\/hr\/wp-json\/wp\/v2\/product_tag?post=10772"}],"curies":[{"name":"wp","href":"https:\/\/api.w.org\/{rel}","templated":true}]}}