{"id":10782,"date":"2024-08-16T15:50:57","date_gmt":"2025-03-28T18:02:57","guid":{"rendered":"https:\/\/kalogiros.gr\/shop\/Bez kategorije\/ribarska-mreza-opremljena-manom-monofilament-0-16-visina-2m-duzina-50m-400-grama\/"},"modified":"2025-03-28T18:02:57","modified_gmt":"2025-03-28T18:02:57","slug":"ribarska-mreza-opremljena-manom-monofilament-0-16-visina-2m-duzina-50m-400-grama","status":"publish","type":"product","link":"https:\/\/kalogiros.gr\/hr\/shop\/%ce%b4%ce%af%cf%87%cf%84%cf%85%ce%b1-%ce%b1%cf%81%ce%bc%ce%b1%cf%84%cf%89%ce%bc%ce%ad%ce%bd%ce%b1-hr\/felavaridia-hr\/ribarska-mreza-opremljena-manom-monofilament-0-16-visina-2m-duzina-50m-400-grama\/","title":{"rendered":"Ribarska mre\u017ea opremljena manom. Monofilament 0.16, visina 2m, du\u017eina 50m, 400 grama"},"content":{"rendered":"<p>Ribarska mre\u017ea opremljena monofilamentom i manom<\/p>\n<p> debljina niti 0,16 mm<\/p>\n<p> Veli\u010dina oka u razli\u010ditim veli\u010dinama od 20, 25, 30 i 35 mm<\/p>\n<p> 2 metra visine,<\/p>\n<p> du\u017eine 50 metara,<\/p>\n<p> te\u017eina 400 grama<\/p>\n","protected":false},"excerpt":{"rendered":"<p>Ribarska mre\u017ea opremljena monofilamentom i manom debljina niti 0,16 mm Veli\u010dina oka u razli\u010ditim veli\u010dinama od 20, 25, 30 i 35 mm 2 metra visine, du\u017eine 50 metara, te\u017eina 400 grama<\/p>\n","protected":false},"featured_media":7014,"template":"","meta":{"_sitemap_exclude":false,"_sitemap_priority":"","_sitemap_frequency":"","footnotes":""},"product_brand":[],"product_cat":[297,293],"product_tag":[],"class_list":{"0":"post-10782","1":"product","2":"type-product","3":"status-publish","4":"has-post-thumbnail","6":"product_cat---hr","7":"product_cat-felavaridia-hr","9":"first","10":"instock","11":"taxable","12":"shipping-taxable","13":"purchasable","14":"product-type-variable"},"_links":{"self":[{"href":"https:\/\/kalogiros.gr\/hr\/wp-json\/wp\/v2\/product\/10782","targetHints":{"allow":["GET"]}}],"collection":[{"href":"https:\/\/kalogiros.gr\/hr\/wp-json\/wp\/v2\/product"}],"about":[{"href":"https:\/\/kalogiros.gr\/hr\/wp-json\/wp\/v2\/types\/product"}],"version-history":[{"count":0,"href":"https:\/\/kalogiros.gr\/hr\/wp-json\/wp\/v2\/product\/10782\/revisions"}],"wp:featuredmedia":[{"embeddable":true,"href":"https:\/\/kalogiros.gr\/hr\/wp-json\/wp\/v2\/media\/7014"}],"wp:attachment":[{"href":"https:\/\/kalogiros.gr\/hr\/wp-json\/wp\/v2\/media?parent=10782"}],"wp:term":[{"taxonomy":"product_brand","embeddable":true,"href":"https:\/\/kalogiros.gr\/hr\/wp-json\/wp\/v2\/product_brand?post=10782"},{"taxonomy":"product_cat","embeddable":true,"href":"https:\/\/kalogiros.gr\/hr\/wp-json\/wp\/v2\/product_cat?post=10782"},{"taxonomy":"product_tag","embeddable":true,"href":"https:\/\/kalogiros.gr\/hr\/wp-json\/wp\/v2\/product_tag?post=10782"}],"curies":[{"name":"wp","href":"https:\/\/api.w.org\/{rel}","templated":true}]}}