{"id":10970,"date":"2023-09-09T07:29:40","date_gmt":"2025-03-28T18:04:57","guid":{"rendered":"https:\/\/kalogiros.gr\/shop\/Bez kategorije\/duel-ez-mamac-a1709-mamac-za-lignje\/"},"modified":"2025-03-28T18:04:57","modified_gmt":"2025-03-28T18:04:57","slug":"duel-ez-mamac-a1709-mamac-za-lignje","status":"publish","type":"product","link":"https:\/\/kalogiros.gr\/hr\/shop\/sportski-ribolov\/jig-od-lignje\/yo-zuri-hr\/duel-ez-mamac-a1709-mamac-za-lignje\/","title":{"rendered":"DUEL EZ mamac A1709 Mamac za lignje"},"content":{"rendered":"<p>A1709<br \/>\n Duel EZ Bait \u0161tap za lov lignji pripada seriji Easy Squid Fishing i, kao \u0161to mu ime govori, \u010dini lov lignji iz broda lakim zadatkom.<br \/>\n Japanski proizvo\u0111a\u010di Duela odgovorili su na veliku potra\u017enju u mediteranskim zemljama za malim, laganim varalicama za lignje koje svojim oblikom podsje\u0107aju na ribice.<br \/>\n Duel EZ mamci nazivaju se &#8220;Easy Bait&#8221;. Imaju sna\u017ene, dvostruke \u0161iljke koji ne opra\u0161taju. Njihove prirodne boje i osvjetljenje u mra\u010dnim uvjetima privla\u010de lignje.<br \/>\n Njezin torzo proizvodi valovito kretanje tijekom vra\u0107anja, koje Duel naziva valovito kretanje.<br \/>\n Tako\u0111er, Duel EZ mamci imaju zakretnu osovinu od nehr\u0111aju\u0107eg \u010delika.<br \/>\n Izvrsna vrijednost za novac.<br \/>\n Duljina 8cm<br \/>\n Te\u017eina 5g  <\/p>\n","protected":false},"excerpt":{"rendered":"<p>A1709 Duel EZ Bait \u0161tap za lov lignji pripada seriji Easy Squid Fishing i, kao \u0161to mu ime govori, \u010dini lov lignji iz broda lakim zadatkom. Japanski proizvo\u0111a\u010di Duela odgovorili su na veliku potra\u017enju u mediteranskim zemljama za malim, laganim varalicama za lignje koje svojim oblikom podsje\u0107aju na ribice. Duel EZ mamci nazivaju se &#8220;Easy [&#8230;]\n","protected":false},"featured_media":6728,"template":"","meta":{"_sitemap_exclude":false,"_sitemap_priority":"","_sitemap_frequency":"","footnotes":""},"product_brand":[],"product_cat":[391],"product_tag":[],"class_list":{"0":"post-10970","1":"product","2":"type-product","3":"status-publish","4":"has-post-thumbnail","6":"product_cat-yo-zuri-hr","8":"first","9":"instock","10":"taxable","11":"shipping-taxable","12":"purchasable","13":"product-type-variable"},"_links":{"self":[{"href":"https:\/\/kalogiros.gr\/hr\/wp-json\/wp\/v2\/product\/10970","targetHints":{"allow":["GET"]}}],"collection":[{"href":"https:\/\/kalogiros.gr\/hr\/wp-json\/wp\/v2\/product"}],"about":[{"href":"https:\/\/kalogiros.gr\/hr\/wp-json\/wp\/v2\/types\/product"}],"version-history":[{"count":0,"href":"https:\/\/kalogiros.gr\/hr\/wp-json\/wp\/v2\/product\/10970\/revisions"}],"wp:featuredmedia":[{"embeddable":true,"href":"https:\/\/kalogiros.gr\/hr\/wp-json\/wp\/v2\/media\/6728"}],"wp:attachment":[{"href":"https:\/\/kalogiros.gr\/hr\/wp-json\/wp\/v2\/media?parent=10970"}],"wp:term":[{"taxonomy":"product_brand","embeddable":true,"href":"https:\/\/kalogiros.gr\/hr\/wp-json\/wp\/v2\/product_brand?post=10970"},{"taxonomy":"product_cat","embeddable":true,"href":"https:\/\/kalogiros.gr\/hr\/wp-json\/wp\/v2\/product_cat?post=10970"},{"taxonomy":"product_tag","embeddable":true,"href":"https:\/\/kalogiros.gr\/hr\/wp-json\/wp\/v2\/product_tag?post=10970"}],"curies":[{"name":"wp","href":"https:\/\/api.w.org\/{rel}","templated":true}]}}