{"id":11051,"date":"2023-09-08T17:20:05","date_gmt":"2025-03-28T18:05:34","guid":{"rendered":"https:\/\/kalogiros.gr\/shop\/Bez kategorije\/yo-zuri-ultra-laser-a1022-mamac-za-lignje\/"},"modified":"2025-03-28T18:05:34","modified_gmt":"2025-03-28T18:05:34","slug":"yo-zuri-ultra-laser-a1022-mamac-za-lignje","status":"publish","type":"product","link":"https:\/\/kalogiros.gr\/hr\/shop\/sportski-ribolov\/jig-od-lignje\/yo-zuri-hr\/yo-zuri-ultra-laser-a1022-mamac-za-lignje\/","title":{"rendered":"Yo-Zuri Ultra Laser A1022 mamac za lignje"},"content":{"rendered":"<p>A1022<br \/>\n Rola za lignje Yo-Zuri Ultra Laser je visokih japanskih standarda za lov lignji iz broda.<br \/>\n Yo-Zuri ih je opremio udicama tipa M2.<br \/>\n A1022 varalice za lignje izra\u0111ene su od izdr\u017eljivog ABS tijela, sa sjajnom, metalik laserskom zavr\u0161nom obradom koja uzrokuje preljeve, \u010dine\u0107i ih lako vidljivima, istovremeno simuliraju\u0107i ljuske male ribe. Trbuh im je proziran i ima UV tretman.<br \/>\nBrzina potonu\u0107a je 15 cm u sekundi, a mo\u017ee se loviti sam, ili u garnituri s vi\u0161e lignjolova zajedno. U prednjem dijelu ima unutarnji balast, koji mu poma\u017ee da tone i odr\u017eava ravnote\u017eu u vodi.<br \/>\n Yo-Zuri Ultra Laser ima dva reda o\u0161trih igala (8 u svakom redu), velika peraja od pera i velike o\u010di.<br \/>\n Tako\u0111er ima zaokret na nosu.<br \/>\n Tehni\u010dke specifikacije<br \/>\n \u2022 Kuke: M2 (2 reda od 8)<br \/>\n \u2022 Prednji okretni<br \/>\n \u2022 Brzina. Uranjanje: 15 cm \/ sek.<br \/>\n\u2022 Duljina 7cm (S)<\/p>\n","protected":false},"excerpt":{"rendered":"<p>A1022 Rola za lignje Yo-Zuri Ultra Laser je visokih japanskih standarda za lov lignji iz broda. Yo-Zuri ih je opremio udicama tipa M2. A1022 varalice za lignje izra\u0111ene su od izdr\u017eljivog ABS tijela, sa sjajnom, metalik laserskom zavr\u0161nom obradom koja uzrokuje preljeve, \u010dine\u0107i ih lako vidljivima, istovremeno simuliraju\u0107i ljuske male ribe. Trbuh im je proziran [&#8230;]\n","protected":false},"featured_media":6687,"template":"","meta":{"_sitemap_exclude":false,"_sitemap_priority":"","_sitemap_frequency":"","footnotes":""},"product_brand":[],"product_cat":[391],"product_tag":[],"class_list":{"0":"post-11051","1":"product","2":"type-product","3":"status-publish","4":"has-post-thumbnail","6":"product_cat-yo-zuri-hr","8":"first","9":"instock","10":"taxable","11":"shipping-taxable","12":"purchasable","13":"product-type-variable"},"_links":{"self":[{"href":"https:\/\/kalogiros.gr\/hr\/wp-json\/wp\/v2\/product\/11051","targetHints":{"allow":["GET"]}}],"collection":[{"href":"https:\/\/kalogiros.gr\/hr\/wp-json\/wp\/v2\/product"}],"about":[{"href":"https:\/\/kalogiros.gr\/hr\/wp-json\/wp\/v2\/types\/product"}],"version-history":[{"count":0,"href":"https:\/\/kalogiros.gr\/hr\/wp-json\/wp\/v2\/product\/11051\/revisions"}],"wp:featuredmedia":[{"embeddable":true,"href":"https:\/\/kalogiros.gr\/hr\/wp-json\/wp\/v2\/media\/6687"}],"wp:attachment":[{"href":"https:\/\/kalogiros.gr\/hr\/wp-json\/wp\/v2\/media?parent=11051"}],"wp:term":[{"taxonomy":"product_brand","embeddable":true,"href":"https:\/\/kalogiros.gr\/hr\/wp-json\/wp\/v2\/product_brand?post=11051"},{"taxonomy":"product_cat","embeddable":true,"href":"https:\/\/kalogiros.gr\/hr\/wp-json\/wp\/v2\/product_cat?post=11051"},{"taxonomy":"product_tag","embeddable":true,"href":"https:\/\/kalogiros.gr\/hr\/wp-json\/wp\/v2\/product_tag?post=11051"}],"curies":[{"name":"wp","href":"https:\/\/api.w.org\/{rel}","templated":true}]}}