{"id":11069,"date":"2023-09-08T16:13:43","date_gmt":"2025-03-28T18:05:45","guid":{"rendered":"https:\/\/kalogiros.gr\/shop\/Bez kategorije\/yozuri-egi-aurie-q-platnena-zamka-za-lignje-a1030n\/"},"modified":"2025-03-28T18:05:45","modified_gmt":"2025-03-28T18:05:45","slug":"yozuri-egi-aurie-q-platnena-zamka-za-lignje-a1030n","status":"publish","type":"product","link":"https:\/\/kalogiros.gr\/hr\/shop\/sportski-ribolov\/jig-od-lignje\/yo-zuri-hr\/yozuri-egi-aurie-q-platnena-zamka-za-lignje-a1030n\/","title":{"rendered":"YoZuri Egi Aurie-Q platnena zamka za lignje A1030N"},"content":{"rendered":"<p>A1030N<\/p>\n<p>Yo-Zuri Egi Aurie-Q je autenti\u010dna, tradicionalna japanska \u0161ablona za lignje, zasnovana na dizajnu koji uklju\u010duje apsolutnu preciznost, ujedna\u010denost i ravnote\u017eu.<\/p>\n<p>Kako bi usavr\u0161io izvedbu i ravnote\u017eu Egi Aurie-Q\u00ae tkanine, Yo-Zuri je po prvi put iskoristio svojstva ABS materijala. Yo-Zuri jig za lignje ima savr\u0161enu ravnote\u017eu i izaziva svojim nje\u017enim kretanjem i brzinom tonjenja. <\/p>\n<p>Yo-Zuri je tako\u0111er opremio Aurie Q sa Snaggless udubljenjem protiv petljanja.<\/p>\n<p>Tako\u0111er ima prsten i atraktivne fosforescentne odsjaje.<\/p>\n<p>Raspon boja je impresivan, a Yo-Zuri je za ovu svrhu odabrao najuspje\u0161nije kombinacije boja.<\/p>\n<p>Veli\u010dina Brzina namje\u0161tanja te\u017eine<\/p>\n<p>2,5 10 gr 5,3 s \/ m<\/p>\n","protected":false},"excerpt":{"rendered":"<p>A1030N Yo-Zuri Egi Aurie-Q je autenti\u010dna, tradicionalna japanska \u0161ablona za lignje, zasnovana na dizajnu koji uklju\u010duje apsolutnu preciznost, ujedna\u010denost i ravnote\u017eu. Kako bi usavr\u0161io izvedbu i ravnote\u017eu Egi Aurie-Q\u00ae tkanine, Yo-Zuri je po prvi put iskoristio svojstva ABS materijala. Yo-Zuri jig za lignje ima savr\u0161enu ravnote\u017eu i izaziva svojim nje\u017enim kretanjem i brzinom tonjenja. Yo-Zuri [&#8230;]\n","protected":false},"featured_media":9192,"template":"","meta":{"_sitemap_exclude":false,"_sitemap_priority":"","_sitemap_frequency":"","footnotes":""},"product_brand":[],"product_cat":[391],"product_tag":[],"class_list":{"0":"post-11069","1":"product","2":"type-product","3":"status-publish","4":"has-post-thumbnail","6":"product_cat-yo-zuri-hr","8":"first","9":"instock","10":"taxable","11":"shipping-taxable","12":"purchasable","13":"product-type-variable"},"_links":{"self":[{"href":"https:\/\/kalogiros.gr\/hr\/wp-json\/wp\/v2\/product\/11069","targetHints":{"allow":["GET"]}}],"collection":[{"href":"https:\/\/kalogiros.gr\/hr\/wp-json\/wp\/v2\/product"}],"about":[{"href":"https:\/\/kalogiros.gr\/hr\/wp-json\/wp\/v2\/types\/product"}],"version-history":[{"count":0,"href":"https:\/\/kalogiros.gr\/hr\/wp-json\/wp\/v2\/product\/11069\/revisions"}],"wp:featuredmedia":[{"embeddable":true,"href":"https:\/\/kalogiros.gr\/hr\/wp-json\/wp\/v2\/media\/9192"}],"wp:attachment":[{"href":"https:\/\/kalogiros.gr\/hr\/wp-json\/wp\/v2\/media?parent=11069"}],"wp:term":[{"taxonomy":"product_brand","embeddable":true,"href":"https:\/\/kalogiros.gr\/hr\/wp-json\/wp\/v2\/product_brand?post=11069"},{"taxonomy":"product_cat","embeddable":true,"href":"https:\/\/kalogiros.gr\/hr\/wp-json\/wp\/v2\/product_cat?post=11069"},{"taxonomy":"product_tag","embeddable":true,"href":"https:\/\/kalogiros.gr\/hr\/wp-json\/wp\/v2\/product_tag?post=11069"}],"curies":[{"name":"wp","href":"https:\/\/api.w.org\/{rel}","templated":true}]}}