{"id":11160,"date":"2023-07-13T09:37:55","date_gmt":"2025-03-28T18:06:28","guid":{"rendered":"https:\/\/kalogiros.gr\/shop\/Bez kategorije\/jednostavna-zbirka-ulja-vrecice-za-pakiranje\/"},"modified":"2025-03-28T18:06:28","modified_gmt":"2025-03-28T18:06:28","slug":"jednostavna-zbirka-ulja-vrecice-za-pakiranje","status":"publish","type":"product","link":"https:\/\/kalogiros.gr\/hr\/shop\/prikupljanje-ulja-vrecice-za-pakiranje\/jednostavna-zbirka-ulja-vrecice-za-pakiranje\/","title":{"rendered":"Jednostavna zbirka ulja \u2013 vre\u0107ice za pakiranje"},"content":{"rendered":"<p>Plasti\u010dna vre\u0107ica od polipropilena u raznim dimenzijama.<\/p>\n<p>Prikladno za generalno pakiranje i sakupljanje ulja, bijele boje, u pakiranjima od 1, 10 i 100 komada.<\/p>\n","protected":false},"excerpt":{"rendered":"<p>Plasti\u010dna vre\u0107ica od polipropilena u raznim dimenzijama. Prikladno za generalno pakiranje i sakupljanje ulja, bijele boje, u pakiranjima od 1, 10 i 100 komada.<\/p>\n","protected":false},"featured_media":6337,"template":"","meta":{"_sitemap_exclude":false,"_sitemap_priority":"","_sitemap_frequency":"","footnotes":""},"product_brand":[],"product_cat":[503],"product_tag":[],"class_list":{"0":"post-11160","1":"product","2":"type-product","3":"status-publish","4":"has-post-thumbnail","6":"product_cat-prikupljanje-ulja-vrecice-za-pakiranje","8":"first","9":"instock","10":"taxable","11":"shipping-taxable","12":"purchasable","13":"product-type-variable"},"_links":{"self":[{"href":"https:\/\/kalogiros.gr\/hr\/wp-json\/wp\/v2\/product\/11160","targetHints":{"allow":["GET"]}}],"collection":[{"href":"https:\/\/kalogiros.gr\/hr\/wp-json\/wp\/v2\/product"}],"about":[{"href":"https:\/\/kalogiros.gr\/hr\/wp-json\/wp\/v2\/types\/product"}],"version-history":[{"count":0,"href":"https:\/\/kalogiros.gr\/hr\/wp-json\/wp\/v2\/product\/11160\/revisions"}],"wp:featuredmedia":[{"embeddable":true,"href":"https:\/\/kalogiros.gr\/hr\/wp-json\/wp\/v2\/media\/6337"}],"wp:attachment":[{"href":"https:\/\/kalogiros.gr\/hr\/wp-json\/wp\/v2\/media?parent=11160"}],"wp:term":[{"taxonomy":"product_brand","embeddable":true,"href":"https:\/\/kalogiros.gr\/hr\/wp-json\/wp\/v2\/product_brand?post=11160"},{"taxonomy":"product_cat","embeddable":true,"href":"https:\/\/kalogiros.gr\/hr\/wp-json\/wp\/v2\/product_cat?post=11160"},{"taxonomy":"product_tag","embeddable":true,"href":"https:\/\/kalogiros.gr\/hr\/wp-json\/wp\/v2\/product_tag?post=11160"}],"curies":[{"name":"wp","href":"https:\/\/api.w.org\/{rel}","templated":true}]}}