{"id":11201,"date":"2022-12-23T17:56:14","date_gmt":"2025-03-28T18:06:50","guid":{"rendered":"https:\/\/kalogiros.gr\/shop\/Bez kategorije\/najlon-akobo-bijeli\/"},"modified":"2025-03-28T18:06:50","modified_gmt":"2025-03-28T18:06:50","slug":"najlon-akobo-bijeli","status":"publish","type":"product","link":"https:\/\/kalogiros.gr\/hr\/shop\/kocarske-mreze\/najlon-akobo-bijeli\/","title":{"rendered":"Najlon &#8216;Akobo bijeli"},"content":{"rendered":"<p align=\"LEFT\">Bijele najlonske mre\u017ee bez \u010dvorova za ko\u0107are, mre\u017ee staja\u0107ice, vre\u0107e, vre\u0107a, plivarice itd.<\/p>\n","protected":false},"excerpt":{"rendered":"<p>Bijele najlonske mre\u017ee bez \u010dvorova za ko\u0107are, mre\u017ee staja\u0107ice, vre\u0107e, vre\u0107a, plivarice itd.<\/p>\n","protected":false},"featured_media":5104,"template":"","meta":{"_sitemap_exclude":false,"_sitemap_priority":"","_sitemap_frequency":"","footnotes":""},"product_brand":[],"product_cat":[473],"product_tag":[],"class_list":{"0":"post-11201","1":"product","2":"type-product","3":"status-publish","4":"has-post-thumbnail","6":"product_cat-kocarske-mreze","8":"first","9":"instock","10":"taxable","11":"shipping-taxable","12":"purchasable","13":"product-type-simple"},"_links":{"self":[{"href":"https:\/\/kalogiros.gr\/hr\/wp-json\/wp\/v2\/product\/11201","targetHints":{"allow":["GET"]}}],"collection":[{"href":"https:\/\/kalogiros.gr\/hr\/wp-json\/wp\/v2\/product"}],"about":[{"href":"https:\/\/kalogiros.gr\/hr\/wp-json\/wp\/v2\/types\/product"}],"version-history":[{"count":0,"href":"https:\/\/kalogiros.gr\/hr\/wp-json\/wp\/v2\/product\/11201\/revisions"}],"wp:featuredmedia":[{"embeddable":true,"href":"https:\/\/kalogiros.gr\/hr\/wp-json\/wp\/v2\/media\/5104"}],"wp:attachment":[{"href":"https:\/\/kalogiros.gr\/hr\/wp-json\/wp\/v2\/media?parent=11201"}],"wp:term":[{"taxonomy":"product_brand","embeddable":true,"href":"https:\/\/kalogiros.gr\/hr\/wp-json\/wp\/v2\/product_brand?post=11201"},{"taxonomy":"product_cat","embeddable":true,"href":"https:\/\/kalogiros.gr\/hr\/wp-json\/wp\/v2\/product_cat?post=11201"},{"taxonomy":"product_tag","embeddable":true,"href":"https:\/\/kalogiros.gr\/hr\/wp-json\/wp\/v2\/product_tag?post=11201"}],"curies":[{"name":"wp","href":"https:\/\/api.w.org\/{rel}","templated":true}]}}