{"id":11251,"date":"2022-11-19T11:04:10","date_gmt":"2022-11-19T11:04:10","guid":{"rendered":"https:\/\/kalogiros.gr\/shop\/Bez kategorije\/lovka-za-ribe-duljina-13-metara-obruc-39x26cm-mreza-11-tisuca-sklopiva\/"},"modified":"2025-03-28T18:07:30","modified_gmt":"2025-03-28T18:07:30","slug":"lovka-za-ribe-duljina-13-metara-obruc-39x26cm-mreza-11-tisuca-sklopiva","status":"publish","type":"product","link":"https:\/\/kalogiros.gr\/hr\/shop\/sportski-ribolov\/zamke\/lovka-za-ribe-duljina-13-metara-obruc-39x26cm-mreza-11-tisuca-sklopiva\/","title":{"rendered":"LOVKA ZA RIBE \u2013 DULJINA 13 METARA \u2013 OBRU\u010c 39x26cm, MRE\u017dA 11 TISU\u0106A \u2013 SKLOPIVA"},"content":{"rendered":"<h1 class=\"page-title\">LOVKA ZA RIBE \u2013 DULJINA 13 METARA \u2013 OBRU\u010c 39x26cm, MRE\u017dA 11 TISU\u0106A \u2013 SKLOPIVA<\/h1>\n","protected":false},"excerpt":{"rendered":"<p>LOVKA ZA RIBE \u2013 DULJINA 13 METARA \u2013 OBRU\u010c 39x26cm, MRE\u017dA 11 TISU\u0106A \u2013 SKLOPIVA<\/p>\n","protected":false},"featured_media":5002,"template":"","meta":{"_sitemap_exclude":false,"_sitemap_priority":"","_sitemap_frequency":"","footnotes":""},"product_brand":[],"product_cat":[194,506],"product_tag":[],"class_list":{"0":"post-11251","1":"product","2":"type-product","3":"status-publish","4":"has-post-thumbnail","6":"product_cat-sportski-ribolov","7":"product_cat-zamke","9":"first","10":"instock","11":"taxable","12":"shipping-taxable","13":"purchasable","14":"product-type-simple"},"_links":{"self":[{"href":"https:\/\/kalogiros.gr\/hr\/wp-json\/wp\/v2\/product\/11251","targetHints":{"allow":["GET"]}}],"collection":[{"href":"https:\/\/kalogiros.gr\/hr\/wp-json\/wp\/v2\/product"}],"about":[{"href":"https:\/\/kalogiros.gr\/hr\/wp-json\/wp\/v2\/types\/product"}],"version-history":[{"count":0,"href":"https:\/\/kalogiros.gr\/hr\/wp-json\/wp\/v2\/product\/11251\/revisions"}],"wp:featuredmedia":[{"embeddable":true,"href":"https:\/\/kalogiros.gr\/hr\/wp-json\/wp\/v2\/media\/5002"}],"wp:attachment":[{"href":"https:\/\/kalogiros.gr\/hr\/wp-json\/wp\/v2\/media?parent=11251"}],"wp:term":[{"taxonomy":"product_brand","embeddable":true,"href":"https:\/\/kalogiros.gr\/hr\/wp-json\/wp\/v2\/product_brand?post=11251"},{"taxonomy":"product_cat","embeddable":true,"href":"https:\/\/kalogiros.gr\/hr\/wp-json\/wp\/v2\/product_cat?post=11251"},{"taxonomy":"product_tag","embeddable":true,"href":"https:\/\/kalogiros.gr\/hr\/wp-json\/wp\/v2\/product_tag?post=11251"}],"curies":[{"name":"wp","href":"https:\/\/api.w.org\/{rel}","templated":true}]}}