{"id":11285,"date":"2022-07-12T16:08:58","date_gmt":"2025-03-28T18:08:05","guid":{"rendered":"https:\/\/kalogiros.gr\/shop\/Bez kategorije\/monofilamentna-ribarska-mreza-opremljena-mano-plutanim-i-zeljeznim-uzetom-ljubicasta-014-visina-15m-duzina-60m\/"},"modified":"2025-03-28T18:08:05","modified_gmt":"2025-03-28T18:08:05","slug":"monofilamentna-ribarska-mreza-opremljena-mano-plutanim-i-zeljeznim-uzetom-ljubicasta-014-visina-15m-duzina-60m","status":"publish","type":"product","link":"https:\/\/kalogiros.gr\/hr\/shop\/%ce%b4%ce%af%cf%87%cf%84%cf%85%ce%b1-%ce%b1%cf%81%ce%bc%ce%b1%cf%84%cf%89%ce%bc%ce%ad%ce%bd%ce%b1-hr\/s-pletenim-uzetom-i-zeljeznim-uzetom\/monofilamentna-ribarska-mreza-opremljena-mano-plutanim-i-zeljeznim-uzetom-ljubicasta-014-visina-15m-duzina-60m\/","title":{"rendered":"Monofilamentna ribarska mre\u017ea opremljena mano, plutanim i \u017eeljeznim u\u017eetom. Ljubi\u010dasta 0,14, visina 1,5m, du\u017eina 60m"},"content":{"rendered":"<p>Ribarska mre\u017ea Monofilament<\/p>\n<p> Debljina konca 0,14mm<\/p>\n<p> 1,5 metara visine<\/p>\n<p> Duga\u010dak 60 metara<\/p>\n<p> Te\u017eina 1,4 kg<\/p>\n<p> Boja Ljubi\u010dasta<\/p>\n","protected":false},"excerpt":{"rendered":"<p>Debljina konca 0,14mm<\/p>\n<p> 1,5 metara visine<\/p>\n<p> 60 metara du\u017eine<\/p>\n<p> Te\u017eina 1,4 kg<\/p>\n<p> Boja Ljubi\u010dasta<\/p>\n","protected":false},"featured_media":3699,"template":"","meta":{"_sitemap_exclude":false,"_sitemap_priority":"","_sitemap_frequency":"","footnotes":""},"product_brand":[],"product_cat":[511],"product_tag":[],"class_list":{"0":"post-11285","1":"product","2":"type-product","3":"status-publish","4":"has-post-thumbnail","6":"product_cat-s-pletenim-uzetom-i-zeljeznim-uzetom","8":"first","9":"instock","10":"taxable","11":"shipping-taxable","12":"purchasable","13":"product-type-variable"},"_links":{"self":[{"href":"https:\/\/kalogiros.gr\/hr\/wp-json\/wp\/v2\/product\/11285","targetHints":{"allow":["GET"]}}],"collection":[{"href":"https:\/\/kalogiros.gr\/hr\/wp-json\/wp\/v2\/product"}],"about":[{"href":"https:\/\/kalogiros.gr\/hr\/wp-json\/wp\/v2\/types\/product"}],"version-history":[{"count":0,"href":"https:\/\/kalogiros.gr\/hr\/wp-json\/wp\/v2\/product\/11285\/revisions"}],"wp:featuredmedia":[{"embeddable":true,"href":"https:\/\/kalogiros.gr\/hr\/wp-json\/wp\/v2\/media\/3699"}],"wp:attachment":[{"href":"https:\/\/kalogiros.gr\/hr\/wp-json\/wp\/v2\/media?parent=11285"}],"wp:term":[{"taxonomy":"product_brand","embeddable":true,"href":"https:\/\/kalogiros.gr\/hr\/wp-json\/wp\/v2\/product_brand?post=11285"},{"taxonomy":"product_cat","embeddable":true,"href":"https:\/\/kalogiros.gr\/hr\/wp-json\/wp\/v2\/product_cat?post=11285"},{"taxonomy":"product_tag","embeddable":true,"href":"https:\/\/kalogiros.gr\/hr\/wp-json\/wp\/v2\/product_tag?post=11285"}],"curies":[{"name":"wp","href":"https:\/\/api.w.org\/{rel}","templated":true}]}}