{"id":11301,"date":"2022-06-23T15:47:17","date_gmt":"2025-03-28T18:08:52","guid":{"rendered":"https:\/\/kalogiros.gr\/shop\/Bez kategorije\/ribarska-mreza-napeta-monofil-ravna-013-visina-11m-duzina-45m-200-grama\/"},"modified":"2025-03-28T18:08:52","modified_gmt":"2025-03-28T18:08:52","slug":"ribarska-mreza-napeta-monofil-ravna-013-visina-11m-duzina-45m-200-grama","status":"publish","type":"product","link":"https:\/\/kalogiros.gr\/hr\/shop\/%ce%b4%ce%af%cf%87%cf%84%cf%85%ce%b1-%ce%b1%cf%81%ce%bc%ce%b1%cf%84%cf%89%ce%bc%ce%ad%ce%bd%ce%b1-hr\/felavaridia-hr\/ribarska-mreza-napeta-monofil-ravna-013-visina-11m-duzina-45m-200-grama\/","title":{"rendered":"Ribarska mre\u017ea napeta monofil (ravna) 0,13, visina 1,1m, du\u017eina 45m 200 grama"},"content":{"rendered":"<p>Ribarska mre\u017ea napeta monofil (ravna) 0,13, visina 1,1m, du\u017eina 45m<\/p>\n","protected":false},"excerpt":{"rendered":"<p>Debljina konca 0,13mm<\/p>\n<p> 1,1 metar visine<\/p>\n<p> Duga\u010dak 45 metara<\/p>\n<p> (\u0161amar)<\/p>\n<p>&nbsp;<\/p>\n","protected":false},"featured_media":3576,"template":"","meta":{"_sitemap_exclude":false,"_sitemap_priority":"","_sitemap_frequency":"","footnotes":""},"product_brand":[],"product_cat":[293],"product_tag":[],"class_list":{"0":"post-11301","1":"product","2":"type-product","3":"status-publish","4":"has-post-thumbnail","6":"product_cat-felavaridia-hr","8":"first","9":"instock","10":"taxable","11":"shipping-taxable","12":"purchasable","13":"product-type-variable"},"_links":{"self":[{"href":"https:\/\/kalogiros.gr\/hr\/wp-json\/wp\/v2\/product\/11301","targetHints":{"allow":["GET"]}}],"collection":[{"href":"https:\/\/kalogiros.gr\/hr\/wp-json\/wp\/v2\/product"}],"about":[{"href":"https:\/\/kalogiros.gr\/hr\/wp-json\/wp\/v2\/types\/product"}],"version-history":[{"count":0,"href":"https:\/\/kalogiros.gr\/hr\/wp-json\/wp\/v2\/product\/11301\/revisions"}],"wp:featuredmedia":[{"embeddable":true,"href":"https:\/\/kalogiros.gr\/hr\/wp-json\/wp\/v2\/media\/3576"}],"wp:attachment":[{"href":"https:\/\/kalogiros.gr\/hr\/wp-json\/wp\/v2\/media?parent=11301"}],"wp:term":[{"taxonomy":"product_brand","embeddable":true,"href":"https:\/\/kalogiros.gr\/hr\/wp-json\/wp\/v2\/product_brand?post=11301"},{"taxonomy":"product_cat","embeddable":true,"href":"https:\/\/kalogiros.gr\/hr\/wp-json\/wp\/v2\/product_cat?post=11301"},{"taxonomy":"product_tag","embeddable":true,"href":"https:\/\/kalogiros.gr\/hr\/wp-json\/wp\/v2\/product_tag?post=11301"}],"curies":[{"name":"wp","href":"https:\/\/api.w.org\/{rel}","templated":true}]}}