{"id":12825,"date":"2025-01-09T11:55:30","date_gmt":"2025-03-29T11:29:52","guid":{"rendered":"https:\/\/kalogiros.gr\/shop\/Bez kategorije\/platnena-ribarska-mreza-opremljena-mano-konopom-od-pluta-i-zeljeznim-konopom-ljubicasta-150-3-visina-15m-duzina-30m\/"},"modified":"2025-03-29T11:29:52","modified_gmt":"2025-03-29T11:29:52","slug":"platnena-ribarska-mreza-opremljena-mano-konopom-od-pluta-i-zeljeznim-konopom-ljubicasta-150-3-visina-15m-duzina-30m","status":"publish","type":"product","link":"https:\/\/kalogiros.gr\/hr\/shop\/%ce%b4%ce%af%cf%87%cf%84%cf%85%ce%b1-%ce%b1%cf%81%ce%bc%ce%b1%cf%84%cf%89%ce%bc%ce%ad%ce%bd%ce%b1-hr\/s-pletenim-uzetom-i-zeljeznim-uzetom\/platnena-ribarska-mreza-opremljena-mano-konopom-od-pluta-i-zeljeznim-konopom-ljubicasta-150-3-visina-15m-duzina-30m\/","title":{"rendered":"Platnena ribarska mre\u017ea opremljena mano, konopom od pluta i \u017eeljeznim konopom. Ljubi\u010dasta 150\/3, visina 1,5m, du\u017eina 30m"},"content":{"rendered":"<p>Ribarska mre\u017ea Platno opto\u010deno manom<\/p>\n<p> Debljina konca 150\/3<\/p>\n<p> visina 1,5 metara<\/p>\n<p> du\u017eine 30 metara<\/p>\n<p> te\u017eina 0,6 kg<\/p>\n","protected":false},"excerpt":{"rendered":"<p>Ribarska mre\u017ea Platno opto\u010deno manom<\/p>\n<p> Debljina konca 150\/3<\/p>\n<p> visina 1,5 metara<\/p>\n<p> du\u017eine 30 metara<\/p>\n<p> te\u017eina 0,6 kg<\/p>\n","protected":false},"featured_media":9381,"template":"","meta":{"_sitemap_exclude":false,"_sitemap_priority":"","_sitemap_frequency":"","footnotes":""},"product_brand":[],"product_cat":[511],"product_tag":[],"class_list":{"0":"post-12825","1":"product","2":"type-product","3":"status-publish","4":"has-post-thumbnail","6":"product_cat-s-pletenim-uzetom-i-zeljeznim-uzetom","8":"first","9":"outofstock","10":"taxable","11":"shipping-taxable","12":"purchasable","13":"product-type-variable"},"_links":{"self":[{"href":"https:\/\/kalogiros.gr\/hr\/wp-json\/wp\/v2\/product\/12825","targetHints":{"allow":["GET"]}}],"collection":[{"href":"https:\/\/kalogiros.gr\/hr\/wp-json\/wp\/v2\/product"}],"about":[{"href":"https:\/\/kalogiros.gr\/hr\/wp-json\/wp\/v2\/types\/product"}],"version-history":[{"count":0,"href":"https:\/\/kalogiros.gr\/hr\/wp-json\/wp\/v2\/product\/12825\/revisions"}],"wp:featuredmedia":[{"embeddable":true,"href":"https:\/\/kalogiros.gr\/hr\/wp-json\/wp\/v2\/media\/9381"}],"wp:attachment":[{"href":"https:\/\/kalogiros.gr\/hr\/wp-json\/wp\/v2\/media?parent=12825"}],"wp:term":[{"taxonomy":"product_brand","embeddable":true,"href":"https:\/\/kalogiros.gr\/hr\/wp-json\/wp\/v2\/product_brand?post=12825"},{"taxonomy":"product_cat","embeddable":true,"href":"https:\/\/kalogiros.gr\/hr\/wp-json\/wp\/v2\/product_cat?post=12825"},{"taxonomy":"product_tag","embeddable":true,"href":"https:\/\/kalogiros.gr\/hr\/wp-json\/wp\/v2\/product_tag?post=12825"}],"curies":[{"name":"wp","href":"https:\/\/api.w.org\/{rel}","templated":true}]}}