{"id":12839,"date":"2024-08-26T08:23:04","date_gmt":"2025-03-29T11:33:08","guid":{"rendered":"https:\/\/kalogiros.gr\/shop\/Bez kategorije\/zamka-za-jastoge\/"},"modified":"2025-03-29T11:33:08","modified_gmt":"2025-03-29T11:33:08","slug":"zamka-za-jastoge","status":"publish","type":"product","link":"https:\/\/kalogiros.gr\/hr\/shop\/sportski-ribolov\/zamke\/zamka-za-jastoge\/","title":{"rendered":"Zamka za jastoge"},"content":{"rendered":"<div class=\"xdj266r x11i5rnm xat24cr x1mh8g0r x1vvkbs x126k92a\">\n<div dir=\"auto\">\n<div style=\"width: 1020px;\" class=\"wp-video\"><video class=\"wp-video-shortcode\" id=\"video-12839-1\" width=\"1020\" height=\"574\" preload=\"metadata\" controls=\"controls\"><source type=\"video\/mp4\" src=\"https:\/\/kalogiros.gr\/wp-content\/uploads\/2024\/08\/lobster-trap.mp4?_=1\" \/><a href=\"https:\/\/kalogiros.gr\/wp-content\/uploads\/2024\/08\/lobster-trap.mp4\">https:\/\/kalogiros.gr\/wp-content\/uploads\/2024\/08\/lobster-trap.mp4<\/a><\/video><\/div>\n<p>Novi dolasci u zamke za jastoge!<\/p>\n<\/div>\n<\/div>\n<div class=\"x11i5rnm xat24cr x1mh8g0r x1vvkbs xtlvy1s x126k92a\">\n<div dir=\"auto\">Dimenzije: 65*45*38 centimetara.<\/div>\n<div dir=\"auto\">Debljina niti: 4,2 mm,<\/div>\n<div dir=\"auto\">Pleteno u\u017ee veli\u010dine oka 30 mm.<\/div>\n<div dir=\"auto\">Te\u017eina 19,7 kg.<\/div>\n<\/div>\n","protected":false},"excerpt":{"rendered":"<p>Novi dolasci u zamke za jastoge! Dimenzije: 65*45*38 centimetara. Debljina niti: 4,2 mm, Pleteno u\u017ee veli\u010dine oka 30 mm. Te\u017eina 19,7 kg.<\/p>\n","protected":false},"featured_media":8038,"template":"","meta":{"_sitemap_exclude":false,"_sitemap_priority":"","_sitemap_frequency":"","footnotes":""},"product_brand":[],"product_cat":[506],"product_tag":[],"class_list":{"0":"post-12839","1":"product","2":"type-product","3":"status-publish","4":"has-post-thumbnail","6":"product_cat-zamke","8":"first","9":"outofstock","10":"taxable","11":"shipping-taxable","12":"purchasable","13":"product-type-simple"},"_links":{"self":[{"href":"https:\/\/kalogiros.gr\/hr\/wp-json\/wp\/v2\/product\/12839","targetHints":{"allow":["GET"]}}],"collection":[{"href":"https:\/\/kalogiros.gr\/hr\/wp-json\/wp\/v2\/product"}],"about":[{"href":"https:\/\/kalogiros.gr\/hr\/wp-json\/wp\/v2\/types\/product"}],"version-history":[{"count":0,"href":"https:\/\/kalogiros.gr\/hr\/wp-json\/wp\/v2\/product\/12839\/revisions"}],"wp:featuredmedia":[{"embeddable":true,"href":"https:\/\/kalogiros.gr\/hr\/wp-json\/wp\/v2\/media\/8038"}],"wp:attachment":[{"href":"https:\/\/kalogiros.gr\/hr\/wp-json\/wp\/v2\/media?parent=12839"}],"wp:term":[{"taxonomy":"product_brand","embeddable":true,"href":"https:\/\/kalogiros.gr\/hr\/wp-json\/wp\/v2\/product_brand?post=12839"},{"taxonomy":"product_cat","embeddable":true,"href":"https:\/\/kalogiros.gr\/hr\/wp-json\/wp\/v2\/product_cat?post=12839"},{"taxonomy":"product_tag","embeddable":true,"href":"https:\/\/kalogiros.gr\/hr\/wp-json\/wp\/v2\/product_tag?post=12839"}],"curies":[{"name":"wp","href":"https:\/\/api.w.org\/{rel}","templated":true}]}}