{"id":13083,"date":"2024-12-16T11:02:27","date_gmt":"2025-03-29T11:39:47","guid":{"rendered":"https:\/\/kalogiros.gr\/shop\/Bez kategorije\/yo-zuri-aurie-q-cloth-3-5-a997n-squid-rod\/"},"modified":"2025-03-29T11:39:47","modified_gmt":"2025-03-29T11:39:47","slug":"yo-zuri-aurie-q-cloth-3-5-a997n-squid-rod","status":"publish","type":"product","link":"https:\/\/kalogiros.gr\/hr\/shop\/sportski-ribolov\/jig-od-lignje\/yo-zuri-hr\/yo-zuri-aurie-q-cloth-3-5-a997n-squid-rod\/","title":{"rendered":"Yo-Zuri AURIE Q CLOTH 3.5 A997N Squid Rod"},"content":{"rendered":"<p>Ovo je Yo Zuri varalica za lignje u obliku ra\u010di\u0107a sa svijetlim tijelom od kovane tkanine, aerodinami\u010dnim dizajnom za daleke zaba\u010daje i kvalitetom konstrukcije visoke \u010dvrsto\u0107e. Ovo je vrlo uspje\u0161na serija, savr\u0161enog balansa i vrlo atraktivnih boja, od kojih su neke Glow, druge Blue Glow i neke UV. Ima brzinu tonjenja od 3,2 s\/m i te\u017einu olova od 19 gr. Sadr\u017ei rotiraju\u0107i kolut koji mu poma\u017ee da savr\u0161eno balansira, oblikovano olovo, originalne Trick Hooks i fosforno oko koje jo\u0161 vi\u0161e privla\u010di lignje u more.   <\/p>\n<p>Model A997N<br \/>\n Veli\u010dina #3.5gr<br \/>\n Te\u017eina 19 gr.<br \/>\n Potonu\u0107e 3,2 sek. \/ m. <\/p>\n","protected":false},"excerpt":{"rendered":"<p>Ovo je Yo Zuri varalica za lignje u obliku ra\u010di\u0107a sa svijetlim tijelom od kovane tkanine, aerodinami\u010dnim dizajnom za daleke zaba\u010daje i kvalitetom konstrukcije visoke \u010dvrsto\u0107e. Ovo je vrlo uspje\u0161na serija, savr\u0161enog balansa i vrlo atraktivnih boja, od kojih su neke Glow, druge Blue Glow i neke UV. Ima brzinu tonjenja od 3,2 s\/m i [&#8230;]\n","protected":false},"featured_media":8771,"template":"","meta":{"_sitemap_exclude":false,"_sitemap_priority":"","_sitemap_frequency":"","footnotes":""},"product_brand":[],"product_cat":[391],"product_tag":[],"class_list":{"0":"post-13083","1":"product","2":"type-product","3":"status-publish","4":"has-post-thumbnail","6":"product_cat-yo-zuri-hr","8":"first","9":"instock","10":"taxable","11":"shipping-taxable","12":"purchasable","13":"product-type-variable"},"_links":{"self":[{"href":"https:\/\/kalogiros.gr\/hr\/wp-json\/wp\/v2\/product\/13083","targetHints":{"allow":["GET"]}}],"collection":[{"href":"https:\/\/kalogiros.gr\/hr\/wp-json\/wp\/v2\/product"}],"about":[{"href":"https:\/\/kalogiros.gr\/hr\/wp-json\/wp\/v2\/types\/product"}],"version-history":[{"count":0,"href":"https:\/\/kalogiros.gr\/hr\/wp-json\/wp\/v2\/product\/13083\/revisions"}],"wp:featuredmedia":[{"embeddable":true,"href":"https:\/\/kalogiros.gr\/hr\/wp-json\/wp\/v2\/media\/8771"}],"wp:attachment":[{"href":"https:\/\/kalogiros.gr\/hr\/wp-json\/wp\/v2\/media?parent=13083"}],"wp:term":[{"taxonomy":"product_brand","embeddable":true,"href":"https:\/\/kalogiros.gr\/hr\/wp-json\/wp\/v2\/product_brand?post=13083"},{"taxonomy":"product_cat","embeddable":true,"href":"https:\/\/kalogiros.gr\/hr\/wp-json\/wp\/v2\/product_cat?post=13083"},{"taxonomy":"product_tag","embeddable":true,"href":"https:\/\/kalogiros.gr\/hr\/wp-json\/wp\/v2\/product_tag?post=13083"}],"curies":[{"name":"wp","href":"https:\/\/api.w.org\/{rel}","templated":true}]}}