{"id":13092,"date":"2024-12-16T11:21:53","date_gmt":"2025-03-29T11:39:50","guid":{"rendered":"https:\/\/kalogiros.gr\/shop\/Bez kategorije\/yo-zuri-aurie-q-3-0-a1031n-rola-za-lignje\/"},"modified":"2025-03-29T11:39:50","modified_gmt":"2025-03-29T11:39:50","slug":"yo-zuri-aurie-q-3-0-a1031n-rola-za-lignje","status":"publish","type":"product","link":"https:\/\/kalogiros.gr\/hr\/shop\/sportski-ribolov\/jig-od-lignje\/yo-zuri-hr\/yo-zuri-aurie-q-3-0-a1031n-rola-za-lignje\/","title":{"rendered":"YO-ZURI AURIE-Q 3.0 A1031N rola za lignje"},"content":{"rendered":"<p>Ova serija najprodavaniji je proizvod tvrtke od ra\u010di\u0107a. Impresivne boje i brzina potonu\u0107a od 3,7 s\/m bit \u0107e rje\u0161enje kada sve drugo zaka\u017ee. <\/p>\n<p>Model A1031N<br \/>\n Veli\u010dina #3.0gr<br \/>\n Te\u017eina 14,5 gr.<br \/>\n Potonu\u0107e 3,7 sek. \/ m. <\/p>\n<p>Yo-Zuri Egi Aurie-Q je autenti\u010dna, tradicionalna japanska \u0161ablona za lignje, zasnovana na dizajnu koji uklju\u010duje apsolutnu preciznost, ujedna\u010denost i ravnote\u017eu.<\/p>\n<p>Kako bi usavr\u0161io izvedbu i ravnote\u017eu Egi Aurie-Q\u00ae tkanine, Yo-Zuri je po prvi put iskoristio svojstva ABS materijala. YoZuri jig za lignje ima savr\u0161enu ravnote\u017eu i izaziva svojim nje\u017enim kretanjem i brzinom tonjenja. <\/p>\n<p>Yo-Zuri je tako\u0111er opremio Aurie Q sa Snaggless udubljenjem protiv petljanja.<\/p>\n<p>Tako\u0111er ima rolo uvijanje i atraktivan fosforescentni izgled.<\/p>\n","protected":false},"excerpt":{"rendered":"<p>Ova serija najprodavaniji je proizvod tvrtke od ra\u010di\u0107a. Impresivne boje i brzina potonu\u0107a od 3,7 s\/m bit \u0107e rje\u0161enje kada sve drugo zaka\u017ee. Model A1031N Veli\u010dina #3.0gr Te\u017eina 14,5 gr. Potonu\u0107e 3,7 sek. \/ m. Yo-Zuri Egi Aurie-Q je autenti\u010dna, tradicionalna japanska \u0161ablona za lignje, zasnovana na dizajnu koji uklju\u010duje apsolutnu preciznost, ujedna\u010denost i ravnote\u017eu. [&#8230;]\n","protected":false},"featured_media":8968,"template":"","meta":{"_sitemap_exclude":false,"_sitemap_priority":"","_sitemap_frequency":"","footnotes":""},"product_brand":[],"product_cat":[391],"product_tag":[],"class_list":{"0":"post-13092","1":"product","2":"type-product","3":"status-publish","4":"has-post-thumbnail","6":"product_cat-yo-zuri-hr","8":"first","9":"instock","10":"taxable","11":"shipping-taxable","12":"purchasable","13":"product-type-variable"},"_links":{"self":[{"href":"https:\/\/kalogiros.gr\/hr\/wp-json\/wp\/v2\/product\/13092","targetHints":{"allow":["GET"]}}],"collection":[{"href":"https:\/\/kalogiros.gr\/hr\/wp-json\/wp\/v2\/product"}],"about":[{"href":"https:\/\/kalogiros.gr\/hr\/wp-json\/wp\/v2\/types\/product"}],"version-history":[{"count":0,"href":"https:\/\/kalogiros.gr\/hr\/wp-json\/wp\/v2\/product\/13092\/revisions"}],"wp:featuredmedia":[{"embeddable":true,"href":"https:\/\/kalogiros.gr\/hr\/wp-json\/wp\/v2\/media\/8968"}],"wp:attachment":[{"href":"https:\/\/kalogiros.gr\/hr\/wp-json\/wp\/v2\/media?parent=13092"}],"wp:term":[{"taxonomy":"product_brand","embeddable":true,"href":"https:\/\/kalogiros.gr\/hr\/wp-json\/wp\/v2\/product_brand?post=13092"},{"taxonomy":"product_cat","embeddable":true,"href":"https:\/\/kalogiros.gr\/hr\/wp-json\/wp\/v2\/product_cat?post=13092"},{"taxonomy":"product_tag","embeddable":true,"href":"https:\/\/kalogiros.gr\/hr\/wp-json\/wp\/v2\/product_tag?post=13092"}],"curies":[{"name":"wp","href":"https:\/\/api.w.org\/{rel}","templated":true}]}}