{"id":13226,"date":"2024-08-28T09:54:21","date_gmt":"2025-03-29T11:41:30","guid":{"rendered":"https:\/\/kalogiros.gr\/shop\/Bez kategorije\/kuke-od-nehrdajuceg-celika-mustad-2315-ss-50-komada\/"},"modified":"2025-03-29T11:41:30","modified_gmt":"2025-03-29T11:41:30","slug":"kuke-od-nehrdajuceg-celika-mustad-2315-ss-50-komada","status":"publish","type":"product","link":"https:\/\/kalogiros.gr\/hr\/shop\/kuka\/kuke-od-nehrdajuceg-celika-mustad-2315-ss-50-komada\/","title":{"rendered":"Kuke od nehr\u0111aju\u0107eg \u010delika Mustad 2315 SS 50 komada"},"content":{"rendered":"<p>Kuke od nehr\u0111aju\u0107eg \u010delika Mustad 2315 SS u pakiranju od 50 komada.<\/p>\n","protected":false},"excerpt":{"rendered":"<p>Kuke od nehr\u0111aju\u0107eg \u010delika Mustad 2315 SS u pakiranju od 50 komada.<\/p>\n","protected":false},"featured_media":8165,"template":"","meta":{"_sitemap_exclude":false,"_sitemap_priority":"","_sitemap_frequency":"","footnotes":""},"product_brand":[],"product_cat":[440],"product_tag":[398,400,399,397],"class_list":{"0":"post-13226","1":"product","2":"type-product","3":"status-publish","4":"has-post-thumbnail","6":"product_cat-kuka","7":"product_tag-kuka","8":"product_tag-parangal","9":"product_tag-ribolovna-linija","10":"product_tag-struna-za-pecanje","12":"first","13":"instock","14":"taxable","15":"shipping-taxable","16":"purchasable","17":"product-type-variable"},"_links":{"self":[{"href":"https:\/\/kalogiros.gr\/hr\/wp-json\/wp\/v2\/product\/13226","targetHints":{"allow":["GET"]}}],"collection":[{"href":"https:\/\/kalogiros.gr\/hr\/wp-json\/wp\/v2\/product"}],"about":[{"href":"https:\/\/kalogiros.gr\/hr\/wp-json\/wp\/v2\/types\/product"}],"version-history":[{"count":0,"href":"https:\/\/kalogiros.gr\/hr\/wp-json\/wp\/v2\/product\/13226\/revisions"}],"wp:featuredmedia":[{"embeddable":true,"href":"https:\/\/kalogiros.gr\/hr\/wp-json\/wp\/v2\/media\/8165"}],"wp:attachment":[{"href":"https:\/\/kalogiros.gr\/hr\/wp-json\/wp\/v2\/media?parent=13226"}],"wp:term":[{"taxonomy":"product_brand","embeddable":true,"href":"https:\/\/kalogiros.gr\/hr\/wp-json\/wp\/v2\/product_brand?post=13226"},{"taxonomy":"product_cat","embeddable":true,"href":"https:\/\/kalogiros.gr\/hr\/wp-json\/wp\/v2\/product_cat?post=13226"},{"taxonomy":"product_tag","embeddable":true,"href":"https:\/\/kalogiros.gr\/hr\/wp-json\/wp\/v2\/product_tag?post=13226"}],"curies":[{"name":"wp","href":"https:\/\/api.w.org\/{rel}","templated":true}]}}