{"id":13814,"date":"2025-07-10T17:19:35","date_gmt":"2025-07-10T17:19:43","guid":{"rendered":"https:\/\/kalogiros.gr\/shop\/Bez kategorije\/zastitne-navlake-za-brodove\/"},"modified":"2025-07-10T17:19:43","modified_gmt":"2025-07-10T17:19:43","slug":"zastitne-navlake-za-brodove","status":"publish","type":"product","link":"https:\/\/kalogiros.gr\/hr\/shop\/uncategorized-hr\/zastitne-navlake-za-brodove\/","title":{"rendered":"Za\u0161titne navlake za brodove"},"content":{"rendered":"<p>Za\u0161titna navlaka za brod izra\u0111ena od EVA materijala, velikih dimenzija.<\/p>\n<p>Izdr\u017eljive, hermeti\u010dke, ne ispuhuju se niti pucaju!<\/p>\n","protected":false},"excerpt":{"rendered":"<p>Za\u0161titna navlaka za brod izra\u0111ena od EVA materijala, velikih dimenzija. Izdr\u017eljive, hermeti\u010dke, ne ispuhuju se niti pucaju!<\/p>\n","protected":false},"featured_media":13799,"template":"","meta":{"_sitemap_exclude":false,"_sitemap_priority":"","_sitemap_frequency":"","footnotes":""},"product_brand":[],"product_cat":[257],"product_tag":[],"class_list":{"0":"post-13814","1":"product","2":"type-product","3":"status-publish","4":"has-post-thumbnail","6":"product_cat-uncategorized-hr","8":"first","9":"instock","10":"taxable","11":"shipping-taxable","12":"purchasable","13":"product-type-variable"},"_links":{"self":[{"href":"https:\/\/kalogiros.gr\/hr\/wp-json\/wp\/v2\/product\/13814","targetHints":{"allow":["GET"]}}],"collection":[{"href":"https:\/\/kalogiros.gr\/hr\/wp-json\/wp\/v2\/product"}],"about":[{"href":"https:\/\/kalogiros.gr\/hr\/wp-json\/wp\/v2\/types\/product"}],"version-history":[{"count":0,"href":"https:\/\/kalogiros.gr\/hr\/wp-json\/wp\/v2\/product\/13814\/revisions"}],"wp:featuredmedia":[{"embeddable":true,"href":"https:\/\/kalogiros.gr\/hr\/wp-json\/wp\/v2\/media\/13799"}],"wp:attachment":[{"href":"https:\/\/kalogiros.gr\/hr\/wp-json\/wp\/v2\/media?parent=13814"}],"wp:term":[{"taxonomy":"product_brand","embeddable":true,"href":"https:\/\/kalogiros.gr\/hr\/wp-json\/wp\/v2\/product_brand?post=13814"},{"taxonomy":"product_cat","embeddable":true,"href":"https:\/\/kalogiros.gr\/hr\/wp-json\/wp\/v2\/product_cat?post=13814"},{"taxonomy":"product_tag","embeddable":true,"href":"https:\/\/kalogiros.gr\/hr\/wp-json\/wp\/v2\/product_tag?post=13814"}],"curies":[{"name":"wp","href":"https:\/\/api.w.org\/{rel}","templated":true}]}}