{"id":14710,"date":"2022-07-12T15:57:56","date_gmt":"2022-07-12T15:57:56","guid":{"rendered":"https:\/\/kalogiros.gr\/shop\/Bez kategorije\/ribarska-mreza-s-plutenim-uzetom-i-zeljeznim-uzetom-sling-siva-018-visina-18-m-duljina-60-m\/"},"modified":"2026-02-13T11:19:42","modified_gmt":"2026-02-13T11:19:42","slug":"ribarska-mreza-s-plutenim-uzetom-i-zeljeznim-uzetom-sling-siva-018-visina-18-m-duljina-60-m","status":"publish","type":"product","link":"https:\/\/kalogiros.gr\/hr\/shop\/%ce%b4%ce%af%cf%87%cf%84%cf%85%ce%b1-%ce%b1%cf%81%ce%bc%ce%b1%cf%84%cf%89%ce%bc%ce%ad%ce%bd%ce%b1-hr\/s-pletenim-uzetom-i-zeljeznim-uzetom\/ribarska-mreza-s-plutenim-uzetom-i-zeljeznim-uzetom-sling-siva-018-visina-18-m-duljina-60-m\/","title":{"rendered":"Ribarska mre\u017ea s plutenim u\u017eetom i \u017eeljeznim u\u017eetom (sling). Siva 0,18, visina 1,8 m, duljina 60 m"},"content":{"rendered":"<p>Ribarska mre\u017ea s plutenim u\u017eetom i \u017eeljeznim u\u017eetom (sling). Siva 0,18, visina 1,8 m, duljina 60 m <\/p>\n","protected":false},"excerpt":{"rendered":"<p>Debljina navoja 0,18 mm<\/p>\n<p> 1,8 metara visok<\/p>\n<p> 60 metara duga\u010dak<\/p>\n<p> Siva<\/p>\n<p> (\u0161amar)<\/p>\n<p>&nbsp;<\/p>\n","protected":false},"featured_media":3705,"template":"","meta":{"_sitemap_exclude":false,"_sitemap_priority":"","_sitemap_frequency":"","footnotes":""},"product_brand":[],"product_cat":[511,297],"product_tag":[],"class_list":{"0":"post-14710","1":"product","2":"type-product","3":"status-publish","4":"has-post-thumbnail","6":"product_cat-s-pletenim-uzetom-i-zeljeznim-uzetom","7":"product_cat---hr","9":"first","10":"instock","11":"taxable","12":"shipping-taxable","13":"purchasable","14":"product-type-variable"},"_links":{"self":[{"href":"https:\/\/kalogiros.gr\/hr\/wp-json\/wp\/v2\/product\/14710","targetHints":{"allow":["GET"]}}],"collection":[{"href":"https:\/\/kalogiros.gr\/hr\/wp-json\/wp\/v2\/product"}],"about":[{"href":"https:\/\/kalogiros.gr\/hr\/wp-json\/wp\/v2\/types\/product"}],"version-history":[{"count":0,"href":"https:\/\/kalogiros.gr\/hr\/wp-json\/wp\/v2\/product\/14710\/revisions"}],"wp:featuredmedia":[{"embeddable":true,"href":"https:\/\/kalogiros.gr\/hr\/wp-json\/wp\/v2\/media\/3705"}],"wp:attachment":[{"href":"https:\/\/kalogiros.gr\/hr\/wp-json\/wp\/v2\/media?parent=14710"}],"wp:term":[{"taxonomy":"product_brand","embeddable":true,"href":"https:\/\/kalogiros.gr\/hr\/wp-json\/wp\/v2\/product_brand?post=14710"},{"taxonomy":"product_cat","embeddable":true,"href":"https:\/\/kalogiros.gr\/hr\/wp-json\/wp\/v2\/product_cat?post=14710"},{"taxonomy":"product_tag","embeddable":true,"href":"https:\/\/kalogiros.gr\/hr\/wp-json\/wp\/v2\/product_tag?post=14710"}],"curies":[{"name":"wp","href":"https:\/\/api.w.org\/{rel}","templated":true}]}}