{"id":14726,"date":"2026-02-13T11:33:54","date_gmt":"2026-02-13T11:33:54","guid":{"rendered":"https:\/\/kalogiros.gr\/shop\/Bez%20kategorije\/ribarska-mreza-opremljena-plutenim-uzetom-i-zeljeznim-uzetom-s-rucnim-uzetom-sivo-ljubicasta-018-visina-15-m-duljina-60-m\/"},"modified":"2026-02-13T11:36:21","modified_gmt":"2026-02-13T11:36:21","slug":"ribarska-mreza-opremljena-plutenim-uzetom-i-zeljeznim-uzetom-s-rucnim-uzetom-sivo-ljubicasta-018-visina-15-m-duljina-60-m","status":"publish","type":"product","link":"https:\/\/kalogiros.gr\/hr\/shop\/%ce%b4%ce%af%cf%87%cf%84%cf%85%ce%b1-%ce%b1%cf%81%ce%bc%ce%b1%cf%84%cf%89%ce%bc%ce%ad%ce%bd%ce%b1-hr\/s-pletenim-uzetom-i-zeljeznim-uzetom\/ribarska-mreza-opremljena-plutenim-uzetom-i-zeljeznim-uzetom-s-rucnim-uzetom-sivo-ljubicasta-018-visina-15-m-duljina-60-m\/","title":{"rendered":"Ribarska mre\u017ea opremljena plutenim u\u017eetom i \u017eeljeznim u\u017eetom s ru\u010dnim u\u017eetom. Sivo-ljubi\u010dasta 0,18, visina 1,5 m, duljina 60 m"},"content":{"rendered":"<p><img loading=\"lazy\" decoding=\"async\" src=\"https:\/\/kalogiros.gr\/wp-content\/uploads\/2025\/01\/finland-multi-1-499x400.jpg\" alt=\"\" width=\"499\" height=\"400\" class=\"alignnone size-medium wp-image-9378\" srcset=\"https:\/\/kalogiros.gr\/wp-content\/uploads\/2025\/01\/finland-multi-1-499x400.jpg 499w, https:\/\/kalogiros.gr\/wp-content\/uploads\/2025\/01\/finland-multi-1-768x615.jpg 768w, https:\/\/kalogiros.gr\/wp-content\/uploads\/2025\/01\/finland-multi-1-800x641.jpg 800w, https:\/\/kalogiros.gr\/wp-content\/uploads\/2025\/01\/finland-multi-1.jpg 990w\" sizes=\"auto, (max-width: 499px) 100vw, 499px\" \/><\/p>\n<p><img loading=\"lazy\" decoding=\"async\" src=\"https:\/\/kalogiros.gr\/wp-content\/uploads\/2025\/01\/finland-multi-5-400x400.jpg\" alt=\"\" width=\"400\" height=\"400\" class=\"alignnone size-medium wp-image-9384\" srcset=\"https:\/\/kalogiros.gr\/wp-content\/uploads\/2025\/01\/finland-multi-5-400x400.jpg 400w, https:\/\/kalogiros.gr\/wp-content\/uploads\/2025\/01\/finland-multi-5-800x800.jpg 800w, https:\/\/kalogiros.gr\/wp-content\/uploads\/2025\/01\/finland-multi-5-280x280.jpg 280w, https:\/\/kalogiros.gr\/wp-content\/uploads\/2025\/01\/finland-multi-5-768x768.jpg 768w, https:\/\/kalogiros.gr\/wp-content\/uploads\/2025\/01\/finland-multi-5-100x100.jpg 100w, https:\/\/kalogiros.gr\/wp-content\/uploads\/2025\/01\/finland-multi-5.jpg 1001w\" sizes=\"auto, (max-width: 400px) 100vw, 400px\" \/><\/p>\n<p><img loading=\"lazy\" decoding=\"async\" src=\"https:\/\/kalogiros.gr\/wp-content\/uploads\/2025\/01\/finland-multi-4-400x400.jpg\" alt=\"\" width=\"400\" height=\"400\" class=\"alignnone size-medium wp-image-9390\" srcset=\"https:\/\/kalogiros.gr\/wp-content\/uploads\/2025\/01\/finland-multi-4-400x400.jpg 400w, https:\/\/kalogiros.gr\/wp-content\/uploads\/2025\/01\/finland-multi-4-800x800.jpg 800w, https:\/\/kalogiros.gr\/wp-content\/uploads\/2025\/01\/finland-multi-4-280x280.jpg 280w, https:\/\/kalogiros.gr\/wp-content\/uploads\/2025\/01\/finland-multi-4-768x768.jpg 768w, https:\/\/kalogiros.gr\/wp-content\/uploads\/2025\/01\/finland-multi-4-100x100.jpg 100w, https:\/\/kalogiros.gr\/wp-content\/uploads\/2025\/01\/finland-multi-4.jpg 1001w\" sizes=\"auto, (max-width: 400px) 100vw, 400px\" \/><\/p>\n<p><img loading=\"lazy\" decoding=\"async\" src=\"https:\/\/kalogiros.gr\/wp-content\/uploads\/2025\/01\/finland-multi-2-400x400.jpg\" alt=\"\" width=\"400\" height=\"400\" class=\"alignnone size-medium wp-image-9372\" srcset=\"https:\/\/kalogiros.gr\/wp-content\/uploads\/2025\/01\/finland-multi-2-400x400.jpg 400w, https:\/\/kalogiros.gr\/wp-content\/uploads\/2025\/01\/finland-multi-2-800x800.jpg 800w, https:\/\/kalogiros.gr\/wp-content\/uploads\/2025\/01\/finland-multi-2-280x280.jpg 280w, https:\/\/kalogiros.gr\/wp-content\/uploads\/2025\/01\/finland-multi-2-768x768.jpg 768w, https:\/\/kalogiros.gr\/wp-content\/uploads\/2025\/01\/finland-multi-2-100x100.jpg 100w, https:\/\/kalogiros.gr\/wp-content\/uploads\/2025\/01\/finland-multi-2.jpg 1000w\" sizes=\"auto, (max-width: 400px) 100vw, 400px\" \/><\/p>\n<p><img loading=\"lazy\" decoding=\"async\" src=\"https:\/\/kalogiros.gr\/wp-content\/uploads\/2025\/01\/finland-multi-3-400x400.jpg\" alt=\"\" width=\"400\" height=\"400\" class=\"alignnone size-medium wp-image-9396\" srcset=\"https:\/\/kalogiros.gr\/wp-content\/uploads\/2025\/01\/finland-multi-3-400x400.jpg 400w, https:\/\/kalogiros.gr\/wp-content\/uploads\/2025\/01\/finland-multi-3-800x800.jpg 800w, https:\/\/kalogiros.gr\/wp-content\/uploads\/2025\/01\/finland-multi-3-280x280.jpg 280w, https:\/\/kalogiros.gr\/wp-content\/uploads\/2025\/01\/finland-multi-3-768x768.jpg 768w, https:\/\/kalogiros.gr\/wp-content\/uploads\/2025\/01\/finland-multi-3-100x100.jpg 100w, https:\/\/kalogiros.gr\/wp-content\/uploads\/2025\/01\/finland-multi-3.jpg 1000w\" sizes=\"auto, (max-width: 400px) 100vw, 400px\" \/>Ribarska mre\u017ea opremljena plutenim u\u017eetom i \u017eeljeznim u\u017eetom s ru\u010dnim u\u017eetom. Sivo-ljubi\u010dasta 0,18, visina 1,5 m, duljina 60 m <\/p>\n","protected":false},"excerpt":{"rendered":"<p>Debljina navoja 0,18 mm<\/p>\n<p> 1,8 metara visok<\/p>\n<p> 60 metara duga\u010dak<\/p>\n<p> Sivo-ljubi\u010dasta<\/p>\n<p> S majkom<\/p>\n<p>&nbsp;<\/p>\n","protected":false},"featured_media":9381,"template":"","meta":{"_sitemap_exclude":false,"_sitemap_priority":"","_sitemap_frequency":"","footnotes":""},"product_brand":[],"product_cat":[511,297],"product_tag":[],"class_list":{"0":"post-14726","1":"product","2":"type-product","3":"status-publish","4":"has-post-thumbnail","6":"product_cat-s-pletenim-uzetom-i-zeljeznim-uzetom","7":"product_cat---hr","9":"first","10":"instock","11":"taxable","12":"shipping-taxable","13":"purchasable","14":"product-type-variable"},"_links":{"self":[{"href":"https:\/\/kalogiros.gr\/hr\/wp-json\/wp\/v2\/product\/14726","targetHints":{"allow":["GET"]}}],"collection":[{"href":"https:\/\/kalogiros.gr\/hr\/wp-json\/wp\/v2\/product"}],"about":[{"href":"https:\/\/kalogiros.gr\/hr\/wp-json\/wp\/v2\/types\/product"}],"version-history":[{"count":1,"href":"https:\/\/kalogiros.gr\/hr\/wp-json\/wp\/v2\/product\/14726\/revisions"}],"predecessor-version":[{"id":14747,"href":"https:\/\/kalogiros.gr\/hr\/wp-json\/wp\/v2\/product\/14726\/revisions\/14747"}],"wp:featuredmedia":[{"embeddable":true,"href":"https:\/\/kalogiros.gr\/hr\/wp-json\/wp\/v2\/media\/9381"}],"wp:attachment":[{"href":"https:\/\/kalogiros.gr\/hr\/wp-json\/wp\/v2\/media?parent=14726"}],"wp:term":[{"taxonomy":"product_brand","embeddable":true,"href":"https:\/\/kalogiros.gr\/hr\/wp-json\/wp\/v2\/product_brand?post=14726"},{"taxonomy":"product_cat","embeddable":true,"href":"https:\/\/kalogiros.gr\/hr\/wp-json\/wp\/v2\/product_cat?post=14726"},{"taxonomy":"product_tag","embeddable":true,"href":"https:\/\/kalogiros.gr\/hr\/wp-json\/wp\/v2\/product_tag?post=14726"}],"curies":[{"name":"wp","href":"https:\/\/api.w.org\/{rel}","templated":true}]}}