{"id":15634,"date":"2026-04-20T10:13:26","date_gmt":"2026-04-20T10:13:26","guid":{"rendered":"https:\/\/kalogiros.gr\/shop\/Bez kategorije\/operne-zamke-opera\/"},"modified":"2026-04-20T10:15:38","modified_gmt":"2026-04-20T10:15:38","slug":"operne-zamke-opera","status":"publish","type":"product","link":"https:\/\/kalogiros.gr\/hr\/shop\/sportski-ribolov\/zamke\/operne-zamke-opera\/","title":{"rendered":"Operne zamke (OPERA)"},"content":{"rendered":"<p>OPERA klopke dimenzija 60*45*25 centimetara, te\u017eine 600 grama i veli\u010dine oka 13 milimetara.<\/p>\n<p>To je sklopiva klopka, s izdr\u017eljivim crnim okvirom, jednostavna za kori\u0161tenje, brzo se postavlja!<\/p>\n<p>Sa posebnom mre\u017eicom \u2013 vre\u0107icom za mamac!<\/p>\n<p>Idealno za ribu, jastoge, hobotnice itd.!<\/p>\n","protected":false},"excerpt":{"rendered":"<p>OPERA klopke dimenzija 60*45*25 centimetara, te\u017eine 600 grama i veli\u010dine oka 13 milimetara. To je sklopiva klopka, s izdr\u017eljivim crnim okvirom, jednostavna za kori\u0161tenje, brzo se postavlja! Sa posebnom mre\u017eicom \u2013 vre\u0107icom za mamac! Idealno za ribu, jastoge, hobotnice itd.!<\/p>\n","protected":false},"featured_media":15601,"template":"","meta":{"_sitemap_exclude":false,"_sitemap_priority":"","_sitemap_frequency":"","footnotes":""},"product_brand":[],"product_cat":[506],"product_tag":[],"class_list":{"0":"post-15634","1":"product","2":"type-product","3":"status-publish","4":"has-post-thumbnail","6":"product_cat-zamke","8":"first","9":"instock","10":"taxable","11":"shipping-taxable","12":"purchasable","13":"product-type-simple"},"_links":{"self":[{"href":"https:\/\/kalogiros.gr\/hr\/wp-json\/wp\/v2\/product\/15634","targetHints":{"allow":["GET"]}}],"collection":[{"href":"https:\/\/kalogiros.gr\/hr\/wp-json\/wp\/v2\/product"}],"about":[{"href":"https:\/\/kalogiros.gr\/hr\/wp-json\/wp\/v2\/types\/product"}],"version-history":[{"count":0,"href":"https:\/\/kalogiros.gr\/hr\/wp-json\/wp\/v2\/product\/15634\/revisions"}],"wp:featuredmedia":[{"embeddable":true,"href":"https:\/\/kalogiros.gr\/hr\/wp-json\/wp\/v2\/media\/15601"}],"wp:attachment":[{"href":"https:\/\/kalogiros.gr\/hr\/wp-json\/wp\/v2\/media?parent=15634"}],"wp:term":[{"taxonomy":"product_brand","embeddable":true,"href":"https:\/\/kalogiros.gr\/hr\/wp-json\/wp\/v2\/product_brand?post=15634"},{"taxonomy":"product_cat","embeddable":true,"href":"https:\/\/kalogiros.gr\/hr\/wp-json\/wp\/v2\/product_cat?post=15634"},{"taxonomy":"product_tag","embeddable":true,"href":"https:\/\/kalogiros.gr\/hr\/wp-json\/wp\/v2\/product_tag?post=15634"}],"curies":[{"name":"wp","href":"https:\/\/api.w.org\/{rel}","templated":true}]}}