{"id":2293,"date":"2021-10-30T09:46:31","date_gmt":"2021-10-30T09:46:31","guid":{"rendered":"https:\/\/kalogiros.gr\/shop\/Bez%20kategorije\/br-5\/"},"modified":"2025-03-28T18:13:02","modified_gmt":"2025-03-28T18:13:02","slug":"br-5","status":"publish","type":"product","link":"https:\/\/kalogiros.gr\/hr\/shop\/pluta\/plutace-za-mreze-stajacice\/plovci-za-super-duboko-more\/br-5\/","title":{"rendered":"BR 5"},"content":{"rendered":"<table class=\" aligncenter\" style=\"height: 196px;\" width=\"860\">\n<tbody>\n<tr>\n<td style=\"font-weight: 400;\" width=\"80%\">PRO DEEP WATER <strong>Vrsta<\/strong><\/td>\n<td style=\"text-align: center;\" width=\"100\">5<\/td>\n<\/tr>\n<tr>\n<td style=\"font-weight: 400;\"><strong>Promjer<\/strong> *(pribli\u017eno u mm)<\/td>\n<td style=\"text-align: center;\" width=\"100\">51<\/td>\n<\/tr>\n<tr>\n<td style=\"font-weight: 400;\"><strong>Visina<\/strong> *(pribli\u017eno u mm)<\/td>\n<td style=\"text-align: center;\" width=\"100\">23<\/td>\n<\/tr>\n<tr>\n<td style=\"font-weight: 400;\"><strong>Rupa<\/strong> *(pribli\u017eno u mm)<\/td>\n<td style=\"text-align: center;\" width=\"100\">11<\/td>\n<\/tr>\n<tr>\n<td style=\"font-weight: 400;\"><strong>Te\u017eina<\/strong> *(gr\u00b110%)<\/td>\n<td style=\"text-align: center;\" width=\"100\"><\/td>\n<\/tr>\n<tr>\n<td style=\"font-weight: 400;\"><strong>Imunitet<\/strong> *(gr\u00b110%)<\/td>\n<td style=\"text-align: center;\" width=\"100\"><\/td>\n<\/tr>\n<tr>\n<td style=\"font-weight: 400;\"><strong>Dubina<\/strong> *(m)<\/td>\n<td style=\"text-align: center;\" width=\"100\">250<\/td>\n<\/tr>\n<\/tbody>\n<\/table>\n","protected":false},"excerpt":{"rendered":"<p>PRO DEEP WATER Vrsta 5 Promjer *(pribli\u017eno u mm) 51 Visina *(pribli\u017eno u mm) 23 Rupa *(pribli\u017eno u mm) 11 Te\u017eina *(gr\u00b110%) Imunitet *(gr\u00b110%) Dubina *(m) 250<\/p>\n","protected":false},"featured_media":1389,"template":"","meta":{"_sitemap_exclude":false,"_sitemap_priority":"","_sitemap_frequency":"","footnotes":""},"product_brand":[],"product_cat":[254,227,237],"product_tag":[],"class_list":{"0":"post-2293","1":"product","2":"type-product","3":"status-publish","4":"has-post-thumbnail","6":"product_cat-plovci-za-super-duboko-more","7":"product_cat-pluta","8":"product_cat-plutace-za-mreze-stajacice","10":"first","11":"instock","12":"taxable","13":"shipping-taxable","14":"purchasable","15":"product-type-simple"},"_links":{"self":[{"href":"https:\/\/kalogiros.gr\/hr\/wp-json\/wp\/v2\/product\/2293","targetHints":{"allow":["GET"]}}],"collection":[{"href":"https:\/\/kalogiros.gr\/hr\/wp-json\/wp\/v2\/product"}],"about":[{"href":"https:\/\/kalogiros.gr\/hr\/wp-json\/wp\/v2\/types\/product"}],"version-history":[{"count":1,"href":"https:\/\/kalogiros.gr\/hr\/wp-json\/wp\/v2\/product\/2293\/revisions"}],"predecessor-version":[{"id":11888,"href":"https:\/\/kalogiros.gr\/hr\/wp-json\/wp\/v2\/product\/2293\/revisions\/11888"}],"wp:featuredmedia":[{"embeddable":true,"href":"https:\/\/kalogiros.gr\/hr\/wp-json\/wp\/v2\/media\/1389"}],"wp:attachment":[{"href":"https:\/\/kalogiros.gr\/hr\/wp-json\/wp\/v2\/media?parent=2293"}],"wp:term":[{"taxonomy":"product_brand","embeddable":true,"href":"https:\/\/kalogiros.gr\/hr\/wp-json\/wp\/v2\/product_brand?post=2293"},{"taxonomy":"product_cat","embeddable":true,"href":"https:\/\/kalogiros.gr\/hr\/wp-json\/wp\/v2\/product_cat?post=2293"},{"taxonomy":"product_tag","embeddable":true,"href":"https:\/\/kalogiros.gr\/hr\/wp-json\/wp\/v2\/product_tag?post=2293"}],"curies":[{"name":"wp","href":"https:\/\/api.w.org\/{rel}","templated":true}]}}