{"id":2303,"date":"2021-10-30T09:42:37","date_gmt":"2021-10-30T09:42:37","guid":{"rendered":"https:\/\/kalogiros.gr\/shop\/Bez%20kategorije\/bp-5\/"},"modified":"2025-03-28T18:13:12","modified_gmt":"2025-03-28T18:13:12","slug":"bp-5","status":"publish","type":"product","link":"https:\/\/kalogiros.gr\/hr\/shop\/pluta\/plutace-za-mreze-stajacice\/plutace-za-izrazito-duboko-more\/bp-5\/","title":{"rendered":"BP 5"},"content":{"rendered":"<table class=\" aligncenter\" style=\"height: 196px;\" width=\"860\">\n<tbody>\n<tr>\n<td style=\"font-weight: 400;\" width=\"80%\">ULTRA-ULTRA DUBOKA <strong>VODA Vrsta<\/strong><\/td>\n<td style=\"text-align: center;\" width=\"100\">5<\/td>\n<\/tr>\n<tr>\n<td style=\"font-weight: 400;\"><strong>Promjer<\/strong> *(pribli\u017eno u mm)<\/td>\n<td style=\"text-align: center;\" width=\"100\">51<\/td>\n<\/tr>\n<tr>\n<td style=\"font-weight: 400;\"><strong>Visina<\/strong> *(pribli\u017eno u mm)<\/td>\n<td style=\"text-align: center;\" width=\"100\">23<\/td>\n<\/tr>\n<tr>\n<td style=\"font-weight: 400;\"><strong>Rupa<\/strong> *(pribli\u017eno u mm)<\/td>\n<td style=\"text-align: center;\" width=\"100\">11<\/td>\n<\/tr>\n<tr>\n<td style=\"font-weight: 400;\"><strong>Te\u017eina<\/strong> *(gr\u00b110%)<\/td>\n<td style=\"text-align: center;\" width=\"100\"><\/td>\n<\/tr>\n<tr>\n<td style=\"font-weight: 400;\"><strong>Imunitet<\/strong> *(gr\u00b110%)<\/td>\n<td style=\"text-align: center;\" width=\"100\"><\/td>\n<\/tr>\n<tr>\n<td style=\"font-weight: 400;\"><strong>Dubina<\/strong> *(m)<\/td>\n<td style=\"text-align: center;\" width=\"100\">500<\/td>\n<\/tr>\n<\/tbody>\n<\/table>\n","protected":false},"excerpt":{"rendered":"<p>ULTRA-ULTRA DUBOKA VODA Vrsta 5 Promjer *(pribli\u017eno u mm) 51 Visina *(pribli\u017eno u mm) 23 Rupa *(pribli\u017eno u mm) 11 Te\u017eina *(gr\u00b110%) Imunitet *(gr\u00b110%) Dubina *(m) 500<\/p>\n","protected":false},"featured_media":1383,"template":"","meta":{"_sitemap_exclude":false,"_sitemap_priority":"","_sitemap_frequency":"","footnotes":""},"product_brand":[],"product_cat":[227,251,237],"product_tag":[],"class_list":{"0":"post-2303","1":"product","2":"type-product","3":"status-publish","4":"has-post-thumbnail","6":"product_cat-pluta","7":"product_cat-plutace-za-izrazito-duboko-more","8":"product_cat-plutace-za-mreze-stajacice","10":"first","11":"instock","12":"taxable","13":"shipping-taxable","14":"purchasable","15":"product-type-simple"},"_links":{"self":[{"href":"https:\/\/kalogiros.gr\/hr\/wp-json\/wp\/v2\/product\/2303","targetHints":{"allow":["GET"]}}],"collection":[{"href":"https:\/\/kalogiros.gr\/hr\/wp-json\/wp\/v2\/product"}],"about":[{"href":"https:\/\/kalogiros.gr\/hr\/wp-json\/wp\/v2\/types\/product"}],"version-history":[{"count":1,"href":"https:\/\/kalogiros.gr\/hr\/wp-json\/wp\/v2\/product\/2303\/revisions"}],"predecessor-version":[{"id":11898,"href":"https:\/\/kalogiros.gr\/hr\/wp-json\/wp\/v2\/product\/2303\/revisions\/11898"}],"wp:featuredmedia":[{"embeddable":true,"href":"https:\/\/kalogiros.gr\/hr\/wp-json\/wp\/v2\/media\/1383"}],"wp:attachment":[{"href":"https:\/\/kalogiros.gr\/hr\/wp-json\/wp\/v2\/media?parent=2303"}],"wp:term":[{"taxonomy":"product_brand","embeddable":true,"href":"https:\/\/kalogiros.gr\/hr\/wp-json\/wp\/v2\/product_brand?post=2303"},{"taxonomy":"product_cat","embeddable":true,"href":"https:\/\/kalogiros.gr\/hr\/wp-json\/wp\/v2\/product_cat?post=2303"},{"taxonomy":"product_tag","embeddable":true,"href":"https:\/\/kalogiros.gr\/hr\/wp-json\/wp\/v2\/product_tag?post=2303"}],"curies":[{"name":"wp","href":"https:\/\/api.w.org\/{rel}","templated":true}]}}