{"id":2304,"date":"2021-10-30T09:40:10","date_gmt":"2021-10-30T09:40:10","guid":{"rendered":"https:\/\/kalogiros.gr\/shop\/Bez%20kategorije\/bp-6\/"},"modified":"2025-03-28T18:13:22","modified_gmt":"2025-03-28T18:13:22","slug":"bp-6","status":"publish","type":"product","link":"https:\/\/kalogiros.gr\/hr\/shop\/pluta\/plutace-za-mreze-stajacice\/plutace-za-izrazito-duboko-more\/bp-6\/","title":{"rendered":"BP 6"},"content":{"rendered":"<table class=\" aligncenter\" style=\"height: 196px;\" width=\"860\">\n<tbody>\n<tr>\n<td style=\"font-weight: 400;\" width=\"80%\">ULTRA-ULTRA DUBOKA <strong>VODA Vrsta<\/strong><\/td>\n<td style=\"text-align: center;\" width=\"100\">6<\/td>\n<\/tr>\n<tr>\n<td style=\"font-weight: 400;\"><strong>Promjer<\/strong> *(pribli\u017eno u mm)<\/td>\n<td style=\"text-align: center;\" width=\"100\">63<\/td>\n<\/tr>\n<tr>\n<td style=\"font-weight: 400;\"><strong>Visina<\/strong> *(pribli\u017eno u mm)<\/td>\n<td style=\"text-align: center;\" width=\"100\">31<\/td>\n<\/tr>\n<tr>\n<td style=\"font-weight: 400;\"><strong>Rupa<\/strong> *(pribli\u017eno u mm)<\/td>\n<td style=\"text-align: center;\" width=\"100\">12<\/td>\n<\/tr>\n<tr>\n<td style=\"font-weight: 400;\"><strong>Te\u017eina<\/strong> *(gr\u00b110%)<\/td>\n<td style=\"text-align: center;\" width=\"100\"><\/td>\n<\/tr>\n<tr>\n<td style=\"font-weight: 400;\"><strong>Imunitet<\/strong> *(gr\u00b110%)<\/td>\n<td style=\"text-align: center;\" width=\"100\"><\/td>\n<\/tr>\n<tr>\n<td style=\"font-weight: 400;\"><strong>Dubina<\/strong> *(m)<\/td>\n<td style=\"text-align: center;\" width=\"100\">500<\/td>\n<\/tr>\n<\/tbody>\n<\/table>\n","protected":false},"excerpt":{"rendered":"<p>ULTRA-ULTRA DUBOKA VODA Vrsta 6 Promjer *(pribli\u017eno u mm) 63 Visina *(pribli\u017eno u mm) 31 Rupa *(pribli\u017eno u mm) 12 Te\u017eina *(gr\u00b110%) Imunitet *(gr\u00b110%) Dubina *(m) 500<\/p>\n","protected":false},"featured_media":1383,"template":"","meta":{"_sitemap_exclude":false,"_sitemap_priority":"","_sitemap_frequency":"","footnotes":""},"product_brand":[],"product_cat":[227,251,237],"product_tag":[],"class_list":{"0":"post-2304","1":"product","2":"type-product","3":"status-publish","4":"has-post-thumbnail","6":"product_cat-pluta","7":"product_cat-plutace-za-izrazito-duboko-more","8":"product_cat-plutace-za-mreze-stajacice","10":"first","11":"instock","12":"taxable","13":"shipping-taxable","14":"purchasable","15":"product-type-simple"},"_links":{"self":[{"href":"https:\/\/kalogiros.gr\/hr\/wp-json\/wp\/v2\/product\/2304","targetHints":{"allow":["GET"]}}],"collection":[{"href":"https:\/\/kalogiros.gr\/hr\/wp-json\/wp\/v2\/product"}],"about":[{"href":"https:\/\/kalogiros.gr\/hr\/wp-json\/wp\/v2\/types\/product"}],"version-history":[{"count":1,"href":"https:\/\/kalogiros.gr\/hr\/wp-json\/wp\/v2\/product\/2304\/revisions"}],"predecessor-version":[{"id":11907,"href":"https:\/\/kalogiros.gr\/hr\/wp-json\/wp\/v2\/product\/2304\/revisions\/11907"}],"wp:featuredmedia":[{"embeddable":true,"href":"https:\/\/kalogiros.gr\/hr\/wp-json\/wp\/v2\/media\/1383"}],"wp:attachment":[{"href":"https:\/\/kalogiros.gr\/hr\/wp-json\/wp\/v2\/media?parent=2304"}],"wp:term":[{"taxonomy":"product_brand","embeddable":true,"href":"https:\/\/kalogiros.gr\/hr\/wp-json\/wp\/v2\/product_brand?post=2304"},{"taxonomy":"product_cat","embeddable":true,"href":"https:\/\/kalogiros.gr\/hr\/wp-json\/wp\/v2\/product_cat?post=2304"},{"taxonomy":"product_tag","embeddable":true,"href":"https:\/\/kalogiros.gr\/hr\/wp-json\/wp\/v2\/product_tag?post=2304"}],"curies":[{"name":"wp","href":"https:\/\/api.w.org\/{rel}","templated":true}]}}