{"id":2341,"date":"2021-10-30T08:56:46","date_gmt":"2021-10-30T08:56:46","guid":{"rendered":"https:\/\/kalogiros.gr\/shop\/Bez%20kategorije\/bg-4\/"},"modified":"2025-03-28T18:13:32","modified_gmt":"2025-03-28T18:13:32","slug":"bg-4","status":"publish","type":"product","link":"https:\/\/kalogiros.gr\/hr\/shop\/pluta\/plutace-za-mreze-stajacice\/plutace-za-duboko-more\/bg-4\/","title":{"rendered":"BG 4"},"content":{"rendered":"<table class=\" aligncenter\" style=\"height: 196px;\" width=\"860\">\n<tbody>\n<tr>\n<td style=\"font-weight: 400;\" width=\"80%\">DUBOKA VODA <strong>Vrsta<\/strong><\/td>\n<td style=\"text-align: center;\" width=\"100\">4<\/td>\n<\/tr>\n<tr>\n<td style=\"font-weight: 400;\"><strong>Promjer<\/strong> *(pribli\u017eno u mm)<\/td>\n<td style=\"text-align: center;\" width=\"100\">42<\/td>\n<\/tr>\n<tr>\n<td style=\"font-weight: 400;\"><strong>Visina<\/strong> *(pribli\u017eno u mm)<\/td>\n<td style=\"text-align: center;\" width=\"100\">19.5<\/td>\n<\/tr>\n<tr>\n<td style=\"font-weight: 400;\"><strong>Rupa<\/strong> *(pribli\u017eno u mm)<\/td>\n<td style=\"text-align: center;\" width=\"100\">10<\/td>\n<\/tr>\n<tr>\n<td style=\"font-weight: 400;\"><strong>Te\u017eina<\/strong> *(gr\u00b110%)<\/td>\n<td style=\"text-align: center;\" width=\"100\"><\/td>\n<\/tr>\n<tr>\n<td style=\"font-weight: 400;\"><strong>Imunitet<\/strong> *(gr\u00b110%)<\/td>\n<td style=\"text-align: center;\" width=\"100\"><\/td>\n<\/tr>\n<tr>\n<td style=\"font-weight: 400;\"><strong>Dubina<\/strong> *(m)<\/td>\n<td style=\"text-align: center;\" width=\"100\">125<\/td>\n<\/tr>\n<\/tbody>\n<\/table>\n","protected":false},"excerpt":{"rendered":"<p>DUBOKA VODA Vrsta 4 Promjer *(pribli\u017eno u mm) 42 Visina *(pribli\u017eno u mm) 19.5 Rupa *(pribli\u017eno u mm) 10 Te\u017eina *(gr\u00b110%) Imunitet *(gr\u00b110%) Dubina *(m) 125<\/p>\n","protected":false},"featured_media":1377,"template":"","meta":{"_sitemap_exclude":false,"_sitemap_priority":"","_sitemap_frequency":"","footnotes":""},"product_brand":[],"product_cat":[227,240,237],"product_tag":[],"class_list":{"0":"post-2341","1":"product","2":"type-product","3":"status-publish","4":"has-post-thumbnail","6":"product_cat-pluta","7":"product_cat-plutace-za-duboko-more","8":"product_cat-plutace-za-mreze-stajacice","10":"first","11":"instock","12":"taxable","13":"shipping-taxable","14":"purchasable","15":"product-type-simple"},"_links":{"self":[{"href":"https:\/\/kalogiros.gr\/hr\/wp-json\/wp\/v2\/product\/2341","targetHints":{"allow":["GET"]}}],"collection":[{"href":"https:\/\/kalogiros.gr\/hr\/wp-json\/wp\/v2\/product"}],"about":[{"href":"https:\/\/kalogiros.gr\/hr\/wp-json\/wp\/v2\/types\/product"}],"version-history":[{"count":1,"href":"https:\/\/kalogiros.gr\/hr\/wp-json\/wp\/v2\/product\/2341\/revisions"}],"predecessor-version":[{"id":11918,"href":"https:\/\/kalogiros.gr\/hr\/wp-json\/wp\/v2\/product\/2341\/revisions\/11918"}],"wp:featuredmedia":[{"embeddable":true,"href":"https:\/\/kalogiros.gr\/hr\/wp-json\/wp\/v2\/media\/1377"}],"wp:attachment":[{"href":"https:\/\/kalogiros.gr\/hr\/wp-json\/wp\/v2\/media?parent=2341"}],"wp:term":[{"taxonomy":"product_brand","embeddable":true,"href":"https:\/\/kalogiros.gr\/hr\/wp-json\/wp\/v2\/product_brand?post=2341"},{"taxonomy":"product_cat","embeddable":true,"href":"https:\/\/kalogiros.gr\/hr\/wp-json\/wp\/v2\/product_cat?post=2341"},{"taxonomy":"product_tag","embeddable":true,"href":"https:\/\/kalogiros.gr\/hr\/wp-json\/wp\/v2\/product_tag?post=2341"}],"curies":[{"name":"wp","href":"https:\/\/api.w.org\/{rel}","templated":true}]}}