{"id":2349,"date":"2021-08-02T14:46:36","date_gmt":"2021-08-02T14:46:36","guid":{"rendered":"https:\/\/kalogiros.gr\/shop\/Bez%20kategorije\/dixtya-podosfairo\/"},"modified":"2025-03-28T18:13:41","modified_gmt":"2025-03-28T18:13:41","slug":"dixtya-podosfairo","status":"publish","type":"product","link":"https:\/\/kalogiros.gr\/hr\/shop\/sportske-mreze\/nogometne-mreze\/dixtya-podosfairo\/","title":{"rendered":"5&#215;5 mre\u017ee za doma\u0107i nogomet"},"content":{"rendered":"<p>5&#215;5 mre\u017ee za doma\u0107i nogomet<\/p>\n","protected":false},"excerpt":{"rendered":"<p>Mre\u017ea za nogomet 5&#215;5<br \/>\n Dimenzije: \u0161irina: 3 metra, visina: 2 metra, dubina: 1 metar<br \/>\n Boja Bijela<br \/>\n Dostupno i u pakiranju od 2 (par)<\/p>\n","protected":false},"featured_media":1202,"template":"","meta":{"_sitemap_exclude":false,"_sitemap_priority":"","_sitemap_frequency":"","footnotes":""},"product_brand":[],"product_cat":[407],"product_tag":[],"class_list":{"0":"post-2349","1":"product","2":"type-product","3":"status-publish","4":"has-post-thumbnail","6":"product_cat-nogometne-mreze","8":"first","9":"instock","10":"taxable","11":"shipping-taxable","12":"purchasable","13":"product-type-variable"},"_links":{"self":[{"href":"https:\/\/kalogiros.gr\/hr\/wp-json\/wp\/v2\/product\/2349","targetHints":{"allow":["GET"]}}],"collection":[{"href":"https:\/\/kalogiros.gr\/hr\/wp-json\/wp\/v2\/product"}],"about":[{"href":"https:\/\/kalogiros.gr\/hr\/wp-json\/wp\/v2\/types\/product"}],"version-history":[{"count":1,"href":"https:\/\/kalogiros.gr\/hr\/wp-json\/wp\/v2\/product\/2349\/revisions"}],"predecessor-version":[{"id":11926,"href":"https:\/\/kalogiros.gr\/hr\/wp-json\/wp\/v2\/product\/2349\/revisions\/11926"}],"wp:featuredmedia":[{"embeddable":true,"href":"https:\/\/kalogiros.gr\/hr\/wp-json\/wp\/v2\/media\/1202"}],"wp:attachment":[{"href":"https:\/\/kalogiros.gr\/hr\/wp-json\/wp\/v2\/media?parent=2349"}],"wp:term":[{"taxonomy":"product_brand","embeddable":true,"href":"https:\/\/kalogiros.gr\/hr\/wp-json\/wp\/v2\/product_brand?post=2349"},{"taxonomy":"product_cat","embeddable":true,"href":"https:\/\/kalogiros.gr\/hr\/wp-json\/wp\/v2\/product_cat?post=2349"},{"taxonomy":"product_tag","embeddable":true,"href":"https:\/\/kalogiros.gr\/hr\/wp-json\/wp\/v2\/product_tag?post=2349"}],"curies":[{"name":"wp","href":"https:\/\/api.w.org\/{rel}","templated":true}]}}