{"id":2354,"date":"2021-08-02T14:43:55","date_gmt":"2021-08-02T14:43:55","guid":{"rendered":"https:\/\/kalogiros.gr\/shop\/Bez%20kategorije\/dixty-volei\/"},"modified":"2025-03-28T17:52:18","modified_gmt":"2025-03-28T17:52:18","slug":"dixty-volei","status":"publish","type":"product","link":"https:\/\/kalogiros.gr\/hr\/shop\/sportske-mreze\/dixty-volei\/","title":{"rendered":"Mre\u017ea za odbojku"},"content":{"rendered":"<p>Mre\u017ea za odbojku s PE mre\u017eom debljine 2,5 mm i \u017ei\u010danim u\u017eetom.<br \/>\nDimenzije: Duljina 9,5 metara i visina 1 metar.<br \/>\nZa\u0161titni rubovi na vrhu, dnu i sa strane.<br \/>\nDolazi s torbom za no\u0161enje.<\/p>\n","protected":false},"excerpt":{"rendered":"<p>Mre\u017ea za odbojku s PE mre\u017eom debljine 2,5 mm i \u017ei\u010danim u\u017eetom. Dimenzije: Duljina 9,5 metara i visina 1 metar. Za\u0161titni rubovi na vrhu, dnu i sa strane. Dolazi s torbom za no\u0161enje.<\/p>\n","protected":false},"featured_media":2622,"template":"","meta":{"_sitemap_exclude":false,"_sitemap_priority":"","_sitemap_frequency":"","footnotes":""},"product_brand":[],"product_cat":[187],"product_tag":[],"class_list":{"0":"post-2354","1":"product","2":"type-product","3":"status-publish","4":"has-post-thumbnail","6":"product_cat-sportske-mreze","8":"first","9":"instock","10":"taxable","11":"shipping-taxable","12":"purchasable","13":"product-type-simple"},"_links":{"self":[{"href":"https:\/\/kalogiros.gr\/hr\/wp-json\/wp\/v2\/product\/2354","targetHints":{"allow":["GET"]}}],"collection":[{"href":"https:\/\/kalogiros.gr\/hr\/wp-json\/wp\/v2\/product"}],"about":[{"href":"https:\/\/kalogiros.gr\/hr\/wp-json\/wp\/v2\/types\/product"}],"version-history":[{"count":1,"href":"https:\/\/kalogiros.gr\/hr\/wp-json\/wp\/v2\/product\/2354\/revisions"}],"predecessor-version":[{"id":10018,"href":"https:\/\/kalogiros.gr\/hr\/wp-json\/wp\/v2\/product\/2354\/revisions\/10018"}],"wp:featuredmedia":[{"embeddable":true,"href":"https:\/\/kalogiros.gr\/hr\/wp-json\/wp\/v2\/media\/2622"}],"wp:attachment":[{"href":"https:\/\/kalogiros.gr\/hr\/wp-json\/wp\/v2\/media?parent=2354"}],"wp:term":[{"taxonomy":"product_brand","embeddable":true,"href":"https:\/\/kalogiros.gr\/hr\/wp-json\/wp\/v2\/product_brand?post=2354"},{"taxonomy":"product_cat","embeddable":true,"href":"https:\/\/kalogiros.gr\/hr\/wp-json\/wp\/v2\/product_cat?post=2354"},{"taxonomy":"product_tag","embeddable":true,"href":"https:\/\/kalogiros.gr\/hr\/wp-json\/wp\/v2\/product_tag?post=2354"}],"curies":[{"name":"wp","href":"https:\/\/api.w.org\/{rel}","templated":true}]}}