{"id":2355,"date":"2021-08-02T14:42:26","date_gmt":"2021-08-02T14:42:26","guid":{"rendered":"https:\/\/kalogiros.gr\/shop\/Bez%20kategorije\/dixty-ping-pong\/"},"modified":"2025-03-28T17:52:18","modified_gmt":"2025-03-28T17:52:18","slug":"dixty-ping-pong","status":"publish","type":"product","link":"https:\/\/kalogiros.gr\/hr\/shop\/sportske-mreze\/dixty-ping-pong\/","title":{"rendered":"Mre\u017ea za stolni tenis"},"content":{"rendered":"<p>Mre\u017ea za ping pong s u\u017eetom za vezanje.<br \/>\nNe uklju\u010duje bazu.<\/p>\n","protected":false},"excerpt":{"rendered":"<p>Mre\u017ea za ping pong s u\u017eetom za vezanje. Ne uklju\u010duje bazu.<\/p>\n","protected":false},"featured_media":2682,"template":"","meta":{"_sitemap_exclude":false,"_sitemap_priority":"","_sitemap_frequency":"","footnotes":""},"product_brand":[],"product_cat":[187],"product_tag":[],"class_list":{"0":"post-2355","1":"product","2":"type-product","3":"status-publish","4":"has-post-thumbnail","6":"product_cat-sportske-mreze","8":"first","9":"instock","10":"taxable","11":"shipping-taxable","12":"purchasable","13":"product-type-simple"},"_links":{"self":[{"href":"https:\/\/kalogiros.gr\/hr\/wp-json\/wp\/v2\/product\/2355","targetHints":{"allow":["GET"]}}],"collection":[{"href":"https:\/\/kalogiros.gr\/hr\/wp-json\/wp\/v2\/product"}],"about":[{"href":"https:\/\/kalogiros.gr\/hr\/wp-json\/wp\/v2\/types\/product"}],"version-history":[{"count":1,"href":"https:\/\/kalogiros.gr\/hr\/wp-json\/wp\/v2\/product\/2355\/revisions"}],"predecessor-version":[{"id":10017,"href":"https:\/\/kalogiros.gr\/hr\/wp-json\/wp\/v2\/product\/2355\/revisions\/10017"}],"wp:featuredmedia":[{"embeddable":true,"href":"https:\/\/kalogiros.gr\/hr\/wp-json\/wp\/v2\/media\/2682"}],"wp:attachment":[{"href":"https:\/\/kalogiros.gr\/hr\/wp-json\/wp\/v2\/media?parent=2355"}],"wp:term":[{"taxonomy":"product_brand","embeddable":true,"href":"https:\/\/kalogiros.gr\/hr\/wp-json\/wp\/v2\/product_brand?post=2355"},{"taxonomy":"product_cat","embeddable":true,"href":"https:\/\/kalogiros.gr\/hr\/wp-json\/wp\/v2\/product_cat?post=2355"},{"taxonomy":"product_tag","embeddable":true,"href":"https:\/\/kalogiros.gr\/hr\/wp-json\/wp\/v2\/product_tag?post=2355"}],"curies":[{"name":"wp","href":"https:\/\/api.w.org\/{rel}","templated":true}]}}