{"id":2356,"date":"2021-08-02T14:40:35","date_gmt":"2021-08-02T14:40:35","guid":{"rendered":"https:\/\/kalogiros.gr\/shop\/Bez%20kategorije\/dixty-tenis\/"},"modified":"2025-03-28T17:52:27","modified_gmt":"2025-03-28T17:52:27","slug":"dixty-tenis","status":"publish","type":"product","link":"https:\/\/kalogiros.gr\/hr\/shop\/sportske-mreze\/dixty-tenis\/","title":{"rendered":"Teniska mre\u017ea"},"content":{"rendered":"<p>Teniska mre\u017ea od PE materijala debljine 2,5 mm i \u017ei\u010dane u\u017eadi.<br \/>\nDimenzije: Du\u017eina 12,8 metara i visina 1 metar.<br \/>\nZa\u0161titni rubovi na vrhu, dnu i sa strane.<br \/>\nDolazi s torbom za no\u0161enje.<br \/>\nBez rastezljivog pojasa.<\/p>\n","protected":false},"excerpt":{"rendered":"<p>Teniska mre\u017ea od PE materijala debljine 2,5 mm i \u017ei\u010dane u\u017eadi. Dimenzije: Du\u017eina 12,8 metara i visina 1 metar. Za\u0161titni rubovi na vrhu, dnu i sa strane. Dolazi s torbom za no\u0161enje. Bez rastezljivog pojasa.<\/p>\n","protected":false},"featured_media":2603,"template":"","meta":{"_sitemap_exclude":false,"_sitemap_priority":"","_sitemap_frequency":"","footnotes":""},"product_brand":[],"product_cat":[187],"product_tag":[],"class_list":{"0":"post-2356","1":"product","2":"type-product","3":"status-publish","4":"has-post-thumbnail","6":"product_cat-sportske-mreze","8":"first","9":"instock","10":"taxable","11":"shipping-taxable","12":"purchasable","13":"product-type-simple"},"_links":{"self":[{"href":"https:\/\/kalogiros.gr\/hr\/wp-json\/wp\/v2\/product\/2356","targetHints":{"allow":["GET"]}}],"collection":[{"href":"https:\/\/kalogiros.gr\/hr\/wp-json\/wp\/v2\/product"}],"about":[{"href":"https:\/\/kalogiros.gr\/hr\/wp-json\/wp\/v2\/types\/product"}],"version-history":[{"count":1,"href":"https:\/\/kalogiros.gr\/hr\/wp-json\/wp\/v2\/product\/2356\/revisions"}],"predecessor-version":[{"id":10027,"href":"https:\/\/kalogiros.gr\/hr\/wp-json\/wp\/v2\/product\/2356\/revisions\/10027"}],"wp:featuredmedia":[{"embeddable":true,"href":"https:\/\/kalogiros.gr\/hr\/wp-json\/wp\/v2\/media\/2603"}],"wp:attachment":[{"href":"https:\/\/kalogiros.gr\/hr\/wp-json\/wp\/v2\/media?parent=2356"}],"wp:term":[{"taxonomy":"product_brand","embeddable":true,"href":"https:\/\/kalogiros.gr\/hr\/wp-json\/wp\/v2\/product_brand?post=2356"},{"taxonomy":"product_cat","embeddable":true,"href":"https:\/\/kalogiros.gr\/hr\/wp-json\/wp\/v2\/product_cat?post=2356"},{"taxonomy":"product_tag","embeddable":true,"href":"https:\/\/kalogiros.gr\/hr\/wp-json\/wp\/v2\/product_tag?post=2356"}],"curies":[{"name":"wp","href":"https:\/\/api.w.org\/{rel}","templated":true}]}}