{"id":2357,"date":"2021-08-02T14:38:01","date_gmt":"2021-08-02T14:38:01","guid":{"rendered":"https:\/\/kalogiros.gr\/shop\/Bez%20kategorije\/dixty-basket\/"},"modified":"2025-03-28T17:52:27","modified_gmt":"2025-03-28T17:52:27","slug":"dixty-basket","status":"publish","type":"product","link":"https:\/\/kalogiros.gr\/hr\/shop\/sportske-mreze\/dixty-basket\/","title":{"rendered":"Ko\u0161arka\u0161ka mre\u017ea"},"content":{"rendered":"<p>Izdr\u017eljiva ko\u0161arka\u0161ka mre\u017ea u bojama<\/p>\n","protected":false},"excerpt":{"rendered":"<p>Mre\u017ea za ko\u0161arku, oja\u010dana debljine 5 milimetara.<br \/>\nTrobojnica za ko\u0161arku standardne veli\u010dine.<br \/>\nDostupno i u pakiranju od 2 komada.<\/p>\n","protected":false},"featured_media":2654,"template":"","meta":{"_sitemap_exclude":false,"_sitemap_priority":"","_sitemap_frequency":"","footnotes":""},"product_brand":[],"product_cat":[187],"product_tag":[],"class_list":{"0":"post-2357","1":"product","2":"type-product","3":"status-publish","4":"has-post-thumbnail","6":"product_cat-sportske-mreze","8":"first","9":"instock","10":"taxable","11":"shipping-taxable","12":"purchasable","13":"product-type-variable"},"_links":{"self":[{"href":"https:\/\/kalogiros.gr\/hr\/wp-json\/wp\/v2\/product\/2357","targetHints":{"allow":["GET"]}}],"collection":[{"href":"https:\/\/kalogiros.gr\/hr\/wp-json\/wp\/v2\/product"}],"about":[{"href":"https:\/\/kalogiros.gr\/hr\/wp-json\/wp\/v2\/types\/product"}],"version-history":[{"count":1,"href":"https:\/\/kalogiros.gr\/hr\/wp-json\/wp\/v2\/product\/2357\/revisions"}],"predecessor-version":[{"id":10028,"href":"https:\/\/kalogiros.gr\/hr\/wp-json\/wp\/v2\/product\/2357\/revisions\/10028"}],"wp:featuredmedia":[{"embeddable":true,"href":"https:\/\/kalogiros.gr\/hr\/wp-json\/wp\/v2\/media\/2654"}],"wp:attachment":[{"href":"https:\/\/kalogiros.gr\/hr\/wp-json\/wp\/v2\/media?parent=2357"}],"wp:term":[{"taxonomy":"product_brand","embeddable":true,"href":"https:\/\/kalogiros.gr\/hr\/wp-json\/wp\/v2\/product_brand?post=2357"},{"taxonomy":"product_cat","embeddable":true,"href":"https:\/\/kalogiros.gr\/hr\/wp-json\/wp\/v2\/product_cat?post=2357"},{"taxonomy":"product_tag","embeddable":true,"href":"https:\/\/kalogiros.gr\/hr\/wp-json\/wp\/v2\/product_tag?post=2357"}],"curies":[{"name":"wp","href":"https:\/\/api.w.org\/{rel}","templated":true}]}}