{"id":2362,"date":"2021-08-02T14:32:24","date_gmt":"2021-08-02T14:32:24","guid":{"rendered":"https:\/\/kalogiros.gr\/shop\/Bez%20kategorije\/atherinodikto\/"},"modified":"2025-03-28T17:52:36","modified_gmt":"2025-03-28T17:52:36","slug":"atherinodikto","status":"publish","type":"product","link":"https:\/\/kalogiros.gr\/hr\/shop\/sportski-ribolov\/mreza-gavunera\/atherinodikto\/","title":{"rendered":"Ljetna mre\u017ea"},"content":{"rendered":"<p>MRE\u017dA ZA LJETO GOTOVA U RAZNIM DU\u017dINAMA<br \/>\n SA MRE\u017dICOM 110\/2 \u2013 7mm \u2013 150md<br \/>\n VISINA 2,1 METAR<br \/>\n S dvostrukim olovnim u\u017eetom<\/p>\n","protected":false},"excerpt":{"rendered":"<p>MRE\u017dA ZA LJETO GOTOVA U RAZNIM DU\u017dINAMA SA MRE\u017dICOM 110\/2 \u2013 7mm \u2013 150md VISINA 2,1 METAR S dvostrukim olovnim u\u017eetom<\/p>\n","protected":false},"featured_media":7511,"template":"","meta":{"_sitemap_exclude":false,"_sitemap_priority":"","_sitemap_frequency":"","footnotes":""},"product_brand":[],"product_cat":[198,194],"product_tag":[],"class_list":{"0":"post-2362","1":"product","2":"type-product","3":"status-publish","4":"has-post-thumbnail","6":"product_cat-mreza-gavunera","7":"product_cat-sportski-ribolov","9":"first","10":"instock","11":"taxable","12":"shipping-taxable","13":"purchasable","14":"product-type-variable"},"_links":{"self":[{"href":"https:\/\/kalogiros.gr\/hr\/wp-json\/wp\/v2\/product\/2362","targetHints":{"allow":["GET"]}}],"collection":[{"href":"https:\/\/kalogiros.gr\/hr\/wp-json\/wp\/v2\/product"}],"about":[{"href":"https:\/\/kalogiros.gr\/hr\/wp-json\/wp\/v2\/types\/product"}],"version-history":[{"count":1,"href":"https:\/\/kalogiros.gr\/hr\/wp-json\/wp\/v2\/product\/2362\/revisions"}],"predecessor-version":[{"id":10038,"href":"https:\/\/kalogiros.gr\/hr\/wp-json\/wp\/v2\/product\/2362\/revisions\/10038"}],"wp:featuredmedia":[{"embeddable":true,"href":"https:\/\/kalogiros.gr\/hr\/wp-json\/wp\/v2\/media\/7511"}],"wp:attachment":[{"href":"https:\/\/kalogiros.gr\/hr\/wp-json\/wp\/v2\/media?parent=2362"}],"wp:term":[{"taxonomy":"product_brand","embeddable":true,"href":"https:\/\/kalogiros.gr\/hr\/wp-json\/wp\/v2\/product_brand?post=2362"},{"taxonomy":"product_cat","embeddable":true,"href":"https:\/\/kalogiros.gr\/hr\/wp-json\/wp\/v2\/product_cat?post=2362"},{"taxonomy":"product_tag","embeddable":true,"href":"https:\/\/kalogiros.gr\/hr\/wp-json\/wp\/v2\/product_tag?post=2362"}],"curies":[{"name":"wp","href":"https:\/\/api.w.org\/{rel}","templated":true}]}}