{"id":2416,"date":"2021-05-24T13:43:25","date_gmt":"2021-05-24T13:43:25","guid":{"rendered":"https:\/\/kalogiros.gr\/shop\/Bez%20kategorije\/ef-3\/"},"modified":"2025-03-28T17:54:58","modified_gmt":"2025-03-28T17:54:58","slug":"ef-3","status":"publish","type":"product","link":"https:\/\/kalogiros.gr\/hr\/shop\/pluta\/eva-pluta-za-plivarice\/ef-3\/","title":{"rendered":"EF-3"},"content":{"rendered":"","protected":false},"excerpt":{"rendered":"<p>\u2713 Eva plovci su proizvedeni od etilen vinila. Acetat i vrlo su popularni za vre\u0107e i mre\u017ee.<br \/>\n\u2713 Eva plovci izvrsni su u ribolovu. Ekstremni vremenski uvjeti ne \u0161tete EVA plovcima. Vrlo su fleksibilni u kori\u0161tenju Power Block Operacije.<br \/>\n\u2713 Vla\u010dna \u010dvrsto\u0107a eva plovaka je izvrsna, tako da se ne lome, skupljaju ili deformiraju tijekom ribolova.<\/p>\n<table class=\" aligncenter\" width=\"100%\">\n<tbody>\n<tr>\n<td style=\"font-weight: 400;\" width=\"80%\"><strong>TIP<\/strong><\/td>\n<td style=\"text-align: center;\" width=\"100\">EF-3<\/td>\n<\/tr>\n<tr>\n<td style=\"font-weight: 400;\"><strong>LxODxHD (MM)<\/strong> *(specifikacija \u00b110%)<\/td>\n<td style=\"text-align: center;\" width=\"100\">105 x 72 x 20<\/td>\n<\/tr>\n<tr>\n<td style=\"font-weight: 400;\"><strong>WT(G)<\/strong> *(specifikacija \u00b110%)<\/td>\n<td style=\"text-align: center;\" width=\"100\">60<\/td>\n<\/tr>\n<tr>\n<td style=\"font-weight: 400;\"><strong>UZGON (G)<\/strong> *(specifikacija \u00b110%)<\/td>\n<td style=\"text-align: center;\" width=\"100\">315<\/td>\n<\/tr>\n<\/tbody>\n<\/table>\n","protected":false},"featured_media":1722,"template":"","meta":{"_sitemap_exclude":false,"_sitemap_priority":"","_sitemap_frequency":"","footnotes":""},"product_brand":[],"product_cat":[230,227],"product_tag":[],"class_list":{"0":"post-2416","1":"product","2":"type-product","3":"status-publish","4":"has-post-thumbnail","6":"product_cat-eva-pluta-za-plivarice","7":"product_cat-pluta","9":"first","10":"instock","11":"taxable","12":"shipping-taxable","13":"purchasable","14":"product-type-simple"},"_links":{"self":[{"href":"https:\/\/kalogiros.gr\/hr\/wp-json\/wp\/v2\/product\/2416","targetHints":{"allow":["GET"]}}],"collection":[{"href":"https:\/\/kalogiros.gr\/hr\/wp-json\/wp\/v2\/product"}],"about":[{"href":"https:\/\/kalogiros.gr\/hr\/wp-json\/wp\/v2\/types\/product"}],"version-history":[{"count":1,"href":"https:\/\/kalogiros.gr\/hr\/wp-json\/wp\/v2\/product\/2416\/revisions"}],"predecessor-version":[{"id":10175,"href":"https:\/\/kalogiros.gr\/hr\/wp-json\/wp\/v2\/product\/2416\/revisions\/10175"}],"wp:featuredmedia":[{"embeddable":true,"href":"https:\/\/kalogiros.gr\/hr\/wp-json\/wp\/v2\/media\/1722"}],"wp:attachment":[{"href":"https:\/\/kalogiros.gr\/hr\/wp-json\/wp\/v2\/media?parent=2416"}],"wp:term":[{"taxonomy":"product_brand","embeddable":true,"href":"https:\/\/kalogiros.gr\/hr\/wp-json\/wp\/v2\/product_brand?post=2416"},{"taxonomy":"product_cat","embeddable":true,"href":"https:\/\/kalogiros.gr\/hr\/wp-json\/wp\/v2\/product_cat?post=2416"},{"taxonomy":"product_tag","embeddable":true,"href":"https:\/\/kalogiros.gr\/hr\/wp-json\/wp\/v2\/product_tag?post=2416"}],"curies":[{"name":"wp","href":"https:\/\/api.w.org\/{rel}","templated":true}]}}