{"id":3506,"date":"2022-06-15T16:23:50","date_gmt":"2022-06-15T16:23:50","guid":{"rendered":"https:\/\/kalogiros.gr\/?post_type=product&#038;p=3506"},"modified":"2025-03-28T18:08:48","modified_gmt":"2025-03-28T18:08:48","slug":"%ce%b4%ce%af%cf%87%cf%84%cf%85-%cf%88%ce%b1%cf%81%ce%ad%ce%bc%ce%b1%cf%84%ce%bf%cf%82-%ce%b1%cf%81%ce%bc%ce%b1%cf%84%cf%89%ce%bc%ce%ad%ce%bd%ce%bf-%ce%bc%ce%b5-%ce%bc%ce%b1%ce%bd%cf%8c-%ce%bc%ce%bf","status":"publish","type":"product","link":"https:\/\/kalogiros.gr\/hr\/shop\/%ce%b4%ce%af%cf%87%cf%84%cf%85%ce%b1-%ce%b1%cf%81%ce%bc%ce%b1%cf%84%cf%89%ce%bc%ce%ad%ce%bd%ce%b1-hr\/felavaridia-hr\/%ce%b4%ce%af%cf%87%cf%84%cf%85-%cf%88%ce%b1%cf%81%ce%ad%ce%bc%ce%b1%cf%84%ce%bf%cf%82-%ce%b1%cf%81%ce%bc%ce%b1%cf%84%cf%89%ce%bc%ce%ad%ce%bd%ce%bf-%ce%bc%ce%b5-%ce%bc%ce%b1%ce%bd%cf%8c-%ce%bc%ce%bf\/","title":{"rendered":"Ribarska mre\u017ea opremljena manom. Monofilament 0.13, visina 1.8m, du\u017eina 43m 400 grama"},"content":{"rendered":"<p>Ribarska mre\u017ea opremljena manom. Monofilament 0.13, visina 1.8m, du\u017eina 43m <\/p>\n","protected":false},"excerpt":{"rendered":"<p>Debljina konca 0,13mm<\/p>\n<p> 1,8 metara visine<\/p>\n<p> Duga\u010dak 43 metra<\/p>\n<p>&nbsp;<\/p>\n","protected":false},"featured_media":3499,"template":"","meta":{"_sitemap_exclude":false,"_sitemap_priority":"","_sitemap_frequency":"","footnotes":""},"product_brand":[],"product_cat":[297,293],"product_tag":[],"class_list":{"0":"post-3506","1":"product","2":"type-product","3":"status-publish","4":"has-post-thumbnail","6":"product_cat---hr","7":"product_cat-felavaridia-hr","9":"first","10":"instock","11":"taxable","12":"shipping-taxable","13":"purchasable","14":"product-type-variable"},"_links":{"self":[{"href":"https:\/\/kalogiros.gr\/hr\/wp-json\/wp\/v2\/product\/3506","targetHints":{"allow":["GET"]}}],"collection":[{"href":"https:\/\/kalogiros.gr\/hr\/wp-json\/wp\/v2\/product"}],"about":[{"href":"https:\/\/kalogiros.gr\/hr\/wp-json\/wp\/v2\/types\/product"}],"version-history":[{"count":3,"href":"https:\/\/kalogiros.gr\/hr\/wp-json\/wp\/v2\/product\/3506\/revisions"}],"predecessor-version":[{"id":11299,"href":"https:\/\/kalogiros.gr\/hr\/wp-json\/wp\/v2\/product\/3506\/revisions\/11299"}],"wp:featuredmedia":[{"embeddable":true,"href":"https:\/\/kalogiros.gr\/hr\/wp-json\/wp\/v2\/media\/3499"}],"wp:attachment":[{"href":"https:\/\/kalogiros.gr\/hr\/wp-json\/wp\/v2\/media?parent=3506"}],"wp:term":[{"taxonomy":"product_brand","embeddable":true,"href":"https:\/\/kalogiros.gr\/hr\/wp-json\/wp\/v2\/product_brand?post=3506"},{"taxonomy":"product_cat","embeddable":true,"href":"https:\/\/kalogiros.gr\/hr\/wp-json\/wp\/v2\/product_cat?post=3506"},{"taxonomy":"product_tag","embeddable":true,"href":"https:\/\/kalogiros.gr\/hr\/wp-json\/wp\/v2\/product_tag?post=3506"}],"curies":[{"name":"wp","href":"https:\/\/api.w.org\/{rel}","templated":true}]}}