{"id":1998,"date":"2021-11-15T14:47:35","date_gmt":"2021-11-15T14:47:35","guid":{"rendered":"https:\/\/kalogiros.gr\/?page_id=1998"},"modified":"2021-11-15T14:47:35","modified_gmt":"2021-11-15T14:47:35","slug":"politica-sui-cookie","status":"publish","type":"page","link":"https:\/\/kalogiros.gr\/it\/politica-sui-cookie\/","title":{"rendered":"Politica sui cookie"},"content":{"rendered":"<div class=\"row\"  id=\"row-534895554\">\n\n\t<div id=\"col-880771023\" class=\"col small-12 large-12\"  >\n\t\t\t\t<div class=\"col-inner\"  >\n\t\t\t\n\t\t\t\n<h1 style=\"text-align: center;\">Politica sui cookie<\/h1>\n<p style=\"text-align: justify;\">Al fine di garantire il corretto funzionamento dei propri siti Web, Happy Smoke utilizza i cookie. I cookie sono file che contengono informazioni in forma di testo semplice e vengono memorizzati sul computer dell&#8217;utente durante la navigazione in Internet. Lo scopo delle informazioni specifiche (cookie) \u00e8 offrire servizi personalizzati che soddisfino le esigenze individuali dello specifico utente.<\/p>\n<p style=\"text-align: justify;\">Esistono due tipi di cookie. I cookie per sessione che vengono cancellati al termine della sessione del browser (&#8220;session cookie&#8221;), e i cookie permanenti che rimangono memorizzati sul tuo dispositivo al fine di fornire informazioni sul tuo browser alla tua visita successiva (c.d. &#8220;cookie a lungo termine&#8221;).<\/p>\n<p style=\"text-align: justify;\"><strong>I cookie sono suddivisi nelle seguenti 4 categorie<\/strong>:<\/p>\n<p><em><strong>Cookie necessari\u00a0<\/strong>\u00a0\u00a0\u00a0\u00a0\u00a0 <\/em><\/p>\n<p style=\"text-align: justify;\">Questi cookie sono necessari per consentire agli utenti di navigare nel sito web.<\/p>\n<p><em><strong>Cookie di funzionalit\u00e0\u00a0\u00a0<\/strong>\u00a0\u00a0\u00a0\u00a0\u00a0\u00a0\u00a0\u00a0\u00a0 <\/em><\/p>\n<p style=\"text-align: justify;\">I cookie di funzionalit\u00e0 forniscono al sito Web la possibilit\u00e0 di memorizzare le opzioni dell&#8217;utente (ad es. nome utente, lingua, regione) fornendo cos\u00ec funzionalit\u00e0 migliorate e pi\u00f9 personalizzate.<\/p>\n<p><em><strong>Cookie di prestazione \/ Analytics<\/strong>\u00a0\u00a0\u00a0 <\/em><\/p>\n<p style=\"text-align: justify;\">I cookie di performance\/analisi forniscono al sito web la possibilit\u00e0 di raccogliere dati non personali \u2013 dati in un formato che non consente una correlazione diretta con una persona specifica \u2013 e il loro scopo \u00e8 supportare le funzioni di misurazione dei siti web. Lo scopo della raccolta di questi dati \u00e8 migliorare le prestazioni del sito Web fornendo informazioni sulle pagine visitate e ricevendo messaggi di errore dai siti Web.<\/p>\n<p><em><strong>Cookie di terze parti<\/strong>\u00a0\u00a0\u00a0 <\/em><\/p>\n<p style=\"text-align: justify;\">I cookie di terze parti sono definiti da un sito web diverso da quello in cui ti trovi attualmente. Lo scopo di questi cookie \u00e8 raccogliere informazioni sulle abitudini di navigazione dell&#8217;utente al fine di visualizzare annunci pubblicitari personalizzati in base agli interessi dell&#8217;utente. Questi cookie possono essere disabilitati solo attraverso il sito web di terze parti.<\/p>\n<p style=\"text-align: justify;\">I cookie non consentono in nessun caso l&#8217;accesso ad altri file sui computer degli utenti e non hanno la possibilit\u00e0 di raccogliere e memorizzare i dati personali degli utenti. La base giuridica per il trattamento dei dati personali mediante cookie \u00e8 l&#8217;articolo 6 (1) (f) del GDPR.<\/p>\n<p style=\"text-align: justify;\">Gli utenti hanno il pieno controllo sull&#8217;uso dei cookie. In particolare, esiste la possibilit\u00e0 di disabilitare o limitare la trasmissione dei cookie attraverso le impostazioni del browser. \u00c8 inoltre possibile eliminare in qualsiasi momento i cookie gi\u00e0 salvati. Questo pu\u00f2 essere fatto anche automaticamente.<\/p>\n\t\t<\/div>\n\t\t\t\t\n<style>\n#col-880771023 > .col-inner {\n  padding: 30px 0px 0px 0px;\n}\n<\/style>\n\t<\/div>\n\n\t\n<\/div>\n","protected":false},"excerpt":{"rendered":"","protected":false},"author":2,"featured_media":0,"parent":0,"menu_order":0,"comment_status":"closed","ping_status":"closed","template":"","meta":{"_sitemap_exclude":false,"_sitemap_priority":"","_sitemap_frequency":"","footnotes":""},"class_list":["post-1998","page","type-page","status-publish","hentry"],"_links":{"self":[{"href":"https:\/\/kalogiros.gr\/it\/wp-json\/wp\/v2\/pages\/1998","targetHints":{"allow":["GET"]}}],"collection":[{"href":"https:\/\/kalogiros.gr\/it\/wp-json\/wp\/v2\/pages"}],"about":[{"href":"https:\/\/kalogiros.gr\/it\/wp-json\/wp\/v2\/types\/page"}],"author":[{"embeddable":true,"href":"https:\/\/kalogiros.gr\/it\/wp-json\/wp\/v2\/users\/2"}],"replies":[{"embeddable":true,"href":"https:\/\/kalogiros.gr\/it\/wp-json\/wp\/v2\/comments?post=1998"}],"version-history":[{"count":0,"href":"https:\/\/kalogiros.gr\/it\/wp-json\/wp\/v2\/pages\/1998\/revisions"}],"wp:attachment":[{"href":"https:\/\/kalogiros.gr\/it\/wp-json\/wp\/v2\/media?parent=1998"}],"curies":[{"name":"wp","href":"https:\/\/api.w.org\/{rel}","templated":true}]}}