{"id":2002,"date":"2021-11-15T14:52:22","date_gmt":"2021-11-15T14:52:22","guid":{"rendered":"https:\/\/kalogiros.gr\/?page_id=2002"},"modified":"2021-11-15T14:52:22","modified_gmt":"2021-11-15T14:52:22","slug":"politica-di-ritorno","status":"publish","type":"page","link":"https:\/\/kalogiros.gr\/it\/politica-di-ritorno\/","title":{"rendered":"Politica di ritorno"},"content":{"rendered":"\t<div id=\"gap-2144285073\" class=\"gap-element clearfix\" style=\"display:block; height:auto;\">\n\t\t\n<style>\n#gap-2144285073 {\n  padding-top: 30px;\n}\n<\/style>\n\t<\/div>\n\t\n<div class=\"row\"  id=\"row-737454216\">\n\n\t<div id=\"col-2016832514\" class=\"col small-12 large-12\"  >\n\t\t\t\t<div class=\"col-inner\"  >\n\t\t\t\n\t\t\t\n<h1 style=\"text-align: center;\">Politica di ritorno<\/h1>\n<p style=\"text-align: justify;\">Prodotti: Il cliente viene informato della disponibilit\u00e0 dei prodotti tramite apposite indicazioni verbali. Il negozio online include prodotti disponibili e prodotti contrassegnati come &#8220;non disponibili&#8221;. Inoltre, le varie offerte di prodotti che compaiono nel negozio online sono sempre valide fino ad esaurimento scorte. Tutti i clienti sono obbligati a disimballare e controllare gli articoli nonch\u00e9 ad avvisare l&#8217;azienda in caso di difetti estetici entro 10 giorni. Dopo 10 giorni si ritiene che gli articoli siano stati ricevuti in ottime condizioni.<\/p>\n<p style=\"text-align: justify;\">Resi di prodotti addebitati dall&#8217;AZIENDA: I resi di prodotti addebitati dall&#8217;AZIENDA possono essere effettuati in tutti i casi in cui l&#8217;ordine viene eseguito in modo errato, ovvero in caso di consegna di un articolo diverso da quello ordinato per tipologia o quantit\u00e0 o in caso di consegna l&#8217;articolo presenta l&#8217;imballaggio danneggiato, in tutto o in parte, o se l&#8217;articolo risulta difettoso. In tal caso, il cliente deve o non accettare la ricezione del prodotto sin dall&#8217;inizio, oppure richiederne la restituzione, previa consultazione con l&#8217;AZIENDA. I prodotti devono essere restituiti nelle condizioni ricevute dal cliente. Nel caso in cui non vengano restituiti, al momento concordato dopo aver consultato l&#8217;AZIENDA, il Negozio On Line ha facolt\u00e0 di non accettare il reso e quindi di rifiutare la sostituzione. In ogni caso, la restituzione del prodotto da sostituire deve essere effettuata unitamente a tutti i documenti che hanno accompagnato il prodotto (es. DAT, A. Retail, ecc.) e il suo imballo completo. La restituzione dei prodotti addebitati dalla nostra azienda avverr\u00e0 tramite corriere, e non in uno dei nostri negozi. In caso di restituzione dei prodotti, e a condizione che i prodotti siano stati preventivamente ricevuti e controllati dalla nostra azienda, verr\u00e0 addebitata una carta di credito per l&#8217;acquisto successivo, oppure il denaro verr\u00e0 restituito al cliente annullando l&#8217;addebito sulla carta di credito, che sar\u00e0 fatto con la cura della nostra azienda. Nel caso in cui i prodotti vengano restituiti danneggiati o incompleti, il Negozio On Line ha il diritto di chiedere al cliente un risarcimento il cui importo sar\u00e0 determinato dallo stato dei prodotti e di procedere unilateralmente e senza alcun altro a compensazione totale o parziale di questa affermazione. contro il cliente.<\/p>\n<p style=\"text-align: require;\">Restituzioni di prodotti, che sono considerati difettosi alla consegna a carico dell&#8217;AZIENDA: Nel caso in cui un prodotto\/i sia ritenuto difettoso alla consegna, la restituzione di questo\/i sar\u00e0 effettuato a spese della SOCIETA&#8217;. In questo caso, la restituzione del\/i prodotto\/i difettoso\/i pu\u00f2 essere effettuata sia dal cliente stesso in qualsiasi negozio che mantiene il marchio &#8220;Kalogiros&#8221; a livello nazionale, sia inviandolo\/li, alla DITTA saranno addebitate le spese di incasso mezzo di sua assoluta scelta e previa consultazione del cliente con il personale del negozio online della Societ\u00e0.<\/p>\n<p style=\"text-align: justify;\">La restituzione dei prodotti, ritenuti difettosi al momento della consegna al cliente, verr\u00e0 effettuata entro dieci (10) giorni di calendario dalla consegna al cliente<\/p>\n<p style=\"text-align: justify;\">Allo stesso tempo, il prodotto non deve essere danneggiato e deve avere tutti i documenti originali che hanno accompagnato il prodotto (es. Partita IVA, Vendita al dettaglio, ecc.) e il suo imballo completo.<\/p>\n<p style=\"text-align: justify;\">In caso di restituzione dei prodotti e purch\u00e9 gli stessi siano stati preventivamente ricevuti e controllati dall&#8217;AZIENDA, il rimborso al cliente verr\u00e0 effettuato in caso di pagamento con carta di credito, con storno dell&#8217;addebito sulla carta di credito del cliente, che sar\u00e0 effettuato sotto la supervisione dell&#8217;AZIENDA e in caso di pagamento in contanti, qualora il cliente avesse scelto l&#8217;opzione &#8220;ritiro in negozio&#8221;, lo far\u00e0 restituendogli i propri soldi dal negozio dove ha effettuato l&#8217;acquisto. Se il cliente ha acquistato un prodotto ritenuto difettoso al momento della consegna e ha il diritto di restituirlo a spese dell&#8217;AZIENDA, secondo le specifiche disposizioni di cui sopra, allora pu\u00f2 restituire all&#8217;AZIENDA, e ulteriori prodotti di questo tipo.<\/p>\n<p style=\"text-align: left;\">\u00a0<\/p>\n<p style=\"text-align: left;\"><strong>Ritiro<\/strong><\/p>\n<p style=\"text-align: justify;\">Il cliente ha diritto di recedere dalla vendita fino a 14 giorni dal ricevimento dell&#8217;intero ordine, senza indicarne il motivo e senza alcun addebito, se gli articoli oggetto dell&#8217;ordine sono in ottime condizioni, non utilizzati e nella loro confezione originale.<\/p>\n<p style=\"text-align: justify;\">La dichiarazione di recesso pu\u00f2 essere effettuata per iscritto o per via telematica e la SOCIET\u00c0 \u00e8 tenuta ad inviare una conferma di ricezione della dichiarazione di recesso non appena ne venga a conoscenza. A seguito della dichiarazione di recesso, la SOCIETA&#8217; \u00e8 obbligata a restituire al cliente il valore dell&#8217;ordine comprensivo delle spese di spedizione iniziali, entro 14 giorni di calendario dal giorno in cui \u00e8 stata informata del recesso.<\/p>\n<p style=\"text-align: justify;\">I rimborsi in caso di recesso possono essere effettuati nei seguenti modi:<\/p>\n<p style=\"text-align: justify;\">Il rimborso al cliente verr\u00e0 effettuato in caso di pagamento con carta di credito, con annullamento dell&#8217;addebito su carta di credito del cliente, che verr\u00e0 effettuato a cura della DITTA e in caso di pagamento in contanti, qualora il cliente avesse scelto il opzione &#8220;ricevuta dal negozio&#8221;, verr\u00e0 effettuata restituendogli i suoi soldi dal negozio dove ha effettuato l&#8217;acquisto.<\/p>\n<p style=\"text-align: justify;\">In caso di pagamento in contanti, qualora il cliente avesse scelto l&#8217;opzione &#8220;ritiro in negozio&#8221;, gli sar\u00e0 rimborsato presso il punto vendita dove ha ricevuto il prodotto. In ogni altro caso di pagamento in contanti la restituzione sar\u00e0 effettuata su un conto corrente bancario indicato dal cliente alla SOCIETA&#8217;.<\/p>\n<p style=\"text-align: justify;\">Il reso verr\u00e0 effettuato entro quattordici (14) giorni lavorativi sia dal prodotto che dal prezzo.<\/p>\n<p style=\"text-align: justify;\">Il cliente \u00e8 tenuto a risarcire la SOCIETA&#8217; se ne ha fatto un uso diverso da quello necessario per determinare la natura, le caratteristiche e la funzione dei beni nel periodo fino alla dichiarazione di recesso e la SOCIETA&#8217; ha facolt\u00e0 di concordare con il cliente il suo compenso anche con compensazione reciproca. Nel caso in cui il recesso riguardi la fornitura di servizi, il cliente dovr\u00e0 corrispondere un importo commisurato a quanto previsto fino alla dichiarazione di recesso. Se il consumatore esercita il diritto di recesso, gli eventuali contratti conclusi scadono automaticamente, senza alcun costo per il cliente.<\/p>\n\t\t<\/div>\n\t\t\t\t\t<\/div>\n\n\t\n<\/div>\n","protected":false},"excerpt":{"rendered":"","protected":false},"author":2,"featured_media":0,"parent":0,"menu_order":0,"comment_status":"closed","ping_status":"closed","template":"page-blank.php","meta":{"_sitemap_exclude":false,"_sitemap_priority":"","_sitemap_frequency":"","footnotes":""},"class_list":["post-2002","page","type-page","status-publish","hentry"],"_links":{"self":[{"href":"https:\/\/kalogiros.gr\/it\/wp-json\/wp\/v2\/pages\/2002","targetHints":{"allow":["GET"]}}],"collection":[{"href":"https:\/\/kalogiros.gr\/it\/wp-json\/wp\/v2\/pages"}],"about":[{"href":"https:\/\/kalogiros.gr\/it\/wp-json\/wp\/v2\/types\/page"}],"author":[{"embeddable":true,"href":"https:\/\/kalogiros.gr\/it\/wp-json\/wp\/v2\/users\/2"}],"replies":[{"embeddable":true,"href":"https:\/\/kalogiros.gr\/it\/wp-json\/wp\/v2\/comments?post=2002"}],"version-history":[{"count":0,"href":"https:\/\/kalogiros.gr\/it\/wp-json\/wp\/v2\/pages\/2002\/revisions"}],"wp:attachment":[{"href":"https:\/\/kalogiros.gr\/it\/wp-json\/wp\/v2\/media?parent=2002"}],"curies":[{"name":"wp","href":"https:\/\/api.w.org\/{rel}","templated":true}]}}