{"id":2008,"date":"2021-11-16T07:50:54","date_gmt":"2021-11-16T07:50:54","guid":{"rendered":"https:\/\/kalogiros.gr\/?page_id=2008"},"modified":"2025-03-28T10:48:30","modified_gmt":"2025-03-28T10:48:30","slug":"termini-di-utilizzo","status":"publish","type":"page","link":"https:\/\/kalogiros.gr\/it\/termini-di-utilizzo\/","title":{"rendered":"Condizioni d&#8217;uso"},"content":{"rendered":"<div class=\"row\"  id=\"row-1286057346\">\n\n\t<div id=\"col-798306270\" class=\"col small-12 large-12\"  >\n\t\t\t\t<div class=\"col-inner\"  >\n\t\t\t\n\t\t\t\n<h1 style=\"text-align: center;\">Condizioni d&#8217;uso<\/h1>\n<p style=\"text-align: justify;\">Il copyright dei contenuti di questo sito web \u00e8 regolato dalla legislazione greca, europea e internazionale sulla propriet\u00e0 intellettuale ed \u00e8 di propriet\u00e0 di Kalogiros. La ripubblicazione parziale o totale dei contenuti del sito web di Kalogiros \u00e8 espressamente vietata. Qualsiasi visualizzazione o riproduzione dei contenuti di Kalogiros \u00e8 consentita solo previa autorizzazione scritta da parte dell&#8217;azienda stessa.  <\/p>\n<p style=\"text-align: justify;\">La visualizzazione e la pubblicazione sul sito web di Kalogiros di informazioni e dati quali loghi, nomi, ecc. relativi a Kalogiros o a terzi sono protetti dalle disposizioni sui marchi e non devono essere intesi come una licenza automatica del diritto di utilizzarli.<\/p>\n<p style=\"text-align: justify;\">Kalogiros non \u00e8 responsabile di eventuali errori nello scambio di dati.<\/p>\n<p style=\"text-align: justify;\">Per quanto riguarda i riferimenti o i reindirizzamenti tramite link a siti web di terzi, Kalogiros non \u00e8 responsabile dei contenuti, dei prodotti e dei servizi di questi siti.<\/p>\n<p style=\"text-align: justify;\">L&#8217;utilizzo del sito web di Kalogiros deve avvenire in modo tale che 1) il suo utilizzo non sia ostacolato da terzi, 2) sia conforme alla legislazione vigente e 3) non causi danni ai servizi forniti e alla rete che li fornisce.   <\/p>\n<h3>Protezione dei dati personali<\/h3>\n<p style=\"text-align: justify;\">Kalogiros garantisce la massima protezione possibile dei dati personali dei suoi visitatori ed \u00e8 in piena conformit\u00e0 con la legislazione vigente del Garante per la protezione dei dati personali 2472\/97 nonch\u00e9 con il Regolamento generale europeo sulla protezione dei dati (GDPR) che entrer\u00e0 in vigore dal 25\/05\/2018 e si impegna all&#8217;adozione e alla piena attuazione delle relative misure legislative.<\/p>\n<p style=\"text-align: justify;\">Kalogiros ha adottato le misure tecniche necessarie per garantire la protezione dei dati personali durante la loro conservazione, elaborazione e archiviazione.<\/p>\n<h3>Raccolta, trattamento e protezione dei dati personali \u2013 Diritti dell&#8217;interessato<\/h3>\n<p style=\"text-align: justify;\">Kalogiros ha il diritto di mantenere un archivio e di trattare i dati personali degli utenti, se necessario (ad esempio, nome, indirizzo e-mail), che saranno contenuti nel database della piattaforma, attraverso il Sito web. Kalogiros raccoglier\u00e0 i dati personali degli utenti solo in caso di conferimento volontario da parte degli stessi al fine di accedere alle applicazioni e ai servizi disponibili attraverso il Sito web. Kalogiros non richieder\u00e0 in alcun caso i dati personali di categorie specifiche di utenti.  <\/p>\n<p style=\"text-align: justify;\">Quando l&#8217;utente si registra sul sito web allo scopo di fornire servizi, la registrazione dei suoi dati implica il suo consenso alla raccolta, al trattamento e all&#8217;utilizzo dei suoi dati personali secondo i termini della presente informativa sulla privacy. Inoltre, l&#8217;utente, prima di completare il processo di registrazione (l&#8217;attivazione dell&#8217;account si ottiene seguendo il link inviato nell&#8217;e-mail di registrazione) deve dare espressamente e specificamente il proprio consenso accettando la presente. In particolare, l&#8217;utente, cos\u00ec come Kalogiros, deve accettare e acconsentire ai termini delle disposizioni del Regolamento Generale sulla Protezione dei Dati (GDPR) 679\/2016, che entrer\u00e0 in vigore il 25 maggio 2018, per quanto riguarda la raccolta e il trattamento dei dati personali degli utenti attraverso il sito web, ai fini dell&#8217;accesso dell&#8217;utente alle applicazioni elettroniche fornite, del suo servizio, del supporto e dell&#8217;esecuzione del rapporto tra l&#8217;utente e Kalogiros, con il consenso specifico dell&#8217;utente.  <\/p>\n<p style=\"text-align: justify;\">Inoltre, all&#8217;utente verr\u00e0 chiesto di dare espressamente il proprio consenso a Kalogiros per l&#8217;invio di aggiornamenti su prodotti e servizi tramite comunicazione elettronica, a meno che non dichiari espressamente di non voler pi\u00f9 ricevere aggiornamenti. In ogni caso, l&#8217;utente ha il diritto di opporsi all&#8217;utilizzo della sua e-mail o di altri dati per l&#8217;invio di aggiornamenti sui servizi quando lo desidera, inviando una richiesta al modulo di contatto elettronico. <\/p>\n<p style=\"text-align: justify;\">Kalogiros \u00e8 pienamente conforme al Regolamento Generale sulla Protezione dei Dati (GDPR) 679\/2016. In conformit\u00e0 alle disposizioni in materia, i dati personali sono trattati in modo lecito e corretto e in modo trasparente. La raccolta dei dati personali degli utenti avviene solo per scopi specifici, espliciti e legittimi, senza essere oggetto di trattamenti incompatibili con gli scopi originari. I dati personali degli utenti possono essere elaborati solo per scopi di archiviazione, per migliorare i servizi della piattaforma o per fini statistici. Inoltre, sono state adottate misure per garantire l&#8217;accuratezza dei dati personali, nonch\u00e9 la loro correzione o cancellazione da parte dell&#8217;utente stesso. La conservazione dei dati \u00e8 valida solo per il periodo di tempo necessario al funzionamento dell&#8217;account di ciascun utente. Kalogiros non conserva i dati personali che sono stati cancellati dagli utenti (cancellazione immediata anche dai backup). Allo stesso tempo, gli utenti hanno il diritto di accesso, elaborazione, correzione, cancellazione, restrizione o portabilit\u00e0, opposizione e obiezione in qualsiasi momento lo desiderino, come previsto dalla normativa. Ogni utente pu\u00f2 procedere alle suddette azioni inviando una richiesta nel modulo di contatto elettronico.        <\/p>\n<h3>Raccolta di dati e informazioni generali<\/h3>\n<p style=\"text-align: justify;\">Durante la navigazione sul sito web di Kalogiros, le informazioni dell&#8217;utente vengono raccolte e memorizzate nei file di log del server. Tali informazioni includono l&#8217;indirizzo IP dell&#8217;utente, il sistema operativo, la data e l&#8217;ora della chiamata al server e altri dati rilevanti. Queste informazioni non sono in grado di identificare l&#8217;utente e vengono utilizzate solo per facilitare il buon funzionamento del server.  <\/p>\n<h3>Identificazione del cliente<\/h3>\n<p style=\"text-align: justify;\">L&#8217;identificazione dell&#8217;utente\/cliente avviene tramite due codici:<\/p>\n<p style=\"text-align: justify;\">A) Password di accesso (nome utente) e<\/p>\n<p style=\"text-align: justify;\">B) Codice segreto di sicurezza (password),<\/p>\n<p style=\"text-align: justify;\">Quando accede al nostro sito web utilizzando i codici sopra indicati, l&#8217;utente\/cliente accede ai propri dati personali in assoluta sicurezza. L&#8217;utente ha la possibilit\u00e0 di cambiare il codice segreto di sicurezza (password) tutte le volte che lo desidera. L&#8217;utente \u00e8 l&#8217;unico autorizzato ad accedere ai propri dati ed \u00e8 l&#8217;unico responsabile della loro segretezza nei confronti di terzi. Il nostro sito web non render\u00e0 pubblici i dati e le informazioni personali degli utenti\/clienti.   <\/p>\n<h3 style=\"text-align: justify;\">Garantire la riservatezza del trasferimento dei tuoi dati personali<\/h3>\n<p style=\"text-align: justify;\">La riservatezza del trasferimento dei dati personali degli utenti \u00e8 garantita dall&#8217;utilizzo del protocollo di crittografia SSL-128bit.<\/p>\n<h3 style=\"text-align: justify;\">Crittografia<\/h3>\n<p style=\"text-align: justify;\">Durante la navigazione sul nostro sito web, tutte le informazioni e i dati personali dell&#8217;utente vengono crittografati sulla base del protocollo di crittografia SSL a 128 bit. La crittografia \u00e8 un modo per codificare le informazioni fino a quando non arrivano al destinatario, che le decodifica utilizzando la chiave appropriata. <\/p>\n<h3 style=\"text-align: justify;\">Commercio elettronico (E-Commerce)<\/h3>\n<p style=\"text-align: justify;\">Questo sito web offre ai suoi visitatori\/utenti la possibilit\u00e0 di acquistare prodotti e\/o servizi attraverso applicazioni di e-commerce, nel rispetto dei termini specifici della legislazione in materia, garantendo la protezione dei dati personali inviati dagli utenti durante l&#8217;utilizzo di tali servizi.<\/p>\n<p style=\"text-align: justify;\">Nel caso in cui le applicazioni di e-commerce vengano effettuate tra gli utenti\/membri e il sito web, quest&#8217;ultimo deve rispettare la decisione Z1-496\/2000 sulle vendite a distanza e le disposizioni della Legge 2251\/1994 sulla protezione dei consumatori. Il sito web \u00e8 tenuto a informare i propri clienti su a) le caratteristiche dei prodotti e\/o servizi, b) il prezzo, c) la quantit\u00e0 e i costi di trasporto, d) l&#8217;imposta sul valore aggiunto se non inclusa nel prezzo, e) il metodo di pagamento, f) il metodo di consegna e di esecuzione, g) la durata dell&#8217;offerta in corso o il suo prezzo e h) il diritto di recesso. <\/p>\n<h3>Dettagli della carta di credito<\/h3>\n<p style=\"text-align: justify;\">Le applicazioni di e-commerce presenti su questo sito web sono elaborate da un fornitore terzo, un istituto bancario o un fornitore di servizi di pagamento legalmente autorizzato dalla Banca di Grecia. Il processo di pagamento viene effettuato secondo i termini e le condizioni del relativo fornitore di servizi, al cui sito web viene effettuato un reindirizzamento sicuro. La carta di credito dichiarata dal visitatore\/utente per il completamento del pagamento dei servizi\/prodotti del sito web viene addebitata solo per la transazione specifica, a meno che il visitatore\/utente non abbia espressamente dichiarato il proprio consenso all&#8217;addebito automatico della propria carta di credito per il rinnovo del proprio abbonamento o servizio. Il sito web non \u00e8 responsabile dei termini di elaborazione delle transazioni o dei termini di utilizzo dei dati personali a cui si attengono i fornitori con cui collabora per il completamento delle transazioni commerciali.   <\/p>\n<h3>Forme di comunicazione<\/h3>\n<p style=\"text-align: justify;\">Durante la navigazione sul sito web di Kalogiros, gli utenti hanno la possibilit\u00e0 di contattarci attraverso il modulo di contatto o il modulo per la richiesta di listini prezzi e altre informazioni. Durante la compilazione e l&#8217;inserimento del modulo, le informazioni inviate, come l&#8217;e-mail, il nome, la data e l&#8217;ora di invio e l&#8217;IP dell&#8217;utente, vengono memorizzate sul server. <\/p>\n<h3>Iscriviti alla newsletter<\/h3>\n<p style=\"text-align: justify;\">Sul sito web di Kalogiros gli utenti hanno la possibilit\u00e0 di iscriversi alla newsletter. In questo caso, i dati personali come l&#8217;e-mail, il nome, la data e l&#8217;ora dell&#8217;invio e l&#8217;IP dell&#8217;utente vengono memorizzati sul nostro server per l&#8217;invio di e-mail informative e formative. Il destinatario ha la possibilit\u00e0 di richiedere in qualsiasi momento di non ricevere pi\u00f9 email informative scegliendo di cancellarsi dalla rispettiva newsletter.  <\/p>\n<h3>Commenti sul blog<\/h3>\n<p style=\"text-align: justify;\">Gli utenti di questo sito web hanno la possibilit\u00e0 di pubblicare le loro opinioni e i loro commenti sul blog. In questo caso, i dati personali come il nome, l&#8217;e-mail, la data e l&#8217;ora di inserimento e l&#8217;IP vengono memorizzati sui nostri server. Nel caso in cui un utente abbia inserito un commento in un post del blog in cui anche utenti precedenti hanno inserito un commento, gli utenti precedenti vengono informati via e-mail del nuovo commento. Inoltre, Kalogiros ha il diritto di controllare prima di pubblicare i commenti e il diritto di non pubblicarli o addirittura di cancellarli se non sono conformi alle regole generali di utilizzo o nel caso in cui i commenti siano di natura pubblicitaria; siano link o codici html; siano causa di controversie con altri utenti; contengano contenuti abusivi, razzisti o immorali.    <\/p>\n<h3>Diritti dell&#8217;utente<\/h3>\n<p style=\"text-align: justify;\">Gli utenti via e-mail hanno il diritto di richiedere una copia elettronica dei dati raccolti, nonch\u00e9 la loro completa cancellazione. Ad eccezione dei casi in cui i dati devono essere conservati a fini fiscali, come ad esempio dopo la fatturazione dei servizi, nel qual caso i loro dati devono essere conservati nel programma di contabilit\u00e0 e negli archivi dell&#8217;ufficio contabile che ci serve.<\/p>\n<p style=\"text-align: justify;\">In particolare, i diritti degli utenti in relazione ai Dati Personali che hanno reso disponibili sono i seguenti:<\/p>\n<p><strong><em>Diritto all&#8217;informazione<\/em><\/strong><\/p>\n<p style=\"text-align: justify;\">Gli utenti hanno il diritto di richiedere informazioni sui dati personali da loro forniti e conservati su questo sito web.<\/p>\n<p><strong><em>Diritto di accesso<\/em><\/strong><\/p>\n<p style=\"text-align: justify;\">Gli utenti hanno il diritto di richiedere l&#8217;accesso ai dati personali in loro possesso e di essere informati su qualsiasi trattamento dei loro dati personali. In particolare, hanno il diritto di richiedere informazioni sulle finalit\u00e0 del trattamento, sulle categorie di dati personali divulgati, sui destinatari, sul periodo di conservazione e di trattamento, sull&#8217;esistenza di un diritto di reclamo all&#8217;Autorit\u00e0 Garante per la Protezione dei Dati Personali, sull&#8217;origine dei dati quando non sono stati resi disponibili dagli utenti stessi. <\/p>\n<p><strong><em>Diritto di rettifica<\/em><\/strong><\/p>\n<p style=\"text-align: justify;\">Gli utenti hanno il diritto di richiedere la correzione dei propri dati in caso di inserimento o modifica errata.<\/p>\n<p><strong><em>Diritto di cancellazione<\/em><\/strong><\/p>\n<p style=\"text-align: justify;\">Gli utenti hanno il diritto di richiedere la cancellazione parziale o totale dei loro dati personali quando non sono pi\u00f9 ritenuti necessari o quando desiderano revocare il loro consenso. Kalogiros proceder\u00e0, a seconda dei casi, a informare l&#8217;utente della cancellazione totale o parziale dei suoi dati o dell&#8217;impossibilit\u00e0 di cancellare alcuni dati. L&#8217;impossibilit\u00e0 di cancellare i dati si applica nei casi in cui alcune leggi o l&#8217;adempimento di un dovere di interesse pubblico, i diritti di libert\u00e0 di espressione e le rivendicazioni legali ne richiedano la conservazione.  <\/p>\n<p><strong><em>Diritto di restrizione<\/em><\/strong><\/p>\n<p style=\"text-align: justify;\">Gli utenti hanno il diritto di richiedere una limitazione del trattamento dei loro dati, in termini di quantit\u00e0, tempo e finalit\u00e0 del trattamento. In particolare, la limitazione pu\u00f2 riguardare (1) una specifica categoria di dati, (2) o le finalit\u00e0 del trattamento, (3) o i casi in cui il trattamento dei dati \u00e8 ritenuto illecito ma gli utenti non desiderano che vengano cancellati in quanto la loro conservazione pu\u00f2 servire ad altri scopi. <\/p>\n<p><strong><em>Diritto alla portabilit\u00e0<\/em><\/strong><\/p>\n<p style=\"text-align: justify;\">Gli utenti hanno il diritto di richiedere il download dei dati personali che hanno fornito alla nostra azienda in un formato comunemente utilizzato e leggibile. Gli utenti hanno inoltre la possibilit\u00e0 di richiedere la trasmissione diretta da parte della Societ\u00e0 a terzi senza la loro mediazione. <\/p>\n<p><strong><em>Diritto al rifornimento<\/em><\/strong><\/p>\n<p style=\"text-align: justify;\">Gli utenti hanno il diritto di opporsi all&#8217;utilizzo dei loro dati personali per scopi di marketing.<\/p>\n<h3>Analisi statistica dei dati sulla visitabilit\u00e0<\/h3>\n<p style=\"text-align: justify;\">Durante la navigazione sul nostro sito, vengono raccolti e memorizzati dati comportamentali, come le pagine visitate, i tempi di permanenza, la frequenza delle visite, ecc. e comunicati a servizi di terze parti come Google Analytics per migliorare il marketing di Kalogiros. Questi dati non identificano gli utenti.<\/p>\n<h3>Remarketing<\/h3>\n<p style=\"text-align: justify;\">Al fine di visualizzare annunci pubblicitari su siti terzi, i dati sul traffico possono essere comunicati a servizi terzi, come Google e Facebook.<\/p>\n<h3>Cooperazione con le autorit\u00e0<\/h3>\n<p style=\"text-align: justify;\">Kalogiros non proceder\u00e0 alla divulgazione, alla comunicazione, alla trasmissione, alla diffusione o a qualsiasi altra forma di smaltimento dei dati personali forniti dall&#8217;utente senza il consenso o l&#8217;ordine esplicito dell&#8217;utente, ma solo a seguito di una richiesta legittima da parte di autorit\u00e0 giudiziarie, di polizia e di altre autorit\u00e0 amministrative e in conformit\u00e0 alle disposizioni di legge applicabili.<\/p>\n<p style=\"text-align: justify;\">Per domande relative alla raccolta, all&#8217;elaborazione e alla registrazione dei dati personali, nonch\u00e9 per richiedere di ottenerne una copia o di cancellarli, ti preghiamo di contattarci telefonicamente o via e-mail.<\/p>\n<p>L&#8217;utilizzo del sito web di Kalogiros implica l&#8217;accettazione incondizionata da parte dell&#8217;utente dei termini di cui sopra.<\/p>\n<p>Nome: KALOGIROS FISHING NETS IKE, S.R.O.: 082199562, D.O.U.: PREVEZA, G.O.M.: 16902049000<\/p>\n\t\t<\/div>\n\t\t\t\t\n<style>\n#col-798306270 > .col-inner {\n  padding: 30px 0px 0px 0px;\n}\n<\/style>\n\t<\/div>\n\n\t\n<\/div>\n","protected":false},"excerpt":{"rendered":"","protected":false},"author":2,"featured_media":0,"parent":0,"menu_order":0,"comment_status":"closed","ping_status":"closed","template":"","meta":{"_sitemap_exclude":false,"_sitemap_priority":"","_sitemap_frequency":"","footnotes":""},"class_list":["post-2008","page","type-page","status-publish","hentry"],"_links":{"self":[{"href":"https:\/\/kalogiros.gr\/it\/wp-json\/wp\/v2\/pages\/2008","targetHints":{"allow":["GET"]}}],"collection":[{"href":"https:\/\/kalogiros.gr\/it\/wp-json\/wp\/v2\/pages"}],"about":[{"href":"https:\/\/kalogiros.gr\/it\/wp-json\/wp\/v2\/types\/page"}],"author":[{"embeddable":true,"href":"https:\/\/kalogiros.gr\/it\/wp-json\/wp\/v2\/users\/2"}],"replies":[{"embeddable":true,"href":"https:\/\/kalogiros.gr\/it\/wp-json\/wp\/v2\/comments?post=2008"}],"version-history":[{"count":11,"href":"https:\/\/kalogiros.gr\/it\/wp-json\/wp\/v2\/pages\/2008\/revisions"}],"predecessor-version":[{"id":9762,"href":"https:\/\/kalogiros.gr\/it\/wp-json\/wp\/v2\/pages\/2008\/revisions\/9762"}],"wp:attachment":[{"href":"https:\/\/kalogiros.gr\/it\/wp-json\/wp\/v2\/media?parent=2008"}],"curies":[{"name":"wp","href":"https:\/\/api.w.org\/{rel}","templated":true}]}}