{"id":11041,"date":"2023-09-08T16:13:43","date_gmt":"2025-03-28T18:05:31","guid":{"rendered":"https:\/\/kalogiros.gr\/shop\/senza-categoria\/yozuri-egi-aurie-q-trappola-per-calamari-in-tessuto-a1030n\/"},"modified":"2025-03-28T18:05:31","modified_gmt":"2025-03-28T18:05:31","slug":"yozuri-egi-aurie-q-trappola-per-calamari-in-tessuto-a1030n","status":"publish","type":"product","link":"https:\/\/kalogiros.gr\/it\/shop\/pesca-sportiva\/jig-di-calamari\/yo-zuri-it\/yozuri-egi-aurie-q-trappola-per-calamari-in-tessuto-a1030n\/","title":{"rendered":"YoZuri Egi Aurie-Q Trappola per calamari in tessuto A1030N"},"content":{"rendered":"<p>Modello A1030N<\/p>\n<p>Lo Yo-Zuri Egi Aurie-Q \u00e8 un autentico e tradizionale jig giapponese per calamari, basato su un design che coniuga precisione assoluta, uniformit\u00e0 ed equilibrio.<\/p>\n<p>Per perfezionare le prestazioni e l&#8217;equilibrio del tessuto Egi Aurie-Q\u00ae, Yo-Zuri ha sfruttato per la prima volta le propriet\u00e0 del materiale ABS. Il jig per calamari Yo-Zuri \u00e8 perfetto per le sfide grazie al suo movimento delicato e alla sua velocit\u00e0 di affondamento. <\/p>\n<p>Yo-Zuri ha inoltre equipaggiato l&#8217;Aurie Q con il piombo anti-groviglio Snaggless.<\/p>\n<p>Presenta inoltre un anello e attraenti dettagli fosforescenti.<\/p>\n<p>La gamma di colori \u00e8 impressionante e Yo-Zuri ha scelto per questo scopo le combinazioni cromatiche pi\u00f9 riuscite.<\/p>\n<p>Dimensioni Peso Velocit\u00e0 di assestamento<\/p>\n<p>2,5 10 gr 5,3 sec \/ m<\/p>\n","protected":false},"excerpt":{"rendered":"<p>Modello A1030N Lo Yo-Zuri Egi Aurie-Q \u00e8 un autentico e tradizionale jig giapponese per calamari, basato su un design che coniuga precisione assoluta, uniformit\u00e0 ed equilibrio. Per perfezionare le prestazioni e l&#8217;equilibrio del tessuto Egi Aurie-Q\u00ae, Yo-Zuri ha sfruttato per la prima volta le propriet\u00e0 del materiale ABS. Il jig per calamari Yo-Zuri \u00e8 perfetto [&#8230;]\n","protected":false},"featured_media":9194,"template":"","meta":{"_sitemap_exclude":false,"_sitemap_priority":"","_sitemap_frequency":"","footnotes":""},"product_brand":[],"product_cat":[390],"product_tag":[],"class_list":{"0":"post-11041","1":"product","2":"type-product","3":"status-publish","4":"has-post-thumbnail","6":"product_cat-yo-zuri-it","8":"first","9":"instock","10":"taxable","11":"shipping-taxable","12":"purchasable","13":"product-type-variable"},"_links":{"self":[{"href":"https:\/\/kalogiros.gr\/it\/wp-json\/wp\/v2\/product\/11041","targetHints":{"allow":["GET"]}}],"collection":[{"href":"https:\/\/kalogiros.gr\/it\/wp-json\/wp\/v2\/product"}],"about":[{"href":"https:\/\/kalogiros.gr\/it\/wp-json\/wp\/v2\/types\/product"}],"version-history":[{"count":0,"href":"https:\/\/kalogiros.gr\/it\/wp-json\/wp\/v2\/product\/11041\/revisions"}],"wp:featuredmedia":[{"embeddable":true,"href":"https:\/\/kalogiros.gr\/it\/wp-json\/wp\/v2\/media\/9194"}],"wp:attachment":[{"href":"https:\/\/kalogiros.gr\/it\/wp-json\/wp\/v2\/media?parent=11041"}],"wp:term":[{"taxonomy":"product_brand","embeddable":true,"href":"https:\/\/kalogiros.gr\/it\/wp-json\/wp\/v2\/product_brand?post=11041"},{"taxonomy":"product_cat","embeddable":true,"href":"https:\/\/kalogiros.gr\/it\/wp-json\/wp\/v2\/product_cat?post=11041"},{"taxonomy":"product_tag","embeddable":true,"href":"https:\/\/kalogiros.gr\/it\/wp-json\/wp\/v2\/product_tag?post=11041"}],"curies":[{"name":"wp","href":"https:\/\/api.w.org\/{rel}","templated":true}]}}