{"id":11042,"date":"2023-09-08T17:20:05","date_gmt":"2025-03-28T18:05:31","guid":{"rendered":"https:\/\/kalogiros.gr\/shop\/senza-categoria\/esca-per-calamari-yo-zuri-ultra-laser-a1022\/"},"modified":"2025-03-28T18:05:31","modified_gmt":"2025-03-28T18:05:31","slug":"esca-per-calamari-yo-zuri-ultra-laser-a1022","status":"publish","type":"product","link":"https:\/\/kalogiros.gr\/it\/shop\/pesca-sportiva\/jig-di-calamari\/yo-zuri-it\/esca-per-calamari-yo-zuri-ultra-laser-a1022\/","title":{"rendered":"Esca per calamari Yo-Zuri Ultra Laser A1022"},"content":{"rendered":"<p>A1022<br \/>\n Il mulinello per calamari Yo-Zuri Ultra Laser \u00e8 un modello giapponese di elevati standard per la pesca dei calamari dalla barca.<br \/>\n Yo-Zuri li ha dotati di ami tipo M2.<br \/>\n Le esche per calamari A1022 sono realizzate con un corpo in ABS resistente, caratterizzato da una finitura laser metallizzata e lucida che crea un effetto iridescente, rendendolo facilmente visibile e simulando le squame di un piccolo pesce. Il loro ventre \u00e8 trasparente e sottoposto a trattamento UV.<br \/>\nLa velocit\u00e0 di affondamento \u00e8 di 15 cm al secondo e pu\u00f2 essere pescato da solo o in una struttura composta da pi\u00f9 barchette per calamari. Nella parte anteriore \u00e8 presente una zavorra interna che ne favorisce l&#8217;affondamento e il mantenimento dell&#8217;equilibrio in acqua.<br \/>\n Lo Yo-Zuri Ultra Laser \u00e8 dotato di due file di aghi affilati (8 per fila), grandi pinne piumate e grandi occhi.<br \/>\n Presenta anche una svolta sul naso.<br \/>\n Specifiche tecniche<br \/>\n \u2022 Ganci: M2 (2 file da 8)<br \/>\n \u2022 Girevole anteriore<br \/>\n \u2022 Velocit\u00e0. Immersione: 15 cm \/ Sec.<br \/>\n\u2022 Lunghezza 7 cm (S)<\/p>\n","protected":false},"excerpt":{"rendered":"<p>A1022 Il mulinello per calamari Yo-Zuri Ultra Laser \u00e8 un modello giapponese di elevati standard per la pesca dei calamari dalla barca. Yo-Zuri li ha dotati di ami tipo M2. Le esche per calamari A1022 sono realizzate con un corpo in ABS resistente, caratterizzato da una finitura laser metallizzata e lucida che crea un effetto [&#8230;]\n","protected":false},"featured_media":6689,"template":"","meta":{"_sitemap_exclude":false,"_sitemap_priority":"","_sitemap_frequency":"","footnotes":""},"product_brand":[],"product_cat":[390],"product_tag":[],"class_list":{"0":"post-11042","1":"product","2":"type-product","3":"status-publish","4":"has-post-thumbnail","6":"product_cat-yo-zuri-it","8":"first","9":"instock","10":"taxable","11":"shipping-taxable","12":"purchasable","13":"product-type-variable"},"_links":{"self":[{"href":"https:\/\/kalogiros.gr\/it\/wp-json\/wp\/v2\/product\/11042","targetHints":{"allow":["GET"]}}],"collection":[{"href":"https:\/\/kalogiros.gr\/it\/wp-json\/wp\/v2\/product"}],"about":[{"href":"https:\/\/kalogiros.gr\/it\/wp-json\/wp\/v2\/types\/product"}],"version-history":[{"count":0,"href":"https:\/\/kalogiros.gr\/it\/wp-json\/wp\/v2\/product\/11042\/revisions"}],"wp:featuredmedia":[{"embeddable":true,"href":"https:\/\/kalogiros.gr\/it\/wp-json\/wp\/v2\/media\/6689"}],"wp:attachment":[{"href":"https:\/\/kalogiros.gr\/it\/wp-json\/wp\/v2\/media?parent=11042"}],"wp:term":[{"taxonomy":"product_brand","embeddable":true,"href":"https:\/\/kalogiros.gr\/it\/wp-json\/wp\/v2\/product_brand?post=11042"},{"taxonomy":"product_cat","embeddable":true,"href":"https:\/\/kalogiros.gr\/it\/wp-json\/wp\/v2\/product_cat?post=11042"},{"taxonomy":"product_tag","embeddable":true,"href":"https:\/\/kalogiros.gr\/it\/wp-json\/wp\/v2\/product_tag?post=11042"}],"curies":[{"name":"wp","href":"https:\/\/api.w.org\/{rel}","templated":true}]}}