{"id":13022,"date":"2024-12-16T11:21:53","date_gmt":"2025-03-29T11:39:26","guid":{"rendered":"https:\/\/kalogiros.gr\/shop\/senza-categoria\/mulinello-per-calamari-yo-zuri-aurie-q-3-0-a1031n\/"},"modified":"2025-03-29T11:39:26","modified_gmt":"2025-03-29T11:39:26","slug":"mulinello-per-calamari-yo-zuri-aurie-q-3-0-a1031n","status":"publish","type":"product","link":"https:\/\/kalogiros.gr\/it\/shop\/pesca-sportiva\/jig-di-calamari\/yo-zuri-it\/mulinello-per-calamari-yo-zuri-aurie-q-3-0-a1031n\/","title":{"rendered":"Mulinello per calamari YO-ZURI AURIE-Q 3.0 A1031N"},"content":{"rendered":"<p>Questa serie \u00e8 il prodotto a base di gamberetti pi\u00f9 venduto dell&#8217;azienda. Con colorazioni impressionanti e una velocit\u00e0 di discesa di 3,7 sec\/m, sar\u00e0 la soluzione quando tutto il resto fallisce. <\/p>\n<p>Modello A1031N<br \/>\n Misura #3.0gr<br \/>\n Peso 14,5 gr.<br \/>\n Affondamento 3,7 sec. \/ M. <\/p>\n<p>Lo Yo-Zuri Egi Aurie-Q \u00e8 un autentico e tradizionale jig giapponese per calamari, basato su un design che coniuga precisione assoluta, uniformit\u00e0 ed equilibrio.<\/p>\n<p>Per perfezionare le prestazioni e l&#8217;equilibrio del tessuto Egi Aurie-Q\u00ae, Yo-Zuri ha sfruttato per la prima volta le propriet\u00e0 del materiale ABS. Il jig per calamari YoZuri \u00e8 perfetto per le sfide grazie al suo movimento delicato e alla sua velocit\u00e0 di affondamento. <\/p>\n<p>Yo-Zuri ha inoltre equipaggiato l&#8217;Aurie Q con il piombo anti-groviglio Snaggless.<\/p>\n<p>Presenta inoltre un twister rotante e un attraente aspetto fosforescente.<\/p>\n","protected":false},"excerpt":{"rendered":"<p>Questa serie \u00e8 il prodotto a base di gamberetti pi\u00f9 venduto dell&#8217;azienda. Con colorazioni impressionanti e una velocit\u00e0 di discesa di 3,7 sec\/m, sar\u00e0 la soluzione quando tutto il resto fallisce. Modello A1031N Misura #3.0gr Peso 14,5 gr. Affondamento 3,7 sec. \/ M. Lo Yo-Zuri Egi Aurie-Q \u00e8 un autentico e tradizionale jig giapponese per [&#8230;]\n","protected":false},"featured_media":8970,"template":"","meta":{"_sitemap_exclude":false,"_sitemap_priority":"","_sitemap_frequency":"","footnotes":""},"product_brand":[],"product_cat":[390],"product_tag":[],"class_list":{"0":"post-13022","1":"product","2":"type-product","3":"status-publish","4":"has-post-thumbnail","6":"product_cat-yo-zuri-it","8":"first","9":"instock","10":"taxable","11":"shipping-taxable","12":"purchasable","13":"product-type-variable"},"_links":{"self":[{"href":"https:\/\/kalogiros.gr\/it\/wp-json\/wp\/v2\/product\/13022","targetHints":{"allow":["GET"]}}],"collection":[{"href":"https:\/\/kalogiros.gr\/it\/wp-json\/wp\/v2\/product"}],"about":[{"href":"https:\/\/kalogiros.gr\/it\/wp-json\/wp\/v2\/types\/product"}],"version-history":[{"count":0,"href":"https:\/\/kalogiros.gr\/it\/wp-json\/wp\/v2\/product\/13022\/revisions"}],"wp:featuredmedia":[{"embeddable":true,"href":"https:\/\/kalogiros.gr\/it\/wp-json\/wp\/v2\/media\/8970"}],"wp:attachment":[{"href":"https:\/\/kalogiros.gr\/it\/wp-json\/wp\/v2\/media?parent=13022"}],"wp:term":[{"taxonomy":"product_brand","embeddable":true,"href":"https:\/\/kalogiros.gr\/it\/wp-json\/wp\/v2\/product_brand?post=13022"},{"taxonomy":"product_cat","embeddable":true,"href":"https:\/\/kalogiros.gr\/it\/wp-json\/wp\/v2\/product_cat?post=13022"},{"taxonomy":"product_tag","embeddable":true,"href":"https:\/\/kalogiros.gr\/it\/wp-json\/wp\/v2\/product_tag?post=13022"}],"curies":[{"name":"wp","href":"https:\/\/api.w.org\/{rel}","templated":true}]}}