{"id":10556,"date":"2025-03-28T17:59:37","date_gmt":"2025-03-28T17:59:37","guid":{"rendered":"https:\/\/kalogiros.gr\/produktet-2\/"},"modified":"2025-03-28T18:00:05","modified_gmt":"2025-03-28T18:00:05","slug":"produktet-2","status":"publish","type":"page","link":"https:\/\/kalogiros.gr\/sq\/produktet-2\/","title":{"rendered":"Produktet #2"},"content":{"rendered":"\n\t<section class=\"section\" id=\"section_1945567584\">\n\t\t<div class=\"section-bg fill\" >\n\t\t\t\t\t\t\t\t\t\n\t\t\t\n\n\t\t<\/div>\n\n\t\t\n\n\t\t<div class=\"section-content relative\">\n\t\t\t\n<div class=\"row\"  id=\"row-829605012\">\n\n\t<div id=\"col-1152359751\" class=\"col small-12 large-12\"  >\n\t\t\t\t<div class=\"col-inner\"  >\n\t\t\t\n\t\t\t\n<h2 style=\"text-align: center;\">Katalogu i produkteve<\/h2>\n\t\t<\/div>\n\t\t\t\t\t<\/div>\n\n\t\n<\/div>\n<div class=\"row row-dashed\"  id=\"row-1525569455\">\n\n\t<div id=\"col-1681615619\" class=\"col medium-3 small-12 large-3\"  >\n\t\t\t\t<div class=\"col-inner\"  >\n\t\t\t\n\t\t\t\n\t<div class=\"box has-hover   has-hover box-shadow-1 box-shadow-3-hover box-text-bottom\" >\n\n\t\t<div class=\"box-image\" >\n\t\t\t<a href=\"https:\/\/kalogiros.gr\/sq\/shop\/rrjetat-e-gushes\/neiloni\/neiloni\/\" >\t\t\t<div class=\"\" >\n\t\t\t\t<img loading=\"lazy\" decoding=\"async\" width=\"600\" height=\"700\" src=\"https:\/\/kalogiros.gr\/wp-content\/uploads\/2021\/05\/panina.jpg\" class=\"attachment- size-\" alt=\"\" srcset=\"https:\/\/kalogiros.gr\/wp-content\/uploads\/2021\/05\/panina.jpg 600w, https:\/\/kalogiros.gr\/wp-content\/uploads\/2021\/05\/panina-343x400.jpg 343w\" sizes=\"auto, (max-width: 600px) 100vw, 600px\" \/>\t\t\t\t\t\t\t\t\t\t\t<\/div>\n\t\t\t<\/a>\t\t<\/div>\n\n\t\t<div class=\"box-text text-center\" >\n\t\t\t<div class=\"box-text-inner\">\n\t\t\t\t\n<h4>SANDALE RRJETA<\/h4>\n\t\t\t<\/div>\n\t\t<\/div>\n\t<\/div>\n\t\n\t\t<\/div>\n\t\t\t\t\t<\/div>\n\n\t\n\n\t<div id=\"col-305631553\" class=\"col medium-3 small-12 large-3\"  >\n\t\t\t\t<div class=\"col-inner\"  >\n\t\t\t\n\t\t\t\n\t<div class=\"box has-hover   has-hover box-shadow-1 box-shadow-3-hover box-text-bottom\" >\n\n\t\t<div class=\"box-image\" >\n\t\t\t<a href=\"https:\/\/kalogiros.gr\/sq\/shop\/rrjetat-e-gushes\/rrjeta-te-mendafshta\/rrjeta-te-mendafshta\/\" >\t\t\t<div class=\"\" >\n\t\t\t\t<img loading=\"lazy\" decoding=\"async\" width=\"600\" height=\"700\" src=\"https:\/\/kalogiros.gr\/wp-content\/uploads\/2021\/05\/metaksota.jpg\" class=\"attachment- size-\" alt=\"\" srcset=\"https:\/\/kalogiros.gr\/wp-content\/uploads\/2021\/05\/metaksota.jpg 600w, https:\/\/kalogiros.gr\/wp-content\/uploads\/2021\/05\/metaksota-343x400.jpg 343w\" sizes=\"auto, (max-width: 600px) 100vw, 600px\" \/>\t\t\t\t\t\t\t\t\t\t\t<\/div>\n\t\t\t<\/a>\t\t<\/div>\n\n\t\t<div class=\"box-text text-center\" >\n\t\t\t<div class=\"box-text-inner\">\n\t\t\t\t\n<h4>RRJETA ME MENDASHTE<\/h4>\n\t\t\t<\/div>\n\t\t<\/div>\n\t<\/div>\n\t\n\t\t<\/div>\n\t\t\t\t\t<\/div>\n\n\t\n\n\t<div id=\"col-403741395\" class=\"col medium-3 small-12 large-3\"  >\n\t\t\t\t<div class=\"col-inner\"  >\n\t\t\t\n\t\t\t\n\t<div class=\"box has-hover   has-hover box-shadow-1 box-shadow-3-hover box-text-bottom\" >\n\n\t\t<div class=\"box-image\" >\n\t\t\t<a href=\"https:\/\/kalogiros.gr\/sq\/shop\/rrjetat-e-gushes\/plastikia\/plastikia-rrjeta\/\" >\t\t\t<div class=\"\" >\n\t\t\t\t<img loading=\"lazy\" decoding=\"async\" width=\"600\" height=\"700\" src=\"https:\/\/kalogiros.gr\/wp-content\/uploads\/2021\/05\/monoklona.jpg\" class=\"attachment- size-\" alt=\"\" srcset=\"https:\/\/kalogiros.gr\/wp-content\/uploads\/2021\/05\/monoklona.jpg 600w, https:\/\/kalogiros.gr\/wp-content\/uploads\/2021\/05\/monoklona-343x400.jpg 343w\" sizes=\"auto, (max-width: 600px) 100vw, 600px\" \/>\t\t\t\t\t\t\t\t\t\t\t<\/div>\n\t\t\t<\/a>\t\t<\/div>\n\n\t\t<div class=\"box-text text-center\" >\n\t\t\t<div class=\"box-text-inner\">\n\t\t\t\t\n<h4>RRJETA ME GJENDJE<\/h4>\n\t\t\t<\/div>\n\t\t<\/div>\n\t<\/div>\n\t\n\t\t<\/div>\n\t\t\t\t\t<\/div>\n\n\t\n\n\t<div id=\"col-389329121\" class=\"col medium-3 small-12 large-3\"  >\n\t\t\t\t<div class=\"col-inner\"  >\n\t\t\t\n\t\t\t\n\t<div class=\"box has-hover   has-hover box-shadow-1 box-shadow-3-hover box-text-bottom\" >\n\n\t\t<div class=\"box-image\" >\n\t\t\t<a href=\"https:\/\/kalogiros.gr\/sq\/shop\/rrjetat-e-gushes\/shume-nje-fije\/shume-nje-fije-rrjeta\/\" >\t\t\t<div class=\"\" >\n\t\t\t\t<img loading=\"lazy\" decoding=\"async\" width=\"600\" height=\"700\" src=\"https:\/\/kalogiros.gr\/wp-content\/uploads\/2021\/05\/polimonoklona.jpg\" class=\"attachment- size-\" alt=\"\" srcset=\"https:\/\/kalogiros.gr\/wp-content\/uploads\/2021\/05\/polimonoklona.jpg 600w, https:\/\/kalogiros.gr\/wp-content\/uploads\/2021\/05\/polimonoklona-343x400.jpg 343w\" sizes=\"auto, (max-width: 600px) 100vw, 600px\" \/>\t\t\t\t\t\t\t\t\t\t\t<\/div>\n\t\t\t<\/a>\t\t<\/div>\n\n\t\t<div class=\"box-text text-center\" >\n\t\t\t<div class=\"box-text-inner\">\n\t\t\t\t\n<h4>RRJETA ME SHUM\u00cb STRAINDIKAT\u00cb<\/h4>\n\t\t\t<\/div>\n\t\t<\/div>\n\t<\/div>\n\t\n\t\t<\/div>\n\t\t\t\t\t<\/div>\n\n\t\n\n\t<div id=\"col-551208337\" class=\"col medium-3 small-12 large-3\"  >\n\t\t\t\t<div class=\"col-inner\"  >\n\t\t\t\n\t\t\t\n\t<div class=\"box has-hover   has-hover box-shadow-1 box-shadow-3-hover box-text-bottom\" >\n\n\t\t<div class=\"box-image\" >\n\t\t\t<a href=\"https:\/\/kalogiros.gr\/sq\/shop\/rrjetat-e-gushes\/neiloni\/neiloni-stinga\/\" >\t\t\t<div class=\"\" >\n\t\t\t\t<img loading=\"lazy\" decoding=\"async\" width=\"800\" height=\"800\" src=\"https:\/\/kalogiros.gr\/wp-content\/uploads\/2021\/06\/paninoi-manoi1.jpg\" class=\"attachment- size-\" alt=\"\" srcset=\"https:\/\/kalogiros.gr\/wp-content\/uploads\/2021\/06\/paninoi-manoi1.jpg 800w, https:\/\/kalogiros.gr\/wp-content\/uploads\/2021\/06\/paninoi-manoi1-400x400.jpg 400w, https:\/\/kalogiros.gr\/wp-content\/uploads\/2021\/06\/paninoi-manoi1-280x280.jpg 280w, https:\/\/kalogiros.gr\/wp-content\/uploads\/2021\/06\/paninoi-manoi1-768x768.jpg 768w, https:\/\/kalogiros.gr\/wp-content\/uploads\/2021\/06\/paninoi-manoi1-100x100.jpg 100w\" sizes=\"auto, (max-width: 800px) 100vw, 800px\" \/>\t\t\t\t\t\t\t\t\t\t\t<\/div>\n\t\t\t<\/a>\t\t<\/div>\n\n\t\t<div class=\"box-text text-center\" >\n\t\t\t<div class=\"box-text-inner\">\n\t\t\t\t\n<h4>SANDALE MANOI<\/h4>\n\t\t\t<\/div>\n\t\t<\/div>\n\t<\/div>\n\t\n\t\t<\/div>\n\t\t\t\t\t<\/div>\n\n\t\n\n\t<div id=\"col-1239901743\" class=\"col medium-3 small-12 large-3\"  >\n\t\t\t\t<div class=\"col-inner\"  >\n\t\t\t\n\t\t\t\n\t<div class=\"box has-hover   has-hover box-shadow-1 box-shadow-3-hover box-text-bottom\" >\n\n\t\t<div class=\"box-image\" >\n\t\t\t<a href=\"https:\/\/kalogiros.gr\/sq\/shop\/rrjetat-e-gushes\/plastikia\/plastikia-stinga\/\" >\t\t\t<div class=\"\" >\n\t\t\t\t<img loading=\"lazy\" decoding=\"async\" width=\"800\" height=\"800\" src=\"https:\/\/kalogiros.gr\/wp-content\/uploads\/2021\/04\/monoklonoi-manoi.jpg\" class=\"attachment- size-\" alt=\"\" srcset=\"https:\/\/kalogiros.gr\/wp-content\/uploads\/2021\/04\/monoklonoi-manoi.jpg 800w, https:\/\/kalogiros.gr\/wp-content\/uploads\/2021\/04\/monoklonoi-manoi-400x400.jpg 400w, https:\/\/kalogiros.gr\/wp-content\/uploads\/2021\/04\/monoklonoi-manoi-280x280.jpg 280w, https:\/\/kalogiros.gr\/wp-content\/uploads\/2021\/04\/monoklonoi-manoi-768x768.jpg 768w, https:\/\/kalogiros.gr\/wp-content\/uploads\/2021\/04\/monoklonoi-manoi-100x100.jpg 100w\" sizes=\"auto, (max-width: 800px) 100vw, 800px\" \/>\t\t\t\t\t\t\t\t\t\t\t<\/div>\n\t\t\t<\/a>\t\t<\/div>\n\n\t\t<div class=\"box-text text-center\" >\n\t\t\t<div class=\"box-text-inner\">\n\t\t\t\t\n<h4>MANET E VET\u00cbKLONARA<\/h4>\n\t\t\t<\/div>\n\t\t<\/div>\n\t<\/div>\n\t\n\t\t<\/div>\n\t\t\t\t\t<\/div>\n\n\t\n\n\t<div id=\"col-827273273\" class=\"col medium-3 small-12 large-3\"  >\n\t\t\t\t<div class=\"col-inner\"  >\n\t\t\t\n\t\t\t\n\t<div class=\"box has-hover   has-hover box-shadow-1 box-shadow-3-hover box-text-bottom\" >\n\n\t\t<div class=\"box-image\" >\n\t\t\t<a href=\"https:\/\/kalogiros.gr\/sq\/shop\/rrjetat-e-gushes\/shume-nje-fije\/stinga\/\" >\t\t\t<div class=\"\" >\n\t\t\t\t<img loading=\"lazy\" decoding=\"async\" width=\"800\" height=\"800\" src=\"https:\/\/kalogiros.gr\/wp-content\/uploads\/2021\/04\/\u03a0\u039f\u039b\u03a5\u039c\u039f\u039d\u039f\u039a\u039b\u03a9\u039d\u039f\u0399-\u039c\u0391\u039d\u039f\u0399.jpg\" class=\"attachment- size-\" alt=\"\" srcset=\"https:\/\/kalogiros.gr\/wp-content\/uploads\/2021\/04\/\u03a0\u039f\u039b\u03a5\u039c\u039f\u039d\u039f\u039a\u039b\u03a9\u039d\u039f\u0399-\u039c\u0391\u039d\u039f\u0399.jpg 800w, https:\/\/kalogiros.gr\/wp-content\/uploads\/2021\/04\/\u03a0\u039f\u039b\u03a5\u039c\u039f\u039d\u039f\u039a\u039b\u03a9\u039d\u039f\u0399-\u039c\u0391\u039d\u039f\u0399-400x400.jpg 400w, https:\/\/kalogiros.gr\/wp-content\/uploads\/2021\/04\/\u03a0\u039f\u039b\u03a5\u039c\u039f\u039d\u039f\u039a\u039b\u03a9\u039d\u039f\u0399-\u039c\u0391\u039d\u039f\u0399-280x280.jpg 280w, https:\/\/kalogiros.gr\/wp-content\/uploads\/2021\/04\/\u03a0\u039f\u039b\u03a5\u039c\u039f\u039d\u039f\u039a\u039b\u03a9\u039d\u039f\u0399-\u039c\u0391\u039d\u039f\u0399-768x768.jpg 768w, https:\/\/kalogiros.gr\/wp-content\/uploads\/2021\/04\/\u03a0\u039f\u039b\u03a5\u039c\u039f\u039d\u039f\u039a\u039b\u03a9\u039d\u039f\u0399-\u039c\u0391\u039d\u039f\u0399-100x100.jpg 100w\" sizes=\"auto, (max-width: 800px) 100vw, 800px\" \/>\t\t\t\t\t\t\t\t\t\t\t<\/div>\n\t\t\t<\/a>\t\t<\/div>\n\n\t\t<div class=\"box-text text-center\" >\n\t\t\t<div class=\"box-text-inner\">\n\t\t\t\t\n<h4>MANOS MULTIKLONI<\/h4>\n\t\t\t<\/div>\n\t\t<\/div>\n\t<\/div>\n\t\n\t\t<\/div>\n\t\t\t\t\t<\/div>\n\n\t\n\n\t<div id=\"col-42411989\" class=\"col medium-3 small-12 large-3\"  >\n\t\t\t\t<div class=\"col-inner\"  >\n\t\t\t\n\t\t\t\n\t<div class=\"box has-hover   has-hover box-shadow-1 box-shadow-3-hover box-text-bottom\" >\n\n\t\t<div class=\"box-image\" >\n\t\t\t<a href=\"https:\/\/kalogiros.gr\/sq\/shop\/spango\/spango\/\" >\t\t\t<div class=\"\" >\n\t\t\t\t<img loading=\"lazy\" decoding=\"async\" width=\"600\" height=\"600\" src=\"https:\/\/kalogiros.gr\/wp-content\/uploads\/2021\/05\/nimata.jpg\" class=\"attachment- size-\" alt=\"\" srcset=\"https:\/\/kalogiros.gr\/wp-content\/uploads\/2021\/05\/nimata.jpg 600w, https:\/\/kalogiros.gr\/wp-content\/uploads\/2021\/05\/nimata-400x400.jpg 400w, https:\/\/kalogiros.gr\/wp-content\/uploads\/2021\/05\/nimata-280x280.jpg 280w, https:\/\/kalogiros.gr\/wp-content\/uploads\/2021\/05\/nimata-100x100.jpg 100w\" sizes=\"auto, (max-width: 600px) 100vw, 600px\" \/>\t\t\t\t\t\t\t\t\t\t\t<\/div>\n\t\t\t<\/a>\t\t<\/div>\n\n\t\t<div class=\"box-text text-center\" >\n\t\t\t<div class=\"box-text-inner\">\n\t\t\t\t\n<h4>FIJET<\/h4>\n\t\t\t<\/div>\n\t\t<\/div>\n\t<\/div>\n\t\n\t\t<\/div>\n\t\t\t\t\t<\/div>\n\n\t\n\n\t<div id=\"col-931740082\" class=\"col medium-3 small-12 large-3\"  >\n\t\t\t\t<div class=\"col-inner\"  >\n\t\t\t\n\t\t\t\n\t<div class=\"box has-hover   has-hover box-shadow-1 box-shadow-3-hover box-text-bottom\" >\n\n\t\t<div class=\"box-image\" >\n\t\t\t<a href=\"https:\/\/kalogiros.gr\/sq\/tape\/\" >\t\t\t<div class=\"\" >\n\t\t\t\t<img loading=\"lazy\" decoding=\"async\" width=\"600\" height=\"600\" src=\"https:\/\/kalogiros.gr\/wp-content\/uploads\/2021\/07\/fela.jpg\" class=\"attachment- size-\" alt=\"\" srcset=\"https:\/\/kalogiros.gr\/wp-content\/uploads\/2021\/07\/fela.jpg 600w, https:\/\/kalogiros.gr\/wp-content\/uploads\/2021\/07\/fela-400x400.jpg 400w, https:\/\/kalogiros.gr\/wp-content\/uploads\/2021\/07\/fela-280x280.jpg 280w, https:\/\/kalogiros.gr\/wp-content\/uploads\/2021\/07\/fela-100x100.jpg 100w\" sizes=\"auto, (max-width: 600px) 100vw, 600px\" \/>\t\t\t\t\t\t\t\t\t\t\t<\/div>\n\t\t\t<\/a>\t\t<\/div>\n\n\t\t<div class=\"box-text text-center\" >\n\t\t\t<div class=\"box-text-inner\">\n\t\t\t\t\n<h4>FELLA<\/h4>\n\t\t\t<\/div>\n\t\t<\/div>\n\t<\/div>\n\t\n\t\t<\/div>\n\t\t\t\t\t<\/div>\n\n\t\n\n\t<div id=\"col-1595142206\" class=\"col medium-3 small-12 large-3\"  >\n\t\t\t\t<div class=\"col-inner\"  >\n\t\t\t\n\t\t\t\n\t<div class=\"box has-hover   has-hover box-shadow-1 box-shadow-3-hover box-text-bottom\" >\n\n\t\t<div class=\"box-image\" >\n\t\t\t<a href=\"https:\/\/kalogiros.gr\/sq\/litare\/\" >\t\t\t<div class=\"\" >\n\t\t\t\t<img loading=\"lazy\" decoding=\"async\" width=\"600\" height=\"600\" src=\"https:\/\/kalogiros.gr\/wp-content\/uploads\/2021\/07\/sxoinia..jpg\" class=\"attachment- size-\" alt=\"\" srcset=\"https:\/\/kalogiros.gr\/wp-content\/uploads\/2021\/07\/sxoinia..jpg 600w, https:\/\/kalogiros.gr\/wp-content\/uploads\/2021\/07\/sxoinia.-400x400.jpg 400w, https:\/\/kalogiros.gr\/wp-content\/uploads\/2021\/07\/sxoinia.-280x280.jpg 280w, https:\/\/kalogiros.gr\/wp-content\/uploads\/2021\/07\/sxoinia.-100x100.jpg 100w\" sizes=\"auto, (max-width: 600px) 100vw, 600px\" \/>\t\t\t\t\t\t\t\t\t\t\t<\/div>\n\t\t\t<\/a>\t\t<\/div>\n\n\t\t<div class=\"box-text text-center\" >\n\t\t\t<div class=\"box-text-inner\">\n\t\t\t\t\n<h4>LITOR<\/h4>\n\t\t\t<\/div>\n\t\t<\/div>\n\t<\/div>\n\t\n\t\t<\/div>\n\t\t\t\t\t<\/div>\n\n\t\n\n\t<div id=\"col-262512543\" class=\"col medium-3 small-12 large-3\"  >\n\t\t\t\t<div class=\"col-inner\"  >\n\t\t\t\n\t\t\t\n\t<div class=\"box has-hover   has-hover box-shadow-1 box-shadow-3-hover box-text-bottom\" >\n\n\t\t<div class=\"box-image\" >\n\t\t\t<a href=\"https:\/\/kalogiros.gr\/sq\/shop\/peshat-e-plumbit\/peshat-e-plumbit\/\" >\t\t\t<div class=\"\" >\n\t\t\t\t<img loading=\"lazy\" decoding=\"async\" width=\"600\" height=\"600\" src=\"https:\/\/kalogiros.gr\/wp-content\/uploads\/2021\/05\/molivia.jpg\" class=\"attachment- size-\" alt=\"\" srcset=\"https:\/\/kalogiros.gr\/wp-content\/uploads\/2021\/05\/molivia.jpg 600w, https:\/\/kalogiros.gr\/wp-content\/uploads\/2021\/05\/molivia-400x400.jpg 400w, https:\/\/kalogiros.gr\/wp-content\/uploads\/2021\/05\/molivia-280x280.jpg 280w, https:\/\/kalogiros.gr\/wp-content\/uploads\/2021\/05\/molivia-100x100.jpg 100w\" sizes=\"auto, (max-width: 600px) 100vw, 600px\" \/>\t\t\t\t\t\t\t\t\t\t\t<\/div>\n\t\t\t<\/a>\t\t<\/div>\n\n\t\t<div class=\"box-text text-center\" >\n\t\t\t<div class=\"box-text-inner\">\n\t\t\t\t\n<h4>GOLD<\/h4>\n\t\t\t<\/div>\n\t\t<\/div>\n\t<\/div>\n\t\n\t\t<\/div>\n\t\t\t\t\t<\/div>\n\n\t\n\n\t<div id=\"col-1703172268\" class=\"col medium-3 small-12 large-3\"  >\n\t\t\t\t<div class=\"col-inner\"  >\n\t\t\t\n\t\t\t\n\t<div class=\"box has-hover   has-hover box-shadow-1 box-shadow-3-hover box-text-bottom\" >\n\n\t\t<div class=\"box-image\" >\n\t\t\t<a href=\"https:\/\/kalogiros.gr\/sq\/product-category\/mushama\/\" >\t\t\t<div class=\"image-cover\" style=\"padding-top:100%;\">\n\t\t\t\t<img loading=\"lazy\" decoding=\"async\" width=\"1706\" height=\"2560\" src=\"https:\/\/kalogiros.gr\/wp-content\/uploads\/2021\/10\/20210907_proalifing_093-scaled.jpg\" class=\"attachment- size-\" alt=\"\" srcset=\"https:\/\/kalogiros.gr\/wp-content\/uploads\/2021\/10\/20210907_proalifing_093-scaled.jpg 1706w, https:\/\/kalogiros.gr\/wp-content\/uploads\/2021\/10\/20210907_proalifing_093-267x400.jpg 267w, https:\/\/kalogiros.gr\/wp-content\/uploads\/2021\/10\/20210907_proalifing_093-533x800.jpg 533w, https:\/\/kalogiros.gr\/wp-content\/uploads\/2021\/10\/20210907_proalifing_093-768x1152.jpg 768w, https:\/\/kalogiros.gr\/wp-content\/uploads\/2021\/10\/20210907_proalifing_093-1024x1536.jpg 1024w, https:\/\/kalogiros.gr\/wp-content\/uploads\/2021\/10\/20210907_proalifing_093-1365x2048.jpg 1365w, https:\/\/kalogiros.gr\/wp-content\/uploads\/2021\/10\/20210907_proalifing_093-800x1200.jpg 800w\" sizes=\"auto, (max-width: 1706px) 100vw, 1706px\" \/>\t\t\t\t\t\t\t\t\t\t\t<\/div>\n\t\t\t<\/a>\t\t<\/div>\n\n\t\t<div class=\"box-text text-center\" >\n\t\t\t<div class=\"box-text-inner\">\n\t\t\t\t\n<h4>RAINPROX - NITSERADES<\/h4>\n\t\t\t<\/div>\n\t\t<\/div>\n\t<\/div>\n\t\n\t\t<\/div>\n\t\t\t\t\t<\/div>\n\n\t\n\n\t<div id=\"col-2085150391\" class=\"col medium-3 small-12 large-3\"  >\n\t\t\t\t<div class=\"col-inner\"  >\n\t\t\t\n\t\t\t\n\t<div class=\"box has-hover   has-hover box-shadow-1 box-shadow-3-hover box-text-bottom\" >\n\n\t\t<div class=\"box-image\" >\n\t\t\t<a href=\"https:\/\/kalogiros.gr\/sq\/shop\/sports-fishing-equipment\/peshkim-njelinjesh\/peshkim-njelinjesh\/\" >\t\t\t<div class=\"\" >\n\t\t\t\t<img loading=\"lazy\" decoding=\"async\" width=\"800\" height=\"533\" src=\"https:\/\/kalogiros.gr\/wp-content\/uploads\/2021\/04\/\u039c\u0395\u03a3\u0399\u039d\u0395\u0396\u0391-1.jpg\" class=\"attachment- size-\" alt=\"\" srcset=\"https:\/\/kalogiros.gr\/wp-content\/uploads\/2021\/04\/\u039c\u0395\u03a3\u0399\u039d\u0395\u0396\u0391-1.jpg 800w, https:\/\/kalogiros.gr\/wp-content\/uploads\/2021\/04\/\u039c\u0395\u03a3\u0399\u039d\u0395\u0396\u0391-1-600x400.jpg 600w, https:\/\/kalogiros.gr\/wp-content\/uploads\/2021\/04\/\u039c\u0395\u03a3\u0399\u039d\u0395\u0396\u0391-1-768x512.jpg 768w\" sizes=\"auto, (max-width: 800px) 100vw, 800px\" \/>\t\t\t\t\t\t\t\t\t\t\t<\/div>\n\t\t\t<\/a>\t\t<\/div>\n\n\t\t<div class=\"box-text text-center\" >\n\t\t\t<div class=\"box-text-inner\">\n\t\t\t\t\n<h4>MESINEZA<\/h4>\n\t\t\t<\/div>\n\t\t<\/div>\n\t<\/div>\n\t\n\t\t<\/div>\n\t\t\t\t\t<\/div>\n\n\t\n\n\t<div id=\"col-663444301\" class=\"col medium-3 small-12 large-3\"  >\n\t\t\t\t<div class=\"col-inner\"  >\n\t\t\t\n\t\t\t\n\t<div class=\"box has-hover   has-hover box-shadow-1 box-shadow-3-hover box-text-bottom\" >\n\n\t\t<div class=\"box-image\" >\n\t\t\t<a href=\"https:\/\/kalogiros.gr\/sq\/product-category\/sports-fishing-equipment\/pezevol\/\" >\t\t\t<div class=\"\" >\n\t\t\t\t<img loading=\"lazy\" decoding=\"async\" width=\"800\" height=\"800\" src=\"https:\/\/kalogiros.gr\/wp-content\/uploads\/2021\/08\/\u03c0\u03b5\u03b6\u03bf\u0301\u03b2\u03bf\u03bb\u03bf-\u03c0\u03b1\u0301\u03bd\u03b9\u03bd\u03bf-1.jpg\" class=\"attachment- size-\" alt=\"\" srcset=\"https:\/\/kalogiros.gr\/wp-content\/uploads\/2021\/08\/\u03c0\u03b5\u03b6\u03bf\u0301\u03b2\u03bf\u03bb\u03bf-\u03c0\u03b1\u0301\u03bd\u03b9\u03bd\u03bf-1.jpg 800w, https:\/\/kalogiros.gr\/wp-content\/uploads\/2021\/08\/\u03c0\u03b5\u03b6\u03bf\u0301\u03b2\u03bf\u03bb\u03bf-\u03c0\u03b1\u0301\u03bd\u03b9\u03bd\u03bf-1-400x400.jpg 400w, https:\/\/kalogiros.gr\/wp-content\/uploads\/2021\/08\/\u03c0\u03b5\u03b6\u03bf\u0301\u03b2\u03bf\u03bb\u03bf-\u03c0\u03b1\u0301\u03bd\u03b9\u03bd\u03bf-1-280x280.jpg 280w, https:\/\/kalogiros.gr\/wp-content\/uploads\/2021\/08\/\u03c0\u03b5\u03b6\u03bf\u0301\u03b2\u03bf\u03bb\u03bf-\u03c0\u03b1\u0301\u03bd\u03b9\u03bd\u03bf-1-768x768.jpg 768w, https:\/\/kalogiros.gr\/wp-content\/uploads\/2021\/08\/\u03c0\u03b5\u03b6\u03bf\u0301\u03b2\u03bf\u03bb\u03bf-\u03c0\u03b1\u0301\u03bd\u03b9\u03bd\u03bf-1-100x100.jpg 100w\" sizes=\"auto, (max-width: 800px) 100vw, 800px\" \/>\t\t\t\t\t\t\t\t\t\t\t<\/div>\n\t\t\t<\/a>\t\t<\/div>\n\n\t\t<div class=\"box-text text-center\" >\n\t\t\t<div class=\"box-text-inner\">\n\t\t\t\t\n<h4>K\u00cbMB\u00cbSOR\u00cbS<\/h4>\n\t\t\t<\/div>\n\t\t<\/div>\n\t<\/div>\n\t\n\t\t<\/div>\n\t\t\t\t\t<\/div>\n\n\t\n\n\t<div id=\"col-879341859\" class=\"col medium-3 small-12 large-3\"  >\n\t\t\t\t<div class=\"col-inner\"  >\n\t\t\t\n\t\t\t\n\t<div class=\"box has-hover   has-hover box-shadow-1 box-shadow-3-hover box-text-bottom\" >\n\n\t\t<div class=\"box-image\" >\n\t\t\t<a href=\"https:\/\/kalogiros.gr\/sq\/shop\/sports-fishing-equipment\/rrjeta-kove\/rrjeta-kove\/\" >\t\t\t<div class=\"\" >\n\t\t\t\t<img loading=\"lazy\" decoding=\"async\" width=\"800\" height=\"800\" src=\"https:\/\/kalogiros.gr\/wp-content\/uploads\/2021\/08\/\u0391\u03b8\u03b5\u03c1\u03b9\u03bd\u03bf\u0301\u03b4\u03b9\u03c7\u03c4\u03bf-1.jpg\" class=\"attachment- size-\" alt=\"\" srcset=\"https:\/\/kalogiros.gr\/wp-content\/uploads\/2021\/08\/\u0391\u03b8\u03b5\u03c1\u03b9\u03bd\u03bf\u0301\u03b4\u03b9\u03c7\u03c4\u03bf-1.jpg 800w, https:\/\/kalogiros.gr\/wp-content\/uploads\/2021\/08\/\u0391\u03b8\u03b5\u03c1\u03b9\u03bd\u03bf\u0301\u03b4\u03b9\u03c7\u03c4\u03bf-1-400x400.jpg 400w, https:\/\/kalogiros.gr\/wp-content\/uploads\/2021\/08\/\u0391\u03b8\u03b5\u03c1\u03b9\u03bd\u03bf\u0301\u03b4\u03b9\u03c7\u03c4\u03bf-1-280x280.jpg 280w, https:\/\/kalogiros.gr\/wp-content\/uploads\/2021\/08\/\u0391\u03b8\u03b5\u03c1\u03b9\u03bd\u03bf\u0301\u03b4\u03b9\u03c7\u03c4\u03bf-1-768x768.jpg 768w, https:\/\/kalogiros.gr\/wp-content\/uploads\/2021\/08\/\u0391\u03b8\u03b5\u03c1\u03b9\u03bd\u03bf\u0301\u03b4\u03b9\u03c7\u03c4\u03bf-1-100x100.jpg 100w\" sizes=\"auto, (max-width: 800px) 100vw, 800px\" \/>\t\t\t\t\t\t\t\t\t\t\t<\/div>\n\t\t\t<\/a>\t\t<\/div>\n\n\t\t<div class=\"box-text text-center\" >\n\t\t\t<div class=\"box-text-inner\">\n\t\t\t\t\n<h4>ATHERNODICHTO<\/h4>\n\t\t\t<\/div>\n\t\t<\/div>\n\t<\/div>\n\t\n\t\t<\/div>\n\t\t\t\t\t<\/div>\n\n\t\n\n\t<div id=\"col-410795914\" class=\"col medium-3 small-12 large-3\"  >\n\t\t\t\t<div class=\"col-inner\"  >\n\t\t\t\n\t\t\t\n\t<div class=\"box has-hover   has-hover box-shadow-1 box-shadow-3-hover box-text-bottom\" >\n\n\t\t<div class=\"box-image\" >\n\t\t\t<a href=\"https:\/\/kalogiros.gr\/sq\/product-category\/rrjeta-sportive\/\" >\t\t\t<div class=\"\" >\n\t\t\t\t<img loading=\"lazy\" decoding=\"async\" width=\"800\" height=\"800\" src=\"https:\/\/kalogiros.gr\/wp-content\/uploads\/2021\/08\/dixtia-gia-sport.jpg\" class=\"attachment- size-\" alt=\"\" srcset=\"https:\/\/kalogiros.gr\/wp-content\/uploads\/2021\/08\/dixtia-gia-sport.jpg 800w, https:\/\/kalogiros.gr\/wp-content\/uploads\/2021\/08\/dixtia-gia-sport-400x400.jpg 400w, https:\/\/kalogiros.gr\/wp-content\/uploads\/2021\/08\/dixtia-gia-sport-280x280.jpg 280w, https:\/\/kalogiros.gr\/wp-content\/uploads\/2021\/08\/dixtia-gia-sport-768x768.jpg 768w, https:\/\/kalogiros.gr\/wp-content\/uploads\/2021\/08\/dixtia-gia-sport-100x100.jpg 100w\" sizes=\"auto, (max-width: 800px) 100vw, 800px\" \/>\t\t\t\t\t\t\t\t\t\t\t<\/div>\n\t\t\t<\/a>\t\t<\/div>\n\n\t\t<div class=\"box-text text-center\" >\n\t\t\t<div class=\"box-text-inner\">\n\t\t\t\t\n<h4>RRJETA P\u00cbR SPORT<\/h4>\n\t\t\t<\/div>\n\t\t<\/div>\n\t<\/div>\n\t\n\t\t<\/div>\n\t\t\t\t\t<\/div>\n\n\t\n\n\t<div id=\"col-26137051\" class=\"col medium-3 small-12 large-3\"  >\n\t\t\t\t<div class=\"col-inner\"  >\n\t\t\t\n\t\t\t\n\t<div class=\"box has-hover   has-hover box-shadow-1 box-shadow-3-hover box-text-bottom\" >\n\n\t\t<div class=\"box-image\" >\n\t\t\t<a href=\"https:\/\/kalogiros.gr\/sq\/product-category\/sports-fishing-equipment\/squid-jig\/\" >\t\t\t<div class=\"\" >\n\t\t\t\t<img loading=\"lazy\" decoding=\"async\" width=\"800\" height=\"800\" src=\"https:\/\/kalogiros.gr\/wp-content\/uploads\/2022\/02\/P9-1.jpg\" class=\"attachment- size-\" alt=\"\" srcset=\"https:\/\/kalogiros.gr\/wp-content\/uploads\/2022\/02\/P9-1.jpg 800w, https:\/\/kalogiros.gr\/wp-content\/uploads\/2022\/02\/P9-1-100x100.jpg 100w, https:\/\/kalogiros.gr\/wp-content\/uploads\/2022\/02\/P9-1-280x280.jpg 280w, https:\/\/kalogiros.gr\/wp-content\/uploads\/2022\/02\/P9-1-768x768.jpg 768w\" sizes=\"auto, (max-width: 800px) 100vw, 800px\" \/>\t\t\t\t\t\t\t\t\t\t\t<\/div>\n\t\t\t<\/a>\t\t<\/div>\n\n\t\t<div class=\"box-text text-center\" >\n\t\t\t<div class=\"box-text-inner\">\n\t\t\t\t\n<h4>BARKA KALAMARE<\/h4>\n\t\t\t<\/div>\n\t\t<\/div>\n\t<\/div>\n\t\n\t\t<\/div>\n\t\t\t\t\t<\/div>\n\n\t\n\n\t<div id=\"col-1279229111\" class=\"col medium-3 small-12 large-3\"  >\n\t\t\t\t<div class=\"col-inner\"  >\n\t\t\t\n\t\t\t\n\t<div class=\"box has-hover  hidden has-hover box-text-bottom\" >\n\n\t\t<div class=\"box-image\" >\n\t\t\t\t\t\t<div class=\"\" >\n\t\t\t\t<img loading=\"lazy\" decoding=\"async\" width=\"800\" height=\"800\" src=\"https:\/\/kalogiros.gr\/wp-content\/uploads\/2022\/06\/arxiki.jpeg\" class=\"attachment- size-\" alt=\"\" srcset=\"https:\/\/kalogiros.gr\/wp-content\/uploads\/2022\/06\/arxiki.jpeg 800w, https:\/\/kalogiros.gr\/wp-content\/uploads\/2022\/06\/arxiki-400x400.jpeg 400w, https:\/\/kalogiros.gr\/wp-content\/uploads\/2022\/06\/arxiki-280x280.jpeg 280w, https:\/\/kalogiros.gr\/wp-content\/uploads\/2022\/06\/arxiki-768x768.jpeg 768w, https:\/\/kalogiros.gr\/wp-content\/uploads\/2022\/06\/arxiki-100x100.jpeg 100w\" sizes=\"auto, (max-width: 800px) 100vw, 800px\" \/>\t\t\t\t\t\t\t\t\t\t\t<\/div>\n\t\t\t\t\t<\/div>\n\n\t\t<div class=\"box-text text-center\" >\n\t\t\t<div class=\"box-text-inner\">\n\t\t\t\t\n\t<div id=\"text-1477953725\" class=\"text hidden\">\n\t\t\n<h4>RRJETA ME PUSHKA<\/h4>\n\t\t\t<\/div>\n\t\n\t\t\t<\/div>\n\t\t<\/div>\n\t<\/div>\n\t\n\t\t<\/div>\n\t\t\t\t\t<\/div>\n\n\t\n<\/div>\n\t\t<\/div>\n\n\t\t\n<style>\n#section_1945567584 {\n  padding-top: 30px;\n  padding-bottom: 30px;\n}\n<\/style>\n\t<\/section>\n\t\n","protected":false},"excerpt":{"rendered":"","protected":false},"author":2,"featured_media":0,"parent":0,"menu_order":0,"comment_status":"closed","ping_status":"closed","template":"page-blank.php","meta":{"_sitemap_exclude":false,"_sitemap_priority":"","_sitemap_frequency":"","footnotes":""},"class_list":["post-10556","page","type-page","status-publish","hentry"],"_links":{"self":[{"href":"https:\/\/kalogiros.gr\/sq\/wp-json\/wp\/v2\/pages\/10556","targetHints":{"allow":["GET"]}}],"collection":[{"href":"https:\/\/kalogiros.gr\/sq\/wp-json\/wp\/v2\/pages"}],"about":[{"href":"https:\/\/kalogiros.gr\/sq\/wp-json\/wp\/v2\/types\/page"}],"author":[{"embeddable":true,"href":"https:\/\/kalogiros.gr\/sq\/wp-json\/wp\/v2\/users\/2"}],"replies":[{"embeddable":true,"href":"https:\/\/kalogiros.gr\/sq\/wp-json\/wp\/v2\/comments?post=10556"}],"version-history":[{"count":11,"href":"https:\/\/kalogiros.gr\/sq\/wp-json\/wp\/v2\/pages\/10556\/revisions"}],"predecessor-version":[{"id":10608,"href":"https:\/\/kalogiros.gr\/sq\/wp-json\/wp\/v2\/pages\/10556\/revisions\/10608"}],"wp:attachment":[{"href":"https:\/\/kalogiros.gr\/sq\/wp-json\/wp\/v2\/media?parent=10556"}],"curies":[{"name":"wp","href":"https:\/\/api.w.org\/{rel}","templated":true}]}}