{"id":2294,"date":"2021-11-18T08:04:17","date_gmt":"2021-11-18T08:04:17","guid":{"rendered":"https:\/\/kalogiros.gr\/?page_id=2294"},"modified":"2025-03-28T18:00:02","modified_gmt":"2025-03-28T18:00:02","slug":"kushtet-e-perdorimit","status":"publish","type":"page","link":"https:\/\/kalogiros.gr\/sq\/kushtet-e-perdorimit\/","title":{"rendered":"Kushtet e P\u00ebrdorimit"},"content":{"rendered":"<div class=\"row\"  id=\"row-1604674048\">\n\n\t<div id=\"col-114901925\" class=\"col small-12 large-12\"  >\n\t\t\t\t<div class=\"col-inner\"  >\n\t\t\t\n\t\t\t\n<h1 style=\"text-align: center;\">Kushtet e P\u00ebrdorimit<\/h1>\n<p style=\"text-align: justify;\">E drejta e autorit e p\u00ebrmbajtjes s\u00eb k\u00ebsaj faqe interneti rregullohet nga legjislacioni grek, evropian dhe nd\u00ebrkomb\u00ebtar p\u00ebr t\u00eb drejt\u00ebn e autorit dhe \u00ebsht\u00eb pron\u00eb e Kalogiros. P\u00ebr sa i p\u00ebrket ripublikimit t\u00eb pjessh\u00ebm ose t\u00eb plot\u00eb t\u00eb p\u00ebrmbajtjes nga faqja e internetit Kalogiros, zbatohet nj\u00eb ndalim i qart\u00eb. \u00c7do shikim ose riprodhim i p\u00ebrmbajtjes s\u00eb Kalogiros lejohet vet\u00ebm pasi t\u00eb jet\u00eb dh\u00ebn\u00eb leja me shkrim nga vet\u00eb kompania.  <\/p>\n<p style=\"text-align: justify;\">Shfaqja dhe publikimi i informacionit dhe elementeve t\u00eb tilla si logot, emrat, etj. n\u00eb faqen e internetit t\u00eb Kalogiros q\u00eb kan\u00eb t\u00eb b\u00ebjn\u00eb me veten ose pal\u00ebt e treta jan\u00eb n\u00ebn mbrojtjen e dispozitave t\u00eb markave tregtare dhe nuk duhet t\u00eb interpretohen si nj\u00eb dh\u00ebnie automatike e nj\u00eb licence p\u00ebr p\u00ebrdorimin e tyre.<\/p>\n<p style=\"text-align: justify;\">Kalogiros nuk \u00ebsht\u00eb p\u00ebrgjegj\u00ebs p\u00ebr ndonj\u00eb gabim gjat\u00eb shk\u00ebmbimit t\u00eb t\u00eb dh\u00ebnave.<\/p>\n<p style=\"text-align: justify;\">Lidhur me referencat ose ridrejtimet n\u00ebp\u00ebrmjet lidhjeve n\u00eb faqet e internetit t\u00eb pal\u00ebve t\u00eb treta, Kalogiros nuk \u00ebsht\u00eb p\u00ebrgjegj\u00ebs p\u00ebr p\u00ebrmbajtjen, produktet dhe sh\u00ebrbimet e tyre.<\/p>\n<p style=\"text-align: justify;\">P\u00ebrdorimi i faqes s\u00eb internetit t\u00eb Kalogiros duhet t\u00eb kryhet n\u00eb m\u00ebnyr\u00eb t\u00eb till\u00eb q\u00eb 1) t\u00eb mos pengohet p\u00ebrdorimi i tij nga pal\u00ebt e treta, 2) t\u00eb jet\u00eb n\u00eb p\u00ebrputhje me legjislacionin n\u00eb fuqi dhe 3) t\u00eb mos d\u00ebmtoj\u00eb sh\u00ebrbimet e ofruara dhe rrjetin q\u00eb i ofron ato.   <\/p>\n<h3>Mbrojtja e t\u00eb dh\u00ebnave personale<\/h3>\n<p style=\"text-align: justify;\">Kalogiros siguron mbrojtjen maksimale t\u00eb mundshme t\u00eb t\u00eb dh\u00ebnave personale t\u00eb vizitor\u00ebve t\u00eb tij dhe \u00ebsht\u00eb n\u00eb p\u00ebrputhje t\u00eb plot\u00eb me legjislacionin n\u00eb fuqi t\u00eb Autoritetit t\u00eb Mbrojtjes s\u00eb t\u00eb Dh\u00ebnave Personale 2472\/97 si dhe me Rregulloren e P\u00ebrgjithshme Evropiane p\u00ebr Mbrojtjen e t\u00eb Dh\u00ebnave Personale (GDPR) e cila hyn n\u00eb fuqi m\u00eb 25\/05\/2018, e angazhuar p\u00ebr miratimin dhe zbatimin e plot\u00eb t\u00eb masave legjislative p\u00ebrkat\u00ebse.<\/p>\n<p style=\"text-align: justify;\">Kalogiros ka marr\u00eb masat e nevojshme teknike p\u00ebr t\u00eb garantuar mbrojtjen e t\u00eb dh\u00ebnave personale gjat\u00eb ruajtjes, p\u00ebrpunimit dhe ruajtjes s\u00eb tyre.<\/p>\n<h3>Mbledhja, P\u00ebrpunimi dhe Mbrojtja e t\u00eb Dh\u00ebnave Personale - T\u00eb drejtat e subjektit<\/h3>\n<p style=\"text-align: justify;\">Kalogiros ka t\u00eb drejt\u00eb t\u00eb mbaj\u00eb nj\u00eb Skedar, si dhe t\u00eb p\u00ebrpunoj\u00eb t\u00eb dh\u00ebnat personale t\u00eb p\u00ebrdoruesve n\u00ebse \u00ebsht\u00eb e nevojshme (p.sh. emrin, adres\u00ebn e post\u00ebs elektronike), t\u00eb cilat do t\u00eb p\u00ebrmbahen n\u00eb baz\u00ebn e t\u00eb dh\u00ebnave t\u00eb platform\u00ebs, n\u00ebp\u00ebrmjet faqes s\u00eb internetit. Kalogiros do t\u00eb mbledh\u00eb t\u00eb dh\u00ebna personale t\u00eb p\u00ebrdoruesve vet\u00ebm n\u00eb rastet e ofrimit vullnetar prej tyre p\u00ebr q\u00ebllimin e aksesit n\u00eb aplikacionet dhe sh\u00ebrbimet e disponueshme p\u00ebrmes faqes s\u00eb internetit. Kalogiros nuk do t\u00eb k\u00ebrkoj\u00eb t\u00eb dh\u00ebna personale nga kategori t\u00eb ve\u00e7anta p\u00ebrdoruesish n\u00eb asnj\u00eb rrethan\u00eb.  <\/p>\n<p style=\"text-align: justify;\">Kur p\u00ebrdoruesi regjistrohet n\u00eb faqen e internetit me q\u00ebllim t\u00eb ofrimit t\u00eb sh\u00ebrbimeve, regjistrimi i t\u00eb dh\u00ebnave t\u00eb tij\/saj n\u00ebnkupton p\u00eblqimin e tij\/saj p\u00ebr mbledhjen, p\u00ebrpunimin dhe p\u00ebrdorimin e t\u00eb dh\u00ebnave t\u00eb tij\/saj personale sipas kushteve t\u00eb k\u00ebsaj politike t\u00eb privat\u00ebsis\u00eb s\u00eb t\u00eb dh\u00ebnave personale. Gjithashtu, p\u00ebrpara p\u00ebrfundimit t\u00eb procesit t\u00eb regjistrimit (aktivizimi i llogaris\u00eb arrihet duke ndjekur lidhjen e d\u00ebrguar n\u00eb emailin e regjistruar) p\u00ebrdoruesi duhet t\u00eb jap\u00eb p\u00eblqimin n\u00eb m\u00ebnyr\u00eb specifike dhe eksplicite duke e pranuar k\u00ebt\u00eb. N\u00eb ve\u00e7anti, p\u00ebrdoruesi, si dhe Kalogiros, duhet t\u00eb pranoj\u00eb dhe t\u00eb pranoj\u00eb kushtet e Rregullores s\u00eb P\u00ebrgjithshme p\u00ebr Mbrojtjen e t\u00eb Dh\u00ebnave (GDPR) 679\/2016, e cila hyn n\u00eb fuqi m\u00eb 25 maj 2018, n\u00eb lidhje me mbledhjen dhe p\u00ebrpunimin e t\u00eb dh\u00ebnave personale t\u00eb p\u00ebrdoruesve p\u00ebrmes faqes s\u00eb internetit, p\u00ebr q\u00ebllimin e aksesit t\u00eb p\u00ebrdoruesit n\u00eb sh\u00ebrbimin e dh\u00ebn\u00eb, exe dhe aplikacionin e tyre elektronik. p\u00eblqimin specifik.  <\/p>\n<p style=\"text-align: justify;\">Gjithashtu, p\u00ebrdoruesit do t&#8217;i k\u00ebrkohet t\u00eb jap\u00eb n\u00eb m\u00ebnyr\u00eb eksplicite p\u00eblqimin e tij p\u00ebr Kalogiros p\u00ebr d\u00ebrgimin e p\u00ebrdit\u00ebsimeve rreth produkteve dhe sh\u00ebrbimeve n\u00ebp\u00ebrmjet komunikimit elektronik, p\u00ebrve\u00e7 rastit kur ai deklaron n\u00eb m\u00ebnyr\u00eb eksplicite nd\u00ebrprerjen e marrjes s\u00eb p\u00ebrdit\u00ebsimeve. N\u00eb \u00e7do rast, p\u00ebrdoruesi ka t\u00eb drejt\u00eb t\u00eb kund\u00ebrshtoj\u00eb p\u00ebrdorimin e adres\u00ebs s\u00eb tij t\u00eb emailit ose informacioneve t\u00eb tjera p\u00ebr d\u00ebrgimin e p\u00ebrdit\u00ebsimeve t\u00eb sh\u00ebrbimit sa her\u00eb q\u00eb d\u00ebshiron, duke d\u00ebrguar nj\u00eb k\u00ebrkes\u00eb p\u00ebrkat\u00ebse n\u00eb formularin e komunikimit elektronik. <\/p>\n<p style=\"text-align: justify;\">Kalogiros \u00ebsht\u00eb plot\u00ebsisht n\u00eb p\u00ebrputhje me Rregulloren e P\u00ebrgjithshme t\u00eb Mbrojtjes s\u00eb t\u00eb Dh\u00ebnave (GDPR) 679\/2016. N\u00eb p\u00ebrputhje me dispozitat p\u00ebrkat\u00ebse, t\u00eb dh\u00ebnat personale p\u00ebrpunohen n\u00eb m\u00ebnyr\u00eb t\u00eb ligjshme dhe t\u00eb drejt\u00eb n\u00eb m\u00ebnyr\u00eb transparente. Mbledhja e t\u00eb dh\u00ebnave personale t\u00eb p\u00ebrdoruesve kryhet vet\u00ebm p\u00ebr q\u00ebllime t\u00eb specifikuara, t\u00eb qarta dhe legjitime pa iu n\u00ebnshtruar p\u00ebrpunimit t\u00eb papajtuesh\u00ebm me q\u00ebllimet origjinale. T\u00eb dh\u00ebnat personale t\u00eb p\u00ebrdoruesve mund t\u00eb p\u00ebrpunohen vet\u00ebm p\u00ebr q\u00ebllime arkivimi, p\u00ebrmir\u00ebsimi t\u00eb sh\u00ebrbimeve t\u00eb platform\u00ebs ose q\u00ebllime statistikore. Gjithashtu, jan\u00eb marr\u00eb masa p\u00ebr t\u00eb siguruar sakt\u00ebsin\u00eb e t\u00eb dh\u00ebnave personale, si dhe korrigjimin ose fshirjen e tyre nga vet\u00eb p\u00ebrdoruesi. Ruajtja e t\u00eb dh\u00ebnave vlen vet\u00ebm p\u00ebr periudh\u00ebn kohore t\u00eb nevojshme p\u00ebr funksionimin e llogaris\u00eb s\u00eb \u00e7do p\u00ebrdoruesi. Kalogiros nuk ruan t\u00eb dh\u00ebna personale q\u00eb jan\u00eb fshir\u00eb nga p\u00ebrdoruesit (fshirje e menj\u00ebhershme edhe nga kopjet rezerv\u00eb). N\u00eb t\u00eb nj\u00ebjt\u00ebn koh\u00eb, p\u00ebrdoruesit kan\u00eb t\u00eb drejt\u00eb t\u00eb aksesojn\u00eb, modifikojn\u00eb, korrigjojn\u00eb, fshijn\u00eb, kufizojn\u00eb ose transportueshm\u00ebrin\u00eb, kund\u00ebrshtojn\u00eb dhe kund\u00ebrshtojn\u00eb n\u00eb \u00e7do koh\u00eb si\u00e7 parashikohet nga rregullorja. \u00c7do p\u00ebrdorues mund t\u00eb vazhdoj\u00eb me veprimet e sip\u00ebrp\u00ebrmendura pasi t\u00eb d\u00ebrgoj\u00eb nj\u00eb k\u00ebrkes\u00eb p\u00ebrkat\u00ebse n\u00eb formularin e komunikimit elektronik.        <\/p>\n<h3>Mbledhja e t\u00eb dh\u00ebnave dhe informacioneve t\u00eb p\u00ebrgjithshme<\/h3>\n<p style=\"text-align: justify;\">Gjat\u00eb shfletimit t\u00eb faqes s\u00eb internetit t\u00eb Kalogiros, informacioni i p\u00ebrdoruesit mblidhet dhe ruhet n\u00eb skedar\u00eb log n\u00eb server. Nj\u00eb informacion i till\u00eb ka t\u00eb b\u00ebj\u00eb me IP-n\u00eb e p\u00ebrdoruesit, sistemin operativ, dat\u00ebn dhe or\u00ebn e thirrjes n\u00eb server, si dhe t\u00eb dh\u00ebna t\u00eb tjera p\u00ebrkat\u00ebse. Ky informacion nuk mund t\u00eb identifikoj\u00eb p\u00ebrdoruesin dhe p\u00ebrdorimi i tij synon vet\u00ebm t\u00eb leht\u00ebsoj\u00eb funksionimin pa probleme t\u00eb server\u00ebve.  <\/p>\n<h3>Identifikimi i klientit<\/h3>\n<p style=\"text-align: justify;\">Identifikimi i p\u00ebrdoruesit\/klientit kryhet duke p\u00ebrdorur dy kode:<\/p>\n<p style=\"text-align: justify;\">A) Emri i p\u00ebrdoruesit dhe<\/p>\n<p style=\"text-align: justify;\">B) Kodi sekret i siguris\u00eb (fjal\u00ebkalimi),<\/p>\n<p style=\"text-align: justify;\">Kur hyni n\u00eb faqen ton\u00eb t\u00eb internetit duke p\u00ebrdorur kodet e m\u00ebsip\u00ebrme, p\u00ebrdoruesi\/klienti fiton akses n\u00eb informacionin e tij personal me siguri absolute. P\u00ebrdoruesi ka mund\u00ebsin\u00eb t\u00eb ndryshoj\u00eb Kodin Sekret t\u00eb Siguris\u00eb (fjal\u00ebkalimin) sa her\u00eb t\u00eb d\u00ebshiroj\u00eb. P\u00ebrdoruesi \u00ebsht\u00eb i vetmi me t\u00eb drejt\u00ebn e aksesit n\u00eb informacionin e tij\/saj dhe \u00ebsht\u00eb i vetmi p\u00ebrgjegj\u00ebs p\u00ebr ruajtjen e konfidencialitetit t\u00eb tij nga pal\u00ebt e treta. Faqja jon\u00eb e internetit nuk do t\u00eb zbuloj\u00eb ose b\u00ebj\u00eb publike t\u00eb dh\u00ebnat dhe informacionet personale t\u00eb p\u00ebrdoruesve\/klient\u00ebve.   <\/p>\n<h3 style=\"text-align: justify;\">Sigurimi i privat\u00ebsis\u00eb s\u00eb transferimit t\u00eb t\u00eb dh\u00ebnave tuaja personale<\/h3>\n<p style=\"text-align: justify;\">Sigurimi i konfidencialitetit t\u00eb transferimit t\u00eb t\u00eb dh\u00ebnave personale t\u00eb p\u00ebrdoruesve kryhet duke p\u00ebrdorur protokollin e kriptimit SSL-128bit.<\/p>\n<h3 style=\"text-align: justify;\">Enkriptimi<\/h3>\n<p style=\"text-align: justify;\">Kur p\u00ebrdoruesi shfleton faqen ton\u00eb t\u00eb internetit, t\u00eb gjitha informacionet dhe t\u00eb dh\u00ebnat personale t\u00eb p\u00ebrdoruesit jan\u00eb t\u00eb koduara duke p\u00ebrdorur protokollin e enkriptimit 128-bit SSL. Kriptimi \u00ebsht\u00eb nj\u00eb m\u00ebnyr\u00eb e kodimit t\u00eb informacionit derisa t\u00eb arrij\u00eb marr\u00ebsi i tij, i cili e deshifron at\u00eb duke p\u00ebrdorur \u00e7el\u00ebsin e duhur. <\/p>\n<h3 style=\"text-align: justify;\">Tregti Elektronike (E-Commerce)<\/h3>\n<p style=\"text-align: justify;\">Kjo faqe interneti u ofron vizitor\u00ebve\/p\u00ebrdoruesve t\u00eb saj mund\u00ebsin\u00eb p\u00ebr t\u00eb bler\u00eb produkte dhe\/ose sh\u00ebrbime n\u00ebp\u00ebrmjet aplikacioneve t\u00eb tregtis\u00eb elektronike, n\u00eb p\u00ebrputhje me kushtet specifike t\u00eb legjislacionit p\u00ebrkat\u00ebs, duke siguruar mbrojtjen e t\u00eb dh\u00ebnave personale t\u00eb paraqitura nga p\u00ebrdoruesit gjat\u00eb p\u00ebrdorimit t\u00eb k\u00ebtyre sh\u00ebrbimeve.<\/p>\n<p style=\"text-align: justify;\">N\u00eb rastet kur aplikimet p\u00ebr e-commerce zhvillohen nd\u00ebrmjet p\u00ebrdoruesve\/an\u00ebtar\u00ebve dhe faqes s\u00eb internetit, faqja e internetit duhet t\u00eb jet\u00eb n\u00eb p\u00ebrputhje me vendimin Z1-496\/2000 p\u00ebr shitjen n\u00eb distanc\u00eb dhe dispozitat e ligjit 2251\/1994 p\u00ebr Mbrojtjen e Konsumatorit. Faqja e internetit \u00ebsht\u00eb e detyruar t\u00eb informoj\u00eb klient\u00ebt e saj p\u00ebr a) karakteristikat e produkteve dhe\/ose sh\u00ebrbimeve t\u00eb saj, b) \u00e7mimin, c) sasin\u00eb dhe kostot e transportit, d) tatimin mbi vler\u00ebn e shtuar n\u00ebse nuk p\u00ebrfshihet n\u00eb \u00e7mim, e) m\u00ebnyr\u00ebn e pages\u00ebs, f) m\u00ebnyr\u00ebn e dor\u00ebzimit dhe ekzekutimin, g) koh\u00ebzgjatjen e ofert\u00ebs s\u00eb aplikueshme ose \u00e7mimin e saj dhe h) t\u00eb drejt\u00ebn e t\u00ebrheqjes. <\/p>\n<h3>Detajet e kart\u00ebs s\u00eb kreditit<\/h3>\n<p style=\"text-align: justify;\">Aplikimet p\u00ebr tregtin\u00eb elektronike n\u00eb k\u00ebt\u00eb faqe interneti p\u00ebrpunohen nga nj\u00eb ofrues pal\u00eb e tret\u00eb, nj\u00eb institucion bankar ose nj\u00eb ofrues sh\u00ebrbimi pagesash i licencuar ligj\u00ebrisht nga Banka e Greqis\u00eb. Procesi i pages\u00ebs kryhet n\u00eb baz\u00eb t\u00eb kushteve t\u00eb ofruesit t\u00eb sh\u00ebrbimit p\u00ebrkat\u00ebs, n\u00eb faqen e t\u00eb cilit b\u00ebhet nj\u00eb ridrejtim i sigurt. Karta e kreditit q\u00eb vizitori\/p\u00ebrdoruesi ofron p\u00ebr t\u00eb p\u00ebrfunduar pages\u00ebn p\u00ebr sh\u00ebrbimet\/produktet n\u00eb faqen e internetit tarifohet vet\u00ebm p\u00ebr at\u00eb transaksion specifik, p\u00ebrve\u00e7 rastit kur vizitori\/p\u00ebrdoruesi ka pranuar shprehimisht tarifimin automatik t\u00eb kart\u00ebs s\u00eb tij t\u00eb kreditit p\u00ebr rinovimin e abonimit ose sh\u00ebrbimit. Faqja e internetit nuk \u00ebsht\u00eb p\u00ebrgjegj\u00ebse p\u00ebr kushtet e p\u00ebrpunimit t\u00eb transaksioneve ose kushtet e p\u00ebrdorimit t\u00eb t\u00eb dh\u00ebnave personale me t\u00eb cilat ofruesit me t\u00eb cil\u00ebt bashk\u00ebpunon p\u00ebr t\u00eb p\u00ebrfunduar transaksionet tregtare jan\u00eb n\u00eb p\u00ebrputhje.   <\/p>\n<h3>Format e Kontaktit<\/h3>\n<p style=\"text-align: justify;\">Gjat\u00eb shfletimit t\u00eb faqes s\u00eb internetit t\u00eb Kalogiros, p\u00ebrdoruesit kan\u00eb mund\u00ebsin\u00eb t\u00eb komunikojn\u00eb n\u00ebp\u00ebrmjet formularit t\u00eb kontaktit ose formularit p\u00ebr t\u00eb k\u00ebrkuar listat e \u00e7mimeve dhe informacione t\u00eb tjera. Gjat\u00eb plot\u00ebsimit dhe dor\u00ebzimit t\u00eb formularit, informacioni i d\u00ebrguar si emaili, emri, data dhe ora e d\u00ebrgimit dhe IP-ja e p\u00ebrdoruesit ruhen n\u00eb server. <\/p>\n<h3>Abonohuni n\u00eb Buletinin<\/h3>\n<p style=\"text-align: justify;\">N\u00eb faqen e internetit t\u00eb Kalogiros, p\u00ebrdoruesit kan\u00eb mund\u00ebsin\u00eb t\u00eb abonohen n\u00eb buletinin. N\u00eb k\u00ebt\u00eb rast, t\u00eb dh\u00ebnat personale si emaili, emri, data dhe ora e d\u00ebrgimit dhe IP-ja e p\u00ebrdoruesit ruhen n\u00eb serverin ton\u00eb p\u00ebr d\u00ebrgimin e emaileve informative dhe edukative. Marr\u00ebsi ka mund\u00ebsin\u00eb t\u00eb k\u00ebrkoj\u00eb t\u00eb ndaloj\u00eb marrjen e emaileve informative n\u00eb \u00e7do koh\u00eb duke zgjedhur t\u00eb \u00e7abonohet nga buletini p\u00ebrkat\u00ebs.  <\/p>\n<h3>Komentet e blogut<\/h3>\n<p style=\"text-align: justify;\">P\u00ebrdoruesit n\u00eb k\u00ebt\u00eb faqe interneti kan\u00eb mund\u00ebsin\u00eb t\u00eb postojn\u00eb mendimet dhe komentet e tyre n\u00eb blog. N\u00eb k\u00ebt\u00eb rast, t\u00eb dh\u00ebnat personale si emri, emaili, data dhe ora e regjistrimit dhe IP e tyre ruhen n\u00eb server\u00ebt tan\u00eb. N\u00ebse nj\u00eb p\u00ebrdorues tjet\u00ebr ka postuar nj\u00eb koment n\u00eb nj\u00eb postim n\u00eb blog ku edhe p\u00ebrdoruesit e m\u00ebparsh\u00ebm kan\u00eb postuar nj\u00eb koment, at\u00ebher\u00eb p\u00ebrdoruesit e m\u00ebparsh\u00ebm njoftohen me email p\u00ebr komentin e ri. Gjithashtu, Kalogiros ka t\u00eb drejt\u00eb t\u00eb kontrolloj\u00eb komentet p\u00ebrpara se t&#8217;i postoj\u00eb ato dhe t\u00eb drejt\u00ebn t\u00eb mos i postoj\u00eb apo edhe t&#8217;i fshij\u00eb ato n\u00ebse ato nuk jan\u00eb n\u00eb p\u00ebrputhje me rregullat e p\u00ebrgjithshme t\u00eb p\u00ebrdorimit ose n\u00eb rastet kur komentet jan\u00eb t\u00eb natyr\u00ebs reklamuese. jan\u00eb lidhje ose kode html, jan\u00eb shkak p\u00ebr polemika me p\u00ebrdoruesit e tjer\u00eb, p\u00ebrmbajn\u00eb p\u00ebrmbajtje abuzive, raciste ose imorale.    <\/p>\n<h3>T\u00eb drejtat e p\u00ebrdoruesit<\/h3>\n<p style=\"text-align: justify;\">P\u00ebrdoruesit kan\u00eb t\u00eb drejt\u00eb t\u00eb k\u00ebrkojn\u00eb nj\u00eb kopje elektronike t\u00eb t\u00eb dh\u00ebnave t\u00eb mbledhura prej tyre, si dhe fshirjen e plot\u00eb t\u00eb t\u00eb dh\u00ebnave, duke d\u00ebrguar nj\u00eb email. Rastet n\u00eb t\u00eb cilat t\u00eb dh\u00ebnat duhet t\u00eb mbahen p\u00ebr arsye tatimore, si p.sh. pas sh\u00ebrbimeve t\u00eb faturimit, koh\u00eb n\u00eb t\u00eb cil\u00ebn t\u00eb dh\u00ebnat e tyre duhet t\u00eb ruhen n\u00eb programin e kontabilitetit dhe n\u00eb regjistrat e firm\u00ebs s\u00eb kontabilitetit q\u00eb na sh\u00ebrben.<\/p>\n<p style=\"text-align: justify;\">M\u00eb konkretisht, t\u00eb drejtat e p\u00ebrdoruesve n\u00eb lidhje me t\u00eb dh\u00ebnat personale q\u00eb ata kan\u00eb dh\u00ebn\u00eb jan\u00eb si m\u00eb posht\u00eb:<\/p>\n<p><strong><em>E drejta p\u00ebr informacion<\/em><\/strong><\/p>\n<p style=\"text-align: justify;\">P\u00ebrdoruesit kan\u00eb t\u00eb drejt\u00eb t\u00eb k\u00ebrkojn\u00eb informacion n\u00eb lidhje me t\u00eb dh\u00ebnat personale t\u00eb ofruara prej tyre dhe t\u00eb ruajtura n\u00eb k\u00ebt\u00eb faqe interneti.<\/p>\n<p><strong><em>E drejta e hyrjes<\/em><\/strong><\/p>\n<p style=\"text-align: justify;\">P\u00ebrdoruesit kan\u00eb t\u00eb drejt\u00eb t\u00eb k\u00ebrkojn\u00eb qasje n\u00eb t\u00eb dh\u00ebnat personale t\u00eb mbajtura si dhe informacion n\u00eb lidhje me \u00e7do p\u00ebrpunim t\u00eb tyre. N\u00eb ve\u00e7anti, ata kan\u00eb t\u00eb drejt\u00eb t\u00eb k\u00ebrkojn\u00eb informacion n\u00eb lidhje me q\u00ebllimet e p\u00ebrpunimit, kategorit\u00eb e t\u00eb dh\u00ebnave personale t\u00eb zbuluara, marr\u00ebsit, periudh\u00ebn e ruajtjes dhe p\u00ebrpunimit t\u00eb tyre, ekzistenc\u00ebn e t\u00eb drejt\u00ebs p\u00ebr t&#8217;u ankuar pran\u00eb Autoritetit t\u00eb Mbrojtjes s\u00eb t\u00eb Dh\u00ebnave Personale dhe origjin\u00ebn e t\u00eb dh\u00ebnave kur ato nuk jan\u00eb v\u00ebn\u00eb n\u00eb dispozicion nga vet\u00eb p\u00ebrdoruesit. <\/p>\n<p><strong><em>E drejta p\u00ebr korrigjim<\/em><\/strong><\/p>\n<p style=\"text-align: justify;\">P\u00ebrdoruesit kan\u00eb t\u00eb drejt\u00eb t\u00eb k\u00ebrkojn\u00eb korrigjim t\u00eb t\u00eb dh\u00ebnave t\u00eb tyre n\u00eb rast t\u00eb futjes ose modifikimit t\u00eb gabuar.<\/p>\n<p><strong><em>E drejta p\u00ebr Fshirje<\/em><\/strong><\/p>\n<p style=\"text-align: justify;\">P\u00ebrdoruesit kan\u00eb t\u00eb drejt\u00eb t\u00eb k\u00ebrkojn\u00eb fshirje t\u00eb pjesshme ose t\u00eb plot\u00eb t\u00eb t\u00eb dh\u00ebnave t\u00eb tyre personale kur nuk \u00ebsht\u00eb m\u00eb e nevojshme ose kur d\u00ebshirojn\u00eb t\u00eb t\u00ebrheqin p\u00eblqimin e tyre. Kalogiros, n\u00eb var\u00ebsi t\u00eb rastit, do t&#8217;ju informoj\u00eb n\u00eb lidhje me fshirjen totale ose t\u00eb pjesshme t\u00eb t\u00eb dh\u00ebnave tuaja ose pamund\u00ebsin\u00eb p\u00ebr t\u00eb fshir\u00eb t\u00eb dh\u00ebna specifike. Pamund\u00ebsia p\u00ebr t\u00eb fshir\u00eb zbatohet n\u00eb rastet e ligjeve t\u00eb caktuara ose p\u00ebrmbushja e nj\u00eb detyre n\u00eb interes t\u00eb publikut, e drejta p\u00ebr lirin\u00eb e shprehjes dhe pretendimet ligjore q\u00eb k\u00ebrkojn\u00eb ruajtjen e tyre.  <\/p>\n<p><strong><em>E drejta e kufizimit<\/em><\/strong><\/p>\n<p style=\"text-align: justify;\">P\u00ebrdoruesit kan\u00eb t\u00eb drejt\u00eb t\u00eb k\u00ebrkojn\u00eb kufizim t\u00eb p\u00ebrpunimit t\u00eb t\u00eb dh\u00ebnave tuaja, n\u00eb m\u00ebnyr\u00eb sasiore, kohore dhe n\u00eb lidhje me q\u00ebllimin e p\u00ebrpunimit. N\u00eb ve\u00e7anti, kufizimi mund t\u00eb ket\u00eb t\u00eb b\u00ebj\u00eb me (1) ose nj\u00eb kategori specifike t\u00eb dh\u00ebnash, (2) ose q\u00ebllimet e p\u00ebrpunimit, (3) ose rastet kur p\u00ebrpunimi i t\u00eb dh\u00ebnave konsiderohet i paligjsh\u00ebm, por p\u00ebrdoruesit nuk d\u00ebshirojn\u00eb ta fshijn\u00eb at\u00eb, pasi mbajtja e tyre mund t\u00eb sh\u00ebrbej\u00eb p\u00ebr q\u00ebllime t\u00eb tjera. <\/p>\n<p><strong><em>E drejta p\u00ebr transportueshm\u00ebri<\/em><\/strong><\/p>\n<p style=\"text-align: justify;\">P\u00ebrdoruesit kan\u00eb t\u00eb drejt\u00eb t\u00eb k\u00ebrkojn\u00eb t\u00eb marrin t\u00eb dh\u00ebnat personale q\u00eb i kan\u00eb dh\u00ebn\u00eb kompanis\u00eb son\u00eb, n\u00eb nj\u00eb format t\u00eb p\u00ebrdorur zakonisht dhe t\u00eb lexuesh\u00ebm nga makina. P\u00ebrdoruesit gjithashtu kan\u00eb mund\u00ebsin\u00eb t\u00eb k\u00ebrkojn\u00eb transmetim t\u00eb drejtp\u00ebrdrejt\u00eb nga Kompania te nj\u00eb pal\u00eb e tret\u00eb pa nd\u00ebrmjet\u00ebsimin e tyre. <\/p>\n<p><strong><em>E drejta p\u00ebr t\u00eb kund\u00ebrshtuar<\/em><\/strong><\/p>\n<p style=\"text-align: justify;\">P\u00ebrdoruesit kan\u00eb t\u00eb drejt\u00eb t\u00eb kund\u00ebrshtojn\u00eb p\u00ebrdorimin e t\u00eb dh\u00ebnave t\u00eb tyre personale p\u00ebr q\u00ebllime marketingu.<\/p>\n<h3>Analiza Statistikore e t\u00eb Dh\u00ebnave t\u00eb Trafikut<\/h3>\n<p style=\"text-align: justify;\">Kur shfletoni faqen ton\u00eb, t\u00eb dh\u00ebnat e sjelljes mblidhen dhe ruhen, t\u00eb tilla si: faqet e vizituara, koh\u00ebzgjatja e q\u00ebndrimit, shpesht\u00ebsia e vizitave, etj. dhe u zbulohen sh\u00ebrbimeve t\u00eb pal\u00ebve t\u00eb treta si Google Analytics p\u00ebr q\u00ebllimin e p\u00ebrmir\u00ebsimit t\u00eb marketingut t\u00eb Kalogiros. K\u00ebto t\u00eb dh\u00ebna nuk identifikojn\u00eb p\u00ebrdoruesit.<\/p>\n<h3>Remarketing<\/h3>\n<p style=\"text-align: justify;\">P\u00ebr q\u00ebllimin e shfaqjes s\u00eb reklamave n\u00eb sajte t\u00eb pal\u00ebve t\u00eb treta, t\u00eb dh\u00ebnat e trafikut mund t&#8217;u zbulohen sh\u00ebrbimeve t\u00eb pal\u00ebve t\u00eb treta, si Google dhe Facebook.<\/p>\n<h3>Bashk\u00ebpunimi me Autoritetet<\/h3>\n<p style=\"text-align: justify;\">Kalogiros nuk do t\u00eb zbuloj\u00eb, zbuloj\u00eb, transmetoj\u00eb, shp\u00ebrndaj\u00eb ose t\u00eb v\u00ebr\u00eb n\u00eb dispozicion t\u00eb dh\u00ebna personale t\u00eb dh\u00ebna nga p\u00ebrdoruesi pa p\u00eblqimin e tij ose urdhrin e qart\u00eb, me p\u00ebrjashtim t\u00eb nj\u00eb k\u00ebrkese t\u00eb ligjshme nga autoritetet gjyq\u00ebsore, policore dhe t\u00eb tjera administrative dhe n\u00eb p\u00ebrputhje me dispozitat ligjore n\u00eb fuqi.<\/p>\n<p style=\"text-align: justify;\">P\u00ebr pyetje n\u00eb lidhje me mbledhjen, p\u00ebrpunimin dhe regjistrimin e t\u00eb dh\u00ebnave personale, si dhe p\u00ebr k\u00ebrkesat p\u00ebr marrjen e kopjes ose fshirjen e tyre, ju lutemi na kontaktoni me telefon ose e-mail.<\/p>\n<p>P\u00ebrdorimi i faqes s\u00eb internetit t\u00eb Kalogiros k\u00ebrkon pranimin e pakusht\u00ebzuar nga p\u00ebrdoruesi t\u00eb kushteve t\u00eb m\u00ebsip\u00ebrme.<\/p>\n<p>Emri i shoqerise: RRJETA PESHKIMI KALOGIROS IKE, nr TVSH: 082199562, ZYRA E TATIMEVE: PREVEZAS, KODI: 16902049000<\/p>\n\t\t<\/div>\n\t\t\t\t\n<style>\n#col-114901925 > .col-inner {\n  padding: 30px 0px 0px 0px;\n}\n<\/style>\n\t<\/div>\n\n\t\n<\/div>\n","protected":false},"excerpt":{"rendered":"","protected":false},"author":2,"featured_media":0,"parent":0,"menu_order":0,"comment_status":"closed","ping_status":"closed","template":"","meta":{"_sitemap_exclude":false,"_sitemap_priority":"","_sitemap_frequency":"","footnotes":""},"class_list":["post-2294","page","type-page","status-publish","hentry"],"_links":{"self":[{"href":"https:\/\/kalogiros.gr\/sq\/wp-json\/wp\/v2\/pages\/2294","targetHints":{"allow":["GET"]}}],"collection":[{"href":"https:\/\/kalogiros.gr\/sq\/wp-json\/wp\/v2\/pages"}],"about":[{"href":"https:\/\/kalogiros.gr\/sq\/wp-json\/wp\/v2\/types\/page"}],"author":[{"embeddable":true,"href":"https:\/\/kalogiros.gr\/sq\/wp-json\/wp\/v2\/users\/2"}],"replies":[{"embeddable":true,"href":"https:\/\/kalogiros.gr\/sq\/wp-json\/wp\/v2\/comments?post=2294"}],"version-history":[{"count":2,"href":"https:\/\/kalogiros.gr\/sq\/wp-json\/wp\/v2\/pages\/2294\/revisions"}],"predecessor-version":[{"id":10607,"href":"https:\/\/kalogiros.gr\/sq\/wp-json\/wp\/v2\/pages\/2294\/revisions\/10607"}],"wp:attachment":[{"href":"https:\/\/kalogiros.gr\/sq\/wp-json\/wp\/v2\/media?parent=2294"}],"curies":[{"name":"wp","href":"https:\/\/api.w.org\/{rel}","templated":true}]}}