{"id":2302,"date":"2021-11-18T08:20:45","date_gmt":"2021-11-18T08:20:45","guid":{"rendered":"https:\/\/kalogiros.gr\/?page_id=2302"},"modified":"2021-11-18T08:20:45","modified_gmt":"2021-11-18T08:20:45","slug":"politika-kolacica","status":"publish","type":"page","link":"https:\/\/kalogiros.gr\/sq\/politika-kolacica\/","title":{"rendered":"Politika kola\u010di\u0107a"},"content":{"rendered":"<div class=\"row\"  id=\"row-1253006296\">\n\n\t<div id=\"col-1628166450\" class=\"col small-12 large-12\"  >\n\t\t\t\t<div class=\"col-inner\"  >\n\t\t\t\n\t\t\t\n<h1 style=\"text-align: center;\">Politika kola\u010di\u0107a<\/h1>\n<p style = \"text-align: justify;\"> P\u00ebr t\u00eb siguruar funksionimin pa probleme t\u00eb faqeve t\u00eb saj t\u00eb internetit, Happy Smoke p\u00ebrdor skedar\u00eb kuki. Cookies jan\u00eb skedar\u00eb q\u00eb p\u00ebrmbajn\u00eb informacion n\u00eb form\u00ebn e tekstit t\u00eb thjesht\u00eb dhe q\u00eb ruhen n\u00eb kompjuterin e p\u00ebrdoruesit gjat\u00eb shfletimit t\u00eb Internetit. Q\u00ebllimi i informacionit specifik (cookies) \u00ebsht\u00eb t\u00eb ofroj\u00eb sh\u00ebrbime t\u00eb personalizuara q\u00eb plot\u00ebsojn\u00eb nevojat individuale t\u00eb p\u00ebrdoruesit specifik. <\/p>\n<p style = \"text-align: justify;\"> Ekzistojn\u00eb dy lloje t\u00eb cookies. Cookies p\u00ebr sesion t\u00eb cilat fshihen n\u00eb fund t\u00eb sesionit t\u00eb shfletuesit (&#8220;cookies sesioni&#8221;), dhe cookie t\u00eb p\u00ebrhershme q\u00eb mbeten t\u00eb ruajtura n\u00eb pajisjen tuaj terminale n\u00eb m\u00ebnyr\u00eb q\u00eb t\u00eb ofrojn\u00eb informacion rreth shfletuesit tuaj gjat\u00eb vizit\u00ebs suaj t\u00eb radh\u00ebs (t\u00eb ashtuquajturat &#8220;gjat\u00eb- cookies termike&#8221;). <\/p>\n<p style = \"text-align: justify;\"> <strong> Cookies ndahen n\u00eb 4 kategori <\/strong>: <\/p>\n<p> <em> <strong> Kuki t\u00eb nevojshme <\/strong> <\/em> <\/p>\n<p style = \"text-align: justify;\"> K\u00ebto cookie k\u00ebrkohen q\u00eb p\u00ebrdoruesit t\u00eb shfletojn\u00eb faqen e internetit. <\/p>\n<p> <em> <strong> Kuki funksionale <\/strong> <\/em> <\/p>\n<p style = \"text-align: justify;\"> Kukit e funksionalitetit i ofrojn\u00eb faqes s\u00eb internetit mund\u00ebsin\u00eb p\u00ebr t\u00eb memorizuar zgjedhjet e p\u00ebrdoruesit (p.sh. emrin e p\u00ebrdoruesit, gjuh\u00ebn, rajonin) duke ofruar k\u00ebshtu ve\u00e7ori t\u00eb p\u00ebrmir\u00ebsuara dhe m\u00eb t\u00eb personalizuara. <\/p>\n<p> <em> <strong> Kukit e performanc\u00ebs \/ analitika <\/strong> <\/em> <\/p>\n<p style = \"text-align: justify;\"> Cookies\/analitik\u00ebt e performanc\u00ebs i ofrojn\u00eb faqes s\u00eb internetit mund\u00ebsin\u00eb p\u00ebr t\u00eb mbledhur t\u00eb dh\u00ebna jopersonale - t\u00eb dh\u00ebna n\u00eb nj\u00eb format q\u00eb nuk lejon korrelacion t\u00eb drejtp\u00ebrdrejt\u00eb me nj\u00eb person specifik - dhe q\u00ebllimi i tyre \u00ebsht\u00eb t\u00eb mb\u00ebshtet funksionet e matjes s\u00eb faqeve t\u00eb internetit. Q\u00ebllimi i mbledhjes s\u00eb k\u00ebtyre t\u00eb dh\u00ebnave \u00ebsht\u00eb t\u00eb p\u00ebrmir\u00ebsoj\u00eb performanc\u00ebn e faqes s\u00eb internetit duke ofruar informacion n\u00eb lidhje me faqet e vizituara dhe duke marr\u00eb mesazhe gabimi nga faqet e internetit. <\/p>\n<p> <em> <strong> Kuki t\u00eb pal\u00ebve t\u00eb treta <\/strong> <\/em> <\/p>\n<p style = \"text-align: justify;\"> Kukit e pal\u00ebve t\u00eb treta p\u00ebrcaktohen nga nj\u00eb faqe interneti e ndryshme nga ajo n\u00eb t\u00eb cil\u00ebn jeni aktualisht. Q\u00ebllimi i k\u00ebtyre skedar\u00ebve \u00ebsht\u00eb mbledhja e informacionit n\u00eb lidhje me zakonet e shfletimit t\u00eb p\u00ebrdoruesit n\u00eb m\u00ebnyr\u00eb q\u00eb t\u00eb shfaqin reklama t\u00eb p\u00ebrshtatura p\u00ebr interesat e p\u00ebrdoruesit. K\u00ebto cookie mund t\u00eb \u00e7aktivizohen vet\u00ebm p\u00ebrmes faqes s\u00eb internetit t\u00eb pal\u00ebs s\u00eb tret\u00eb. <\/p>\n<p style = \"text-align: justify;\"> Cookies n\u00eb asnj\u00eb rast nuk lejojn\u00eb qasje n\u00eb skedar\u00eb t\u00eb tjer\u00eb n\u00eb &#8216;kompjuter\u00ebt&#8217; e p\u00ebrdoruesve dhe nuk kan\u00eb aft\u00ebsin\u00eb p\u00ebr t\u00eb mbledhur dhe ruajtur t\u00eb dh\u00ebnat personale t\u00eb p\u00ebrdoruesve. Baza ligjore p\u00ebr p\u00ebrpunimin e t\u00eb dh\u00ebnave personale duke p\u00ebrdorur cookie \u00ebsht\u00eb neni 6 (1) (f) i GDPR. <\/p>\n<p style = \"text-align: justify;\"> P\u00ebrdoruesit kan\u00eb kontroll t\u00eb plot\u00eb mbi p\u00ebrdorimin e cookies. M\u00eb konkretisht, ekziston mund\u00ebsia e \u00e7aktivizimit ose kufizimit t\u00eb transmetimit t\u00eb cookies p\u00ebrmes cil\u00ebsimeve t\u00eb shfletuesit. \u00cbsht\u00eb gjithashtu e mundur t\u00eb fshihen skedar\u00ebt e skedar\u00ebve q\u00eb jan\u00eb ruajtur tashm\u00eb n\u00eb \u00e7do koh\u00eb. Kjo gjithashtu mund t\u00eb b\u00ebhet automatikisht. <\/p>\n\t\t<\/div>\n\t\t\t\t\n<style>\n#col-1628166450 > .col-inner {\n  padding: 30px 0px 0px 0px;\n}\n<\/style>\n\t<\/div>\n\n\t\n<\/div>\n","protected":false},"excerpt":{"rendered":"","protected":false},"author":2,"featured_media":0,"parent":0,"menu_order":0,"comment_status":"closed","ping_status":"closed","template":"","meta":{"_sitemap_exclude":false,"_sitemap_priority":"","_sitemap_frequency":"","footnotes":""},"class_list":["post-2302","page","type-page","status-publish","hentry"],"_links":{"self":[{"href":"https:\/\/kalogiros.gr\/sq\/wp-json\/wp\/v2\/pages\/2302","targetHints":{"allow":["GET"]}}],"collection":[{"href":"https:\/\/kalogiros.gr\/sq\/wp-json\/wp\/v2\/pages"}],"about":[{"href":"https:\/\/kalogiros.gr\/sq\/wp-json\/wp\/v2\/types\/page"}],"author":[{"embeddable":true,"href":"https:\/\/kalogiros.gr\/sq\/wp-json\/wp\/v2\/users\/2"}],"replies":[{"embeddable":true,"href":"https:\/\/kalogiros.gr\/sq\/wp-json\/wp\/v2\/comments?post=2302"}],"version-history":[{"count":0,"href":"https:\/\/kalogiros.gr\/sq\/wp-json\/wp\/v2\/pages\/2302\/revisions"}],"wp:attachment":[{"href":"https:\/\/kalogiros.gr\/sq\/wp-json\/wp\/v2\/media?parent=2302"}],"curies":[{"name":"wp","href":"https:\/\/api.w.org\/{rel}","templated":true}]}}