{"id":2312,"date":"2021-11-18T08:34:39","date_gmt":"2021-11-18T08:34:39","guid":{"rendered":"https:\/\/kalogiros.gr\/?page_id=2312"},"modified":"2021-11-18T08:38:22","modified_gmt":"2021-11-18T08:38:22","slug":"politika-e-kthimit","status":"publish","type":"page","link":"https:\/\/kalogiros.gr\/sq\/politika-e-kthimit\/","title":{"rendered":"Politika e kthimit"},"content":{"rendered":"\t<div id=\"gap-1009736715\" class=\"gap-element clearfix\" style=\"display:block; height:auto;\">\n\t\t\n<style>\n#gap-1009736715 {\n  padding-top: 30px;\n}\n<\/style>\n\t<\/div>\n\t\n<div class=\"row\"  id=\"row-120518039\">\n\n\t<div id=\"col-1459137112\" class=\"col small-12 large-12\"  >\n\t\t\t\t<div class=\"col-inner\"  >\n\t\t\t\n\t\t\t\n<h1 style=\"text-align: center;\">Politika e kthimit<\/h1>\n<p style=\"text-align: justify;\">Produktet: Klienti informohet p\u00ebr disponueshm\u00ebrin\u00eb e produkteve n\u00ebp\u00ebrmjet indikacioneve t\u00eb duhura verbale. Dyqani online p\u00ebrfshin produktet e disponueshme dhe produktet e sh\u00ebnuara &#8220;jo n\u00eb dispozicion&#8221;. Gjithashtu, ofertat e ndryshme t\u00eb produkteve q\u00eb shfaqen n\u00eb dyqanin online jan\u00eb gjithmon\u00eb t\u00eb vlefshme deri n\u00eb mbarimin e stoqeve. T\u00eb gjith\u00eb klient\u00ebt jan\u00eb t\u00eb detyruar t\u00eb zb\u00ebrthejn\u00eb dhe kontrollojn\u00eb artikujt si dhe t\u00eb njoftojn\u00eb kompanin\u00eb n\u00eb rast defektesh estetike brenda 10 dit\u00ebve. Pas 10 dit\u00ebsh konsiderohet se artikujt jan\u00eb marr\u00eb n\u00eb gjendje t\u00eb shk\u00eblqyer.<\/p>\n<p style=\"text-align: justify;\">Kthimet e produkteve t\u00eb tarifuara nga KOMPANIA: Kthimet e produkteve t\u00eb tarifuara nga KOMPANIA mund t\u00eb b\u00ebhen n\u00eb t\u00eb gjitha rastet kur porosia \u00ebsht\u00eb ekzekutuar gabimisht, pra n\u00eb rast d\u00ebrgimi t\u00eb nj\u00eb artikulli ndryshe nga ajo e porositur sipas llojit ose sasis\u00eb ose n\u00eb rast d\u00ebrgese, artikulli ka paketim t\u00eb d\u00ebmtuar, t\u00ebr\u00ebsisht ose pjes\u00ebrisht, ose n\u00ebse artikulli rezulton i d\u00ebmtuar. N\u00eb k\u00ebt\u00eb rast, klienti duhet ose t\u00eb mos pranoj\u00eb marrjen e produktit q\u00eb n\u00eb fillim, ose t\u00eb k\u00ebrkoj\u00eb kthimin e tij, pas konsultimit me KOMPANIN\u00cb. Produktet duhet t\u00eb kthehen n\u00eb gjendjen e marr\u00eb nga klienti. N\u00eb rast se ato nuk kthehen, n\u00eb koh\u00ebn e r\u00ebn\u00eb dakord pas konsultimit me KOMPANI, at\u00ebher\u00eb Dyqani Online ka t\u00eb drejt\u00eb t\u00eb mos pranoj\u00eb kthimin dhe p\u00ebr rrjedhoj\u00eb t\u00eb refuzoj\u00eb z\u00ebvend\u00ebsimin. N\u00eb t\u00eb gjitha rastet, kthimi i produktit q\u00eb do t\u00eb z\u00ebvend\u00ebsohet duhet t\u00eb b\u00ebhet s\u00eb bashku me t\u00eb gjitha dokumentet q\u00eb kan\u00eb shoq\u00ebruar produktin (p.sh. DAT, A. Shitje me pakic\u00eb etj.) dhe paketimin e tij t\u00eb plot\u00eb. Kthimi i produkteve t\u00eb tarifuara nga kompania jon\u00eb do t\u00eb b\u00ebhet me korrier dhe jo n\u00eb nj\u00eb nga dyqanet tona. N\u00eb rast t\u00eb kthimit t\u00eb produkteve, dhe me kusht q\u00eb produktet t\u00eb jen\u00eb marr\u00eb dhe kontrolluar m\u00eb par\u00eb nga kompania jon\u00eb, do t\u00eb pritet nj\u00eb kart\u00eb krediti p\u00ebr blerjen e radh\u00ebs, ose parat\u00eb do t&#8217;i kthehen klientit duke anuluar tarif\u00ebn e kart\u00ebs s\u00eb kreditit. e cila do t\u00eb b\u00ebhet me kujdesin e kompanis\u00eb son\u00eb. N\u00eb rast se produktet kthehen t\u00eb d\u00ebmtuara ose jo t\u00eb plota, Dyqani Online ka t\u00eb drejt\u00eb t\u00eb k\u00ebrkoj\u00eb d\u00ebmshp\u00ebrblim nga klienti, shuma e t\u00eb cilit do t\u00eb p\u00ebrcaktohet nga gjendja e produkteve dhe t\u00eb procedoj\u00eb n\u00eb m\u00ebnyr\u00eb t\u00eb nj\u00ebanshme dhe pa asnj\u00eb kompensim tjet\u00ebr t\u00eb plot\u00eb ose t\u00eb pjessh\u00ebm t\u00eb k\u00ebt\u00eb pretendim. kund\u00ebr klientit.<\/p>\n<p style=\"text-align: justify;\">Kthimet e produkteve, t\u00eb cilat konsiderohen t\u00eb d\u00ebmtuara gjat\u00eb dor\u00ebzimit me shpenzimet e SHOQ\u00cbRIS\u00cb: N\u00eb rast se nj\u00eb produkt\/e konsiderohet me defekt gjat\u00eb dor\u00ebzimit, kthimi i k\u00ebtij\/atyre do t\u00eb jet\u00eb b\u00ebr\u00eb me shpenzimet e SHOQ\u00cbRIS\u00cb. N\u00eb k\u00ebt\u00eb rast, kthimi i produktit(eve) me defekt mund t\u00eb b\u00ebhet ose nga vet\u00eb klienti n\u00eb \u00e7do dyqan q\u00eb ruan mark\u00ebn &#8220;Kalogiros&#8221; n\u00eb shkall\u00eb vendi, ose duke i d\u00ebrguar atij\/ato, KOMPANIA do t\u00eb ngarkohet me kostot e ark\u00ebtimit nga mjetet e zgjedhjes s\u00eb tij absolute dhe pas konsultimit t\u00eb klientit me stafin e Dyqanit Online t\u00eb Kompanis\u00eb.<\/p>\n<p style=\"text-align: justify;\">Kthimi i produkteve, t\u00eb cilat konsiderohen t\u00eb d\u00ebmtuara gjat\u00eb dor\u00ebzimit te klienti do t\u00eb b\u00ebhet brenda dhjet\u00eb (10) dit\u00ebve kalendarike nga d\u00ebrgimi te klienti<\/p>\n<p style=\"text-align: justify;\">N\u00eb t\u00eb nj\u00ebjt\u00ebn koh\u00eb, produkti nuk duhet t\u00eb jet\u00eb i d\u00ebmtuar dhe duhet t\u00eb ket\u00eb t\u00eb gjitha dokumentet origjinale q\u00eb kan\u00eb shoq\u00ebruar produktin (p.sh. TVSH, Shitje me pakic\u00eb, etj.) dhe paketimin e tij t\u00eb plot\u00eb.< \/p><\/p>\n<p style=\"text-align: justify;\">N\u00eb rast kthimi t\u00eb produkteve dhe me kusht q\u00eb ato t\u00eb jen\u00eb marr\u00eb dhe kontrolluar m\u00eb par\u00eb nga KOMPANIA, rimbursimi klientit do t&#8217;i b\u00ebhet n\u00eb rastin e pages\u00ebs me kart\u00eb krediti. , me anulimin e tarif\u00ebs s\u00eb klientit p\u00ebr kart\u00ebn e kreditit, e cila testament b\u00ebhet n\u00ebn mbik\u00ebqyrjen e SHOQ\u00cbRIS\u00cb dhe n\u00eb rastin e pages\u00ebs me para n\u00eb dor\u00eb, n\u00ebse klienti kishte zgjedhur opsionin &#8220;ark\u00ebtim nga dyqani&#8221;, do t\u00eb b\u00ebhet duke i kthyer para p\u00ebr t\u00eb nga dyqani ku ai b\u00ebri blerjen. N\u00ebse klienti ka bler\u00eb nj\u00eb produkt q\u00eb \u00ebsht\u00eb konsideruar me defekt gjat\u00eb dor\u00ebzimit dhe ka t\u00eb drejt\u00eb ta kthej\u00eb at\u00eb me shpenzimet e SHOQ\u00cbRIS\u00cb, sipas dispozitave specifike t\u00eb m\u00ebsip\u00ebrme, at\u00ebher\u00eb ai mund t&#8217;i kthej\u00eb KOMPANIS\u00cb, dhe produkte shtes\u00eb t\u00eb k\u00ebtij lloji. <\/p>\n<p style=\"text-align: left;\">\u00a0<\/p>\n<p style=\"text-align: left;\"><strong>T\u00ebrheqja<\/strong><\/p>\n<p style=\"text-align: justify;\">Klienti ka t\u00eb drejt\u00eb t\u00eb t\u00ebrhiqet nga shitja deri n\u00eb 14 dit\u00eb pas marrjes s\u00eb t\u00eb gjith\u00eb porosis\u00eb, pa deklaruar asnj\u00eb arsye dhe pa asnj\u00eb tarif\u00eb, n\u00ebse artikujt e porosis\u00eb jan\u00eb n\u00eb ne gjendje te shkelqyer, te paperdorur dhe ne paketimin e tyre origjinal.<\/p>\n<p style=\"text-align: justify;\">Deklarata e t\u00ebrheqjes mund t\u00eb b\u00ebhet me shkrim ose n\u00eb m\u00ebnyr\u00eb elektronike dhe KOMPANIA \u00ebsht\u00eb e detyruar t\u00eb d\u00ebrgoj\u00eb nj\u00eb konfirmim p\u00ebr marrjen e deklarat\u00ebs s\u00eb t\u00ebrheqjes sapo t\u00eb marr\u00eb dijeni. Pas deklarat\u00ebs s\u00eb t\u00ebrheqjes, KOMPANIA \u00ebsht\u00eb e detyruar t&#8217;i kthej\u00eb klientit vler\u00ebn e porosis\u00eb duke p\u00ebrfshir\u00eb kostot fillestare t\u00eb transportit, brenda 14 dit\u00ebve kalendarike nga dita n\u00eb t\u00eb cil\u00ebn \u00ebsht\u00eb informuar p\u00ebr t\u00ebrheqjen.<\/p>\n<p style=\"text-align: justify;\">Rimbursimet n\u00eb rast t\u00ebrheqjeje mund t\u00eb b\u00ebhen n\u00eb m\u00ebnyrat e m\u00ebposhtme:<\/p>\n<p style=\"text-align: justify;\">Rimbursimi klientit do t&#8217;i behet ne rast pagese me karte krediti, me anulim te debitimit te kartes se kreditit te klientit, qe do te behet me kujdesin e KOMPANISE dhe n\u00eb rast t\u00eb pages\u00ebs me para n\u00eb dor\u00eb, n\u00ebse klienti ka zgjedhur opsionin &#8220;pranim nga dyqani&#8221;, do t\u00eb b\u00ebhet duke i kthyer parat\u00eb e tij nga dyqani ku ka b\u00ebr\u00eb blerjen.<\/p>\n<p style=\"text-align: justify;\">N\u00eb rastin e pages\u00ebs me para n\u00eb dor\u00eb, n\u00ebse klienti ka zgjedhur opsionin &#8220;ark\u00ebtim nga dyqani&#8221;, do t&#8217;i kthehet nga dyqani ku ka marr\u00eb produktin. N\u00eb \u00e7do rast tjet\u00ebr pagese me para n\u00eb dor\u00eb, kthimi do t\u00eb b\u00ebhet n\u00eb nj\u00eb llogari bankare t\u00eb treguar nga klienti te KOMPANIA.<\/p>\n<p style=\"text-align: justify;\">Kthimi do t\u00eb b\u00ebhet brenda kat\u00ebrmb\u00ebdhjet\u00eb (14) dit\u00ebsh pune si nga produkti ashtu edhe nga \u00e7mimi.<\/p>\n<p style=\"text-align: justify;\">Klienti \u00ebsht\u00eb p\u00ebrgjegj\u00ebs p\u00ebr t\u00eb kompensuar KOMPANIN\u00cb n\u00ebse ka p\u00ebrdorur ndryshe nga ai q\u00eb \u00ebsht\u00eb i nevojsh\u00ebm p\u00ebr t\u00eb p\u00ebrcaktuar natyr\u00ebn, karakteristikat dhe funksionin e mallrave n\u00eb periudh\u00ebn deri n\u00eb deklarat\u00ebn e t\u00ebrheqjes dhe SHOQ\u00cbRIA ka t\u00eb drejt\u00eb t\u00eb bjer\u00eb dakord me klientin p\u00ebr kompensimin e saj edhe me kompensim t\u00eb nd\u00ebrsjell\u00eb. N\u00eb rast se t\u00ebrheqja ka t\u00eb b\u00ebj\u00eb me ofrimin e sh\u00ebrbimeve, klienti duhet t\u00eb paguaj\u00eb nj\u00eb shum\u00eb n\u00eb p\u00ebrpjes\u00ebtim me at\u00eb t\u00eb dh\u00ebn\u00eb deri n\u00eb deklarat\u00ebn e t\u00ebrheqjes. N\u00ebse konsumatori ushtron t\u00eb drejt\u00ebn e t\u00ebrheqjes, \u00e7do kontrat\u00eb e lidhur skadon automatikisht, pa kosto p\u00ebr klientin.<\/p>\n\t\t<\/div>\n\t\t\t\t\t<\/div>\n\n\t\n<\/div>\n","protected":false},"excerpt":{"rendered":"","protected":false},"author":2,"featured_media":0,"parent":0,"menu_order":0,"comment_status":"closed","ping_status":"closed","template":"page-blank.php","meta":{"_sitemap_exclude":false,"_sitemap_priority":"","_sitemap_frequency":"","footnotes":""},"class_list":["post-2312","page","type-page","status-publish","hentry"],"_links":{"self":[{"href":"https:\/\/kalogiros.gr\/sq\/wp-json\/wp\/v2\/pages\/2312","targetHints":{"allow":["GET"]}}],"collection":[{"href":"https:\/\/kalogiros.gr\/sq\/wp-json\/wp\/v2\/pages"}],"about":[{"href":"https:\/\/kalogiros.gr\/sq\/wp-json\/wp\/v2\/types\/page"}],"author":[{"embeddable":true,"href":"https:\/\/kalogiros.gr\/sq\/wp-json\/wp\/v2\/users\/2"}],"replies":[{"embeddable":true,"href":"https:\/\/kalogiros.gr\/sq\/wp-json\/wp\/v2\/comments?post=2312"}],"version-history":[{"count":0,"href":"https:\/\/kalogiros.gr\/sq\/wp-json\/wp\/v2\/pages\/2312\/revisions"}],"wp:attachment":[{"href":"https:\/\/kalogiros.gr\/sq\/wp-json\/wp\/v2\/media?parent=2312"}],"curies":[{"name":"wp","href":"https:\/\/api.w.org\/{rel}","templated":true}]}}